{"id":122,"date":"2018-06-04T08:54:41","date_gmt":"2018-06-04T06:54:41","guid":{"rendered":"https:\/\/ch2021.ch\/?page_id=122"},"modified":"2019-07-03T23:35:52","modified_gmt":"2019-07-03T21:35:52","slug":"situation-initiale","status":"publish","type":"page","link":"https:\/\/ch2021.ch\/fr\/situation-initiale\/","title":{"rendered":"Situation initiale"},"content":{"rendered":"\n<style type=\"text\/css\" data-created_by=\"avia_inline_auto\" id=\"style-css-av-jkjmqted-413bfaf4b33aa8ed69b28569807321d7\">\n.avia-section.av-jkjmqted-413bfaf4b33aa8ed69b28569807321d7{\nbackground-color:#e3cc9b;\nbackground:linear-gradient( to bottom right, #e3cc9b, #e2212a );\n}\n.avia-section.av-jkjmqted-413bfaf4b33aa8ed69b28569807321d7 .av-extra-border-element .av-extra-border-inner{\nbackground-color:#ffffff;\n}\n<\/style>\n<div id='av_section_1'  class='avia-section av-jkjmqted-413bfaf4b33aa8ed69b28569807321d7 header_color avia-section-no-padding avia-no-shadow  avia-builder-el-0  el_before_av_section  avia-builder-el-first  avia-bg-style-scroll av-minimum-height av-minimum-height-custom av-height-custom  container_wrap sidebar_right'   data-av_minimum_height_px='350'><div class='container av-section-cont-open' style='height:350px'><main  role=\"main\" itemprop=\"mainContentOfPage\"  class='template-page content  av-content-small alpha units'><div class='post-entry post-entry-type-page post-entry-122'><div class='entry-content-wrapper clearfix'>\n\n<style type=\"text\/css\" data-created_by=\"avia_inline_auto\" id=\"style-css-av-1xn9f-60a3102d85cb0bac4be34634a8c4da3f\">\n.flex_column.av-1xn9f-60a3102d85cb0bac4be34634a8c4da3f{\nborder-radius:0px 0px 0px 0px;\npadding:0px 0px 0px 0px;\n}\n<\/style>\n<div  class='flex_column av-1xn9f-60a3102d85cb0bac4be34634a8c4da3f av_one_full  avia-builder-el-1  avia-builder-el-no-sibling  first flex_column_div av-animated-generic pop-up av-zero-column-padding  '     ><style type=\"text\/css\" data-created_by=\"avia_inline_auto\" id=\"style-css-av-jxnrc2zg-e00991db0ccd3bf280699ab75feffb33\">\n#top .av-special-heading.av-jxnrc2zg-e00991db0ccd3bf280699ab75feffb33{\npadding-bottom:10px;\nfont-size:5vw;\n}\nbody .av-special-heading.av-jxnrc2zg-e00991db0ccd3bf280699ab75feffb33 .av-special-heading-tag .heading-char{\nfont-size:25px;\n}\n#top #wrap_all .av-special-heading.av-jxnrc2zg-e00991db0ccd3bf280699ab75feffb33 .av-special-heading-tag{\nfont-size:5vw;\n}\n.av-special-heading.av-jxnrc2zg-e00991db0ccd3bf280699ab75feffb33 .av-subheading{\nfont-size:15px;\n}\n\n@media only screen and (min-width: 480px) and (max-width: 767px){ \n#top #wrap_all .av-special-heading.av-jxnrc2zg-e00991db0ccd3bf280699ab75feffb33 .av-special-heading-tag{\nfont-size:0.8em;\n}\n}\n\n@media only screen and (max-width: 479px){ \n#top #wrap_all .av-special-heading.av-jxnrc2zg-e00991db0ccd3bf280699ab75feffb33 .av-special-heading-tag{\nfont-size:0.8em;\n}\n}\n<\/style>\n<div  class='av-special-heading av-jxnrc2zg-e00991db0ccd3bf280699ab75feffb33 av-special-heading-h1 blockquote modern-quote  avia-builder-el-2  avia-builder-el-no-sibling  av-inherit-size'><h1 class='av-special-heading-tag '  itemprop=\"headline\"  >Situation initiale<\/h1><div class=\"special-heading-border\"><div class=\"special-heading-inner-border\"><\/div><\/div><\/div><\/div><\/div><\/div><\/main><!-- close content main element --><\/div><div class='av-extra-border-element border-extra-diagonal border-extra-diagonal-inverse '><div class='av-extra-border-outer'><div class='av-extra-border-inner'><\/div><\/div><\/div><\/div><div id='av_section_2'  class='avia-section av-av_section-3ef07c12a2bb1670acbb6a6393332f22 main_color avia-section-default avia-no-border-styling  avia-builder-el-3  el_after_av_section  avia-builder-el-last  avia-bg-style-scroll container_wrap sidebar_right'  ><div class='container av-section-cont-open' ><div class='template-page content  av-content-small alpha units'><div class='post-entry post-entry-type-page post-entry-122'><div class='entry-content-wrapper clearfix'>\n<section  class='av_textblock_section av-av_textblock-445188a952fb265869ea404d0e52fad7 '   itemscope=\"itemscope\" itemtype=\"https:\/\/schema.org\/CreativeWork\" ><div class='avia_textblock'  itemprop=\"text\" ><div class=\"one-third first\">\n<ul class=\"serif-list\">\n<li><a href=\"association\">Association<\/a><\/li>\n<li><a href=\"aktivites\">Acivit\u00e9s<\/a><\/li>\n<li><a href=\"blog\">Actualit\u00e9s<\/a><\/li>\n<\/ul>\n<\/div>\n<div class=\"two-thirds\">\n<div class='avia-iframe-wrap'><iframe loading=\"lazy\" title=\"CH2021 d\u00e9part 7\/2\/2019\" width=\"1500\" height=\"844\" src=\"https:\/\/www.youtube.com\/embed\/fh8Fp-fubIg?feature=oembed\" frameborder=\"0\" allow=\"accelerometer; autoplay; encrypted-media; gyroscope; picture-in-picture\" allowfullscreen><\/iframe><\/div>\n<p>En 2021, nous c\u00e9l\u00e9brons le 50e anniversaire de la participation politique des femmes suisses. Une bonne occasion de r\u00e9fl\u00e9chir \u00e0 ce que ce changement a apport\u00e9 aux femmes, \u00e0 la politique, \u00e0 la science, \u00e0 la culture et \u00e0 la soci\u00e9t\u00e9 en Suisse. Mais elle doit aussi \u00eatre l&rsquo;occasion de r\u00e9fl\u00e9chir au moment tardif o\u00f9 les femmes ont obtenu leur droit de vote, ainsi qu&rsquo;\u00e0 l&rsquo;importance fondamentale du droit de vote des femmes pour la d\u00e9mocratie en Suisse. Quelle image se faisait-on de la d\u00e9mocratie quand la moiti\u00e9 de la soci\u00e9t\u00e9 a \u00e9t\u00e9 exclue pendant si longtemps? Quel en a \u00e9t\u00e9 l\u2019impact? Un regard r\u00e9trospectif sur l&rsquo;\u00e9volution de la situation nous am\u00e8ne \u00e0 r\u00e9fl\u00e9chir sur l&rsquo;\u00e9tat actuel de notre d\u00e9mocratie. Nous voulons stimuler cette r\u00e9flexion de mani\u00e8re large et efficace.<\/p>\n<p>Les projets et actions que vous avez d\u00e9velopp\u00e9s concernant le suffrage des femmes sont rendus publics et donc visibles sur notre site Internet CH2021.ch.<\/p>\n<h4>Nous \u00e9largirons continuellement nos questions:<\/h4>\n<p>&#8211; Une d\u00e9mocratie sans femmes est-elle d\u00e9mocratique?<br \/>\n&#8211; Dans quelle mesure la d\u00e9mocratie est-elle juste?<br \/>\n&#8211; Les femmes et les hommes ont-ils une conception diff\u00e9rente de la d\u00e9mocratie?<br \/>\n&#8211; Qu&rsquo;appr\u00e9cions-nous dans notre d\u00e9mocratie?<br \/>\n&#8211; Que perdrions-nous sans d\u00e9mocratie?<br \/>\n&#8211; Quand sentons-nous notre d\u00e9mocratie en danger?<\/p>\n<p>Nous attendons avec impatience vos r\u00e9flexions, questions, projets et actions pour 2021.<\/p>\n<p>Veuillez nous <a href=\"https:\/\/ch2021.ch\/fr\/contact\/\">informer d\u00e8s maintenant<\/a> des dates \u00e0 venir concernant le droit de vote des femmes et quelle est l&rsquo;ann\u00e9e anniversaire, afin que nous puissions les publier!<\/p>\n<\/div>\n<\/div><\/section>\n<\/div><\/div><\/div><!-- close content main div --><\/div><\/div><div id='after_section_2'  class='main_color av_default_container_wrap container_wrap sidebar_right'  ><div class='container av-section-cont-open' ><div class='template-page content  av-content-small alpha units'><div class='post-entry post-entry-type-page post-entry-122'><div class='entry-content-wrapper clearfix'><\/p>\n","protected":false},"excerpt":{"rendered":"","protected":false},"author":2,"featured_media":0,"parent":0,"menu_order":0,"comment_status":"closed","ping_status":"closed","template":"","meta":{"_monsterinsights_skip_tracking":false,"_monsterinsights_sitenote_active":false,"_monsterinsights_sitenote_note":"","_monsterinsights_sitenote_category":0,"footnotes":""},"class_list":["post-122","page","type-page","status-publish","hentry"],"_links":{"self":[{"href":"https:\/\/ch2021.ch\/fr\/wp-json\/wp\/v2\/pages\/122","targetHints":{"allow":["GET"]}}],"collection":[{"href":"https:\/\/ch2021.ch\/fr\/wp-json\/wp\/v2\/pages"}],"about":[{"href":"https:\/\/ch2021.ch\/fr\/wp-json\/wp\/v2\/types\/page"}],"author":[{"embeddable":true,"href":"https:\/\/ch2021.ch\/fr\/wp-json\/wp\/v2\/users\/2"}],"replies":[{"embeddable":true,"href":"https:\/\/ch2021.ch\/fr\/wp-json\/wp\/v2\/comments?post=122"}],"version-history":[{"count":5,"href":"https:\/\/ch2021.ch\/fr\/wp-json\/wp\/v2\/pages\/122\/revisions"}],"predecessor-version":[{"id":1713,"href":"https:\/\/ch2021.ch\/fr\/wp-json\/wp\/v2\/pages\/122\/revisions\/1713"}],"wp:attachment":[{"href":"https:\/\/ch2021.ch\/fr\/wp-json\/wp\/v2\/media?parent=122"}],"curies":[{"name":"wp","href":"https:\/\/api.w.org\/{rel}","templated":true}]}}