{"id":135,"date":"2018-06-03T22:09:14","date_gmt":"2018-06-03T20:09:14","guid":{"rendered":"https:\/\/ch2021.ch\/?page_id=135"},"modified":"2022-04-26T16:44:28","modified_gmt":"2022-04-26T14:44:28","slug":"association","status":"publish","type":"page","link":"https:\/\/ch2021.ch\/fr\/association\/","title":{"rendered":"Association"},"content":{"rendered":"\n<style type=\"text\/css\" data-created_by=\"avia_inline_auto\" id=\"style-css-av-jkjmqted-96d309932e062c5df088f1a8463b3a0b\">\n.avia-section.av-jkjmqted-96d309932e062c5df088f1a8463b3a0b{\nbackground-color:#7ecdca;\nbackground:linear-gradient( to bottom right, #7ecdca, #ff7707 );\n}\n.avia-section.av-jkjmqted-96d309932e062c5df088f1a8463b3a0b .av-extra-border-element .av-extra-border-inner{\nbackground-color:#ffffff;\n}\n<\/style>\n<div id='av_section_1'  class='avia-section av-jkjmqted-96d309932e062c5df088f1a8463b3a0b header_color avia-section-no-padding avia-no-shadow  avia-builder-el-0  el_before_av_section  avia-builder-el-first  avia-bg-style-scroll av-minimum-height av-minimum-height-custom av-height-custom  container_wrap sidebar_right'   data-av_minimum_height_px='350'><div class='container av-section-cont-open' style='height:350px'><main  role=\"main\" itemprop=\"mainContentOfPage\"  class='template-page content  av-content-small alpha units'><div class='post-entry post-entry-type-page post-entry-135'><div class='entry-content-wrapper clearfix'>\n\n<style type=\"text\/css\" data-created_by=\"avia_inline_auto\" id=\"style-css-av-1xn9f-60a3102d85cb0bac4be34634a8c4da3f\">\n.flex_column.av-1xn9f-60a3102d85cb0bac4be34634a8c4da3f{\nborder-radius:0px 0px 0px 0px;\npadding:0px 0px 0px 0px;\n}\n<\/style>\n<div  class='flex_column av-1xn9f-60a3102d85cb0bac4be34634a8c4da3f av_one_full  avia-builder-el-1  avia-builder-el-no-sibling  first flex_column_div av-animated-generic pop-up av-zero-column-padding  '     ><style type=\"text\/css\" data-created_by=\"avia_inline_auto\" id=\"style-css-av-jzshour8-aabe9c5f725d20007383d5df56272509\">\n#top .av-special-heading.av-jzshour8-aabe9c5f725d20007383d5df56272509{\npadding-bottom:10px;\nfont-size:5vw;\n}\nbody .av-special-heading.av-jzshour8-aabe9c5f725d20007383d5df56272509 .av-special-heading-tag .heading-char{\nfont-size:25px;\n}\n#top #wrap_all .av-special-heading.av-jzshour8-aabe9c5f725d20007383d5df56272509 .av-special-heading-tag{\nfont-size:5vw;\n}\n.av-special-heading.av-jzshour8-aabe9c5f725d20007383d5df56272509 .av-subheading{\nfont-size:15px;\n}\n\n@media only screen and (min-width: 480px) and (max-width: 767px){ \n#top #wrap_all .av-special-heading.av-jzshour8-aabe9c5f725d20007383d5df56272509 .av-special-heading-tag{\nfont-size:0.8em;\n}\n}\n\n@media only screen and (max-width: 479px){ \n#top #wrap_all .av-special-heading.av-jzshour8-aabe9c5f725d20007383d5df56272509 .av-special-heading-tag{\nfont-size:0.8em;\n}\n}\n<\/style>\n<div  class='av-special-heading av-jzshour8-aabe9c5f725d20007383d5df56272509 av-special-heading-h1 blockquote modern-quote  avia-builder-el-2  avia-builder-el-no-sibling  av-inherit-size'><h1 class='av-special-heading-tag '  itemprop=\"headline\"  >Association<\/h1><div class=\"special-heading-border\"><div class=\"special-heading-inner-border\"><\/div><\/div><\/div><\/div>\n\n<\/div><\/div><\/main><!-- close content main element --><\/div><div class='av-extra-border-element border-extra-diagonal border-extra-diagonal-inverse '><div class='av-extra-border-outer'><div class='av-extra-border-inner'><\/div><\/div><\/div><\/div><div id='av_section_2'  class='avia-section av-1fivo-75596acf190f84408c561d0d4dcff2b0 main_color avia-section-default avia-no-border-styling  avia-builder-el-3  el_after_av_section  avia-builder-el-last  avia-bg-style-scroll container_wrap sidebar_right'  ><div class='container av-section-cont-open' ><div class='template-page content  av-content-small alpha units'><div class='post-entry post-entry-type-page post-entry-135'><div class='entry-content-wrapper clearfix'>\n<section  class='av_textblock_section av-p69o-f6e908e53bb56d0c9df80319ebde2a04 '   itemscope=\"itemscope\" itemtype=\"https:\/\/schema.org\/CreativeWork\" ><div class='avia_textblock'  itemprop=\"text\" ><p>En 2021, nous avons c\u00e9l\u00e9br\u00e9 le droit des Suissesses \u00e0 s\u2019impliquer dans la vie politique depuis 50\u00a0ans. Le moment id\u00e9al de se pencher sur ce que ce changement a apport\u00e9 aux femmes, mais aussi \u00e0 la politique, \u00e0 la science, \u00e0 la culture et \u00e0 la soci\u00e9t\u00e9 en Suisse. Cependant, l\u2019\u00e9v\u00e9nement a \u00e9galement incit\u00e9 \u00e0 r\u00e9fl\u00e9chir au fait que le droit de vote a \u00e9t\u00e9 accord\u00e9 tr\u00e8s tardivement aux femmes, et \u00e0 l\u2019importance fondamentale du droit de vote et d\u2019\u00e9ligibilit\u00e9 des femmes pour la d\u00e9mocratie suisse. Que signifiait cette exclusion si longue de la moiti\u00e9 de la soci\u00e9t\u00e9 pour la perception m\u00eame de la d\u00e9mocratie? Quelles en ont \u00e9t\u00e9 les cons\u00e9quences? Ce regard sur le pass\u00e9 et sur l\u2019\u00e9volution nous a amen\u00e9 \u00e0 r\u00e9fl\u00e9chir \u00e0 la situation actuelle de notre d\u00e9mocratie. Cette r\u00e9flexion, nous voulions la stimuler et la partager largement et efficacement.<\/p>\n<p>Afin de pouvoir coordonner au mieux les activit\u00e9s pr\u00e9vues dans le cadre de l\u2019ann\u00e9e anniversaire, l\u2019association CH2021 avait mis sur pied une plate-forme d\u2019informations centrale en trois langues (en ligne et hors ligne). Une carte des actions \u00e0 la fois interactive, publique et actualis\u00e9e en permanence a constitu\u00e9 le c\u0153ur des activit\u00e9s. \u00c0 l\u2019aide de la carte des actions ou du site Internet ch2021.ch, les personnes int\u00e9ress\u00e9es ont pu obtenir un aper\u00e7u des personnalit\u00e9s, organisations et institutions qui se sont consacr\u00e9es \u00e0 divers th\u00e8mes et actions de l\u2019ann\u00e9e anniversaire.<\/p>\n<\/div><\/section>\n<div  class='flex_column av-av_one_full-a93934ecd89fbb8a9566d39e89cd3725 av_one_full  avia-builder-el-5  el_after_av_textblock  el_before_av_hr  first flex_column_div  column-top-margin'     ><p>\n<style type=\"text\/css\" data-created_by=\"avia_inline_auto\" id=\"style-css-av-l2g9darv-62fc484d2b8535791b35a0db7f250608\">\n#top .av-special-heading.av-l2g9darv-62fc484d2b8535791b35a0db7f250608{\npadding-bottom:10px;\ncolor:#181971;\nfont-size:3.5vw;\n}\nbody .av-special-heading.av-l2g9darv-62fc484d2b8535791b35a0db7f250608 .av-special-heading-tag .heading-char{\nfont-size:25px;\n}\n#top #wrap_all .av-special-heading.av-l2g9darv-62fc484d2b8535791b35a0db7f250608 .av-special-heading-tag{\nfont-size:3.5vw;\n}\n.av-special-heading.av-l2g9darv-62fc484d2b8535791b35a0db7f250608 .special-heading-inner-border{\nborder-color:#181971;\n}\n.av-special-heading.av-l2g9darv-62fc484d2b8535791b35a0db7f250608 .av-subheading{\nfont-size:15px;\n}\n\n@media only screen and (min-width: 768px) and (max-width: 989px){ \n#top #wrap_all .av-special-heading.av-l2g9darv-62fc484d2b8535791b35a0db7f250608 .av-special-heading-tag{\nfont-size:65px;\n}\n}\n\n@media only screen and (min-width: 480px) and (max-width: 767px){ \n#top #wrap_all .av-special-heading.av-l2g9darv-62fc484d2b8535791b35a0db7f250608 .av-special-heading-tag{\nfont-size:54px;\n}\n}\n\n@media only screen and (max-width: 479px){ \n#top #wrap_all .av-special-heading.av-l2g9darv-62fc484d2b8535791b35a0db7f250608 .av-special-heading-tag{\nfont-size:48px;\n}\n}\n<\/style>\n<div  class='av-special-heading av-l2g9darv-62fc484d2b8535791b35a0db7f250608 av-special-heading-h4 custom-color-heading blockquote modern-quote modern-centered  avia-builder-el-6  el_before_av_textblock  avia-builder-el-first  av-inherit-size av-linked-heading'><h4 class='av-special-heading-tag '  itemprop=\"headline\"  >\u00ab\u00a0L\u2019ann\u00e9e qui vient de s\u2019\u00e9couler est pour moi tr\u00e8s significative, pr\u00e9cieuse, pleine. Pleine de rencontres, pleine de pens\u00e9es, pleine d\u2019activit\u00e9s, pleine de d\u00e9couvertes. Cette pl\u00e9nitude, nous l\u2019esp\u00e9rions &#8211; et elle s\u2019est produite\u00a0\u00bb<\/h4><div class=\"special-heading-border\"><div class=\"special-heading-inner-border\"><\/div><\/div><\/div><br \/>\n\n<style type=\"text\/css\" data-created_by=\"avia_inline_auto\" id=\"style-css-av-l2g9eku1-3933454f0d61f2b166000afc149c3175\">\n#top .av_textblock_section.av-l2g9eku1-3933454f0d61f2b166000afc149c3175 .avia_textblock{\nfont-size:15px;\n}\n<\/style>\n<section  class='av_textblock_section av-l2g9eku1-3933454f0d61f2b166000afc149c3175 '   itemscope=\"itemscope\" itemtype=\"https:\/\/schema.org\/CreativeWork\" ><div class='avia_textblock'  itemprop=\"text\" ><p style=\"text-align: center;\">Zita K\u00fcng, pr\u00e9sidente de l&rsquo;association CH2021 en mars 2022<\/p>\n<\/div><\/section><\/p><\/div>\n<style type=\"text\/css\" data-created_by=\"avia_inline_auto\" id=\"style-css-av-jxyrg20q-10c87e94e1edc51a08c274604af83ede\">\n#top .hr.av-jxyrg20q-10c87e94e1edc51a08c274604af83ede{\nmargin-top:50px;\nmargin-bottom:90px;\n}\n.hr.av-jxyrg20q-10c87e94e1edc51a08c274604af83ede .hr-inner{\nwidth:40px;\nborder-color:#ff7707;\nmax-width:45%;\n}\n.hr.av-jxyrg20q-10c87e94e1edc51a08c274604af83ede .av-seperator-icon{\ncolor:#ff7707;\n}\n.hr.av-jxyrg20q-10c87e94e1edc51a08c274604af83ede .av-seperator-icon.avia-svg-icon svg:first-child{\nfill:#ff7707;\nstroke:#ff7707;\n}\n<\/style>\n<div  class='hr av-jxyrg20q-10c87e94e1edc51a08c274604af83ede hr-custom  avia-builder-el-8  el_after_av_one_full  el_before_av_heading  hr-center hr-icon-yes'><span class='hr-inner inner-border-av-border-thin'><span class=\"hr-inner-style\"><\/span><\/span><span class='av-seperator-icon avia-iconfont avia-font-entypo-fontello' data-av_icon='\ue89a' data-av_iconfont='entypo-fontello' ><\/span><span class='hr-inner inner-border-av-border-thin'><span class=\"hr-inner-style\"><\/span><\/span><\/div>\n\n<style type=\"text\/css\" data-created_by=\"avia_inline_auto\" id=\"style-css-av-mxbiv-7c19139cd28b60c134ded7d6e72fedd7\">\n#top .av-special-heading.av-mxbiv-7c19139cd28b60c134ded7d6e72fedd7{\nmargin:50px 0 0 0;\npadding-bottom:10px;\n}\nbody .av-special-heading.av-mxbiv-7c19139cd28b60c134ded7d6e72fedd7 .av-special-heading-tag .heading-char{\nfont-size:25px;\n}\n.av-special-heading.av-mxbiv-7c19139cd28b60c134ded7d6e72fedd7 .av-subheading{\nfont-size:15px;\n}\n<\/style>\n<div  class='av-special-heading av-mxbiv-7c19139cd28b60c134ded7d6e72fedd7 av-special-heading-h2 blockquote modern-quote  avia-builder-el-9  el_after_av_hr  el_before_av_textblock  av-linked-heading'><h2 class='av-special-heading-tag '  itemprop=\"headline\"  >Les initiatrices:<\/h2><div class=\"special-heading-border\"><div class=\"special-heading-inner-border\"><\/div><\/div><\/div>\n<section  class='av_textblock_section av-p69o-2-d9363602337c8d54de2fc0c97140c4fd '   itemscope=\"itemscope\" itemtype=\"https:\/\/schema.org\/CreativeWork\" ><div class='avia_textblock'  itemprop=\"text\" ><p>Madame <a href=\"https:\/\/ch2021.ch\/fr\/conseil-et-equipe\/\">Andrea Maihofer<\/a>, professeure en \u00e9tudes de genre \u00e0 l\u2019Universit\u00e9 de B\u00e2le, et Madame <a href=\"https:\/\/ch2021.ch\/fr\/conseil-et-equipe\/\">Zita K\u00fcng<\/a>, membre du Conseil de fondation du FRI et licenci\u00e9e en droit, ont lanc\u00e9 l\u2019association CH2021 le 14 juin 2018 dans le traditionnel Caf\u00e9 F\u00e9d\u00e9ral \u00e0 Berne.<\/p>\n<\/div><\/section>\n\n<style type=\"text\/css\" data-created_by=\"avia_inline_auto\" id=\"style-css-av-fjhb3-760216c1586b26ae471fef906e77e322\">\n#top .av-special-heading.av-fjhb3-760216c1586b26ae471fef906e77e322{\nmargin:50px 0 0 0;\npadding-bottom:10px;\n}\nbody .av-special-heading.av-fjhb3-760216c1586b26ae471fef906e77e322 .av-special-heading-tag .heading-char{\nfont-size:25px;\n}\n.av-special-heading.av-fjhb3-760216c1586b26ae471fef906e77e322 .av-subheading{\nfont-size:15px;\n}\n<\/style>\n<div  class='av-special-heading av-fjhb3-760216c1586b26ae471fef906e77e322 av-special-heading-h2 blockquote modern-quote  avia-builder-el-11  el_after_av_textblock  el_before_av_textblock  av-linked-heading'><h2 class='av-special-heading-tag '  itemprop=\"headline\"  >Les fondatrices:<\/h2><div class=\"special-heading-border\"><div class=\"special-heading-inner-border\"><\/div><\/div><\/div>\n<section  class='av_textblock_section av-jxyrfstm-e7bb7a501a338fcb6827f1c1522176dc '   itemscope=\"itemscope\" itemtype=\"https:\/\/schema.org\/CreativeWork\" ><div class='avia_textblock'  itemprop=\"text\" ><ul>\n<li><a href=\"http:\/\/100frauen.ch\/tag\/margrith-bigler-eggenberger\/\" target=\"_blank\" rel=\"noopener\">Margrith Bigler-Eggenberger<\/a> (premi\u00e8re Suissesse juge au Tribunal f\u00e9d\u00e9ral)<\/li>\n<li><a href=\"https:\/\/www.admin.ch\/gov\/fr\/accueil\/conseil-federal\/membres-du-conseil-federal\/ruth-dreifuss.html\" target=\"_blank\" rel=\"noopener\">Ruth Dreifuss<\/a> (ancienne conseill\u00e8re f\u00e9d\u00e9rale)<\/li>\n<li><a href=\"https:\/\/www.parlament.ch\/fr\/biografie\/chiara-simoneschi-cortesi\/511\" target=\"_blank\" rel=\"noopener\">Chiara Simoneschi-Cortesi<\/a> (ancienne pr\u00e9sidente du Conseil national)<\/li>\n<li>Susanne Leuzinger-Naef (ancienne vice-pr\u00e9sidente du Tribunal f\u00e9d\u00e9ral)<\/li>\n<li><a href=\"https:\/\/genderstudies.philhist.unibas.ch\/de\/personen\/andrea-maihofer\/\" target=\"_blank\" rel=\"noopener\">Andrea Maihofer<\/a> (professeure \u00e0 l&rsquo;Universit\u00e9 de B\u00e2le)<\/li>\n<li>Yvonne Sch\u00e4rli (r\u00e9sidente de la Commission f\u00e9d\u00e9rale pour les questions f\u00e9minines)<\/li>\n<li><a href=\"https:\/\/www.mayagraf.ch\/\" target=\"_blank\" rel=\"noopener\">Maya Graf<\/a> (co-pr\u00e9sidente Alliance F)<\/li>\n<li><a href=\"http:\/\/www.kathrinbertschy.ch\/\" target=\"_blank\" rel=\"noopener\">Kathrin Bertschy<\/a> (co-pr\u00e9sidente Alliance F)<\/li>\n<li>Petra Volpe (r\u00e9alisatrice de \u00ab<a href=\"http:\/\/www.passioncinema.ch\/lordre-divin\/\">l\u2019Ordre Divin<\/a>\u00bb)<\/li>\n<li><a href=\"https:\/\/www.equality-consulting.ch\/\" target=\"_blank\" rel=\"noopener\">Zita K\u00fcng<\/a> (membre du conseil de fondation FRI)<\/li>\n<\/ul>\n<\/div><\/section>\n\n<style type=\"text\/css\" data-created_by=\"avia_inline_auto\" id=\"style-css-av-ajb73-375a38c17e1ad70ddd9775049ee02c08\">\n#top .av-special-heading.av-ajb73-375a38c17e1ad70ddd9775049ee02c08{\nmargin:50px 0 0 0;\npadding-bottom:10px;\n}\nbody .av-special-heading.av-ajb73-375a38c17e1ad70ddd9775049ee02c08 .av-special-heading-tag .heading-char{\nfont-size:25px;\n}\n.av-special-heading.av-ajb73-375a38c17e1ad70ddd9775049ee02c08 .av-subheading{\nfont-size:15px;\n}\n<\/style>\n<div  class='av-special-heading av-ajb73-375a38c17e1ad70ddd9775049ee02c08 av-special-heading-h2 blockquote modern-quote  avia-builder-el-13  el_after_av_textblock  el_before_av_textblock  av-linked-heading'><h2 class='av-special-heading-tag '  itemprop=\"headline\"  >Les organisations fondatrices:<\/h2><div class=\"special-heading-border\"><div class=\"special-heading-inner-border\"><\/div><\/div><\/div>\n<section  class='av_textblock_section av-jxyrfstm-1-f9c059eacc71e31090b66b25538a3dd6 '   itemscope=\"itemscope\" itemtype=\"https:\/\/schema.org\/CreativeWork\" ><div class='avia_textblock'  itemprop=\"text\" ><ul>\n<li><a href=\"http:\/\/www.genderlaw.ch\/franz\/fri\/startseite\/index.html\" target=\"_blank\" rel=\"noopener\">FRI &#8211; Institut suisse d\u2019\u00e9tudes juridiques f\u00e9ministes et gender law<\/a><\/li>\n<li><a href=\"https:\/\/lawandwomen.ch\/\" target=\"_blank\" rel=\"noopener\">Femmes Juristes Suisse<\/a><\/li>\n<li><a href=\"http:\/\/www.ig-frauenmuseum.ch\/\" target=\"_blank\" rel=\"noopener\">Interessengemeinschaft Frau und Museum<\/a><\/li>\n<li><a href=\"https:\/\/alliancef.ch\/index.php\/de\/\" target=\"_blank\" rel=\"noopener\">Alliance F &#8211; Alliance de soci\u00e9t\u00e9s f\u00e9minines suisses<\/a><\/li>\n<\/ul>\n<\/div><\/section>\n<section  class='av_textblock_section av-jy5qcvdq-088aeeadb243e302274c36ae0009d61f '   itemscope=\"itemscope\" itemtype=\"https:\/\/schema.org\/CreativeWork\" ><div class='avia_textblock'  itemprop=\"text\" ><p>Vous trouvez <a href=\"https:\/\/ch2021.ch\/wp-content\/uploads\/2019\/09\/Statutes-association-CH2021-29.08.2019-FR.pdf\" target=\"_blank\" rel=\"noopener\">ici<\/a> les statuts de l&rsquo;association.<\/p>\n<\/div><\/section>\n<\/div><\/div><\/div><!-- close content main div --><\/div><\/div><div id='after_section_2'  class='main_color av_default_container_wrap container_wrap sidebar_right'  ><div class='container av-section-cont-open' ><div class='template-page content  av-content-small alpha units'><div class='post-entry post-entry-type-page post-entry-135'><div class='entry-content-wrapper clearfix'>\n","protected":false},"excerpt":{"rendered":"","protected":false},"author":5,"featured_media":0,"parent":0,"menu_order":0,"comment_status":"closed","ping_status":"closed","template":"","meta":{"_monsterinsights_skip_tracking":false,"_monsterinsights_sitenote_active":false,"_monsterinsights_sitenote_note":"","_monsterinsights_sitenote_category":0,"footnotes":""},"class_list":["post-135","page","type-page","status-publish","hentry"],"_links":{"self":[{"href":"https:\/\/ch2021.ch\/fr\/wp-json\/wp\/v2\/pages\/135","targetHints":{"allow":["GET"]}}],"collection":[{"href":"https:\/\/ch2021.ch\/fr\/wp-json\/wp\/v2\/pages"}],"about":[{"href":"https:\/\/ch2021.ch\/fr\/wp-json\/wp\/v2\/types\/page"}],"author":[{"embeddable":true,"href":"https:\/\/ch2021.ch\/fr\/wp-json\/wp\/v2\/users\/5"}],"replies":[{"embeddable":true,"href":"https:\/\/ch2021.ch\/fr\/wp-json\/wp\/v2\/comments?post=135"}],"version-history":[{"count":7,"href":"https:\/\/ch2021.ch\/fr\/wp-json\/wp\/v2\/pages\/135\/revisions"}],"predecessor-version":[{"id":18193,"href":"https:\/\/ch2021.ch\/fr\/wp-json\/wp\/v2\/pages\/135\/revisions\/18193"}],"wp:attachment":[{"href":"https:\/\/ch2021.ch\/fr\/wp-json\/wp\/v2\/media?parent=135"}],"curies":[{"name":"wp","href":"https:\/\/api.w.org\/{rel}","templated":true}]}}