{"id":152,"date":"2018-06-03T22:47:43","date_gmt":"2018-06-03T20:47:43","guid":{"rendered":"https:\/\/ch2021.ch\/?page_id=152"},"modified":"2020-03-19T13:29:18","modified_gmt":"2020-03-19T12:29:18","slug":"participez","status":"publish","type":"page","link":"https:\/\/ch2021.ch\/fr\/participez\/","title":{"rendered":"Participez"},"content":{"rendered":"\n<style type=\"text\/css\" data-created_by=\"avia_inline_auto\" id=\"style-css-av-jkjmqted-96d309932e062c5df088f1a8463b3a0b\">\n.avia-section.av-jkjmqted-96d309932e062c5df088f1a8463b3a0b{\nbackground-color:#7ecdca;\nbackground:linear-gradient( to bottom right, #7ecdca, #ff7707 );\n}\n.avia-section.av-jkjmqted-96d309932e062c5df088f1a8463b3a0b .av-extra-border-element .av-extra-border-inner{\nbackground-color:#ffffff;\n}\n<\/style>\n<div id='av_section_1'  class='avia-section av-jkjmqted-96d309932e062c5df088f1a8463b3a0b header_color avia-section-no-padding avia-no-shadow  avia-builder-el-0  el_before_av_section  avia-builder-el-first  avia-bg-style-scroll av-minimum-height av-minimum-height-custom av-height-custom  container_wrap sidebar_right'   data-av_minimum_height_px='350'><div class='container av-section-cont-open' style='height:350px'><main  role=\"main\" itemprop=\"mainContentOfPage\"  class='template-page content  av-content-small alpha units'><div class='post-entry post-entry-type-page post-entry-152'><div class='entry-content-wrapper clearfix'>\n\n<style type=\"text\/css\" data-created_by=\"avia_inline_auto\" id=\"style-css-av-1xn9f-60a3102d85cb0bac4be34634a8c4da3f\">\n.flex_column.av-1xn9f-60a3102d85cb0bac4be34634a8c4da3f{\nborder-radius:0px 0px 0px 0px;\npadding:0px 0px 0px 0px;\n}\n<\/style>\n<div  class='flex_column av-1xn9f-60a3102d85cb0bac4be34634a8c4da3f av_one_full  avia-builder-el-1  avia-builder-el-no-sibling  first flex_column_div av-animated-generic pop-up av-zero-column-padding  '     ><style type=\"text\/css\" data-created_by=\"avia_inline_auto\" id=\"style-css-av-jztn5zdt-cc1478825b0605a994c299cfc115ce9b\">\n#top .av-special-heading.av-jztn5zdt-cc1478825b0605a994c299cfc115ce9b{\npadding-bottom:10px;\nfont-size:5vw;\n}\nbody .av-special-heading.av-jztn5zdt-cc1478825b0605a994c299cfc115ce9b .av-special-heading-tag .heading-char{\nfont-size:25px;\n}\n#top #wrap_all .av-special-heading.av-jztn5zdt-cc1478825b0605a994c299cfc115ce9b .av-special-heading-tag{\nfont-size:5vw;\n}\n.av-special-heading.av-jztn5zdt-cc1478825b0605a994c299cfc115ce9b .av-subheading{\nfont-size:15px;\n}\n\n@media only screen and (min-width: 480px) and (max-width: 767px){ \n#top #wrap_all .av-special-heading.av-jztn5zdt-cc1478825b0605a994c299cfc115ce9b .av-special-heading-tag{\nfont-size:0.8em;\n}\n}\n\n@media only screen and (max-width: 479px){ \n#top #wrap_all .av-special-heading.av-jztn5zdt-cc1478825b0605a994c299cfc115ce9b .av-special-heading-tag{\nfont-size:0.8em;\n}\n}\n<\/style>\n<div  class='av-special-heading av-jztn5zdt-cc1478825b0605a994c299cfc115ce9b av-special-heading-h1 blockquote modern-quote  avia-builder-el-2  avia-builder-el-no-sibling  av-inherit-size'><h1 class='av-special-heading-tag '  itemprop=\"headline\"  >Participez<\/h1><div class=\"special-heading-border\"><div class=\"special-heading-inner-border\"><\/div><\/div><\/div><\/div>\n\n<\/div><\/div><\/main><!-- close content main element --><\/div><div class='av-extra-border-element border-extra-diagonal border-extra-diagonal-inverse '><div class='av-extra-border-outer'><div class='av-extra-border-inner'><\/div><\/div><\/div><\/div><div id='av_section_2'  class='avia-section av-1ob34-d24f0d82e9a45809346c0e2ddf7483e7 main_color avia-section-default avia-no-border-styling  avia-builder-el-3  el_after_av_section  avia-builder-el-last  avia-bg-style-scroll container_wrap sidebar_right'  ><div class='container av-section-cont-open' ><div class='template-page content  av-content-small alpha units'><div class='post-entry post-entry-type-page post-entry-152'><div class='entry-content-wrapper clearfix'>\n<section  class='av_textblock_section av-122us-2be104a427a4bc38fdeef402e1179ed0 '   itemscope=\"itemscope\" itemtype=\"https:\/\/schema.org\/CreativeWork\" ><div class='avia_textblock'  itemprop=\"text\" ><h2><strong>Vous pr\u00e9voyez une manifestation?<\/strong><\/h2>\n<p><strong>Contactez-nous!&nbsp;<\/strong>Envoyez-nous aujourd\u2019hui encore votre suggestion par mail:&nbsp;<a href=\"mailto:democratie@ch2021.ch\">democratie@ch2021.ch<\/a> et nous int\u00e9grerons votre manifestation\/activit\u00e9 \u00e0 notre&nbsp;<a href=\"https:\/\/ch2021.ch\/fr\/carte-des-actions\/\">carte d\u2019actions<\/a>. Merci de fournir tous les d\u00e9tails pertinents sur les principaux points:&nbsp;<strong>qui, o\u00f9, quand, quoi?<\/strong><\/p>\n<p>De plus amples informations s\u2019av\u00e8rent utiles en vue de la publication de vos remarques, afin d\u2019\u00e9viter toute demande de pr\u00e9cision: Qui organise l\u2019\u00e9v\u00e9nement? O\u00f9 peut-on s\u2019inscrire ou acheter des tickets? Existe-t-il des visuels, une affiche, un prospectus, etc. (\u00e0 communiquer avec la mention des droits d\u2019utilisation)?<\/p>\n<p>Vous avez besoin de soutien et, dans ce cadre, vous souhaitez pr\u00e9voir de la publicit\u00e9 sur notre site Internet <strong>www.ch2021.ch<\/strong>?<\/p>\n<p>Par exemple:&nbsp;&nbsp;<\/p>\n<ul>\n<li>un local<\/li>\n<li>co-organisateurs*trices<\/li>\n<li>auteur*e*s, orateurs*trices, intervant*e*s<\/li>\n<li>Assistant*e*s sur place lors d\u2019un \u00e9v\u00e9nement<\/li>\n<li>Aide lors du transport<\/li>\n<li>Soutien pour la technique \/ logistique<\/li>\n<li>Assistance informatique<\/li>\n<li>Assistance m\u00e9diatique<\/li>\n<li>Soutien financier<\/li>\n<li>\u2026<\/li>\n<\/ul>\n<p>Nous vous invitons \u00e0 prendre contact avec nous afin de convenir de la fa\u00e7on dont nous allons publier votre requ\u00eate sur notre site Internet.<\/p>\n<p>Nous publions les dates relatives aux th\u00e8mes suivants de l\u2019ann\u00e9e anniversaire:<\/p>\n<\/div><\/section>\n\n<style type=\"text\/css\" data-created_by=\"avia_inline_auto\" id=\"style-css-av-jxn94iue-e7d5059b75538ea69f2533b05432d3df\">\n#top .togglecontainer.av-jxn94iue-e7d5059b75538ea69f2533b05432d3df p.toggler{\ncolor:#151213;\n}\n#top .togglecontainer.av-jxn94iue-e7d5059b75538ea69f2533b05432d3df p.toggler.activeTitle{\ncolor:#cd2e1f;\nborder-color:#cd2e1f;\n}\n#top .togglecontainer.av-jxn94iue-e7d5059b75538ea69f2533b05432d3df p.toggler:not(.activeTitle):hover{\ncolor:#cd2e1f;\n}\n#top .togglecontainer.av-jxn94iue-e7d5059b75538ea69f2533b05432d3df p.toggler:not(.activeTitle):hover .toggle_icon, #top .togglecontainer.av-jxn94iue-e7d5059b75538ea69f2533b05432d3df p.toggler:not(.activeTitle):hover .toggle_icon *{\nborder-color:#cd2e1f !important;\n}\n#top .togglecontainer.av-jxn94iue-e7d5059b75538ea69f2533b05432d3df p.toggler .toggle_icon{\ncolor:#151213;\nborder-color:#151213;\n}\n#top .togglecontainer.av-jxn94iue-e7d5059b75538ea69f2533b05432d3df .toggle_wrap .toggle_content{\ncolor:#151213;\n}\n<\/style>\n<div  class='togglecontainer av-jxn94iue-e7d5059b75538ea69f2533b05432d3df  avia-builder-el-5  el_after_av_textblock  avia-builder-el-last  toggle_close_all hasCurrentStyle' >\n<section class='av_toggle_section av-av_toggle-79330c1b31e90bab72bcc4c15023e777'  itemscope=\"itemscope\" itemtype=\"https:\/\/schema.org\/CreativeWork\" ><div role=\"tablist\" class=\"single_toggle\" data-tags=\"{Tout} \"  ><p id='toggle-toggle-id-1' data-fake-id='#toggle-id-1' class='toggler  av-title-above av-inherit-font-color hasCustomColor'  itemprop=\"headline\"  role='tab' tabindex='0' aria-controls='toggle-id-1' data-slide-speed=\"200\" data-title=\"&lt;b&gt;Art et culture&lt;\/b&gt;\" data-title-open=\"\" data-aria_collapsed=\"Cliquez pour \u00e9tendre : &lt;b&gt;Art et culture&lt;\/b&gt;\" data-aria_expanded=\"Cliquez pour r\u00e9duire : &lt;b&gt;Art et culture&lt;\/b&gt;\"><b>Art et culture<\/b><span class=\"toggle_icon\"><span class=\"vert_icon\"><\/span><span class=\"hor_icon\"><\/span><\/span><\/p><div id='toggle-id-1' aria-labelledby='toggle-toggle-id-1' role='region' class='toggle_wrap  av-title-above'  ><div class='toggle_content invers-color av-inherit-font-color hasCustomColor'  itemprop=\"text\" ><p>Vous \u00eates artiste de cabaret, metteur*euse en sc\u00e8ne, chanteur*euse, femme de th\u00e9\u00e2tre, auteur, r\u00e9alisateur*trice ou organisateur*trice? Que diriez-vous d\u2019une production consacr\u00e9e aux femmes et \u00e0 leur fa\u00e7on de penser, d\u2019agir (le priv\u00e9 est politique!) et de s\u2019imposer hier, aujourd\u2019hui et demain?<\/p>\n<p>L\u2019ann\u00e9e 2021 ne se cantonne pas aux r\u00e9trospectives et aux analyses. Elle pr\u00e9voit \u00e9galement des activit\u00e9s qui soulignent et promeuvent l\u2019importance de la participation de la population au d\u00e9veloppement d\u00e9mocratique. Dans ce cadre, des expositions ont \u00e9t\u00e9 mises sur pied (entre autres au mus\u00e9e national de Zurich).<\/p>\n<\/div><\/div><\/div><\/section>\n<section class='av_toggle_section av-av_toggle-dffad7f3f7e735fd6a9ace96caf41e03'  itemscope=\"itemscope\" itemtype=\"https:\/\/schema.org\/CreativeWork\" ><div role=\"tablist\" class=\"single_toggle\" data-tags=\"{Tout} \"  ><p id='toggle-toggle-id-2' data-fake-id='#toggle-id-2' class='toggler  av-title-above av-inherit-font-color hasCustomColor'  itemprop=\"headline\"  role='tab' tabindex='0' aria-controls='toggle-id-2' data-slide-speed=\"200\" data-title=\"&lt;b&gt;Science&lt;\/b&gt;\" data-title-open=\"\" data-aria_collapsed=\"Cliquez pour \u00e9tendre : &lt;b&gt;Science&lt;\/b&gt;\" data-aria_expanded=\"Cliquez pour r\u00e9duire : &lt;b&gt;Science&lt;\/b&gt;\"><b>Science<\/b><span class=\"toggle_icon\"><span class=\"vert_icon\"><\/span><span class=\"hor_icon\"><\/span><\/span><\/p><div id='toggle-id-2' aria-labelledby='toggle-toggle-id-2' role='region' class='toggle_wrap  av-title-above'  ><div class='toggle_content invers-color av-inherit-font-color hasCustomColor'  itemprop=\"text\" ><p><strong>Les scientifiques<\/strong> se posent des questions qui font l\u2019objet d\u2019\u00e9tudes jusqu\u2019en 2021.<\/p>\n<p><strong>Les historien*ne*s<\/strong> jettent un regard r\u00e9trospectif et se demandent notamment pourquoi les choses ont pris tant de temps en Suisse et s\u2019il y a bel et bien eu une \u00e9volution positive constante depuis la fondation de l\u2019Etat en 1848 ou s\u2019il convient de relater l\u2019histoire diff\u00e9remment.<\/p>\n<p><strong>Les t\u00e9moins de l\u2019\u00e9poque<\/strong> parlent de l\u2019injustice, de leur combat, de leur joie \u2013 un th\u00e8me essentiel pour toutes les g\u00e9n\u00e9rations. Les jeunes abordent un th\u00e8me depuis longtemps r\u00e9volu pour eux. Tous parlent le m\u00eame langage.<\/p>\n<p><strong>Les juristes<\/strong> sondent l\u2019importance du f\u00e9d\u00e9ralisme dans le combat en faveur des droits politiques des femmes et r\u00e9clament le respect des droits humains \u00e0 l\u2019\u00e9gard de la population f\u00e9minine. Quels changements juridiques a-t-on pu observer au cours de ces 50&nbsp;ann\u00e9es? Et quel est le r\u00f4le des hommes et des femmes?&nbsp;<\/p>\n<p>Les universit\u00e9s envisagent des colloques, des conf\u00e9rences, <strong>des cours d\u2019\u00e9t\u00e9<\/strong>, un ensemble de th\u00e8mes int\u00e9ressants pouvant faire l\u2019objet de travaux de <strong>dissertation, de bachelier ou de master<\/strong>.<\/p>\n<p><strong>Questions fondamentales:<\/strong> apr\u00e8s 1971, comment la Suisse est-elle parvenue \u00e0 convoquer en une seule fois le double d\u2019\u00e9lecteurs*trices pour les votes et scrutins? Comment les partis politiques ont-ils abord\u00e9 les femmes en tant que citoyennes \u00e9mancip\u00e9es repr\u00e9sentant un potentiel \u00e9norme \u00e0 la fois comme candidates et comme \u00e9lectrices? Quelles \u00e9volutions peut-on observer depuis 1971?<\/p>\n<\/div><\/div><\/div><\/section>\n<section class='av_toggle_section av-av_toggle-1e27a1fef5d7de156ae6a74be78c4351'  itemscope=\"itemscope\" itemtype=\"https:\/\/schema.org\/CreativeWork\" ><div role=\"tablist\" class=\"single_toggle\" data-tags=\"{Tout} \"  ><p id='toggle-toggle-id-3' data-fake-id='#toggle-id-3' class='toggler  av-title-above av-inherit-font-color hasCustomColor'  itemprop=\"headline\"  role='tab' tabindex='0' aria-controls='toggle-id-3' data-slide-speed=\"200\" data-title=\"&lt;b&gt;Politique&lt;\/b&gt;\" data-title-open=\"\" data-aria_collapsed=\"Cliquez pour \u00e9tendre : &lt;b&gt;Politique&lt;\/b&gt;\" data-aria_expanded=\"Cliquez pour r\u00e9duire : &lt;b&gt;Politique&lt;\/b&gt;\"><b>Politique<\/b><span class=\"toggle_icon\"><span class=\"vert_icon\"><\/span><span class=\"hor_icon\"><\/span><\/span><\/p><div id='toggle-id-3' aria-labelledby='toggle-toggle-id-3' role='region' class='toggle_wrap  av-title-above'  ><div class='toggle_content invers-color av-inherit-font-color hasCustomColor'  itemprop=\"text\" ><p>Madame la conseill\u00e8re f\u00e9d\u00e9rale <strong>Simonetta Sommaruga<\/strong> partage notre avis concernant l\u2019importance de la participation des femmes \u00e0 la d\u00e9mocratie et int\u00e8gre le th\u00e8me \u00ab50 ans du droit de vote et d\u2019\u00e9ligibilit\u00e9 des femmes\u00bb dans son d\u00e9partement. Madame la conseill\u00e8re f\u00e9d\u00e9rale Karin Keller- Sutter reprend le flambeau. Des activit\u00e9s plus concr\u00e8tes ne sont pas encore connues pour l\u2019instant.<\/p>\n<\/div><\/div><\/div><\/section>\n<section class='av_toggle_section av-av_toggle-3184796db62b91dfa458b2e16c3acbf6'  itemscope=\"itemscope\" itemtype=\"https:\/\/schema.org\/CreativeWork\" ><div role=\"tablist\" class=\"single_toggle\" data-tags=\"{Tout} \"  ><p id='toggle-toggle-id-4' data-fake-id='#toggle-id-4' class='toggler  av-title-above av-inherit-font-color hasCustomColor'  itemprop=\"headline\"  role='tab' tabindex='0' aria-controls='toggle-id-4' data-slide-speed=\"200\" data-title=\"&lt;b&gt;Cantons&lt;\/b&gt;\" data-title-open=\"\" data-aria_collapsed=\"Cliquez pour \u00e9tendre : &lt;b&gt;Cantons&lt;\/b&gt;\" data-aria_expanded=\"Cliquez pour r\u00e9duire : &lt;b&gt;Cantons&lt;\/b&gt;\"><b>Cantons<\/b><span class=\"toggle_icon\"><span class=\"vert_icon\"><\/span><span class=\"hor_icon\"><\/span><\/span><\/p><div id='toggle-id-4' aria-labelledby='toggle-toggle-id-4' role='region' class='toggle_wrap  av-title-above'  ><div class='toggle_content invers-color av-inherit-font-color hasCustomColor'  itemprop=\"text\" ><p>Chaque canton poss\u00e8de sa propre histoire concernant l\u2019introduction du droit de vote et d\u2019\u00e9ligibilit\u00e9 des femmes au niveau cantonal. Les hommes suisses des cantons de Vaud et de Neuch\u00e2tel ont saut\u00e9 le pas en 1959, tandis que le canton d\u2019Appenzell Rhodes-Int\u00e9rieures y a \u00e9t\u00e9 contraint en 1990 par le tribunal f\u00e9d\u00e9ral. Ces diverses \u00e9volutions et histoires seront actualis\u00e9es et pr\u00e9sent\u00e9es en 2021. Il se peut \u00e9galement qu\u2019en 2020, la conf\u00e9rence sur le f\u00e9d\u00e9ralisme accepte le r\u00f4le qu\u2019occupait le f\u00e9d\u00e9ralisme lors de l\u2019introduction du droit de vote pour l\u2019ensemble des citoyens et citoyennes suisses.<\/p>\n<p>Les organisations cantonales, par exemple les divers centres des femmes, ont mis sur pied des activit\u00e9s correspondantes. Nous nous attendons \u00e0 ce que les gouvernements cantonaux, parlements, archives nationales, mus\u00e9es, th\u00e9\u00e2tres, cin\u00e9mas, universit\u00e9s, \u00e9coles, partis, etc. se penchent \u00e9galement sur ce th\u00e8me en 2021.<\/p>\n<\/div><\/div><\/div><\/section>\n<section class='av_toggle_section av-av_toggle-b7c5bbe1d04daa1d6481b7102b87af53'  itemscope=\"itemscope\" itemtype=\"https:\/\/schema.org\/CreativeWork\" ><div role=\"tablist\" class=\"single_toggle\" data-tags=\"{Tout} \"  ><p id='toggle-toggle-id-5' data-fake-id='#toggle-id-5' class='toggler  av-title-above av-inherit-font-color hasCustomColor'  itemprop=\"headline\"  role='tab' tabindex='0' aria-controls='toggle-id-5' data-slide-speed=\"200\" data-title=\"&lt;b&gt;Organisations f\u00e9minines&lt;\/b&gt;\" data-title-open=\"\" data-aria_collapsed=\"Cliquez pour \u00e9tendre : &lt;b&gt;Organisations f\u00e9minines&lt;\/b&gt;\" data-aria_expanded=\"Cliquez pour r\u00e9duire : &lt;b&gt;Organisations f\u00e9minines&lt;\/b&gt;\"><b>Organisations f\u00e9minines<\/b><span class=\"toggle_icon\"><span class=\"vert_icon\"><\/span><span class=\"hor_icon\"><\/span><\/span><\/p><div id='toggle-id-5' aria-labelledby='toggle-toggle-id-5' role='region' class='toggle_wrap  av-title-above'  ><div class='toggle_content invers-color av-inherit-font-color hasCustomColor'  itemprop=\"text\" ><p>L\u2019histoire des organisations f\u00e9minines qui existaient avant 1971 est toujours li\u00e9e \u00e0 l\u2019obtention des droits politiques pour les femmes. Ces organisations comptent dans leurs rangs des t\u00e9moins de cette \u00e9poque et documentent en partie le combat men\u00e9 par les femmes.<\/p>\n<p><a href=\"https:\/\/alliancef.ch\/index.php\/de\/\" target=\"_blank\" rel=\"noopener noreferrer\">Alliance F&nbsp;<\/a>(l\u2019Alliance de soci\u00e9t\u00e9s f\u00e9minines suisses en tant qu\u2019organisation fa\u00eeti\u00e8re; en allemand seullement ) discute des possibilit\u00e9s pour 2021. Parmi les id\u00e9es examin\u00e9es, citons la mise sur pied d\u2019un congr\u00e8s des femmes suisses rassemblant 2300&nbsp;participantes lors de sa derni\u00e8re \u00e9dition en 1996. Un bilan actuel de la situation et des demandes de femmes \u00e9manant de directions diff\u00e9rentes constituerait une contribution plus importante.<\/p>\n<p>D\u2019autres associations f\u00e9minines telles que les <a href=\"https:\/\/lawandwomen.ch\/\" target=\"_blank\" rel=\"noopener noreferrer\">Femmes juristes de Suisse <\/a>et le <a href=\"http:\/\/www.genderlaw.ch\/franz\/fri\/startseite\/startseite.html\" target=\"_blank\" rel=\"noopener noreferrer\">FRI<\/a> (l\u2019Institut suisse d\u2019\u00e9tudes juridiques f\u00e9ministes et gender law) ont mis sur pied des commissions charg\u00e9es d\u2019initier des activit\u00e9s en 2021.<\/p>\n<\/div><\/div><\/div><\/section>\n<\/div>\n<\/div><\/div><\/div><!-- close content main div --><\/div><\/div><div id='after_section_2'  class='main_color av_default_container_wrap container_wrap sidebar_right'  ><div class='container av-section-cont-open' ><div class='template-page content  av-content-small alpha units'><div class='post-entry post-entry-type-page post-entry-152'><div class='entry-content-wrapper clearfix'>\n","protected":false},"excerpt":{"rendered":"","protected":false},"author":2,"featured_media":0,"parent":0,"menu_order":0,"comment_status":"closed","ping_status":"closed","template":"","meta":{"_monsterinsights_skip_tracking":false,"_monsterinsights_sitenote_active":false,"_monsterinsights_sitenote_note":"","_monsterinsights_sitenote_category":0,"footnotes":""},"class_list":["post-152","page","type-page","status-publish","hentry"],"_links":{"self":[{"href":"https:\/\/ch2021.ch\/fr\/wp-json\/wp\/v2\/pages\/152","targetHints":{"allow":["GET"]}}],"collection":[{"href":"https:\/\/ch2021.ch\/fr\/wp-json\/wp\/v2\/pages"}],"about":[{"href":"https:\/\/ch2021.ch\/fr\/wp-json\/wp\/v2\/types\/page"}],"author":[{"embeddable":true,"href":"https:\/\/ch2021.ch\/fr\/wp-json\/wp\/v2\/users\/2"}],"replies":[{"embeddable":true,"href":"https:\/\/ch2021.ch\/fr\/wp-json\/wp\/v2\/comments?post=152"}],"version-history":[{"count":5,"href":"https:\/\/ch2021.ch\/fr\/wp-json\/wp\/v2\/pages\/152\/revisions"}],"predecessor-version":[{"id":459,"href":"https:\/\/ch2021.ch\/fr\/wp-json\/wp\/v2\/pages\/152\/revisions\/459"}],"wp:attachment":[{"href":"https:\/\/ch2021.ch\/fr\/wp-json\/wp\/v2\/media?parent=152"}],"curies":[{"name":"wp","href":"https:\/\/api.w.org\/{rel}","templated":true}]}}