{"id":17719,"date":"2022-02-15T09:44:34","date_gmt":"2022-02-15T08:44:34","guid":{"rendered":"https:\/\/ch2021.ch\/digitaler-literaturtalk\/"},"modified":"2022-02-15T09:51:27","modified_gmt":"2022-02-15T08:51:27","slug":"digitaler-literaturtalk","status":"publish","type":"page","link":"https:\/\/ch2021.ch\/fr\/digitaler-literaturtalk\/","title":{"rendered":"D\u00e9bat sur la litt\u00e9rature et le cin\u00e9ma en ligne"},"content":{"rendered":"\n<style type=\"text\/css\" data-created_by=\"avia_inline_auto\" id=\"style-css-av-4ll01j-e9f4fed6e84516550cd51f8d1982ed44\">\n.avia-section.av-4ll01j-e9f4fed6e84516550cd51f8d1982ed44{\nbackground-color:#ff7707;\nbackground:linear-gradient( to bottom right, #ff7707, #f6e9d3 );\n}\n.avia-section.av-4ll01j-e9f4fed6e84516550cd51f8d1982ed44 .av-extra-border-element .av-extra-border-inner{\nbackground-color:#ffffff;\n}\n<\/style>\n<div id='av_section_1'  class='avia-section av-4ll01j-e9f4fed6e84516550cd51f8d1982ed44 header_color avia-section-no-padding avia-no-shadow  avia-builder-el-0  el_before_av_section  avia-builder-el-first  avia-bg-style-scroll av-minimum-height av-minimum-height-custom av-height-custom  container_wrap sidebar_right'   data-av_minimum_height_px='350'><div class='container av-section-cont-open' style='height:350px'><main  role=\"main\" itemprop=\"mainContentOfPage\"  class='template-page content  av-content-small alpha units'><div class='post-entry post-entry-type-page post-entry-17719'><div class='entry-content-wrapper clearfix'>\n\n<style type=\"text\/css\" data-created_by=\"avia_inline_auto\" id=\"style-css-av-p5gdhz-8d07fbb10ca0b5e31eb20efe0331d3f8\">\n.flex_column.av-p5gdhz-8d07fbb10ca0b5e31eb20efe0331d3f8{\nborder-radius:0px 0px 0px 0px;\npadding:0px 0px 0px 0px;\n}\n<\/style>\n<div  class='flex_column av-p5gdhz-8d07fbb10ca0b5e31eb20efe0331d3f8 av_one_full  avia-builder-el-1  avia-builder-el-no-sibling  first flex_column_div av-animated-generic pop-up av-zero-column-padding  '     ><style type=\"text\/css\" data-created_by=\"avia_inline_auto\" id=\"style-css-av-kv26mdsj-aa209b349732470e8a6019939bf815fc\">\n#top .av-special-heading.av-kv26mdsj-aa209b349732470e8a6019939bf815fc{\npadding-bottom:10px;\nfont-size:5vw;\n}\nbody .av-special-heading.av-kv26mdsj-aa209b349732470e8a6019939bf815fc .av-special-heading-tag .heading-char{\nfont-size:25px;\n}\n#top #wrap_all .av-special-heading.av-kv26mdsj-aa209b349732470e8a6019939bf815fc .av-special-heading-tag{\nfont-size:5vw;\n}\n.av-special-heading.av-kv26mdsj-aa209b349732470e8a6019939bf815fc .av-subheading{\nfont-size:15px;\n}\n\n@media only screen and (max-width: 479px){ \n#top #wrap_all .av-special-heading.av-kv26mdsj-aa209b349732470e8a6019939bf815fc .av-special-heading-tag{\nfont-size:26px;\n}\n}\n\n@media only screen and (min-width: 480px) and (max-width: 767px){ \n#top #wrap_all .av-special-heading.av-kv26mdsj-aa209b349732470e8a6019939bf815fc .av-special-heading-tag{\nfont-size:0.8em;\n}\n}\n<\/style>\n<div  class='av-special-heading av-kv26mdsj-aa209b349732470e8a6019939bf815fc av-special-heading-h1 blockquote modern-quote  avia-builder-el-2  avia-builder-el-no-sibling  av-inherit-size av-linked-heading'><h1 class='av-special-heading-tag '  itemprop=\"headline\"  >D\u00e9bat sur la litt\u00e9rature et le cin\u00e9ma <\/h1><div class=\"special-heading-border\"><div class=\"special-heading-inner-border\"><\/div><\/div><\/div><\/div><\/div><\/div><\/main><!-- close content main element --><\/div><div class='av-extra-border-element border-extra-diagonal border-extra-diagonal-inverse '><div class='av-extra-border-outer'><div class='av-extra-border-inner'><\/div><\/div><\/div><\/div><div id='av_section_2'  class='avia-section av-278mjg7-0e77542fd4985142f7609c5c2ff72daf main_color avia-section-default avia-no-border-styling  avia-builder-el-3  el_after_av_section  el_before_av_one_fourth  avia-bg-style-scroll container_wrap sidebar_right'  ><div class='container av-section-cont-open' ><div class='template-page content  av-content-small alpha units'><div class='post-entry post-entry-type-page post-entry-17719'><div class='entry-content-wrapper clearfix'>\n<section  class='av_textblock_section av-kv26rblo-8c4544ab9ca804d4e87efc4a5474650e '   itemscope=\"itemscope\" itemtype=\"https:\/\/schema.org\/CreativeWork\" ><div class='avia_textblock'  itemprop=\"text\" ><p style=\"text-align: left;\">De nombreux films et publications int\u00e9ressants ont \u00e9t\u00e9 publi\u00e9s \u00e0 l\u2019occasion du 50<sup>e<\/sup>\u00a0anniversaire du droit de vote des femmes en Suisse le 7\u00a0f\u00e9vrier 2021\u00a0\u2013 avec parfois une focalisation sur le sujet et parfois une int\u00e9gration du sujet dans les th\u00e8mes de l\u2019\u00e9galit\u00e9 et de la d\u00e9mocratie. En compagnie d\u2019invit\u00e9-e-s passionnant-e-s, nous souhaitons jeter un regard r\u00e9trospectif et prospectif sur ces documents d\u2019\u00e9poque importants, un an apr\u00e8s la journ\u00e9e officielle du jubil\u00e9.<\/p>\n<p><strong>Invit\u00e9-e-s:\u00a0<\/strong>Camille Logoz, St\u00e9phane Go\u00ebl, Jo\u00eblle Moret, Sarah Kiani<br \/>\n<strong>Mod\u00e9ration: <\/strong>Maya Dougoud, membre du comit\u00e9 de l\u2019association CH2021<\/p>\n<\/div><\/section>\n<\/div><\/div><\/div><!-- close content main div --><\/div><\/div><div id='after_section_2'  class='main_color av_default_container_wrap container_wrap sidebar_right'  ><div class='container av-section-cont-open' ><div class='template-page content  av-content-small alpha units'><div class='post-entry post-entry-type-page post-entry-17719'><div class='entry-content-wrapper clearfix'><div  class='flex_column av-13h62nf-802cca406273cdf952ef0e549c2249e5 av_one_fourth  avia-builder-el-5  el_after_av_section  el_before_av_one_half  avia-builder-el-first  first flex_column_div  '     ><\/div><\/p>\n<div  class='flex_column av-ictd13-562f4c425feaee42b5635be00866547e av_one_half  avia-builder-el-6  el_after_av_one_fourth  el_before_av_one_fourth  flex_column_div  '     ><div  class='avia-video av-kv274tl3-ad87f2f1424f4bfdb3a7c3e3c33462c4 avia-video-16-9 av-no-preview-image avia-video-load-always av-lazyload-immediate av-lazyload-video-embed'  itemprop=\"video\" itemtype=\"https:\/\/schema.org\/VideoObject\"  data-original_url='https:\/\/youtu.be\/VwRrjQ2mAuQ'><script type='text\/html' class='av-video-tmpl'><div class='avia-iframe-wrap'><iframe loading=\"lazy\" title=\"CH2021 - D\u00e9bat sur la litt\u00e9rature et le cin\u00e9ma\" width=\"1500\" height=\"844\" src=\"https:\/\/www.youtube.com\/embed\/VwRrjQ2mAuQ?feature=oembed&autoplay=0&loop=0&controls=1&mute=0\" frameborder=\"0\" allow=\"accelerometer; autoplay; clipboard-write; encrypted-media; gyroscope; picture-in-picture\" allowfullscreen><\/iframe><\/div><\/script><div class='av-click-to-play-overlay'><div class=\"avia_playpause_icon\"><\/div><\/div><\/div><\/div><div  class='flex_column av-pua6dn-16f16659e38ffefdf95b824b487e64f3 av_one_fourth  avia-builder-el-8  el_after_av_one_half  el_before_av_section  avia-builder-el-last  flex_column_div  '     ><\/div><\/p>\n<\/div><\/div><\/div><!-- close content main div --><\/div><\/div><div id='av_section_3'  class='avia-section av-194dbez-d52f730109000630f6c71d252968f30f main_color avia-section-default avia-no-border-styling  avia-builder-el-9  el_after_av_one_fourth  el_before_av_one_fourth  avia-bg-style-scroll container_wrap sidebar_right'  ><div class='container av-section-cont-open' ><div class='template-page content  av-content-small alpha units'><div class='post-entry post-entry-type-page post-entry-17719'><div class='entry-content-wrapper clearfix'>\n<section  class='av_textblock_section av-kznvljjc-0fa82ff1e1e78195364a4a6ca1e4c86a '   itemscope=\"itemscope\" itemtype=\"https:\/\/schema.org\/CreativeWork\" ><div class='avia_textblock'  itemprop=\"text\" ><p style=\"text-align: left;\">Un d\u00e9bat sur la litt\u00e9rature et le cin\u00e9ma en allemand a \u00e9galement eu lieu le m\u00eame soir.<\/p>\n<p><strong>Invit\u00e9es:\u00a0<\/strong>Nathalie Christen, Bettina Fredrich, Isabel Rohner, Franziska Sch\u00fcrch,<br \/>\nJudith Wyttenbach<br \/>\n<strong>Mod\u00e9ration:\u00a0<\/strong>Zita K\u00fcng, pr\u00e9sidente association CH2021<\/p>\n<\/div><\/section>\n<\/div><\/div><\/div><!-- close content main div --><\/div><\/div><div id='after_section_3'  class='main_color av_default_container_wrap container_wrap sidebar_right'  ><div class='container av-section-cont-open' ><div class='template-page content  av-content-small alpha units'><div class='post-entry post-entry-type-page post-entry-17719'><div class='entry-content-wrapper clearfix'><div  class='flex_column av-15z4o5n-48cce1d35e2a69e19b0c21a8d064e48c av_one_fourth  avia-builder-el-11  el_after_av_section  el_before_av_one_half  avia-builder-el-first  first flex_column_div  '     ><\/div><\/p>\n<div  class='flex_column av-v72c23-8fe1665e03ecccfa75df768567e3c4bb av_one_half  avia-builder-el-12  el_after_av_one_fourth  el_before_av_one_fourth  flex_column_div  '     ><div  class='avia-video av-kznvna47-3ca0a517c6765016945671c72f066605 avia-video-16-9 av-no-preview-image avia-video-load-always av-lazyload-immediate av-lazyload-video-embed'  itemprop=\"video\" itemtype=\"https:\/\/schema.org\/VideoObject\"  data-original_url='https:\/\/youtu.be\/n_Oy2kborQA'><script type='text\/html' class='av-video-tmpl'><div class='avia-iframe-wrap'><iframe loading=\"lazy\" title=\"CH2021 Digitaler Literatur-Talk\" width=\"1500\" height=\"844\" src=\"https:\/\/www.youtube.com\/embed\/n_Oy2kborQA?feature=oembed&autoplay=0&loop=0&controls=1&mute=0\" frameborder=\"0\" allow=\"accelerometer; autoplay; clipboard-write; encrypted-media; gyroscope; picture-in-picture\" allowfullscreen><\/iframe><\/div><\/script><div class='av-click-to-play-overlay'><div class=\"avia_playpause_icon\"><\/div><\/div><\/div><\/div><div  class='flex_column av-nldd9n-7490db7402a1e39ed54247448bec7c73 av_one_fourth  avia-builder-el-14  el_after_av_one_half  avia-builder-el-last  flex_column_div  '     ><\/div><\/p>\n","protected":false},"excerpt":{"rendered":"","protected":false},"author":8,"featured_media":0,"parent":0,"menu_order":0,"comment_status":"closed","ping_status":"closed","template":"","meta":{"_monsterinsights_skip_tracking":false,"_monsterinsights_sitenote_active":false,"_monsterinsights_sitenote_note":"","_monsterinsights_sitenote_category":0,"footnotes":""},"class_list":["post-17719","page","type-page","status-publish","hentry"],"_links":{"self":[{"href":"https:\/\/ch2021.ch\/fr\/wp-json\/wp\/v2\/pages\/17719","targetHints":{"allow":["GET"]}}],"collection":[{"href":"https:\/\/ch2021.ch\/fr\/wp-json\/wp\/v2\/pages"}],"about":[{"href":"https:\/\/ch2021.ch\/fr\/wp-json\/wp\/v2\/types\/page"}],"author":[{"embeddable":true,"href":"https:\/\/ch2021.ch\/fr\/wp-json\/wp\/v2\/users\/8"}],"replies":[{"embeddable":true,"href":"https:\/\/ch2021.ch\/fr\/wp-json\/wp\/v2\/comments?post=17719"}],"version-history":[{"count":2,"href":"https:\/\/ch2021.ch\/fr\/wp-json\/wp\/v2\/pages\/17719\/revisions"}],"predecessor-version":[{"id":17725,"href":"https:\/\/ch2021.ch\/fr\/wp-json\/wp\/v2\/pages\/17719\/revisions\/17725"}],"wp:attachment":[{"href":"https:\/\/ch2021.ch\/fr\/wp-json\/wp\/v2\/media?parent=17719"}],"curies":[{"name":"wp","href":"https:\/\/api.w.org\/{rel}","templated":true}]}}