{"id":18099,"date":"2022-04-03T21:43:16","date_gmt":"2022-04-03T19:43:16","guid":{"rendered":"https:\/\/ch2021.ch\/remercie-la-suisse-romande\/"},"modified":"2022-04-13T09:55:01","modified_gmt":"2022-04-13T07:55:01","slug":"remercie-la-suisse-romande","status":"publish","type":"page","link":"https:\/\/ch2021.ch\/fr\/remercie-la-suisse-romande\/","title":{"rendered":"CH2021 remercie la Suisse romande"},"content":{"rendered":"\n<style type=\"text\/css\" data-created_by=\"avia_inline_auto\" id=\"style-css-av-jkjmqted-8df8ef2bc293873ff87811f9ab7e252e\">\n.avia-section.av-jkjmqted-8df8ef2bc293873ff87811f9ab7e252e{\nbackground-color:#7ecdca;\nbackground:linear-gradient( to bottom right, #7ecdca, #f6e9d3 );\n}\n.avia-section.av-jkjmqted-8df8ef2bc293873ff87811f9ab7e252e .av-extra-border-element .av-extra-border-inner{\nbackground-color:#ffffff;\n}\n<\/style>\n<div id='av_section_1'  class='avia-section av-jkjmqted-8df8ef2bc293873ff87811f9ab7e252e header_color avia-section-no-padding avia-no-shadow  avia-builder-el-0  el_before_av_section  avia-builder-el-first  avia-bg-style-scroll av-minimum-height av-minimum-height-custom av-height-custom  container_wrap sidebar_right'   data-av_minimum_height_px='350'><div class='container av-section-cont-open' style='height:350px'><main  role=\"main\" itemprop=\"mainContentOfPage\"  class='template-page content  av-content-small alpha units'><div class='post-entry post-entry-type-page post-entry-18099'><div class='entry-content-wrapper clearfix'>\n\n<style type=\"text\/css\" data-created_by=\"avia_inline_auto\" id=\"style-css-av-1xn9f-60a3102d85cb0bac4be34634a8c4da3f\">\n.flex_column.av-1xn9f-60a3102d85cb0bac4be34634a8c4da3f{\nborder-radius:0px 0px 0px 0px;\npadding:0px 0px 0px 0px;\n}\n<\/style>\n<div  class='flex_column av-1xn9f-60a3102d85cb0bac4be34634a8c4da3f av_one_full  avia-builder-el-1  avia-builder-el-no-sibling  first flex_column_div av-animated-generic pop-up av-zero-column-padding  '     ><style type=\"text\/css\" data-created_by=\"avia_inline_auto\" id=\"style-css-av-kd5vpiek-dc2869469839e61080cffa0de3962734\">\n#top .av-special-heading.av-kd5vpiek-dc2869469839e61080cffa0de3962734{\npadding-bottom:10px;\nfont-size:5vw;\n}\nbody .av-special-heading.av-kd5vpiek-dc2869469839e61080cffa0de3962734 .av-special-heading-tag .heading-char{\nfont-size:25px;\n}\n#top #wrap_all .av-special-heading.av-kd5vpiek-dc2869469839e61080cffa0de3962734 .av-special-heading-tag{\nfont-size:5vw;\n}\n.av-special-heading.av-kd5vpiek-dc2869469839e61080cffa0de3962734 .av-subheading{\nfont-size:15px;\n}\n\n@media only screen and (min-width: 480px) and (max-width: 767px){ \n#top #wrap_all .av-special-heading.av-kd5vpiek-dc2869469839e61080cffa0de3962734 .av-special-heading-tag{\nfont-size:0.8em;\n}\n}\n\n@media only screen and (max-width: 479px){ \n#top #wrap_all .av-special-heading.av-kd5vpiek-dc2869469839e61080cffa0de3962734 .av-special-heading-tag{\nfont-size:0.8em;\n}\n}\n<\/style>\n<div  class='av-special-heading av-kd5vpiek-dc2869469839e61080cffa0de3962734 av-special-heading-h1 blockquote modern-quote  avia-builder-el-2  avia-builder-el-no-sibling  av-inherit-size av-linked-heading'><h1 class='av-special-heading-tag '  itemprop=\"headline\"  >CH2021 remercie la Suisse romande<\/h1><div class=\"special-heading-border\"><div class=\"special-heading-inner-border\"><\/div><\/div><\/div><\/div>\n\n<\/div><\/div><\/main><!-- close content main element --><\/div><div class='av-extra-border-element border-extra-diagonal border-extra-diagonal-inverse '><div class='av-extra-border-outer'><div class='av-extra-border-inner'><\/div><\/div><\/div><\/div><div id='contact'  class='avia-section av-jkwotzct-e49127a623e43859e639f2ac25aea738 main_color avia-section-default avia-no-border-styling  avia-builder-el-3  el_after_av_section  avia-builder-el-last  avia-bg-style-scroll container_wrap sidebar_right'  ><div class='container av-section-cont-open' ><div class='template-page content  av-content-small alpha units'><div class='post-entry post-entry-type-page post-entry-18099'><div class='entry-content-wrapper clearfix'>\n\n<style type=\"text\/css\" data-created_by=\"avia_inline_auto\" id=\"style-css-av-jkmanyih-b4aa3df2ef542732a77d1940e80f808a\">\n#top .av_textblock_section.av-jkmanyih-b4aa3df2ef542732a77d1940e80f808a .avia_textblock{\nfont-size:20px;\ncolor:#4a4a4a;\n}\n\n@media only screen and (min-width: 480px) and (max-width: 767px){ \n#top .av_textblock_section.av-jkmanyih-b4aa3df2ef542732a77d1940e80f808a .avia_textblock{\nfont-size:16px;\n}\n}\n\n@media only screen and (max-width: 479px){ \n#top .av_textblock_section.av-jkmanyih-b4aa3df2ef542732a77d1940e80f808a .avia_textblock{\nfont-size:16px;\n}\n}\n<\/style>\n<section  class='av_textblock_section av-jkmanyih-b4aa3df2ef542732a77d1940e80f808a '   itemscope=\"itemscope\" itemtype=\"https:\/\/schema.org\/CreativeWork\" ><div class='avia_textblock av_inherit_color'  itemprop=\"text\" ><h2>Une soir\u00e9e chez les pionni\u00e8res du droit de vote des femmes<\/h2>\n<p style=\"text-align: left;\">L\u2019\u00e9v\u00e9nement organis\u00e9 par notre association a eu lieu au Casino de Montbenon \u00e0 Lausanne le 17\u00a0f\u00e9vrier 2022.<\/p>\n<p style=\"text-align: left;\">Des remerciements ont \u00e9t\u00e9 adress\u00e9s \u00e0 la Suisse romande pour son r\u00f4le de pionni\u00e8re du droit de vote des femmes. C\u2019est \u00e0 Unterb\u00e4ch que la premi\u00e8re votation au niveau communal \u00e0 laquelle les femmes ont \u00e9t\u00e9 autoris\u00e9es \u00e0 participer a eu lieu le 5 mars 1957.<br \/>\nDeux ans plus tard, le 1<sup>er<\/sup> f\u00e9vrier 1959, le canton de Vaud accordait pour la premi\u00e8re fois le droit de vote aux femmes au niveau cantonal.<\/p>\n<p style=\"text-align: left;\">La soir\u00e9e a \u00e9t\u00e9 l\u2019occasion d\u2019\u00e9changer des souvenirs des ann\u00e9es pass\u00e9es, mais aussi de se projeter dans l\u2019avenir.<br \/>\nDes discours inspirants, une table ronde divertissante avec des invit\u00e9es int\u00e9ressantes et des contributions musicales \u00e9mouvantes: un <a href=\"https:\/\/ch2021.ch\/wp-content\/uploads\/2022\/02\/CH2021-Flyer-Event-Lausanne.pdf\" target=\"_blank\" rel=\"noopener\">programme<\/a> vari\u00e9.<\/p>\n<\/div><\/section>\n\n<style type=\"text\/css\" data-created_by=\"avia_inline_auto\" id=\"style-css-av-ea4ad-8ddc0c3552ca9f361223e4bd59a10c48\">\n.flex_column.av-ea4ad-8ddc0c3552ca9f361223e4bd59a10c48{\nborder-radius:0px 0px 0px 0px;\npadding:0px 0px 0px 0px;\n}\n<\/style>\n<div  class='flex_column av-ea4ad-8ddc0c3552ca9f361223e4bd59a10c48 av_one_full  avia-builder-el-5  el_after_av_textblock  el_before_av_one_half  first flex_column_div av-zero-column-padding  column-top-margin'     ><style type=\"text\/css\" data-created_by=\"avia_inline_auto\" id=\"style-css-av-kevhat3b-cde8939a8e3f85f36107bfc1f469e786\">\n.avia-image-container.av-kevhat3b-cde8939a8e3f85f36107bfc1f469e786 img.avia_image{\nbox-shadow:none;\n}\n.avia-image-container.av-kevhat3b-cde8939a8e3f85f36107bfc1f469e786 .av-image-caption-overlay-center{\ncolor:#ffffff;\n}\n<\/style>\n<div  class='avia-image-container av-kevhat3b-cde8939a8e3f85f36107bfc1f469e786 av-styling- avia-align-center  avia-builder-el-6  avia-builder-el-no-sibling '   itemprop=\"image\" itemscope=\"itemscope\" itemtype=\"https:\/\/schema.org\/ImageObject\" ><div class=\"avia-image-container-inner\"><div class=\"avia-image-overlay-wrap\"><img fetchpriority=\"high\" class='wp-image-17945 avia-img-lazy-loading-not-17945 avia_image ' src='https:\/\/ch2021.ch\/wp-content\/uploads\/2022\/04\/CH2021-A-color-Whitout-copyright-1030x688.jpg' alt='' title='CH2021 A color Whitout copyright'  height=\"688\" width=\"1030\"  itemprop=\"thumbnailUrl\"  \/><\/div><\/div><\/div><\/div>\n<style type=\"text\/css\" data-created_by=\"avia_inline_auto\" id=\"style-css-av-bfptg5-532be077531bdb7ebc5f7502b4d8efd1\">\n.flex_column.av-bfptg5-532be077531bdb7ebc5f7502b4d8efd1{\nborder-radius:0px 0px 0px 0px;\npadding:0px 0px 0px 0px;\n}\n<\/style>\n<div  class='flex_column av-bfptg5-532be077531bdb7ebc5f7502b4d8efd1 av_one_half  avia-builder-el-7  el_after_av_one_full  el_before_av_one_half  first flex_column_div av-zero-column-padding  column-top-margin'     ><p>\n<style type=\"text\/css\" data-created_by=\"avia_inline_auto\" id=\"style-css-av-kevra6qy-b5c6e73470c041426c39b503cbb01c15\">\n.avia-image-container.av-kevra6qy-b5c6e73470c041426c39b503cbb01c15 img.avia_image{\nbox-shadow:none;\n}\n.avia-image-container.av-kevra6qy-b5c6e73470c041426c39b503cbb01c15 .av-image-caption-overlay-center{\ncolor:#ffffff;\n}\n<\/style>\n<div  class='avia-image-container av-kevra6qy-b5c6e73470c041426c39b503cbb01c15 av-styling- avia-align-center  avia-builder-el-8  el_before_av_textblock  avia-builder-el-first '   itemprop=\"image\" itemscope=\"itemscope\" itemtype=\"https:\/\/schema.org\/ImageObject\" ><div class=\"avia-image-container-inner\"><div class=\"avia-image-overlay-wrap\"><img fetchpriority=\"high\" class='wp-image-17957 avia-img-lazy-loading-not-17957 avia_image ' src='https:\/\/ch2021.ch\/wp-content\/uploads\/2022\/04\/CH2021-B-color-Whitout-copyright-2-1030x686.jpg' alt='' title='CH2021 B color Whitout copyright-2'  height=\"686\" width=\"1030\"  itemprop=\"thumbnailUrl\"  \/><\/div><\/div><\/div><br \/>\n<section  class='av_textblock_section av-kevr3guq-fda7a04b0cef2f1521dbe7804c773c97 '   itemscope=\"itemscope\" itemtype=\"https:\/\/schema.org\/CreativeWork\" ><div class='avia_textblock'  itemprop=\"text\" ><p>Nuria Goritte, pr\u00e9sidente du Conseil d\u2019\u00c9tat du canton de VD, a ouvert la soir\u00e9e par son discours de bienvenue.<\/p>\n<\/div><\/section><\/p><\/div>\n<style type=\"text\/css\" data-created_by=\"avia_inline_auto\" id=\"style-css-av-95h7np-3e12b1991d95079b1f229dd5e7b797f5\">\n.flex_column.av-95h7np-3e12b1991d95079b1f229dd5e7b797f5{\nborder-radius:0px 0px 0px 0px;\npadding:0px 0px 0px 0px;\n}\n<\/style>\n<div  class='flex_column av-95h7np-3e12b1991d95079b1f229dd5e7b797f5 av_one_half  avia-builder-el-10  el_after_av_one_half  el_before_av_one_half  flex_column_div av-zero-column-padding  column-top-margin'     ><p>\n<style type=\"text\/css\" data-created_by=\"avia_inline_auto\" id=\"style-css-av-kevrc8fe-3cd797d536a485f3276576274decad1c\">\n.avia-image-container.av-kevrc8fe-3cd797d536a485f3276576274decad1c img.avia_image{\nbox-shadow:none;\n}\n.avia-image-container.av-kevrc8fe-3cd797d536a485f3276576274decad1c .av-image-caption-overlay-center{\ncolor:#ffffff;\n}\n<\/style>\n<div  class='avia-image-container av-kevrc8fe-3cd797d536a485f3276576274decad1c av-styling- avia-align-center  avia-builder-el-11  el_before_av_textblock  avia-builder-el-first '   itemprop=\"image\" itemscope=\"itemscope\" itemtype=\"https:\/\/schema.org\/ImageObject\" ><div class=\"avia-image-container-inner\"><div class=\"avia-image-overlay-wrap\"><img fetchpriority=\"high\" class='wp-image-17987 avia-img-lazy-loading-not-17987 avia_image ' src='https:\/\/ch2021.ch\/wp-content\/uploads\/2022\/04\/zitakueng-1030x688.jpg' alt='' title='zitakueng'  height=\"688\" width=\"1030\"  itemprop=\"thumbnailUrl\"  \/><\/div><\/div><\/div><br \/>\n<section  class='av_textblock_section av-kevr4slb-49cc82b7c28e40f7c0451fa562a67a50 '   itemscope=\"itemscope\" itemtype=\"https:\/\/schema.org\/CreativeWork\" ><div class='avia_textblock'  itemprop=\"text\" ><p>Zita K\u00fcng, pr\u00e9sidente de l\u2019association CH2021, a prononc\u00e9 un bref discours. Son foulard symbolisait le lien par-dessus le \u00abR\u00f6stigraben\u00bb et le \u00abPolentagraben\u00bb.<\/p>\n<\/div><\/section><\/p><\/div>\n<style type=\"text\/css\" data-created_by=\"avia_inline_auto\" id=\"style-css-av-86j2g5-0d416550e666251c176bc605b7afc0a3\">\n.flex_column.av-86j2g5-0d416550e666251c176bc605b7afc0a3{\nborder-radius:0px 0px 0px 0px;\npadding:0px 0px 0px 0px;\n}\n<\/style>\n<div  class='flex_column av-86j2g5-0d416550e666251c176bc605b7afc0a3 av_one_half  avia-builder-el-13  el_after_av_one_half  el_before_av_one_half  first flex_column_div av-zero-column-padding  column-top-margin'     ><p>\n<style type=\"text\/css\" data-created_by=\"avia_inline_auto\" id=\"style-css-av-kevre6nu-0cf70c8e2ed0e7486a3742dce97aa65a\">\n.avia-image-container.av-kevre6nu-0cf70c8e2ed0e7486a3742dce97aa65a img.avia_image{\nbox-shadow:none;\n}\n.avia-image-container.av-kevre6nu-0cf70c8e2ed0e7486a3742dce97aa65a .av-image-caption-overlay-center{\ncolor:#ffffff;\n}\n<\/style>\n<div  class='avia-image-container av-kevre6nu-0cf70c8e2ed0e7486a3742dce97aa65a av-styling- avia-align-center  avia-builder-el-14  el_before_av_textblock  avia-builder-el-first '   itemprop=\"image\" itemscope=\"itemscope\" itemtype=\"https:\/\/schema.org\/ImageObject\" ><div class=\"avia-image-container-inner\"><div class=\"avia-image-overlay-wrap\"><img fetchpriority=\"high\" class='wp-image-17974 avia-img-lazy-loading-not-17974 avia_image ' src='https:\/\/ch2021.ch\/wp-content\/uploads\/2022\/04\/CH2021-B-color-Whitout-copyright-8-1030x686.jpg' alt='' title='CH2021 B color Whitout copyright-8'  height=\"686\" width=\"1030\"  itemprop=\"thumbnailUrl\"  \/><\/div><\/div><\/div><br \/>\n<section  class='av_textblock_section av-kevr5ds8-6c54182f18a9c311e02ece390d2fe841 '   itemscope=\"itemscope\" itemtype=\"https:\/\/schema.org\/CreativeWork\" ><div class='avia_textblock'  itemprop=\"text\" ><p>Emilie Moeschler, conseill\u00e8re municipale de Lausanne, a parl\u00e9 d\u2019histoire et d\u2019actualit\u00e9 dans son discours.<\/p>\n<\/div><\/section><\/p><\/div>\n<style type=\"text\/css\" data-created_by=\"avia_inline_auto\" id=\"style-css-av-ba5exx-b4e45bbad9a425063bdacb124a11f5e4\">\n.flex_column.av-ba5exx-b4e45bbad9a425063bdacb124a11f5e4{\nborder-radius:0px 0px 0px 0px;\npadding:0px 0px 0px 0px;\n}\n<\/style>\n<div  class='flex_column av-ba5exx-b4e45bbad9a425063bdacb124a11f5e4 av_one_half  avia-builder-el-16  el_after_av_one_half  el_before_av_one_half  flex_column_div av-zero-column-padding  column-top-margin'     ><p>\n<style type=\"text\/css\" data-created_by=\"avia_inline_auto\" id=\"style-css-av-kevsdcn6-2aa25185d8457e58258db2a7f36793e1\">\n.avia-image-container.av-kevsdcn6-2aa25185d8457e58258db2a7f36793e1 img.avia_image{\nbox-shadow:none;\n}\n.avia-image-container.av-kevsdcn6-2aa25185d8457e58258db2a7f36793e1 .av-image-caption-overlay-center{\ncolor:#ffffff;\n}\n<\/style>\n<div  class='avia-image-container av-kevsdcn6-2aa25185d8457e58258db2a7f36793e1 av-styling- avia-align-center  avia-builder-el-17  el_before_av_textblock  avia-builder-el-first '   itemprop=\"image\" itemscope=\"itemscope\" itemtype=\"https:\/\/schema.org\/ImageObject\" ><div class=\"avia-image-container-inner\"><div class=\"avia-image-overlay-wrap\"><img fetchpriority=\"high\" class='wp-image-17991 avia-img-lazy-loading-not-17991 avia_image ' src='https:\/\/ch2021.ch\/wp-content\/uploads\/2022\/04\/roundtable-1030x688.jpg' alt='' title='roundtable'  height=\"688\" width=\"1030\"  itemprop=\"thumbnailUrl\"  \/><\/div><\/div><\/div><br \/>\n<section  class='av_textblock_section av-kevs007u-6d179274e7881d67c8a5ead05af479ad '   itemscope=\"itemscope\" itemtype=\"https:\/\/schema.org\/CreativeWork\" ><div class='avia_textblock'  itemprop=\"text\" ><p>La table ronde pr\u00e9sid\u00e9e par Maya Dougoud et r\u00e9unissant Sarah M\u00fcller, Brigitte Studer, Michela Bovolenta, Maribel Rodriguez et Zita K\u00fcng a \u00e9t\u00e9 l\u2019occasion de faire une r\u00e9trospective mais aussi d\u2019\u00e9voquer les perspectives et les aspects des diff\u00e9rences r\u00e9gionales en mati\u00e8re de droit de vote des femmes et d\u2019\u00e9galit\u00e9 en Suisse.<\/p>\n<\/div><\/section><\/p><\/div>\n<style type=\"text\/css\" data-created_by=\"avia_inline_auto\" id=\"style-css-av-8pusqt-cf905681234c18f636c92e4c0002a03a\">\n.flex_column.av-8pusqt-cf905681234c18f636c92e4c0002a03a{\nborder-radius:0px 0px 0px 0px;\npadding:0px 0px 0px 0px;\n}\n<\/style>\n<div  class='flex_column av-8pusqt-cf905681234c18f636c92e4c0002a03a av_one_half  avia-builder-el-19  el_after_av_one_half  el_before_av_one_half  first flex_column_div av-zero-column-padding  column-top-margin'     ><p>\n<style type=\"text\/css\" data-created_by=\"avia_inline_auto\" id=\"style-css-av-kevs2g2h-107037a5ab2a83d00b8fb39adf6cea9c\">\n.avia-image-container.av-kevs2g2h-107037a5ab2a83d00b8fb39adf6cea9c img.avia_image{\nbox-shadow:none;\n}\n.avia-image-container.av-kevs2g2h-107037a5ab2a83d00b8fb39adf6cea9c .av-image-caption-overlay-center{\ncolor:#ffffff;\n}\n<\/style>\n<div  class='avia-image-container av-kevs2g2h-107037a5ab2a83d00b8fb39adf6cea9c av-styling- avia-align-center  avia-builder-el-20  el_before_av_textblock  avia-builder-el-first '   itemprop=\"image\" itemscope=\"itemscope\" itemtype=\"https:\/\/schema.org\/ImageObject\" ><div class=\"avia-image-container-inner\"><div class=\"avia-image-overlay-wrap\"><img fetchpriority=\"high\" class='wp-image-17995 avia-img-lazy-loading-not-17995 avia_image ' src='https:\/\/ch2021.ch\/wp-content\/uploads\/2022\/04\/marymayenfisch-1030x688.jpg' alt='' title='marymayenfisch'  height=\"688\" width=\"1030\"  itemprop=\"thumbnailUrl\"  \/><\/div><\/div><\/div><br \/>\n<section  class='av_textblock_section av-kevry93x-9a60866f09589e47fe279c271d4e0720 '   itemscope=\"itemscope\" itemtype=\"https:\/\/schema.org\/CreativeWork\" ><div class='avia_textblock'  itemprop=\"text\" ><p>Mary Mayenfisch, membre du comit\u00e9 de l\u2019association CH2021, a prononc\u00e9 le discours de cl\u00f4ture et de remerciement.<\/p>\n<\/div><\/section><\/p><\/div>\n<style type=\"text\/css\" data-created_by=\"avia_inline_auto\" id=\"style-css-av-7kf11h-ebffd9ef23039932607a079a9ce979c1\">\n.flex_column.av-7kf11h-ebffd9ef23039932607a079a9ce979c1{\nborder-radius:0px 0px 0px 0px;\npadding:0px 0px 0px 0px;\n}\n<\/style>\n<div  class='flex_column av-7kf11h-ebffd9ef23039932607a079a9ce979c1 av_one_half  avia-builder-el-22  el_after_av_one_half  el_before_av_one_full  flex_column_div av-zero-column-padding  column-top-margin'     ><p>\n<style type=\"text\/css\" data-created_by=\"avia_inline_auto\" id=\"style-css-av-l1jon58g-247e6adab64fea3171a061be01ac731d\">\n.avia-image-container.av-l1jon58g-247e6adab64fea3171a061be01ac731d img.avia_image{\nbox-shadow:none;\n}\n.avia-image-container.av-l1jon58g-247e6adab64fea3171a061be01ac731d .av-image-caption-overlay-center{\ncolor:#ffffff;\n}\n<\/style>\n<div  class='avia-image-container av-l1jon58g-247e6adab64fea3171a061be01ac731d av-styling- avia-align-center  avia-builder-el-23  el_before_av_textblock  avia-builder-el-first '   itemprop=\"image\" itemscope=\"itemscope\" itemtype=\"https:\/\/schema.org\/ImageObject\" ><div class=\"avia-image-container-inner\"><div class=\"avia-image-overlay-wrap\"><img fetchpriority=\"high\" class='wp-image-17951 avia-img-lazy-loading-not-17951 avia_image ' src='https:\/\/ch2021.ch\/wp-content\/uploads\/2022\/04\/CH2021-A-color-Whitout-copyright-86-1030x688.jpg' alt='' title='CH2021 A color Whitout copyright-86'  height=\"688\" width=\"1030\"  itemprop=\"thumbnailUrl\"  \/><\/div><\/div><\/div><br \/>\n<section  class='av_textblock_section av-kevs0yii-e34466d5a95edc136a055d9831c389f1 '   itemscope=\"itemscope\" itemtype=\"https:\/\/schema.org\/CreativeWork\" ><div class='avia_textblock'  itemprop=\"text\" ><p>Les \u00abT\u00e9nors de la F\u00eate des Vignerons\u00bb ont enrichi l\u2019\u00e9v\u00e9nement par leurs interm\u00e8des chant\u00e9s. Le \u00abRanz des vaches\u00bb a \u00e9t\u00e9 un moment \u00e9motionnel.<\/p>\n<\/div><\/section><\/p><\/div>\n<style type=\"text\/css\" data-created_by=\"avia_inline_auto\" id=\"style-css-av-viz0c1-0a48f34e8619f6050101eb3b4ce4cb29\">\n.flex_column.av-viz0c1-0a48f34e8619f6050101eb3b4ce4cb29{\nborder-radius:0px 0px 0px 0px;\npadding:0px 0px 0px 0px;\n}\n<\/style>\n<div  class='flex_column av-viz0c1-0a48f34e8619f6050101eb3b4ce4cb29 av_one_full  avia-builder-el-25  el_after_av_one_half  avia-builder-el-last  first flex_column_div av-zero-column-padding  column-top-margin'     ><p>\n<style type=\"text\/css\" data-created_by=\"avia_inline_auto\" id=\"style-css-av-l1ngzcyy-955ba070aa07f3b3ea6cff8ab18c2235\">\n.avia-image-container.av-l1ngzcyy-955ba070aa07f3b3ea6cff8ab18c2235 img.avia_image{\nbox-shadow:none;\n}\n.avia-image-container.av-l1ngzcyy-955ba070aa07f3b3ea6cff8ab18c2235 .av-image-caption-overlay-center{\ncolor:#ffffff;\n}\n<\/style>\n<div  class='avia-image-container av-l1ngzcyy-955ba070aa07f3b3ea6cff8ab18c2235 av-styling- avia-align-center  avia-builder-el-26  el_before_av_textblock  avia-builder-el-first '   itemprop=\"image\" itemscope=\"itemscope\" itemtype=\"https:\/\/schema.org\/ImageObject\" ><div class=\"avia-image-container-inner\"><div class=\"avia-image-overlay-wrap\"><img fetchpriority=\"high\" class='wp-image-17970 avia-img-lazy-loading-not-17970 avia_image ' src='https:\/\/ch2021.ch\/wp-content\/uploads\/2022\/04\/CH2021-A-color-Whitout-copyright-104-1030x688.jpg' alt='' title='CH2021 A color Whitout copyright-104'  height=\"688\" width=\"1030\"  itemprop=\"thumbnailUrl\"  \/><\/div><\/div><\/div><br \/>\n<section  class='av_textblock_section av-l1ngyrh9-45deb6c893029333b7fba387f36a70f2 '   itemscope=\"itemscope\" itemtype=\"https:\/\/schema.org\/CreativeWork\" ><div class='avia_textblock'  itemprop=\"text\" ><p style=\"text-align: center;\">Merci \u00e0 la Suisse romande.<\/p>\n<\/div><\/section><\/p><\/div><\/div><\/div><\/div><!-- close content main div --><\/div><\/div><div id='after_section_2'  class='main_color av_default_container_wrap container_wrap sidebar_right'  ><div class='container av-section-cont-open' ><div class='template-page content  av-content-small alpha units'><div class='post-entry post-entry-type-page post-entry-18099'><div class='entry-content-wrapper clearfix'>\n","protected":false},"excerpt":{"rendered":"","protected":false},"author":8,"featured_media":0,"parent":0,"menu_order":0,"comment_status":"closed","ping_status":"closed","template":"","meta":{"_monsterinsights_skip_tracking":false,"_monsterinsights_sitenote_active":false,"_monsterinsights_sitenote_note":"","_monsterinsights_sitenote_category":0,"footnotes":""},"class_list":["post-18099","page","type-page","status-publish","hentry"],"_links":{"self":[{"href":"https:\/\/ch2021.ch\/fr\/wp-json\/wp\/v2\/pages\/18099","targetHints":{"allow":["GET"]}}],"collection":[{"href":"https:\/\/ch2021.ch\/fr\/wp-json\/wp\/v2\/pages"}],"about":[{"href":"https:\/\/ch2021.ch\/fr\/wp-json\/wp\/v2\/types\/page"}],"author":[{"embeddable":true,"href":"https:\/\/ch2021.ch\/fr\/wp-json\/wp\/v2\/users\/8"}],"replies":[{"embeddable":true,"href":"https:\/\/ch2021.ch\/fr\/wp-json\/wp\/v2\/comments?post=18099"}],"version-history":[{"count":2,"href":"https:\/\/ch2021.ch\/fr\/wp-json\/wp\/v2\/pages\/18099\/revisions"}],"predecessor-version":[{"id":18101,"href":"https:\/\/ch2021.ch\/fr\/wp-json\/wp\/v2\/pages\/18099\/revisions\/18101"}],"wp:attachment":[{"href":"https:\/\/ch2021.ch\/fr\/wp-json\/wp\/v2\/media?parent=18099"}],"curies":[{"name":"wp","href":"https:\/\/api.w.org\/{rel}","templated":true}]}}