{"id":2497,"date":"2019-05-23T17:34:30","date_gmt":"2019-05-23T15:34:30","guid":{"rendered":"https:\/\/ch2021.ch\/?page_id=2497"},"modified":"2019-08-27T13:57:18","modified_gmt":"2019-08-27T11:57:18","slug":"archive","status":"publish","type":"page","link":"https:\/\/ch2021.ch\/fr\/archive\/","title":{"rendered":"Archive"},"content":{"rendered":"\n<style type=\"text\/css\" data-created_by=\"avia_inline_auto\" id=\"style-css-av-jz13jrts-3b8005d2944e5e7d1504f3e02becc80d\">\n.avia-section.av-jz13jrts-3b8005d2944e5e7d1504f3e02becc80d{\nbackground-color:#ff7707;\nbackground:linear-gradient( to bottom right, #ff7707, #f6e9d3 );\n}\n.avia-section.av-jz13jrts-3b8005d2944e5e7d1504f3e02becc80d .av-extra-border-element .av-extra-border-inner{\nbackground-color:#ffffff;\n}\n<\/style>\n<div id='av_section_1'  class='avia-section av-jz13jrts-3b8005d2944e5e7d1504f3e02becc80d header_color avia-section-no-padding avia-no-shadow  avia-builder-el-0  el_before_av_section  avia-builder-el-first  avia-bg-style-scroll av-minimum-height av-minimum-height-custom av-height-custom  container_wrap sidebar_right'   data-av_minimum_height_px='350'><div class='container av-section-cont-open' style='height:350px'><main  role=\"main\" itemprop=\"mainContentOfPage\"  class='template-page content  av-content-small alpha units'><div class='post-entry post-entry-type-page post-entry-2497'><div class='entry-content-wrapper clearfix'>\n\n<style type=\"text\/css\" data-created_by=\"avia_inline_auto\" id=\"style-css-av-jz13l5co-23f8feaa7fc251f65b8acdee23a02131\">\n#top .av-special-heading.av-jz13l5co-23f8feaa7fc251f65b8acdee23a02131{\npadding-bottom:10px;\ncolor:#ffffff;\nfont-size:5vw;\n}\nbody .av-special-heading.av-jz13l5co-23f8feaa7fc251f65b8acdee23a02131 .av-special-heading-tag .heading-char{\nfont-size:25px;\n}\n#top #wrap_all .av-special-heading.av-jz13l5co-23f8feaa7fc251f65b8acdee23a02131 .av-special-heading-tag{\nfont-size:5vw;\n}\n.av-special-heading.av-jz13l5co-23f8feaa7fc251f65b8acdee23a02131 .special-heading-inner-border{\nborder-color:#ffffff;\n}\n.av-special-heading.av-jz13l5co-23f8feaa7fc251f65b8acdee23a02131 .av-subheading{\nfont-size:15px;\n}\n\n@media only screen and (min-width: 480px) and (max-width: 767px){ \n#top #wrap_all .av-special-heading.av-jz13l5co-23f8feaa7fc251f65b8acdee23a02131 .av-special-heading-tag{\nfont-size:0.8em;\n}\n}\n\n@media only screen and (max-width: 479px){ \n#top #wrap_all .av-special-heading.av-jz13l5co-23f8feaa7fc251f65b8acdee23a02131 .av-special-heading-tag{\nfont-size:0.8em;\n}\n}\n<\/style>\n<div  class='av-special-heading av-jz13l5co-23f8feaa7fc251f65b8acdee23a02131 av-special-heading-h1 custom-color-heading blockquote modern-quote  avia-builder-el-1  avia-builder-el-no-sibling  av-inherit-size'><h1 class='av-special-heading-tag '  itemprop=\"headline\"  >Archive<\/h1><div class=\"special-heading-border\"><div class=\"special-heading-inner-border\"><\/div><\/div><\/div>\n\n<\/div><\/div><\/main><!-- close content main element --><\/div><div class='av-extra-border-element border-extra-diagonal border-extra-diagonal-inverse '><div class='av-extra-border-outer'><div class='av-extra-border-inner'><\/div><\/div><\/div><\/div><div id='av_section_2'  class='avia-section av-2drrc1-f4d23f7298e00e5ba76b154139c533e2 main_color avia-section-default avia-no-border-styling  avia-builder-el-2  el_after_av_section  avia-builder-el-last  avia-bg-style-scroll container_wrap sidebar_right'  ><div class='container av-section-cont-open' ><div class='template-page content  av-content-small alpha units'><div class='post-entry post-entry-type-page post-entry-2497'><div class='entry-content-wrapper clearfix'>\n<section  class='av_textblock_section av-jz13ob6x-4d23f948e02f0d83bd454bc73ccbb4c6 '   itemscope=\"itemscope\" itemtype=\"https:\/\/schema.org\/CreativeWork\" ><div class='avia_textblock'  itemprop=\"text\" ><p>Vous trouverez ici l\u2019ensemble des manifestations, activit\u00e9s et projets que nous avons archiv\u00e9s \u00e0 votre attention.<\/p>\n<p>Outre le 50<sup>e<\/sup> anniversaire du droit de vote des femmes au niveau f\u00e9d\u00e9ral, diff\u00e9rents anniversaires cantonaux ont \u00e9t\u00e9 ou seront c\u00e9l\u00e9br\u00e9s en 2018, 2019 et 2020. Vous trouverez \u00e9galement les actions consacr\u00e9es \u00e0 ces festivit\u00e9s dans nos archives.<\/p>\n<p>&nbsp; &nbsp;<\/p>\n<\/div><\/section>\n\n<style type=\"text\/css\" data-created_by=\"avia_inline_auto\" id=\"style-css-av-jz13rbit-daeab89f6c1b6cbb232079a3aa5f009f\">\n#top .av-masonry.av-jz13rbit-daeab89f6c1b6cbb232079a3aa5f009f{\nbackground-color:#ffffff;\n}\n<\/style>\n<div id='av-masonry-1' class='av-masonry av-jz13rbit-daeab89f6c1b6cbb232079a3aa5f009f noHover av-fixed-size av-large-gap av-hover-overlay-active av-masonry-animation-active av-masonry-col-3 av-caption-always av-caption-style- av-masonry-entries av-orientation-square ' data-post_id=\"2497\"><div class=\"av-masonry-container isotope av-js-disabled\"><div class='av-masonry-entry isotope-item av-masonry-item-no-image '><\/div><a href=\"https:\/\/ch2021.ch\/fr\/merci-de-votre-participation\/\"  id='av-masonry-1-item-18413' data-av-masonry-item='18413' class='av-masonry-entry isotope-item post-18413 post type-post status-publish format-standard hentry category-blog-2  av-masonry-item-no-image' title=\"Merci de votre participation\"   itemscope=\"itemscope\" itemtype=\"https:\/\/schema.org\/CreativeWork\" ><div class='av-inner-masonry-sizer'><\/div><figure class='av-inner-masonry main_color'><figcaption class='av-inner-masonry-content site-background'><div class='av-inner-masonry-content-pos'><div class='av-inner-masonry-content-pos-content'><div class='avia-arrow'><\/div><h3 class='av-masonry-entry-title entry-title '  itemprop=\"headline\" >Merci de votre participation<\/h3><span class='av-masonry-date meta-color updated'>31. mai 2022<\/span><span class=\"av-masonry-text-sep text-sep-author\">\/<\/span><span class='av-masonry-author meta-color author'><span class='fn'>par Zita K\u00fcng<\/span><\/span><\/div><\/div><\/figcaption><\/figure><\/a><!--end av-masonry entry--><a href=\"https:\/\/ch2021.ch\/fr\/individualbesteuerung-foerdert-gleichstellung\/\"  id='av-masonry-1-item-17772' data-av-masonry-item='17772' class='av-masonry-entry isotope-item post-17772 post type-post status-publish format-standard has-post-thumbnail hentry category-blog-2  av-masonry-item-with-image' title=\"Bild_Individualbesteuerung_Collage\"   itemscope=\"itemscope\" itemtype=\"https:\/\/schema.org\/CreativeWork\" ><div class='av-inner-masonry-sizer'><\/div><figure class='av-inner-masonry main_color'><div class=\"av-masonry-outerimage-container\"><div class='av-masonry-image-container' style=\"background-image: url(https:\/\/ch2021.ch\/wp-content\/uploads\/2022\/02\/Bild_Individualbesteuerung_Collage-705x397.jpg);\"  title=\"Bild_Individualbesteuerung_Collage\" ><\/div><\/div><figcaption class='av-inner-masonry-content site-background'><div class='av-inner-masonry-content-pos'><div class='av-inner-masonry-content-pos-content'><div class='avia-arrow'><\/div><h3 class='av-masonry-entry-title entry-title '  itemprop=\"headline\" >La fiscalit\u00e9 individuelle favorise l\u2019\u00e9galit\u00e9 de traitement<\/h3><span class='av-masonry-date meta-color updated'>25. f\u00e9vrier 2022<\/span><span class=\"av-masonry-text-sep text-sep-author\">\/<\/span><span class='av-masonry-author meta-color author'><span class='fn'>par Anna Giacometti<\/span><\/span><\/div><\/div><\/figcaption><\/figure><\/a><!--end av-masonry entry--><a href=\"https:\/\/ch2021.ch\/fr\/gemeinsam-fuer-eine-gewaltfreie-und-gleichgestellte-gesellschaft\/\"  id='av-masonry-1-item-17027' data-av-masonry-item='17027' class='av-masonry-entry isotope-item post-17027 post type-post status-publish format-standard hentry category-blog-2  av-masonry-item-no-image' title=\"Ensemble pour une soci\u00e9t\u00e9 non-violente et \u00e9galitaire\"   itemscope=\"itemscope\" itemtype=\"https:\/\/schema.org\/CreativeWork\" ><div class='av-inner-masonry-sizer'><\/div><figure class='av-inner-masonry main_color'><figcaption class='av-inner-masonry-content site-background'><div class='av-inner-masonry-content-pos'><div class='av-inner-masonry-content-pos-content'><div class='avia-arrow'><\/div><h3 class='av-masonry-entry-title entry-title '  itemprop=\"headline\" >Ensemble pour une soci\u00e9t\u00e9 non-violente et \u00e9galitaire<\/h3><span class='av-masonry-date meta-color updated'>23. novembre 2021<\/span><span class=\"av-masonry-text-sep text-sep-author\">\/<\/span><span class='av-masonry-author meta-color author'><span class='fn'>par Anna-B\u00e9atrice Schmaltz<\/span><\/span><\/div><\/div><\/figcaption><\/figure><\/a><!--end av-masonry entry--><a href=\"https:\/\/ch2021.ch\/fr\/eine-erste-annaeherung-an-das-thema-gleichstellung\/\"  id='av-masonry-1-item-15331' data-av-masonry-item='15331' class='av-masonry-entry isotope-item post-15331 post type-post status-publish format-standard hentry category-blog-2  av-masonry-item-no-image' title=\"Une premi\u00e8re approche concernant le th\u00e8me de l\u2019\u00e9galit\u00e9\"   itemscope=\"itemscope\" itemtype=\"https:\/\/schema.org\/CreativeWork\" ><div class='av-inner-masonry-sizer'><\/div><figure class='av-inner-masonry main_color'><figcaption class='av-inner-masonry-content site-background'><div class='av-inner-masonry-content-pos'><div class='av-inner-masonry-content-pos-content'><div class='avia-arrow'><\/div><h3 class='av-masonry-entry-title entry-title '  itemprop=\"headline\" >Une premi\u00e8re approche concernant le th\u00e8me de l\u2019\u00e9galit\u00e9<\/h3><span class='av-masonry-date meta-color updated'>20. ao\u00fbt 2021<\/span><span class=\"av-masonry-text-sep text-sep-author\">\/<\/span><span class='av-masonry-author meta-color author'><span class='fn'>par Edoardo Aostalli<\/span><\/span><\/div><\/div><\/figcaption><\/figure><\/a><!--end av-masonry entry--><a href=\"https:\/\/ch2021.ch\/fr\/wie-beurteilen-wir-ein-halbes-jahrhundert\/\"  id='av-masonry-1-item-14758' data-av-masonry-item='14758' class='av-masonry-entry isotope-item post-14758 post type-post status-publish format-standard hentry category-blog-2  av-masonry-item-no-image' title=\"Comment juger un demi-si\u00e8cle?\"   itemscope=\"itemscope\" itemtype=\"https:\/\/schema.org\/CreativeWork\" ><div class='av-inner-masonry-sizer'><\/div><figure class='av-inner-masonry main_color'><figcaption class='av-inner-masonry-content site-background'><div class='av-inner-masonry-content-pos'><div class='av-inner-masonry-content-pos-content'><div class='avia-arrow'><\/div><h3 class='av-masonry-entry-title entry-title '  itemprop=\"headline\" >Comment juger un demi-si\u00e8cle?<\/h3><span class='av-masonry-date meta-color updated'>8. juillet 2021<\/span><span class=\"av-masonry-text-sep text-sep-author\">\/<\/span><span class='av-masonry-author meta-color author'><span class='fn'>par L\u00e9onie Hagen<\/span><\/span><\/div><\/div><\/figcaption><\/figure><\/a><!--end av-masonry entry--><a href=\"https:\/\/ch2021.ch\/fr\/nccrwomen-kampagne\/\"  id='av-masonry-1-item-14543' data-av-masonry-item='14543' class='av-masonry-entry isotope-item post-14543 post type-post status-publish format-standard hentry category-blog-2  av-masonry-item-no-image' title=\"Campagne #NCCRWomen\"   itemscope=\"itemscope\" itemtype=\"https:\/\/schema.org\/CreativeWork\" ><div class='av-inner-masonry-sizer'><\/div><figure class='av-inner-masonry main_color'><figcaption class='av-inner-masonry-content site-background'><div class='av-inner-masonry-content-pos'><div class='av-inner-masonry-content-pos-content'><div class='avia-arrow'><\/div><h3 class='av-masonry-entry-title entry-title '  itemprop=\"headline\" >Campagne #NCCRWomen<\/h3><span class='av-masonry-date meta-color updated'>27. juin 2021<\/span><span class=\"av-masonry-text-sep text-sep-author\">\/<\/span><span class='av-masonry-author meta-color author'><span class='fn'>par NCCR Women<\/span><\/span><\/div><\/div><\/figcaption><\/figure><\/a><!--end av-masonry entry--><a href=\"https:\/\/ch2021.ch\/fr\/greve-des-femmes-14-juin-2021\/\"  id='av-masonry-1-item-14134' data-av-masonry-item='14134' class='av-masonry-entry isotope-item post-14134 post type-post status-publish format-standard has-post-thumbnail hentry category-blog-2  av-masonry-item-with-image' title=\"f9519894-3808-4880-9641-e6012543ff8e.png\"   itemscope=\"itemscope\" itemtype=\"https:\/\/schema.org\/CreativeWork\" ><div class='av-inner-masonry-sizer'><\/div><figure class='av-inner-masonry main_color'><div class=\"av-masonry-outerimage-container\"><div class='av-masonry-image-container' style=\"background-image: url(https:\/\/ch2021.ch\/wp-content\/uploads\/2021\/06\/f9519894-3808-4880-9641-e6012543ff8e.png-705x397.jpeg);\"  title=\"f9519894-3808-4880-9641-e6012543ff8e.png\" ><\/div><\/div><figcaption class='av-inner-masonry-content site-background'><div class='av-inner-masonry-content-pos'><div class='av-inner-masonry-content-pos-content'><div class='avia-arrow'><\/div><h3 class='av-masonry-entry-title entry-title '  itemprop=\"headline\" >Gr\u00e8ve des femmes 14 juin 2021<\/h3><span class='av-masonry-date meta-color updated'>11. juin 2021<\/span><span class=\"av-masonry-text-sep text-sep-author\">\/<\/span><span class='av-masonry-author meta-color author'><span class='fn'>par Zita K\u00fcng<\/span><\/span><\/div><\/div><\/figcaption><\/figure><\/a><!--end av-masonry entry--><a href=\"https:\/\/ch2021.ch\/fr\/50-jahre-frauenstimmrecht-in-der-schweiz\/\"  id='av-masonry-1-item-12770' data-av-masonry-item='12770' class='av-masonry-entry isotope-item post-12770 post type-post status-publish format-standard hentry category-blog-2  av-masonry-item-no-image' title=\"Cinquanti\u00e8me anniversaire du droit de vote des femmes en Suisse\"   itemscope=\"itemscope\" itemtype=\"https:\/\/schema.org\/CreativeWork\" ><div class='av-inner-masonry-sizer'><\/div><figure class='av-inner-masonry main_color'><figcaption class='av-inner-masonry-content site-background'><div class='av-inner-masonry-content-pos'><div class='av-inner-masonry-content-pos-content'><div class='avia-arrow'><\/div><h3 class='av-masonry-entry-title entry-title '  itemprop=\"headline\" >Cinquanti\u00e8me anniversaire du droit de vote des femmes en Suisse<\/h3><span class='av-masonry-date meta-color updated'>2. avril 2021<\/span><span class=\"av-masonry-text-sep text-sep-author\">\/<\/span><span class='av-masonry-author meta-color author'><span class='fn'>par Mary Mayenfisch-Tobin<\/span><\/span><\/div><\/div><\/figcaption><\/figure><\/a><!--end av-masonry entry--><a href=\"https:\/\/ch2021.ch\/fr\/swiss-democracy-and-the-public-humiliation-of-women\/\"  id='av-masonry-1-item-12645' data-av-masonry-item='12645' class='av-masonry-entry isotope-item post-12645 post type-post status-publish format-standard hentry category-blog-2  av-masonry-item-no-image' title=\"Swiss democracy and the public humiliation of women\"   itemscope=\"itemscope\" itemtype=\"https:\/\/schema.org\/CreativeWork\" ><div class='av-inner-masonry-sizer'><\/div><figure class='av-inner-masonry main_color'><figcaption class='av-inner-masonry-content site-background'><div class='av-inner-masonry-content-pos'><div class='av-inner-masonry-content-pos-content'><div class='avia-arrow'><\/div><h3 class='av-masonry-entry-title entry-title '  itemprop=\"headline\" >Swiss democracy and the public humiliation of women<\/h3><span class='av-masonry-date meta-color updated'>19. mars 2021<\/span><span class=\"av-masonry-text-sep text-sep-author\">\/<\/span><span class='av-masonry-author meta-color author'><span class='fn'>par Patricia Purtschert<\/span><\/span><\/div><\/div><\/figcaption><\/figure><\/a><!--end av-masonry entry--><a href=\"https:\/\/ch2021.ch\/fr\/manifest-ch-2021-a-toute-vapeur\/\"  id='av-masonry-1-item-11806' data-av-masonry-item='11806' class='av-masonry-entry isotope-item post-11806 post type-post status-publish format-standard hentry category-actualite  av-masonry-item-no-image' title=\"Manifeste CH2021: \u00abA toute vapeur!\u00bb\"   itemscope=\"itemscope\" itemtype=\"https:\/\/schema.org\/CreativeWork\" ><div class='av-inner-masonry-sizer'><\/div><figure class='av-inner-masonry main_color'><figcaption class='av-inner-masonry-content site-background'><div class='av-inner-masonry-content-pos'><div class='av-inner-masonry-content-pos-content'><div class='avia-arrow'><\/div><h3 class='av-masonry-entry-title entry-title '  itemprop=\"headline\" >Manifeste CH2021: \u00abA toute vapeur!\u00bb<\/h3><span class='av-masonry-date meta-color updated'>7. f\u00e9vrier 2021<\/span><span class=\"av-masonry-text-sep text-sep-author\">\/<\/span><span class='av-masonry-author meta-color author'><span class='fn'>par CH2021 Vorstand<\/span><\/span><\/div><\/div><\/figcaption><\/figure><\/a><!--end av-masonry entry--><a href=\"https:\/\/ch2021.ch\/fr\/luciana-thordai-schweizer-1929\/\"  id='av-masonry-1-item-11405' data-av-masonry-item='11405' class='av-masonry-entry isotope-item post-11405 post type-post status-publish format-standard has-post-thumbnail hentry category-portrait-2  av-masonry-item-with-image' title=\"Luciana-Thordai-Schweizer\"   itemscope=\"itemscope\" itemtype=\"https:\/\/schema.org\/CreativeWork\" ><div class='av-inner-masonry-sizer'><\/div><figure class='av-inner-masonry main_color'><div class=\"av-masonry-outerimage-container\"><div class='av-masonry-image-container' style=\"background-image: url(https:\/\/ch2021.ch\/wp-content\/uploads\/2021\/02\/Luciana-Thordai-Schweizer-705x254.jpg);\"  title=\"Luciana-Thordai-Schweizer\" ><\/div><\/div><figcaption class='av-inner-masonry-content site-background'><div class='av-inner-masonry-content-pos'><div class='av-inner-masonry-content-pos-content'><div class='avia-arrow'><\/div><h3 class='av-masonry-entry-title entry-title '  itemprop=\"headline\" >Luciana Thordai-Schweizer (*1929)<\/h3><span class='av-masonry-date meta-color updated'>4. f\u00e9vrier 2021<\/span><span class=\"av-masonry-text-sep text-sep-author\">\/<\/span><span class='av-masonry-author meta-color author'><span class='fn'>par Eidgen\u00f6ssische Kommission f\u00fcr Frauenfragen<\/span><\/span><\/div><\/div><\/figcaption><\/figure><\/a><!--end av-masonry entry--><a href=\"https:\/\/ch2021.ch\/fr\/emilie-lieberherrr-1924-2011\/\"  id='av-masonry-1-item-10259' data-av-masonry-item='10259' class='av-masonry-entry isotope-item post-10259 post type-post status-publish format-standard has-post-thumbnail hentry category-portrait-2  av-masonry-item-with-image' title=\"TB_Emilie_Lieberherr\"   itemscope=\"itemscope\" itemtype=\"https:\/\/schema.org\/CreativeWork\" ><div class='av-inner-masonry-sizer'><\/div><figure class='av-inner-masonry main_color'><div class=\"av-masonry-outerimage-container\"><div class='av-masonry-image-container' style=\"background-image: url(https:\/\/ch2021.ch\/wp-content\/uploads\/2021\/01\/TB_Emilie_Lieberherr-705x254.jpg);\"  title=\"TB_Emilie_Lieberherr\" ><\/div><\/div><figcaption class='av-inner-masonry-content site-background'><div class='av-inner-masonry-content-pos'><div class='av-inner-masonry-content-pos-content'><div class='avia-arrow'><\/div><h3 class='av-masonry-entry-title entry-title '  itemprop=\"headline\" >Emilie Lieberherr (1924-2011)<\/h3><span class='av-masonry-date meta-color updated'>15. janvier 2021<\/span><span class=\"av-masonry-text-sep text-sep-author\">\/<\/span><span class='av-masonry-author meta-color author'><span class='fn'>par Eidgen\u00f6ssische Kommission f\u00fcr Frauenfragen<\/span><\/span><\/div><\/div><\/figcaption><\/figure><\/a><!--end av-masonry entry--><\/div><\/div>\n<\/div><\/div><\/div><!-- close content main div --><\/div><\/div><div id='after_section_2'  class='main_color av_default_container_wrap container_wrap sidebar_right'  ><div class='container av-section-cont-open' ><div class='template-page content  av-content-small alpha units'><div class='post-entry post-entry-type-page post-entry-2497'><div class='entry-content-wrapper clearfix'>\n","protected":false},"excerpt":{"rendered":"","protected":false},"author":6,"featured_media":0,"parent":0,"menu_order":0,"comment_status":"closed","ping_status":"closed","template":"","meta":{"_monsterinsights_skip_tracking":false,"_monsterinsights_sitenote_active":false,"_monsterinsights_sitenote_note":"","_monsterinsights_sitenote_category":0,"footnotes":""},"class_list":["post-2497","page","type-page","status-publish","hentry"],"_links":{"self":[{"href":"https:\/\/ch2021.ch\/fr\/wp-json\/wp\/v2\/pages\/2497","targetHints":{"allow":["GET"]}}],"collection":[{"href":"https:\/\/ch2021.ch\/fr\/wp-json\/wp\/v2\/pages"}],"about":[{"href":"https:\/\/ch2021.ch\/fr\/wp-json\/wp\/v2\/types\/page"}],"author":[{"embeddable":true,"href":"https:\/\/ch2021.ch\/fr\/wp-json\/wp\/v2\/users\/6"}],"replies":[{"embeddable":true,"href":"https:\/\/ch2021.ch\/fr\/wp-json\/wp\/v2\/comments?post=2497"}],"version-history":[{"count":5,"href":"https:\/\/ch2021.ch\/fr\/wp-json\/wp\/v2\/pages\/2497\/revisions"}],"predecessor-version":[{"id":5815,"href":"https:\/\/ch2021.ch\/fr\/wp-json\/wp\/v2\/pages\/2497\/revisions\/5815"}],"wp:attachment":[{"href":"https:\/\/ch2021.ch\/fr\/wp-json\/wp\/v2\/media?parent=2497"}],"curies":[{"name":"wp","href":"https:\/\/api.w.org\/{rel}","templated":true}]}}