{"id":2645,"date":"2019-05-23T20:53:18","date_gmt":"2019-05-23T18:53:18","guid":{"rendered":"https:\/\/ch2021.ch\/?page_id=2645"},"modified":"2019-08-27T14:07:34","modified_gmt":"2019-08-27T12:07:34","slug":"conseils-daction","status":"publish","type":"page","link":"https:\/\/ch2021.ch\/fr\/participez\/conseils-daction\/","title":{"rendered":"Conseils d&rsquo;action"},"content":{"rendered":"\n<style type=\"text\/css\" data-created_by=\"avia_inline_auto\" id=\"style-css-av-jkjmqted-96d309932e062c5df088f1a8463b3a0b\">\n.avia-section.av-jkjmqted-96d309932e062c5df088f1a8463b3a0b{\nbackground-color:#7ecdca;\nbackground:linear-gradient( to bottom right, #7ecdca, #ff7707 );\n}\n.avia-section.av-jkjmqted-96d309932e062c5df088f1a8463b3a0b .av-extra-border-element .av-extra-border-inner{\nbackground-color:#ffffff;\n}\n<\/style>\n<div id='av_section_1'  class='avia-section av-jkjmqted-96d309932e062c5df088f1a8463b3a0b header_color avia-section-no-padding avia-no-shadow  avia-builder-el-0  el_before_av_section  avia-builder-el-first  avia-bg-style-scroll av-minimum-height av-minimum-height-custom av-height-custom  container_wrap sidebar_right'   data-av_minimum_height_px='350'><div class='container av-section-cont-open' style='height:350px'><main  role=\"main\" itemprop=\"mainContentOfPage\"  class='template-page content  av-content-small alpha units'><div class='post-entry post-entry-type-page post-entry-2645'><div class='entry-content-wrapper clearfix'>\n\n<style type=\"text\/css\" data-created_by=\"avia_inline_auto\" id=\"style-css-av-1xn9f-60a3102d85cb0bac4be34634a8c4da3f\">\n.flex_column.av-1xn9f-60a3102d85cb0bac4be34634a8c4da3f{\nborder-radius:0px 0px 0px 0px;\npadding:0px 0px 0px 0px;\n}\n<\/style>\n<div  class='flex_column av-1xn9f-60a3102d85cb0bac4be34634a8c4da3f av_one_full  avia-builder-el-1  avia-builder-el-no-sibling  first flex_column_div av-animated-generic pop-up av-zero-column-padding  '     ><style type=\"text\/css\" data-created_by=\"avia_inline_auto\" id=\"style-css-av-jz3zhj9j-9366e8c5048a44b3bc90ee523c37e50f\">\n#top .av-special-heading.av-jz3zhj9j-9366e8c5048a44b3bc90ee523c37e50f{\npadding-bottom:10px;\ncolor:#ffffff;\nfont-size:5vw;\n}\nbody .av-special-heading.av-jz3zhj9j-9366e8c5048a44b3bc90ee523c37e50f .av-special-heading-tag .heading-char{\nfont-size:25px;\n}\n#top #wrap_all .av-special-heading.av-jz3zhj9j-9366e8c5048a44b3bc90ee523c37e50f .av-special-heading-tag{\nfont-size:5vw;\n}\n.av-special-heading.av-jz3zhj9j-9366e8c5048a44b3bc90ee523c37e50f .special-heading-inner-border{\nborder-color:#ffffff;\n}\n.av-special-heading.av-jz3zhj9j-9366e8c5048a44b3bc90ee523c37e50f .av-subheading{\nfont-size:15px;\n}\n\n@media only screen and (min-width: 480px) and (max-width: 767px){ \n#top #wrap_all .av-special-heading.av-jz3zhj9j-9366e8c5048a44b3bc90ee523c37e50f .av-special-heading-tag{\nfont-size:0.8em;\n}\n}\n\n@media only screen and (max-width: 479px){ \n#top #wrap_all .av-special-heading.av-jz3zhj9j-9366e8c5048a44b3bc90ee523c37e50f .av-special-heading-tag{\nfont-size:0.8em;\n}\n}\n<\/style>\n<div  class='av-special-heading av-jz3zhj9j-9366e8c5048a44b3bc90ee523c37e50f av-special-heading-h1 custom-color-heading blockquote modern-quote  avia-builder-el-2  avia-builder-el-no-sibling  av-inherit-size'><h1 class='av-special-heading-tag '  itemprop=\"headline\"  >Conseils d\u2019action<\/h1><div class=\"special-heading-border\"><div class=\"special-heading-inner-border\"><\/div><\/div><\/div><\/div>\n\n<\/div><\/div><\/main><!-- close content main element --><\/div><div class='av-extra-border-element border-extra-diagonal border-extra-diagonal-inverse '><div class='av-extra-border-outer'><div class='av-extra-border-inner'><\/div><\/div><\/div><\/div><div id='av_section_2'  class='avia-section av-9rzz3-462d5442c0253bd0d242054447c20b9c main_color avia-section-default avia-no-border-styling  avia-builder-el-3  el_after_av_section  avia-builder-el-last  avia-bg-style-scroll container_wrap sidebar_right'  ><div class='container av-section-cont-open' ><div class='template-page content  av-content-small alpha units'><div class='post-entry post-entry-type-page post-entry-2645'><div class='entry-content-wrapper clearfix'>\n<section  class='av_textblock_section av-jy5ryl79-96f0aea3e6d1e44a9341fcbbfe6fae56 '   itemscope=\"itemscope\" itemtype=\"https:\/\/schema.org\/CreativeWork\" ><div class='avia_textblock'  itemprop=\"text\" ><p>Vous trouvez ici cinq astuces que vous et vos compagnes\/ons de route pouvez mettre en pratique sur place pour faire de cet anniversaire une v\u00e9ritable exp\u00e9rience!<\/p>\n<\/div><\/section>\n\n<style type=\"text\/css\" data-created_by=\"avia_inline_auto\" id=\"style-css-av-jy5sqyfu-50ce8ac2565e157c1d059cf7482db41f\">\n#top .av-masonry.av-jy5sqyfu-50ce8ac2565e157c1d059cf7482db41f{\nbackground-color:#ffffff;\n}\n<\/style>\n<div id='av-masonry-1' class='av-masonry av-jy5sqyfu-50ce8ac2565e157c1d059cf7482db41f noHover av-fixed-size av-large-gap av-hover-overlay-active av-masonry-animation-active av-masonry-col-3 av-caption-always av-caption-style- av-masonry-entries ' data-post_id=\"2645\"><div class=\"av-masonry-container isotope av-js-disabled\"><div class='av-masonry-entry isotope-item av-masonry-item-no-image '><\/div><a href=\"https:\/\/ch2021.ch\/fr\/promenade-en-ville-rendez-lanniversaire-visible\/\"  id='av-masonry-1-item-2726' data-av-masonry-item='2726' class='av-masonry-entry isotope-item post-2726 post type-post status-publish format-standard has-post-thumbnail hentry category-conseils-daction  av-masonry-item-with-image av-grid-img' title=\"Sozarch_F_Fc-0003-45\"   itemscope=\"itemscope\" itemtype=\"https:\/\/schema.org\/CreativeWork\" ><div class='av-inner-masonry-sizer'><\/div><figure class='av-inner-masonry main_color'><div class=\"av-masonry-outerimage-container\"><div class='av-masonry-image-container' style=\"background-image: url(https:\/\/ch2021.ch\/wp-content\/uploads\/2019\/07\/Sozarch_F_Fc-0003-45-705x561.jpg);\"  title=\"Sozarch_F_Fc-0003-45\" ><\/div><\/div><figcaption class='av-inner-masonry-content site-background'><div class='av-inner-masonry-content-pos'><div class='av-inner-masonry-content-pos-content'><div class='avia-arrow'><\/div><h3 class='av-masonry-entry-title entry-title '  itemprop=\"headline\" >Promenade en ville: augmentez la visibilit\u00e9 de l\u2019anniversaire!<\/h3><span class='av-masonry-date meta-color updated'>16. juillet 2019<\/span><span class=\"av-masonry-text-sep text-sep-author\">\/<\/span><span class='av-masonry-author meta-color author'><span class='fn'>par Verein CH2021<\/span><\/span><\/div><\/div><\/figcaption><\/figure><\/a><!--end av-masonry entry--><a href=\"https:\/\/ch2021.ch\/fr\/herstory-les-femmes-ecrivent-lhistoire\/\"  id='av-masonry-1-item-2712' data-av-masonry-item='2712' class='av-masonry-entry isotope-item post-2712 post type-post status-publish format-standard has-post-thumbnail hentry category-conseils-daction  av-masonry-item-with-image av-grid-img' title=\"Sozarch_F_Fb-0021-029\"   itemscope=\"itemscope\" itemtype=\"https:\/\/schema.org\/CreativeWork\" ><div class='av-inner-masonry-sizer'><\/div><figure class='av-inner-masonry main_color'><div class=\"av-masonry-outerimage-container\"><div class='av-masonry-image-container' style=\"background-image: url(https:\/\/ch2021.ch\/wp-content\/uploads\/2019\/07\/Sozarch_F_Fb-0021-029-705x436.jpg);\"  title=\"Sozarch_F_Fb-0021-029\" ><\/div><\/div><figcaption class='av-inner-masonry-content site-background'><div class='av-inner-masonry-content-pos'><div class='av-inner-masonry-content-pos-content'><div class='avia-arrow'><\/div><h3 class='av-masonry-entry-title entry-title '  itemprop=\"headline\" >HerStory: les femmes \u00e9crivent l\u2019histoire<\/h3><span class='av-masonry-date meta-color updated'>16. juillet 2019<\/span><span class=\"av-masonry-text-sep text-sep-author\">\/<\/span><span class='av-masonry-author meta-color author'><span class='fn'>par Verein CH2021<\/span><\/span><\/div><\/div><\/figcaption><\/figure><\/a><!--end av-masonry entry--><a href=\"https:\/\/ch2021.ch\/fr\/competition-creative\/\"  id='av-masonry-1-item-2705' data-av-masonry-item='2705' class='av-masonry-entry isotope-item post-2705 post type-post status-publish format-standard has-post-thumbnail hentry category-conseils-daction  av-masonry-item-with-image av-grid-img' title=\"0 R\"   itemscope=\"itemscope\" itemtype=\"https:\/\/schema.org\/CreativeWork\" ><div class='av-inner-masonry-sizer'><\/div><figure class='av-inner-masonry main_color'><div class=\"av-masonry-outerimage-container\"><div class='av-masonry-image-container' style=\"background-image: url(https:\/\/ch2021.ch\/wp-content\/uploads\/2019\/07\/Sozarch_F_Fd-0003-14-705x685.jpg);\"  title=\"0 R\" ><\/div><\/div><figcaption class='av-inner-masonry-content site-background'><div class='av-inner-masonry-content-pos'><div class='av-inner-masonry-content-pos-content'><div class='avia-arrow'><\/div><h3 class='av-masonry-entry-title entry-title '  itemprop=\"headline\" >Concours de cr\u00e9ativit\u00e9: une image en dit plus que mille mots<\/h3><span class='av-masonry-date meta-color updated'>16. juillet 2019<\/span><span class=\"av-masonry-text-sep text-sep-author\">\/<\/span><span class='av-masonry-author meta-color author'><span class='fn'>par Verein CH2021<\/span><\/span><\/div><\/div><\/figcaption><\/figure><\/a><!--end av-masonry entry--><a href=\"https:\/\/ch2021.ch\/fr\/club-litteraire-les-ecrits-des-pionniers\/\"  id='av-masonry-1-item-2716' data-av-masonry-item='2716' class='av-masonry-entry isotope-item post-2716 post type-post status-publish format-standard has-post-thumbnail hentry category-conseils-daction  av-masonry-item-with-image av-landscape-img' title=\"Sozarch_F_5045-Fb-056\"   itemscope=\"itemscope\" itemtype=\"https:\/\/schema.org\/CreativeWork\" ><div class='av-inner-masonry-sizer'><\/div><figure class='av-inner-masonry main_color'><div class=\"av-masonry-outerimage-container\"><div class='av-masonry-image-container' style=\"background-image: url(https:\/\/ch2021.ch\/wp-content\/uploads\/2019\/07\/Sozarch_F_5045-Fb-056-e1562166281629-705x311.jpg);\"  title=\"Sozarch_F_5045-Fb-056\" ><\/div><\/div><figcaption class='av-inner-masonry-content site-background'><div class='av-inner-masonry-content-pos'><div class='av-inner-masonry-content-pos-content'><div class='avia-arrow'><\/div><h3 class='av-masonry-entry-title entry-title '  itemprop=\"headline\" >Club litt\u00e9raire: les \u00e9crits des pr\u00e9curseurs<\/h3><span class='av-masonry-date meta-color updated'>16. juillet 2019<\/span><span class=\"av-masonry-text-sep text-sep-author\">\/<\/span><span class='av-masonry-author meta-color author'><span class='fn'>par Verein CH2021<\/span><\/span><\/div><\/div><\/figcaption><\/figure><\/a><!--end av-masonry entry--><a href=\"https:\/\/ch2021.ch\/fr\/brunch-politique-rendez-lanniversaire-savoureux\/\"  id='av-masonry-1-item-2722' data-av-masonry-item='2722' class='av-masonry-entry isotope-item post-2722 post type-post status-publish format-standard has-post-thumbnail hentry category-conseils-daction  av-masonry-item-with-image av-grid-img' title=\"Sozarch_F_Fd-0005-01\"   itemscope=\"itemscope\" itemtype=\"https:\/\/schema.org\/CreativeWork\" ><div class='av-inner-masonry-sizer'><\/div><figure class='av-inner-masonry main_color'><div class=\"av-masonry-outerimage-container\"><div class='av-masonry-image-container' style=\"background-image: url(https:\/\/ch2021.ch\/wp-content\/uploads\/2019\/07\/Sozarch_F_Fd-0005-01-705x417.jpg);\"  title=\"Sozarch_F_Fd-0005-01\" ><\/div><\/div><figcaption class='av-inner-masonry-content site-background'><div class='av-inner-masonry-content-pos'><div class='av-inner-masonry-content-pos-content'><div class='avia-arrow'><\/div><h3 class='av-masonry-entry-title entry-title '  itemprop=\"headline\" >Brunch politique: Apportez de la saveur \u00e0 l\u2019anniversaire!<\/h3><span class='av-masonry-date meta-color updated'>16. juillet 2019<\/span><span class=\"av-masonry-text-sep text-sep-author\">\/<\/span><span class='av-masonry-author meta-color author'><span class='fn'>par Verein CH2021<\/span><\/span><\/div><\/div><\/figcaption><\/figure><\/a><!--end av-masonry entry--><\/div><\/div>\n<section  class='av_textblock_section av-jy705z8n-6111113dfb3151aa6905921867ba9c51 '   itemscope=\"itemscope\" itemtype=\"https:\/\/schema.org\/CreativeWork\" ><div class='avia_textblock'  itemprop=\"text\" ><p>Un recueil de conseils d&rsquo;action de la campagne allemande \u00ab\u00a0100 Jahre Frauenwahlrecht\u00a0\u00bb a servi de mod\u00e8le:&nbsp;<\/p>\n<p><a href=\"https:\/\/www.100-jahre-frauenwahlrecht.de\/startseite.html\" target=\"_blank\" rel=\"noopener noreferrer\">www.100-jahre-frauenwahlrecht.de<\/a><\/p>\n<\/div><\/section>\n<\/div><\/div><\/div><!-- close content main div --><\/div><\/div><div id='after_section_2'  class='main_color av_default_container_wrap container_wrap sidebar_right'  ><div class='container av-section-cont-open' ><div class='template-page content  av-content-small alpha units'><div class='post-entry post-entry-type-page post-entry-2645'><div class='entry-content-wrapper clearfix'>\n","protected":false},"excerpt":{"rendered":"","protected":false},"author":6,"featured_media":0,"parent":152,"menu_order":0,"comment_status":"closed","ping_status":"closed","template":"","meta":{"_monsterinsights_skip_tracking":false,"_monsterinsights_sitenote_active":false,"_monsterinsights_sitenote_note":"","_monsterinsights_sitenote_category":0,"footnotes":""},"class_list":["post-2645","page","type-page","status-publish","hentry"],"_links":{"self":[{"href":"https:\/\/ch2021.ch\/fr\/wp-json\/wp\/v2\/pages\/2645","targetHints":{"allow":["GET"]}}],"collection":[{"href":"https:\/\/ch2021.ch\/fr\/wp-json\/wp\/v2\/pages"}],"about":[{"href":"https:\/\/ch2021.ch\/fr\/wp-json\/wp\/v2\/types\/page"}],"author":[{"embeddable":true,"href":"https:\/\/ch2021.ch\/fr\/wp-json\/wp\/v2\/users\/6"}],"replies":[{"embeddable":true,"href":"https:\/\/ch2021.ch\/fr\/wp-json\/wp\/v2\/comments?post=2645"}],"version-history":[{"count":5,"href":"https:\/\/ch2021.ch\/fr\/wp-json\/wp\/v2\/pages\/2645\/revisions"}],"predecessor-version":[{"id":2648,"href":"https:\/\/ch2021.ch\/fr\/wp-json\/wp\/v2\/pages\/2645\/revisions\/2648"}],"up":[{"embeddable":true,"href":"https:\/\/ch2021.ch\/fr\/wp-json\/wp\/v2\/pages\/152"}],"wp:attachment":[{"href":"https:\/\/ch2021.ch\/fr\/wp-json\/wp\/v2\/media?parent=2645"}],"curies":[{"name":"wp","href":"https:\/\/api.w.org\/{rel}","templated":true}]}}