{"id":2670,"date":"2019-07-15T14:06:38","date_gmt":"2019-07-15T12:06:38","guid":{"rendered":"https:\/\/ch2021.ch\/?page_id=2670"},"modified":"2022-11-23T08:15:45","modified_gmt":"2022-11-23T07:15:45","slug":"conseil-et-equipe","status":"publish","type":"page","link":"https:\/\/ch2021.ch\/fr\/conseil-et-equipe\/","title":{"rendered":"Comit\u00e9 et team"},"content":{"rendered":"\n<style type=\"text\/css\" data-created_by=\"avia_inline_auto\" id=\"style-css-av-jkjmqted-36c5bc68f932c28228832b535c37b23f\">\n.avia-section.av-jkjmqted-36c5bc68f932c28228832b535c37b23f{\nbackground-color:#7ecdca;\nbackground:linear-gradient( to bottom right, #7ecdca, #ff7707 );\n}\n.avia-section.av-jkjmqted-36c5bc68f932c28228832b535c37b23f .av-extra-border-element .av-extra-border-inner{\nbackground-color:#ffffff;\n}\n<\/style>\n<div id='av_section_1'  class='avia-section av-jkjmqted-36c5bc68f932c28228832b535c37b23f header_color avia-section-no-padding avia-no-shadow  avia-builder-el-0  el_before_av_section  avia-builder-el-first  avia-bg-style-scroll av-minimum-height av-minimum-height-custom av-height-custom  container_wrap sidebar_right'   data-av_minimum_height_px='350'><div class='container av-section-cont-open' style='height:350px'><main  role=\"main\" itemprop=\"mainContentOfPage\"  class='template-page content  av-content-small alpha units'><div class='post-entry post-entry-type-page post-entry-2670'><div class='entry-content-wrapper clearfix'>\n\n<style type=\"text\/css\" data-created_by=\"avia_inline_auto\" id=\"style-css-av-1xn9f-60a3102d85cb0bac4be34634a8c4da3f\">\n.flex_column.av-1xn9f-60a3102d85cb0bac4be34634a8c4da3f{\nborder-radius:0px 0px 0px 0px;\npadding:0px 0px 0px 0px;\n}\n<\/style>\n<div  class='flex_column av-1xn9f-60a3102d85cb0bac4be34634a8c4da3f av_one_full  avia-builder-el-1  avia-builder-el-no-sibling  first flex_column_div av-animated-generic pop-up av-zero-column-padding  '     ><style type=\"text\/css\" data-created_by=\"avia_inline_auto\" id=\"style-css-av-jzsix9ue-62c5efbb20690ebefca28818689d2184\">\n#top .av-special-heading.av-jzsix9ue-62c5efbb20690ebefca28818689d2184{\nmargin:0 0 0 0;\npadding-bottom:10px;\ncolor:#ffffff;\nfont-size:5vw;\n}\nbody .av-special-heading.av-jzsix9ue-62c5efbb20690ebefca28818689d2184 .av-special-heading-tag .heading-char{\nfont-size:25px;\n}\n#top #wrap_all .av-special-heading.av-jzsix9ue-62c5efbb20690ebefca28818689d2184 .av-special-heading-tag{\nfont-size:5vw;\n}\n.av-special-heading.av-jzsix9ue-62c5efbb20690ebefca28818689d2184 .special-heading-inner-border{\nborder-color:#ffffff;\n}\n.av-special-heading.av-jzsix9ue-62c5efbb20690ebefca28818689d2184 .av-subheading{\nfont-size:23px;\n}\n\n@media only screen and (min-width: 480px) and (max-width: 767px){ \n#top #wrap_all .av-special-heading.av-jzsix9ue-62c5efbb20690ebefca28818689d2184 .av-special-heading-tag{\nfont-size:0.8em;\n}\n}\n\n@media only screen and (max-width: 479px){ \n#top #wrap_all .av-special-heading.av-jzsix9ue-62c5efbb20690ebefca28818689d2184 .av-special-heading-tag{\nfont-size:0.8em;\n}\n}\n<\/style>\n<div  class='av-special-heading av-jzsix9ue-62c5efbb20690ebefca28818689d2184 av-special-heading-h1 custom-color-heading blockquote modern-quote  avia-builder-el-2  avia-builder-el-no-sibling  av-inherit-size'><h1 class='av-special-heading-tag '  itemprop=\"headline\"  >Comit\u00e9 et team<\/h1><div class=\"special-heading-border\"><div class=\"special-heading-inner-border\"><\/div><\/div><\/div><\/div>\n\n<\/div><\/div><\/main><!-- close content main element --><\/div><div class='av-extra-border-element border-extra-diagonal border-extra-diagonal-inverse '><div class='av-extra-border-outer'><div class='av-extra-border-inner'><\/div><\/div><\/div><\/div><div id='av_section_2'  class='avia-section av-jkjmqted-14-335c35246933170d3045a51b75f8fd8a main_color avia-section-default avia-no-border-styling  avia-builder-el-3  el_after_av_section  avia-builder-el-last  avia-bg-style-scroll container_wrap sidebar_right'  ><div class='container av-section-cont-open' ><div class='template-page content  av-content-small alpha units'><div class='post-entry post-entry-type-page post-entry-2670'><div class='entry-content-wrapper clearfix'>\n<section  class='av_textblock_section av-jxyr5f1o-826a8d15f37ecfc487f20b9d94f1c5a9 '   itemscope=\"itemscope\" itemtype=\"https:\/\/schema.org\/CreativeWork\" ><div class='avia_textblock'  itemprop=\"text\" ><h2><strong>Comit\u00e9<\/strong><\/h2>\n<p>Le comit\u00e9 CH2021 a travaill\u00e9 b\u00e9n\u00e9volement. Ont particip\u00e9 au comit\u00e9 directeur:<\/p>\n<\/div><\/section>\n\n<style type=\"text\/css\" data-created_by=\"avia_inline_auto\" id=\"style-css-av-6lkn17-acb04b16a4e7eeb860502a78c87bcb45\">\n.flex_column.av-6lkn17-acb04b16a4e7eeb860502a78c87bcb45{\nborder-radius:0px 0px 0px 0px;\npadding:0px 0px 0px 0px;\n}\n<\/style>\n<div  class='flex_column av-6lkn17-acb04b16a4e7eeb860502a78c87bcb45 av_one_third  avia-builder-el-5  el_after_av_textblock  el_before_av_one_third  first flex_column_div av-zero-column-padding  column-top-margin'     ><section  class='avia-team-member av-jy496p8d-81b356207fc48ae452826a3aa0cc4f31  avia-builder-el-6  avia-builder-el-no-sibling '  itemscope=\"itemscope\" itemtype=\"https:\/\/schema.org\/Person\" ><div class=\"team-img-container\"><img fetchpriority=\"high\" class='wp-image-3211 avia-img-lazy-loading-not-3211 avia_image avia_image_team' src='https:\/\/ch2021.ch\/wp-content\/uploads\/2019\/09\/Zita-K\u00fcng-300x200.jpg' alt='Zita K\u00fcng'  itemprop=\"image\"   height=\"200\" width=\"300\" \/><\/div><h3 class='team-member-name '  itemprop=\"name\" >Zita K\u00fcng<\/h3><div class='team-member-job-title '  itemprop=\"jobTitle\" >pr\u00e9sidente<\/div><div class='team-member-description '  itemprop=\"description\" ><p>Juriste et sp\u00e9cialiste du d\u00e9veloppement organisationnel, Zita K\u00fcng est \u00e9galement active en tant que conseill\u00e8re ind\u00e9pendante sp\u00e9cialis\u00e9e dans les questions de genre pour les gouvernements, administrations, organisations et entreprises. Elle endosse \u00e9galement le r\u00f4le de coach pour cadres et se consacre \u00e0 la promotion des femmes. Ancienne membre de la direction du Syndicat industrie et b\u00e2timent (aujourd\u2019hui Unia), elle a \u00e9t\u00e9 la premi\u00e8re directrice du bureau de l\u2019\u00e9galit\u00e9 de la ville de Zurich. Elle a \u00e9t\u00e9 membre du comit\u00e9 des Femmes Juristes Suisses. Aujourd\u2019hui, elle s\u2019engage en tant que membre du conseil de fondation du FRI.<\/p>\n<\/div><span class='hidden team-member-affiliation'  itemprop=\"affiliation\" >CH2021<\/span><\/section><\/div>\n<style type=\"text\/css\" data-created_by=\"avia_inline_auto\" id=\"style-css-av-4095ob-a693455823b7694a266ecfcf499b3555\">\n.flex_column.av-4095ob-a693455823b7694a266ecfcf499b3555{\nborder-radius:0px 0px 0px 0px;\npadding:0px 0px 0px 0px;\n}\n<\/style>\n<div  class='flex_column av-4095ob-a693455823b7694a266ecfcf499b3555 av_one_third  avia-builder-el-7  el_after_av_one_third  el_before_av_one_third  flex_column_div av-zero-column-padding  column-top-margin'     ><section  class='avia-team-member av-jy496p8d-11-7bd12234f6d5cfbc1815c6aa6b7e3d05  avia-builder-el-8  avia-builder-el-no-sibling '  itemscope=\"itemscope\" itemtype=\"https:\/\/schema.org\/Person\" ><div class=\"team-img-container\"><img fetchpriority=\"high\" class='wp-image-2749 avia-img-lazy-loading-not-2749 avia_image avia_image_team' src='https:\/\/ch2021.ch\/wp-content\/uploads\/2019\/08\/AndreaMaihofer2-2-300x197.jpg' alt='Andrea Maihofer'  itemprop=\"image\"   height=\"197\" width=\"300\" \/><\/div><h3 class='team-member-name '  itemprop=\"name\" >Andrea Maihofer<\/h3><div class='team-member-description '  itemprop=\"description\" ><p>Andrea Maihofer est professeure \u00e9m\u00e9rite en \u00e9tudes de genre. De 2001 \u00e0 2019, elle a dirig\u00e9 le Centre en \u00e9tudes genre de l\u2019Universit\u00e9 de B\u00e2le et le coll\u00e8ge de la Graduate School of Gender Studies, ainsi que le projet de coop\u00e9ration de Gender Studies Suisse de la Conf\u00e9rence universitaire suisse depuis 2004.<\/p>\n<\/div><span class='hidden team-member-affiliation'  itemprop=\"affiliation\" >CH2021<\/span><\/section><\/div>\n<style type=\"text\/css\" data-created_by=\"avia_inline_auto\" id=\"style-css-av-6lkn17-12-8aa73420b934aafaeecead222289f0ea\">\n.flex_column.av-6lkn17-12-8aa73420b934aafaeecead222289f0ea{\nborder-radius:0px 0px 0px 0px;\npadding:0px 0px 0px 0px;\n}\n<\/style>\n<div  class='flex_column av-6lkn17-12-8aa73420b934aafaeecead222289f0ea av_one_third  avia-builder-el-9  el_after_av_one_third  el_before_av_one_third  flex_column_div av-zero-column-padding  column-top-margin'     ><section  class='avia-team-member av-jy496p8d-10-1c9837bc1d3c26eb9412735afc22c045  avia-builder-el-10  avia-builder-el-no-sibling '  itemscope=\"itemscope\" itemtype=\"https:\/\/schema.org\/Person\" ><div class=\"team-img-container\"><img fetchpriority=\"high\" class='wp-image-2028 avia-img-lazy-loading-not-2028 avia_image avia_image_team' src='https:\/\/ch2021.ch\/wp-content\/uploads\/2019\/07\/Elke_Zappe_2-300x200.jpg' alt='Elke Zappe'  itemprop=\"image\"   height=\"200\" width=\"300\" \/><\/div><h3 class='team-member-name '  itemprop=\"name\" >Elke Zappe<\/h3><div class='team-member-description '  itemprop=\"description\" ><p>A l\u2019issue de ses \u00e9tudes en Allemagne et en Suisse, Elke Zappe a travaill\u00e9 en tant que consultante en marketing, puis a rejoint le conseil de direction de m\u00e9dias \u00e9conomiques, de directories et de FinTech. Elle est active depuis six ans en tant que femme d\u2019affaires dans le secteur du d\u00e9veloppement d\u2019entreprises et endosse depuis trois ans la fonction de directrice de cr\u00e9ation et de programme pour le nouveau programme BioEntrepreneur &amp; Innovation de l\u2019universit\u00e9 de Zurich. <\/p>\n<\/div><span class='hidden team-member-affiliation'  itemprop=\"affiliation\" >CH2021<\/span><\/section><\/div>\n<style type=\"text\/css\" data-created_by=\"avia_inline_auto\" id=\"style-css-av-2zjkij-8dac492e9ab3d461cf33f54285b29e36\">\n.flex_column.av-2zjkij-8dac492e9ab3d461cf33f54285b29e36{\nborder-radius:0px 0px 0px 0px;\npadding:0px 0px 0px 0px;\n}\n<\/style>\n<div  class='flex_column av-2zjkij-8dac492e9ab3d461cf33f54285b29e36 av_one_third  avia-builder-el-11  el_after_av_one_third  el_before_av_one_third  first flex_column_div av-zero-column-padding  column-top-margin'     ><section  class='avia-team-member av-jy496p8d-8-306a3b082de3ac62b9fcb3c87550ba7c  avia-builder-el-12  avia-builder-el-no-sibling '  itemscope=\"itemscope\" itemtype=\"https:\/\/schema.org\/Person\" ><div class=\"team-img-container\"><img fetchpriority=\"high\" class='wp-image-2071 avia-img-lazy-loading-not-2071 avia_image avia_image_team' src='https:\/\/ch2021.ch\/wp-content\/uploads\/2019\/07\/Brigitte-Hauser_neu-2-300x220.jpg' alt='Brigitte Hauser-S\u00fcess'  itemprop=\"image\"   height=\"220\" width=\"300\" \/><\/div><h3 class='team-member-name '  itemprop=\"name\" >Brigitte Hauser-S\u00fcess<\/h3><div class='team-member-description '  itemprop=\"description\" ><p>Brigitte Hauser-S\u00fcess est la conseill\u00e8re personnelle de Viola Amherd, cheffe de d\u00e9partement du DDPS. Elle est mari\u00e9e et a un fils, une belle-fille et deux petits-enfants. De 1991 \u00e0 2001, elle a \u00e9t\u00e9 pr\u00e9sidente du PDC-Femmes Suisse et d\u00e9put\u00e9e (PDC) du Haut-Valais. Aujourd\u2019hui, elle si\u00e8ge notamment au comit\u00e9 du club BPW de Berne.<\/p>\n<\/div><span class='hidden team-member-affiliation'  itemprop=\"affiliation\" >CH2021<\/span><\/section><\/div>\n<style type=\"text\/css\" data-created_by=\"avia_inline_auto\" id=\"style-css-av-6lkn17-9-2282b138b4ef0ec1fa6b1195a37ebf31\">\n.flex_column.av-6lkn17-9-2282b138b4ef0ec1fa6b1195a37ebf31{\nborder-radius:0px 0px 0px 0px;\npadding:0px 0px 0px 0px;\n}\n<\/style>\n<div  class='flex_column av-6lkn17-9-2282b138b4ef0ec1fa6b1195a37ebf31 av_one_third  avia-builder-el-13  el_after_av_one_third  el_before_av_one_third  flex_column_div av-zero-column-padding  column-top-margin'     ><section  class='avia-team-member av-jy496p8d-7-951adbaa284e220ee5f516b998e40ea7  avia-builder-el-14  avia-builder-el-no-sibling '  itemscope=\"itemscope\" itemtype=\"https:\/\/schema.org\/Person\" ><div class=\"team-img-container\"><img fetchpriority=\"high\" class='wp-image-2077 avia-img-lazy-loading-not-2077 avia_image avia_image_team' src='https:\/\/ch2021.ch\/wp-content\/uploads\/2019\/07\/Marialuisa_Parodi_neu-300x220.jpg' alt='Marialuisa Parodi'  itemprop=\"image\"   height=\"220\" width=\"300\" \/><\/div><h3 class='team-member-name '  itemprop=\"name\" >Marialuisa Parodi<\/h3><div class='team-member-description '  itemprop=\"description\" ><p>Marialuisa Parodi est \u00e9conomiste sp\u00e9cialis\u00e9e dans la finance. Elle a v\u00e9cu et travaill\u00e9 \u00e0 Londres, Milan et Lugano. Elle endosse actuellement les fonctions de Chief Investment Strategist chez Soave Asset Management Ltd et de codirectrice d\u2019Equi-Lab, qui fait partie d\u2019une plate-forme cantonale et a \u00e9t\u00e9 mise sur pied en faveur du d\u00e9veloppement et de la conciliation entre travail et famille. Elle pr\u00e9side la F\u00e9d\u00e9ration des associations f\u00e9minines au Tessin FAFTPlus, qui fait partie d\u2019Alliance F (Alliance de soci\u00e9t\u00e9s f\u00e9minines suisses).<\/p>\n<\/div><span class='hidden team-member-affiliation'  itemprop=\"affiliation\" >CH2021<\/span><\/section><\/div>\n<style type=\"text\/css\" data-created_by=\"avia_inline_auto\" id=\"style-css-av-6lkn17-6-bf0f2b29a9b2aec219cdf480b2144e6a\">\n.flex_column.av-6lkn17-6-bf0f2b29a9b2aec219cdf480b2144e6a{\nborder-radius:0px 0px 0px 0px;\npadding:0px 0px 0px 0px;\n}\n<\/style>\n<div  class='flex_column av-6lkn17-6-bf0f2b29a9b2aec219cdf480b2144e6a av_one_third  avia-builder-el-15  el_after_av_one_third  el_before_av_one_third  flex_column_div av-zero-column-padding  column-top-margin'     ><section  class='avia-team-member av-jy496p8d-5-fa2372849be92c0dda056164ea385699  avia-builder-el-16  avia-builder-el-no-sibling '  itemscope=\"itemscope\" itemtype=\"https:\/\/schema.org\/Person\" ><div class=\"team-img-container\"><img fetchpriority=\"high\" class='wp-image-6162 avia-img-lazy-loading-not-6162 avia_image avia_image_team' src='https:\/\/ch2021.ch\/wp-content\/uploads\/2020\/06\/verschmitzt.jpg' alt='C\u00e9cile Speitel'  itemprop=\"image\"   height=\"1600\" width=\"2400\" \/><\/div><h3 class='team-member-name '  itemprop=\"name\" >C\u00e9cile Speitel<\/h3><div class='team-member-description '  itemprop=\"description\" ><p>Licenci\u00e9e en philosophie, C\u00e9cile Speitel a travaill\u00e9 de 1975 \u00e0 1998 \u00e0 la Radio SRF en tant que journaliste et mod\u00e9ratrice sp\u00e9cialis\u00e9e dans les domaines de la culture et de la soci\u00e9t\u00e9. Premi\u00e8re d\u00e9l\u00e9gu\u00e9e \u00e0 l\u2019\u00e9galit\u00e9 des chances de l\u2019universit\u00e9 de B\u00e2le, elle a ensuite endoss\u00e9 le r\u00f4le de codirectrice du projet \u00abHalt-Gewalt\u00bb du service d\u2019intervention contre la violence domestique du canton de B\u00e2le-Ville. Elle est m\u00e8re de deux filles. Elle n\u2019est plus active professionnellement, mais s\u2019implique dans diverses associations et organisations, ainsi que dans le r\u00e9seautage. Elle vit \u00e0 Muttenz.<\/p>\n<\/div><span class='hidden team-member-affiliation'  itemprop=\"affiliation\" >CH2021<\/span><\/section><\/div>\n<style type=\"text\/css\" data-created_by=\"avia_inline_auto\" id=\"style-css-av-e067i-e3413b667a188f24ee037f62ab8b93eb\">\n.flex_column.av-e067i-e3413b667a188f24ee037f62ab8b93eb{\nborder-radius:0px 0px 0px 0px;\npadding:0px 0px 0px 0px;\n}\n<\/style>\n<div  class='flex_column av-e067i-e3413b667a188f24ee037f62ab8b93eb av_one_third  avia-builder-el-17  el_after_av_one_third  el_before_av_one_third  first flex_column_div av-zero-column-padding  column-top-margin'     ><section  class='avia-team-member av-k3u8bgzo-0e1c1a10a81f4b34f6fcdcdf2ba6be47  avia-builder-el-18  avia-builder-el-no-sibling '  itemscope=\"itemscope\" itemtype=\"https:\/\/schema.org\/Person\" ><div class=\"team-img-container\"><img fetchpriority=\"high\" class='wp-image-3176 avia-img-lazy-loading-not-3176 avia_image avia_image_team' src='https:\/\/ch2021.ch\/wp-content\/uploads\/2019\/09\/EllivonPlanta1-300x200.jpg' alt='Elli von Planta'  itemprop=\"image\"   height=\"200\" width=\"300\" \/><\/div><h3 class='team-member-name '  itemprop=\"name\" >Elli von Planta<\/h3><div class='team-member-description '  itemprop=\"description\" ><p>Elli von Planta, n\u00e9e en Allemagne en 1949, se marie en 1971 en Suisse, o\u00f9 na\u00eetront ses quatre enfants. M\u00e8re c\u00e9libataire, elle termine ses \u00e9tudes de droit \u00e0 l\u2018Universit\u00e9 de B\u00e2le en 1992. De 1994 \u00e0 2011, elle travaille pour la grande banque suisse UBS, o\u00f9, en tant que pr\u00e9sidente des repr\u00e9sentants du personnel et pendant la crise financi\u00e8re de 2007-2010, elle permet \u00e0 pr\u00e8s de 30 000 collaborateurs de faire entendre leur voix. De 2012 \u00e0 2018, elle pr\u00e9side la Sozialkonferenz Basel. Cette grand-m\u00e8re de sept petits-enfants s\u2019engage dans la cause des femmes et, par cons\u00e9quent, dans les questions sociales.<\/p>\n<\/div><span class='hidden team-member-affiliation'  itemprop=\"affiliation\" >CH2021<\/span><\/section><\/div>\n<style type=\"text\/css\" data-created_by=\"avia_inline_auto\" id=\"style-css-av-4dpcry-943d363260c9b4f72f7c5eaeaebd94cc\">\n.flex_column.av-4dpcry-943d363260c9b4f72f7c5eaeaebd94cc{\nborder-radius:0px 0px 0px 0px;\npadding:0px 0px 0px 0px;\n}\n<\/style>\n<div  class='flex_column av-4dpcry-943d363260c9b4f72f7c5eaeaebd94cc av_one_third  avia-builder-el-19  el_after_av_one_third  el_before_av_one_third  flex_column_div av-zero-column-padding  column-top-margin'     ><section  class='avia-team-member av-k5grbml3-ca6392d015ca7f79b3a2adfa7171ae2d  avia-builder-el-20  avia-builder-el-no-sibling '  itemscope=\"itemscope\" itemtype=\"https:\/\/schema.org\/Person\" ><div class=\"team-img-container\"><img fetchpriority=\"high\" class='wp-image-3929 avia-img-lazy-loading-not-3929 avia_image avia_image_team' src='https:\/\/ch2021.ch\/wp-content\/uploads\/2020\/01\/Mary-Mayenfisch-Tobin-photo-3-300x214.jpg' alt='Mary Mayenfisch-Tobin'  itemprop=\"image\"   height=\"214\" width=\"300\" \/><\/div><h3 class='team-member-name '  itemprop=\"name\" >Mary Mayenfisch-Tobin<\/h3><div class='team-member-description '  itemprop=\"description\" ><p>Mary Mayenfisch-Tobin, une avocate irlandaise, a travaill\u00e9 dans diff\u00e9rents cabinets priv\u00e9s en Irlande avant de s\u2019installer \u00e0 Lausanne, lors de son mariage en 1987. Elle a \u00e9tudi\u00e9 le fran\u00e7ais et obtenu un LLM en droit \u00e9conomique europ\u00e9en et international \u00e0 l\u2019Universit\u00e9 de Lausanne en 1992. En 2017, elle est devenue m\u00e9diatrice. Apr\u00e8s avoir enseign\u00e9 le droit \u00e0 l\u2019Ecole H\u00f4teli\u00e8re de Lausanne, \u00e0 l\u2019Universit\u00e9 de Pepperdine (Suisse) et dans d\u2019autres institutions acad\u00e9miques, elle continue aujourd\u2019hui de travailler dans le domaine de l\u2019\u00e9ducation. Pr\u00e9sidente du club de Lausanne de l\u2019association BPW (Business &amp; Professional Women) de 2010 \u00e0 2014, elle est l\u2019actuelle Pr\u00e9sidente du CLAFV Centre de Liaison des Associations F\u00e9minines Vaudoises, membre de la Commission consultative cantonale de l\u2019\u00e9galit\u00e9 et membre du comit\u00e9 de Politiciennes.ch dans le canton de Vaud.<\/p>\n<\/div><span class='hidden team-member-affiliation'  itemprop=\"affiliation\" >CH2021<\/span><\/section><\/div>\n<style type=\"text\/css\" data-created_by=\"avia_inline_auto\" id=\"style-css-av-4dpcry-4-0db95cb641f62cb040485c3072926916\">\n.flex_column.av-4dpcry-4-0db95cb641f62cb040485c3072926916{\nborder-radius:0px 0px 0px 0px;\npadding:0px 0px 0px 0px;\n}\n<\/style>\n<div  class='flex_column av-4dpcry-4-0db95cb641f62cb040485c3072926916 av_one_third  avia-builder-el-21  el_after_av_one_third  el_before_av_hr  flex_column_div av-zero-column-padding  column-top-margin'     ><section  class='avia-team-member av-k5grbml3-3-4d4320c4da8674f51b4632842fcf9bd1  avia-builder-el-22  avia-builder-el-no-sibling '  itemscope=\"itemscope\" itemtype=\"https:\/\/schema.org\/Person\" ><div class=\"team-img-container\"><img fetchpriority=\"high\" class='wp-image-6235 avia-img-lazy-loading-not-6235 avia_image avia_image_team' src='https:\/\/ch2021.ch\/wp-content\/uploads\/2020\/06\/Portrait_Maya-Dougoud.jpg' alt='Maya Dougoud'  itemprop=\"image\"   height=\"200\" width=\"300\" \/><\/div><h3 class='team-member-name '  itemprop=\"name\" >Maya Dougoud<\/h3><div class='team-member-description '  itemprop=\"description\" ><p>Engag\u00e9e dans le domaine de comp\u00e9tences, le droit des TIC, les droits de propri\u00e9t\u00e9 intellectuelle et le droit de la protection des donn\u00e9es, dans le contexte acad\u00e9mique et de droit public, Maya Dougoud apporte un regard curieux et constructif aux institutions. Cette ancienne pr\u00e9sidente des Femmes Juristes Suisse s\u2019engage avec conviction sur les projets.<\/p>\n<p>Ayant dans son parcours de vie eu la chance de franchir des fronti\u00e8res, le R\u00f6stigraben et des barri\u00e8res, pour elle la d\u00e9mocratie se pratique, se vit et en 2021, se f\u00eate aussi.<\/p>\n<\/div><span class='hidden team-member-affiliation'  itemprop=\"affiliation\" >CH2021<\/span><\/section><\/div>\n<style type=\"text\/css\" data-created_by=\"avia_inline_auto\" id=\"style-css-av-2lzqsb-cc3e0a07a31ef44b2f3e252f9f3e85ca\">\n#top .hr.av-2lzqsb-cc3e0a07a31ef44b2f3e252f9f3e85ca{\nmargin-top:50px;\nmargin-bottom:90px;\n}\n.hr.av-2lzqsb-cc3e0a07a31ef44b2f3e252f9f3e85ca .hr-inner{\nwidth:40px;\nborder-color:#ff7707;\nmax-width:45%;\n}\n.hr.av-2lzqsb-cc3e0a07a31ef44b2f3e252f9f3e85ca .av-seperator-icon{\ncolor:#ff7707;\n}\n.hr.av-2lzqsb-cc3e0a07a31ef44b2f3e252f9f3e85ca .av-seperator-icon.avia-svg-icon svg:first-child{\nfill:#ff7707;\nstroke:#ff7707;\n}\n<\/style>\n<div  class='hr av-2lzqsb-cc3e0a07a31ef44b2f3e252f9f3e85ca hr-custom  avia-builder-el-23  el_after_av_one_third  el_before_av_heading  hr-center hr-icon-yes'><span class='hr-inner inner-border-av-border-thin'><span class=\"hr-inner-style\"><\/span><\/span><span class='av-seperator-icon avia-iconfont avia-font-entypo-fontello' data-av_icon='\ue89a' data-av_iconfont='entypo-fontello' ><\/span><span class='hr-inner inner-border-av-border-thin'><span class=\"hr-inner-style\"><\/span><\/span><\/div>\n\n<style type=\"text\/css\" data-created_by=\"avia_inline_auto\" id=\"style-css-av-1zgi32-b025fd2992c1128c4319435b442b890f\">\n#top .av-special-heading.av-1zgi32-b025fd2992c1128c4319435b442b890f{\nmargin:200px 0 0 0;\npadding-bottom:10px;\n}\nbody .av-special-heading.av-1zgi32-b025fd2992c1128c4319435b442b890f .av-special-heading-tag .heading-char{\nfont-size:25px;\n}\n.av-special-heading.av-1zgi32-b025fd2992c1128c4319435b442b890f .av-subheading{\nfont-size:15px;\n}\n<\/style>\n<div  class='av-special-heading av-1zgi32-b025fd2992c1128c4319435b442b890f av-special-heading-h2 blockquote modern-quote  avia-builder-el-24  el_after_av_hr  el_before_av_textblock  av-linked-heading'><h2 class='av-special-heading-tag '  itemprop=\"headline\"  >Team<\/h2><div class=\"special-heading-border\"><div class=\"special-heading-inner-border\"><\/div><\/div><\/div>\n<section  class='av_textblock_section av-jxyr5f1o-13-66d305f4e237f575fc5ae318c8f64ab5 '   itemscope=\"itemscope\" itemtype=\"https:\/\/schema.org\/CreativeWork\" ><div class='avia_textblock'  itemprop=\"text\" ><p>Le team soutient et coordonne le travail de CH2021:<\/p>\n<\/div><\/section>\n\n<style type=\"text\/css\" data-created_by=\"avia_inline_auto\" id=\"style-css-av-466ukr-f01a3c5110ec54381de4efcd7130de37\">\n.flex_column.av-466ukr-f01a3c5110ec54381de4efcd7130de37{\nborder-radius:0px 0px 0px 0px;\npadding:0px 0px 0px 0px;\n}\n<\/style>\n<div  class='flex_column av-466ukr-f01a3c5110ec54381de4efcd7130de37 av_one_third  avia-builder-el-26  el_after_av_textblock  avia-builder-el-last  first flex_column_div av-zero-column-padding  column-top-margin'     ><section  class='avia-team-member av-jy4c30k7-3f50a2b94ede376580ecf6dcd3051739  avia-builder-el-27  avia-builder-el-no-sibling '  itemscope=\"itemscope\" itemtype=\"https:\/\/schema.org\/Person\" ><div class=\"team-img-container\"><img fetchpriority=\"high\" class='wp-image-2082 avia-img-lazy-loading-not-2082 avia_image avia_image_team' src='https:\/\/ch2021.ch\/wp-content\/uploads\/2019\/07\/Foto-Bonina_HD-300x200.jpg' alt='Maria Bonina'  itemprop=\"image\"   height=\"200\" width=\"300\" \/><\/div><h3 class='team-member-name '  itemprop=\"name\" >Maria Bonina<\/h3><div class='team-member-job-title '  itemprop=\"jobTitle\" >directrice<\/div><div class='team-member-description '  itemprop=\"description\" ><p>Maria Bonina est conseill\u00e8re ind\u00e9pendante en communication depuis de nombreuses ann\u00e9es. Elle poss\u00e8de par ailleurs de l\u2019exp\u00e9rience dans le secteur \u00e9v\u00e9nementiel et si\u00e8ge aux comit\u00e9s de diff\u00e9rentes associations (consacr\u00e9es au sport, \u00e0 la politique ou \u00e0 l\u2019\u00e9ducation). Elle parle le fran\u00e7ais, l\u2019allemand et l\u2019italien. La B\u00e2loise vit dans le Tessin avec sa famille.<\/p>\n<p>Contact: bonina@ch2021.ch<\/p>\n<\/div><span class='hidden team-member-affiliation'  itemprop=\"affiliation\" >CH2021<\/span><\/section><\/div><\/div><\/div><\/div><!-- close content main div --><\/div><\/div><div id='after_section_2'  class='main_color av_default_container_wrap container_wrap sidebar_right'  ><div class='container av-section-cont-open' ><div class='template-page content  av-content-small alpha units'><div class='post-entry post-entry-type-page post-entry-2670'><div class='entry-content-wrapper clearfix'>\n","protected":false},"excerpt":{"rendered":"","protected":false},"author":6,"featured_media":0,"parent":0,"menu_order":0,"comment_status":"closed","ping_status":"closed","template":"","meta":{"_monsterinsights_skip_tracking":false,"_monsterinsights_sitenote_active":false,"_monsterinsights_sitenote_note":"","_monsterinsights_sitenote_category":0,"footnotes":""},"class_list":["post-2670","page","type-page","status-publish","hentry"],"_links":{"self":[{"href":"https:\/\/ch2021.ch\/fr\/wp-json\/wp\/v2\/pages\/2670","targetHints":{"allow":["GET"]}}],"collection":[{"href":"https:\/\/ch2021.ch\/fr\/wp-json\/wp\/v2\/pages"}],"about":[{"href":"https:\/\/ch2021.ch\/fr\/wp-json\/wp\/v2\/types\/page"}],"author":[{"embeddable":true,"href":"https:\/\/ch2021.ch\/fr\/wp-json\/wp\/v2\/users\/6"}],"replies":[{"embeddable":true,"href":"https:\/\/ch2021.ch\/fr\/wp-json\/wp\/v2\/comments?post=2670"}],"version-history":[{"count":12,"href":"https:\/\/ch2021.ch\/fr\/wp-json\/wp\/v2\/pages\/2670\/revisions"}],"predecessor-version":[{"id":18437,"href":"https:\/\/ch2021.ch\/fr\/wp-json\/wp\/v2\/pages\/2670\/revisions\/18437"}],"wp:attachment":[{"href":"https:\/\/ch2021.ch\/fr\/wp-json\/wp\/v2\/media?parent=2670"}],"curies":[{"name":"wp","href":"https:\/\/api.w.org\/{rel}","templated":true}]}}