{"id":6985,"date":"2020-08-12T22:35:31","date_gmt":"2020-08-12T20:35:31","guid":{"rendered":"https:\/\/ch2021.ch\/?page_id=6985"},"modified":"2020-09-09T13:36:48","modified_gmt":"2020-09-09T11:36:48","slug":"carte-dactions-2","status":"publish","type":"page","link":"https:\/\/ch2021.ch\/fr\/carte-dactions-2\/","title":{"rendered":"Carte d&rsquo;actions &#8211; eventon"},"content":{"rendered":"\n<style type=\"text\/css\" data-created_by=\"avia_inline_auto\" id=\"style-css-av-jkjmqted-57c62d31ce77913b385793f42d8cc96f\">\n.avia-section.av-jkjmqted-57c62d31ce77913b385793f42d8cc96f{\nbackground-color:#ff7707;\nbackground:linear-gradient( to bottom right, #ff7707, #f6e9d3 );\n}\n.avia-section.av-jkjmqted-57c62d31ce77913b385793f42d8cc96f .av-extra-border-element .av-extra-border-inner{\nbackground-color:#ffffff;\n}\n<\/style>\n<div id='av_section_1'  class='avia-section av-jkjmqted-57c62d31ce77913b385793f42d8cc96f header_color avia-section-no-padding avia-no-shadow  avia-builder-el-0  el_before_av_section  avia-builder-el-first  avia-bg-style-scroll av-minimum-height av-minimum-height-custom av-height-custom  container_wrap sidebar_right'   data-av_minimum_height_px='350'><div class='container av-section-cont-open' style='height:350px'><main  role=\"main\" itemprop=\"mainContentOfPage\"  class='template-page content  av-content-small alpha units'><div class='post-entry post-entry-type-page post-entry-6985'><div class='entry-content-wrapper clearfix'>\n\n<style type=\"text\/css\" data-created_by=\"avia_inline_auto\" id=\"style-css-av-1xn9f-60a3102d85cb0bac4be34634a8c4da3f\">\n.flex_column.av-1xn9f-60a3102d85cb0bac4be34634a8c4da3f{\nborder-radius:0px 0px 0px 0px;\npadding:0px 0px 0px 0px;\n}\n<\/style>\n<div  class='flex_column av-1xn9f-60a3102d85cb0bac4be34634a8c4da3f av_one_full  avia-builder-el-1  avia-builder-el-no-sibling  first flex_column_div av-animated-generic pop-up av-zero-column-padding  '     ><style type=\"text\/css\" data-created_by=\"avia_inline_auto\" id=\"style-css-av-jztn3zau-80dc75737c7fd5c9c52959dba76f1e16\">\n#top .av-special-heading.av-jztn3zau-80dc75737c7fd5c9c52959dba76f1e16{\npadding-bottom:10px;\nfont-size:5vw;\n}\nbody .av-special-heading.av-jztn3zau-80dc75737c7fd5c9c52959dba76f1e16 .av-special-heading-tag .heading-char{\nfont-size:25px;\n}\n#top #wrap_all .av-special-heading.av-jztn3zau-80dc75737c7fd5c9c52959dba76f1e16 .av-special-heading-tag{\nfont-size:5vw;\n}\n.av-special-heading.av-jztn3zau-80dc75737c7fd5c9c52959dba76f1e16 .av-subheading{\nfont-size:15px;\n}\n\n@media only screen and (min-width: 480px) and (max-width: 767px){ \n#top #wrap_all .av-special-heading.av-jztn3zau-80dc75737c7fd5c9c52959dba76f1e16 .av-special-heading-tag{\nfont-size:0.8em;\n}\n}\n\n@media only screen and (max-width: 479px){ \n#top #wrap_all .av-special-heading.av-jztn3zau-80dc75737c7fd5c9c52959dba76f1e16 .av-special-heading-tag{\nfont-size:0.8em;\n}\n}\n<\/style>\n<div  class='av-special-heading av-jztn3zau-80dc75737c7fd5c9c52959dba76f1e16 av-special-heading-h1 blockquote modern-quote  avia-builder-el-2  avia-builder-el-no-sibling  av-inherit-size'><h1 class='av-special-heading-tag '  itemprop=\"headline\"  >Carte d\u2019actions<\/h1><div class=\"special-heading-border\"><div class=\"special-heading-inner-border\"><\/div><\/div><\/div><\/div>\n\n<\/div><\/div><\/main><!-- close content main element --><\/div><div class='av-extra-border-element border-extra-diagonal border-extra-diagonal-inverse '><div class='av-extra-border-outer'><div class='av-extra-border-inner'><\/div><\/div><\/div><\/div><div id='av_section_2'  class='avia-section av-ebhyh-592df6c769bc70a32b81786e95e3df14 main_color avia-section-default avia-no-border-styling  avia-builder-el-3  el_after_av_section  avia-builder-el-last  avia-bg-style-scroll container_wrap sidebar_right'  ><div class='container av-section-cont-open' ><div class='template-page content  av-content-small alpha units'><div class='post-entry post-entry-type-page post-entry-6985'><div class='entry-content-wrapper clearfix'>\n<section  class='av_textblock_section av-aqd1d-a32c63b84ad7392326aa375a656cdbd4 '   itemscope=\"itemscope\" itemtype=\"https:\/\/schema.org\/CreativeWork\" ><div class='avia_textblock'  itemprop=\"text\" ><p>Vous trouverez ici l\u2019ensemble des manifestations, projets, actions, etc., organis\u00e9s en Suisse \u00e0 l\u2019occasion du 50<sup>e<\/sup> anniversaire du droit de vote des femmes.<br \/>\nN\u2019h\u00e9sitez pas \u00e0 nous faire profiter de vos id\u00e9es. Pour ce faire, il suffit de nous <a href=\"https:\/\/ch2021.ch\/fr\/contact\/\">contacter<\/a>.<\/p>\n<p>REMARQUE IMPORTANTE: Toutes les actions organis\u00e9es dans les diff\u00e9rents cantons en relation avec les c\u00e9l\u00e9brations seront \u00e9galement publi\u00e9es ici.<\/p>\n<p>[add_eventon_evmap map lang=\u00a0\u00bbL2&Prime; ]<\/p>\n<p>[add_eventon lang=\u00a0\u00bbL2&Prime; ]<\/p>\n<\/div><\/section>\n<\/div><\/div><\/div><!-- close content main div --><\/div><\/div><div id='after_section_2'  class='main_color av_default_container_wrap container_wrap sidebar_right'  ><div class='container av-section-cont-open' ><div class='template-page content  av-content-small alpha units'><div class='post-entry post-entry-type-page post-entry-6985'><div class='entry-content-wrapper clearfix'>\n","protected":false},"excerpt":{"rendered":"","protected":false},"author":7,"featured_media":1013,"parent":0,"menu_order":0,"comment_status":"closed","ping_status":"closed","template":"","meta":{"_monsterinsights_skip_tracking":false,"_monsterinsights_sitenote_active":false,"_monsterinsights_sitenote_note":"","_monsterinsights_sitenote_category":0,"footnotes":""},"class_list":["post-6985","page","type-page","status-publish","has-post-thumbnail","hentry"],"_links":{"self":[{"href":"https:\/\/ch2021.ch\/fr\/wp-json\/wp\/v2\/pages\/6985","targetHints":{"allow":["GET"]}}],"collection":[{"href":"https:\/\/ch2021.ch\/fr\/wp-json\/wp\/v2\/pages"}],"about":[{"href":"https:\/\/ch2021.ch\/fr\/wp-json\/wp\/v2\/types\/page"}],"author":[{"embeddable":true,"href":"https:\/\/ch2021.ch\/fr\/wp-json\/wp\/v2\/users\/7"}],"replies":[{"embeddable":true,"href":"https:\/\/ch2021.ch\/fr\/wp-json\/wp\/v2\/comments?post=6985"}],"version-history":[{"count":19,"href":"https:\/\/ch2021.ch\/fr\/wp-json\/wp\/v2\/pages\/6985\/revisions"}],"predecessor-version":[{"id":7010,"href":"https:\/\/ch2021.ch\/fr\/wp-json\/wp\/v2\/pages\/6985\/revisions\/7010"}],"wp:featuredmedia":[{"embeddable":true,"href":"https:\/\/ch2021.ch\/fr\/wp-json\/wp\/v2\/media\/1013"}],"wp:attachment":[{"href":"https:\/\/ch2021.ch\/fr\/wp-json\/wp\/v2\/media?parent=6985"}],"curies":[{"name":"wp","href":"https:\/\/api.w.org\/{rel}","templated":true}]}}