{"id":124,"date":"2018-06-04T08:54:41","date_gmt":"2018-06-04T06:54:41","guid":{"rendered":"https:\/\/ch2021.ch\/?page_id=124"},"modified":"2019-07-03T23:36:54","modified_gmt":"2019-07-03T21:36:54","slug":"situazione-iniziale","status":"publish","type":"page","link":"https:\/\/ch2021.ch\/it\/situazione-iniziale\/","title":{"rendered":"Situazione iniziale"},"content":{"rendered":"\n<style type=\"text\/css\" data-created_by=\"avia_inline_auto\" id=\"style-css-av-jkjmqted-413bfaf4b33aa8ed69b28569807321d7\">\n.avia-section.av-jkjmqted-413bfaf4b33aa8ed69b28569807321d7{\nbackground-color:#e3cc9b;\nbackground:linear-gradient( to bottom right, #e3cc9b, #e2212a );\n}\n.avia-section.av-jkjmqted-413bfaf4b33aa8ed69b28569807321d7 .av-extra-border-element .av-extra-border-inner{\nbackground-color:#ffffff;\n}\n<\/style>\n<div id='av_section_1'  class='avia-section av-jkjmqted-413bfaf4b33aa8ed69b28569807321d7 header_color avia-section-no-padding avia-no-shadow  avia-builder-el-0  el_before_av_section  avia-builder-el-first  avia-bg-style-scroll av-minimum-height av-minimum-height-custom av-height-custom  container_wrap sidebar_right'   data-av_minimum_height_px='350'><div class='container av-section-cont-open' style='height:350px'><main  role=\"main\" itemprop=\"mainContentOfPage\"  class='template-page content  av-content-small alpha units'><div class='post-entry post-entry-type-page post-entry-124'><div class='entry-content-wrapper clearfix'>\n\n<style type=\"text\/css\" data-created_by=\"avia_inline_auto\" id=\"style-css-av-1xn9f-60a3102d85cb0bac4be34634a8c4da3f\">\n.flex_column.av-1xn9f-60a3102d85cb0bac4be34634a8c4da3f{\nborder-radius:0px 0px 0px 0px;\npadding:0px 0px 0px 0px;\n}\n<\/style>\n<div  class='flex_column av-1xn9f-60a3102d85cb0bac4be34634a8c4da3f av_one_full  avia-builder-el-1  avia-builder-el-no-sibling  first flex_column_div av-animated-generic pop-up av-zero-column-padding  '     ><style type=\"text\/css\" data-created_by=\"avia_inline_auto\" id=\"style-css-av-jxnrgyr3-796d563ab143f9365fca4490f86781cb\">\n#top .av-special-heading.av-jxnrgyr3-796d563ab143f9365fca4490f86781cb{\npadding-bottom:10px;\nfont-size:5vw;\n}\nbody .av-special-heading.av-jxnrgyr3-796d563ab143f9365fca4490f86781cb .av-special-heading-tag .heading-char{\nfont-size:25px;\n}\n#top #wrap_all .av-special-heading.av-jxnrgyr3-796d563ab143f9365fca4490f86781cb .av-special-heading-tag{\nfont-size:5vw;\n}\n.av-special-heading.av-jxnrgyr3-796d563ab143f9365fca4490f86781cb .av-subheading{\nfont-size:15px;\n}\n\n@media only screen and (min-width: 480px) and (max-width: 767px){ \n#top #wrap_all .av-special-heading.av-jxnrgyr3-796d563ab143f9365fca4490f86781cb .av-special-heading-tag{\nfont-size:0.8em;\n}\n}\n\n@media only screen and (max-width: 479px){ \n#top #wrap_all .av-special-heading.av-jxnrgyr3-796d563ab143f9365fca4490f86781cb .av-special-heading-tag{\nfont-size:0.8em;\n}\n}\n<\/style>\n<div  class='av-special-heading av-jxnrgyr3-796d563ab143f9365fca4490f86781cb av-special-heading-h1 blockquote modern-quote  avia-builder-el-2  avia-builder-el-no-sibling  av-inherit-size'><h1 class='av-special-heading-tag '  itemprop=\"headline\"  >Situazione iniziale<\/h1><div class=\"special-heading-border\"><div class=\"special-heading-inner-border\"><\/div><\/div><\/div><\/div><\/div><\/div><\/main><!-- close content main element --><\/div><div class='av-extra-border-element border-extra-diagonal border-extra-diagonal-inverse '><div class='av-extra-border-outer'><div class='av-extra-border-inner'><\/div><\/div><\/div><\/div><div id='av_section_2'  class='avia-section av-av_section-3ef07c12a2bb1670acbb6a6393332f22 main_color avia-section-default avia-no-border-styling  avia-builder-el-3  el_after_av_section  avia-builder-el-last  avia-bg-style-scroll container_wrap sidebar_right'  ><div class='container av-section-cont-open' ><div class='template-page content  av-content-small alpha units'><div class='post-entry post-entry-type-page post-entry-124'><div class='entry-content-wrapper clearfix'>\n<section  class='av_textblock_section av-av_textblock-445188a952fb265869ea404d0e52fad7 '   itemscope=\"itemscope\" itemtype=\"https:\/\/schema.org\/CreativeWork\" ><div class='avia_textblock'  itemprop=\"text\" ><div class=\"one-third first\">\n<ul class=\"serif-list\">\n<li><a href=\"associazione\">Associazione<\/a><\/li>\n<li><a href=\"attivita\">Attivit\u00e0<\/a><\/li>\n<li><a href=\"blog\">Attualit\u00e0<\/a><\/li>\n<\/ul>\n<\/div>\n<div class=\"two-thirds\">\n<div class='avia-iframe-wrap'><iframe loading=\"lazy\" title=\"CH2021 inizio 7\/2\/2019\" width=\"1500\" height=\"844\" src=\"https:\/\/www.youtube.com\/embed\/c922BJbVn3M?feature=oembed\" frameborder=\"0\" allow=\"accelerometer; autoplay; encrypted-media; gyroscope; picture-in-picture\" allowfullscreen><\/iframe><\/div>\n<p>Nel 2021 celebriamo il 50\u00b0 anniversario della partecipazione attiva delle donne svizzere alla politica. Una buona occasione per riflettere su ci\u00f2 che questo cambiamento ha comportato per le donne, la politica, la scienza, la cultura e la societ\u00e0 del nostro Paese. Ma deve essere anche un&#8217;occasione per riflettere sul momento in cui alle donne \u00e8 stato concesso il diritto di voto e di eleggibilit\u00e0 e sull&#8217;importanza fondamentale del suffragio femminile per la democrazia in Svizzera. Che cosa significava per l\u2019identit\u00e0 democratica, dopo che met\u00e0 della societ\u00e0 era stata esclusa per cos\u00ec tanto tempo? Che impatto ha avuto? Guardare indietro e guardare agli sviluppi ci porta a riflettere sullo stato attuale della nostra democrazia. Vogliamo stimolare questa riflessione in modo ampio ed efficace e renderla pubblica e visibile sul nostro sito ch2021.ch, insieme ai progetti e alle azioni pensati per celebrare l\u2019anniversario su tutto il territorio nazionale.<\/p>\n<h4>Espanderemo continuamente le nostre domande:<\/h4>\n<p>&#8211; Una democrazia senza donne \u00e8 democratica?<br \/>\n&#8211; Quanto \u00e8 giusta la democrazia?<br \/>\n&#8211; Le donne e gli uomini percepiscono la democrazia in modo diverso?<br \/>\n&#8211; Che cosa apprezziamo della nostra democrazia?<br \/>\n&#8211; Cosa perderemmo senza la democrazia?<br \/>\n&#8211; Quando sentiamo la nostra democrazia in pericolo?<\/p>\n<p>Saremo lieti di ascoltare i vostri pensieri, domande, progetti e azioni per il 2021.<\/p>\n<p>Vi<a href=\"https:\/\/ch2021.ch\/it\/contact\/\"> preghiamo di informarci sui vostri<\/a> progetti di celebrazione del 50esimo anniversario del suffragio femminile in Svizzera affinch\u00e8 possiamo darvi risalto sul nostro sito!<\/p>\n<\/div>\n<\/div><\/section>\n<\/div><\/div><\/div><!-- close content main div --><\/div><\/div><div id='after_section_2'  class='main_color av_default_container_wrap container_wrap sidebar_right'  ><div class='container av-section-cont-open' ><div class='template-page content  av-content-small alpha units'><div class='post-entry post-entry-type-page post-entry-124'><div class='entry-content-wrapper clearfix'><\/p>\n","protected":false},"excerpt":{"rendered":"","protected":false},"author":2,"featured_media":0,"parent":0,"menu_order":0,"comment_status":"closed","ping_status":"closed","template":"","meta":{"_monsterinsights_skip_tracking":false,"_monsterinsights_sitenote_active":false,"_monsterinsights_sitenote_note":"","_monsterinsights_sitenote_category":0,"footnotes":""},"class_list":["post-124","page","type-page","status-publish","hentry"],"_links":{"self":[{"href":"https:\/\/ch2021.ch\/it\/wp-json\/wp\/v2\/pages\/124","targetHints":{"allow":["GET"]}}],"collection":[{"href":"https:\/\/ch2021.ch\/it\/wp-json\/wp\/v2\/pages"}],"about":[{"href":"https:\/\/ch2021.ch\/it\/wp-json\/wp\/v2\/types\/page"}],"author":[{"embeddable":true,"href":"https:\/\/ch2021.ch\/it\/wp-json\/wp\/v2\/users\/2"}],"replies":[{"embeddable":true,"href":"https:\/\/ch2021.ch\/it\/wp-json\/wp\/v2\/comments?post=124"}],"version-history":[{"count":5,"href":"https:\/\/ch2021.ch\/it\/wp-json\/wp\/v2\/pages\/124\/revisions"}],"predecessor-version":[{"id":1716,"href":"https:\/\/ch2021.ch\/it\/wp-json\/wp\/v2\/pages\/124\/revisions\/1716"}],"wp:attachment":[{"href":"https:\/\/ch2021.ch\/it\/wp-json\/wp\/v2\/media?parent=124"}],"curies":[{"name":"wp","href":"https:\/\/api.w.org\/{rel}","templated":true}]}}