{"id":155,"date":"2018-06-03T22:47:43","date_gmt":"2018-06-03T20:47:43","guid":{"rendered":"https:\/\/ch2021.ch\/?page_id=155"},"modified":"2021-01-25T08:54:42","modified_gmt":"2021-01-25T07:54:42","slug":"partecipare","status":"publish","type":"page","link":"https:\/\/ch2021.ch\/it\/partecipare\/","title":{"rendered":"Partecipare"},"content":{"rendered":"\n<style type=\"text\/css\" data-created_by=\"avia_inline_auto\" id=\"style-css-av-jkjmqted-96d309932e062c5df088f1a8463b3a0b\">\n.avia-section.av-jkjmqted-96d309932e062c5df088f1a8463b3a0b{\nbackground-color:#7ecdca;\nbackground:linear-gradient( to bottom right, #7ecdca, #ff7707 );\n}\n.avia-section.av-jkjmqted-96d309932e062c5df088f1a8463b3a0b .av-extra-border-element .av-extra-border-inner{\nbackground-color:#ffffff;\n}\n<\/style>\n<div id='av_section_1'  class='avia-section av-jkjmqted-96d309932e062c5df088f1a8463b3a0b header_color avia-section-no-padding avia-no-shadow  avia-builder-el-0  el_before_av_section  avia-builder-el-first  avia-bg-style-scroll av-minimum-height av-minimum-height-custom av-height-custom  container_wrap sidebar_right'   data-av_minimum_height_px='350'><div class='container av-section-cont-open' style='height:350px'><main  role=\"main\" itemprop=\"mainContentOfPage\"  class='template-page content  av-content-small alpha units'><div class='post-entry post-entry-type-page post-entry-155'><div class='entry-content-wrapper clearfix'>\n\n<style type=\"text\/css\" data-created_by=\"avia_inline_auto\" id=\"style-css-av-1xn9f-60a3102d85cb0bac4be34634a8c4da3f\">\n.flex_column.av-1xn9f-60a3102d85cb0bac4be34634a8c4da3f{\nborder-radius:0px 0px 0px 0px;\npadding:0px 0px 0px 0px;\n}\n<\/style>\n<div  class='flex_column av-1xn9f-60a3102d85cb0bac4be34634a8c4da3f av_one_full  avia-builder-el-1  avia-builder-el-no-sibling  first flex_column_div av-animated-generic pop-up av-zero-column-padding  '     ><style type=\"text\/css\" data-created_by=\"avia_inline_auto\" id=\"style-css-av-jztvztms-0b577e0a2b04bc62fc7d9639a287841b\">\n#top .av-special-heading.av-jztvztms-0b577e0a2b04bc62fc7d9639a287841b{\npadding-bottom:10px;\nfont-size:5vw;\n}\nbody .av-special-heading.av-jztvztms-0b577e0a2b04bc62fc7d9639a287841b .av-special-heading-tag .heading-char{\nfont-size:25px;\n}\n#top #wrap_all .av-special-heading.av-jztvztms-0b577e0a2b04bc62fc7d9639a287841b .av-special-heading-tag{\nfont-size:5vw;\n}\n.av-special-heading.av-jztvztms-0b577e0a2b04bc62fc7d9639a287841b .av-subheading{\nfont-size:15px;\n}\n\n@media only screen and (min-width: 480px) and (max-width: 767px){ \n#top #wrap_all .av-special-heading.av-jztvztms-0b577e0a2b04bc62fc7d9639a287841b .av-special-heading-tag{\nfont-size:0.8em;\n}\n}\n\n@media only screen and (max-width: 479px){ \n#top #wrap_all .av-special-heading.av-jztvztms-0b577e0a2b04bc62fc7d9639a287841b .av-special-heading-tag{\nfont-size:0.8em;\n}\n}\n<\/style>\n<div  class='av-special-heading av-jztvztms-0b577e0a2b04bc62fc7d9639a287841b av-special-heading-h1 blockquote modern-quote  avia-builder-el-2  avia-builder-el-no-sibling  av-inherit-size'><h1 class='av-special-heading-tag '  itemprop=\"headline\"  >Partecipare<\/h1><div class=\"special-heading-border\"><div class=\"special-heading-inner-border\"><\/div><\/div><\/div><\/div>\n\n<\/div><\/div><\/main><!-- close content main element --><\/div><div class='av-extra-border-element border-extra-diagonal border-extra-diagonal-inverse '><div class='av-extra-border-outer'><div class='av-extra-border-inner'><\/div><\/div><\/div><\/div><div id='av_section_2'  class='avia-section av-1ob34-d24f0d82e9a45809346c0e2ddf7483e7 main_color avia-section-default avia-no-border-styling  avia-builder-el-3  el_after_av_section  avia-builder-el-last  avia-bg-style-scroll container_wrap sidebar_right'  ><div class='container av-section-cont-open' ><div class='template-page content  av-content-small alpha units'><div class='post-entry post-entry-type-page post-entry-155'><div class='entry-content-wrapper clearfix'>\n<section  class='av_textblock_section av-122us-3da42cd1775fefd0bd4f0e9b86e3d844 '   itemscope=\"itemscope\" itemtype=\"https:\/\/schema.org\/CreativeWork\" ><div class='avia_textblock'  itemprop=\"text\" ><h2><strong>Avete in programma una manifestazione?<\/strong><\/h2>\n<p><strong>Contattateci!<\/strong> Inviate la vostra segnalazione all\u2019indirizzo <a href=\"mailto:democazia@ch2021.ch\" target=\"_blank\" rel=\"noopener\">democrazia@ch2021.ch<\/a> e noi menzioneremo la vostra manifestazione\/attivit\u00e0 sulla nostra <a href=\"https:\/\/ch2021.ch\/it\/cartina-delle-iniziative\/\" target=\"_blank\" rel=\"noopener\">cantina delle inziative<\/a>. Vi preghiamo di accompagnare la segnalazione con una descrizione quanto pi\u00f9 possibile dettagliata (<strong>chi, dove, quando, che cosa<\/strong>).<\/p>\n<p>Altre precisazioni possono essere utili per limitare le richieste di ragguagli: chi organizza l\u2019evento? Dove \u00e8 possibile iscriversi o acquistare i biglietti? Ci sono foto, manifesti, volantini ecc. (da allegare con indicazione dei diritti di utilizzo)?<\/p>\n<p>Cercate sostegno e desiderate avvalervi del sito www.ch2021.ch per trovarlo?<\/p>\n<p>Per esempio:<\/p>\n<ul>\n<li>spazi in cui svolgere l\u2019evento<\/li>\n<li>un aiuto per l\u2019organizzazione<\/li>\n<li>autrici\/tori, relatrici\/tori, oratrici\/tori ecc.<\/li>\n<li>aiutanti sul posto durante la manifestazione<\/li>\n<li>aiuto per il trasporto<\/li>\n<li>supporto tecnico\/logistico<\/li>\n<li>supporto informatico<\/li>\n<li>aiuto con gli organi di informazione<\/li>\n<li>sostegno finanziario<\/li>\n<li>\u2026<\/li>\n<\/ul>\n<p>Contattateci, ci accorderemo su come pubblicare la vostra richiesta sul nostro sito.<\/p>\n<p>Vengono pubblicati eventi che toccano i temi seguenti.<\/p>\n<\/div><\/section>\n\n<style type=\"text\/css\" data-created_by=\"avia_inline_auto\" id=\"style-css-av-jxn94iue-e7d5059b75538ea69f2533b05432d3df\">\n#top .togglecontainer.av-jxn94iue-e7d5059b75538ea69f2533b05432d3df p.toggler{\ncolor:#151213;\n}\n#top .togglecontainer.av-jxn94iue-e7d5059b75538ea69f2533b05432d3df p.toggler.activeTitle{\ncolor:#cd2e1f;\nborder-color:#cd2e1f;\n}\n#top .togglecontainer.av-jxn94iue-e7d5059b75538ea69f2533b05432d3df p.toggler:not(.activeTitle):hover{\ncolor:#cd2e1f;\n}\n#top .togglecontainer.av-jxn94iue-e7d5059b75538ea69f2533b05432d3df p.toggler:not(.activeTitle):hover .toggle_icon, #top .togglecontainer.av-jxn94iue-e7d5059b75538ea69f2533b05432d3df p.toggler:not(.activeTitle):hover .toggle_icon *{\nborder-color:#cd2e1f !important;\n}\n#top .togglecontainer.av-jxn94iue-e7d5059b75538ea69f2533b05432d3df p.toggler .toggle_icon{\ncolor:#151213;\nborder-color:#151213;\n}\n#top .togglecontainer.av-jxn94iue-e7d5059b75538ea69f2533b05432d3df .toggle_wrap .toggle_content{\ncolor:#151213;\n}\n<\/style>\n<div  class='togglecontainer av-jxn94iue-e7d5059b75538ea69f2533b05432d3df  avia-builder-el-5  el_after_av_textblock  avia-builder-el-last  toggle_close_all hasCurrentStyle' >\n<section class='av_toggle_section av-26g6z-d755546b761fbec179099e3061bd555e'  itemscope=\"itemscope\" itemtype=\"https:\/\/schema.org\/CreativeWork\" ><div role=\"tablist\" class=\"single_toggle\" data-tags=\"{Tutto} \"  ><p id='toggle-toggle-id-1' data-fake-id='#toggle-id-1' class='toggler  av-title-above av-inherit-font-color hasCustomColor'  itemprop=\"headline\"  role='tab' tabindex='0' aria-controls='toggle-id-1' data-slide-speed=\"200\" data-title=\"&lt;b&gt;Arte e cultura&lt;\/b&gt;\" data-title-open=\"\" data-aria_collapsed=\"Clicca per espandere: &lt;b&gt;Arte e cultura&lt;\/b&gt;\" data-aria_expanded=\"Fare clic per chiudere: &lt;b&gt;Arte e cultura&lt;\/b&gt;\"><b>Arte e cultura<\/b><span class=\"toggle_icon\"><span class=\"vert_icon\"><\/span><span class=\"hor_icon\"><\/span><\/span><\/p><div id='toggle-id-1' aria-labelledby='toggle-toggle-id-1' role='region' class='toggle_wrap  av-title-above'  ><div class='toggle_content invers-color av-inherit-font-color hasCustomColor'  itemprop=\"text\" ><p>Cabarettiste\/i, registe\/i, cantanti, attrici\/tori, autrici\/tori, sceneggiatrici\/tori e organizzatrici\/tori potrebbero proporre una produzione sul pensiero, l\u2019operato e l\u2019azione femminili ieri, oggi e domani.<\/p>\n<p>Il 2021 non dovr\u00e0 essere solo un anno di retrospettive e analisi, bens\u00ec anche l\u2019occasione per illustrare e promuovere l\u2019importanza della partecipazione della popolazione all\u2019evoluzione democratica. A tale riguardo, sono in preparazione esposizioni (p.es. al Museo nazionale di Zurigo).<\/p>\n<\/div><\/div><\/div><\/section>\n<section class='av_toggle_section av-g72uz-3c94d2dbf588d4aea99b791675165d77'  itemscope=\"itemscope\" itemtype=\"https:\/\/schema.org\/CreativeWork\" ><div role=\"tablist\" class=\"single_toggle\" data-tags=\"{Tutto} \"  ><p id='toggle-toggle-id-2' data-fake-id='#toggle-id-2' class='toggler  av-title-above av-inherit-font-color hasCustomColor'  itemprop=\"headline\"  role='tab' tabindex='0' aria-controls='toggle-id-2' data-slide-speed=\"200\" data-title=\"&lt;b&gt;Scienza&lt;\/b&gt;\" data-title-open=\"\" data-aria_collapsed=\"Clicca per espandere: &lt;b&gt;Scienza&lt;\/b&gt;\" data-aria_expanded=\"Fare clic per chiudere: &lt;b&gt;Scienza&lt;\/b&gt;\"><b>Scienza<\/b><span class=\"toggle_icon\"><span class=\"vert_icon\"><\/span><span class=\"hor_icon\"><\/span><\/span><\/p><div id='toggle-id-2' aria-labelledby='toggle-toggle-id-2' role='region' class='toggle_wrap  av-title-above'  ><div class='toggle_content invers-color av-inherit-font-color hasCustomColor'  itemprop=\"text\" ><p>Le scienziate e gli scienziati possono porre interrogativi ai quali rispondere da qui al 2021.<\/p>\n<p>Le storiche e gli storici guardano al passato e si domandano come mai in Svizzera sia stato necessario attendere tanto a lungo e se dal varo della Costituzione nel 1848 ci sia effettivamente stato uno sviluppo continuo positivo o se invece la storia vada raccontata in altro modo.<\/p>\n<p>Le e i testimoni del tempo parlano dell\u2019ingiustizia, delle loro lotte e delle loro gioie, e avvicinano le nuove generazioni a un tema fondamentale ma percepito come ormai lontanissimo.<\/p>\n<p>Donne e uomini di legge ponderano l\u2019importanza del federalismo nella lotta per i diritti politici delle donne e si interrogano sul rispetto dei diritti delle donne. Che cosa \u00e8 cambiato dal punto di vista giuridico in questi cinquant\u2019anni? Qual \u00e8 il ruolo delle donne e quale quello degli uomini?<\/p>\n<p>Nelle universit\u00e0, si propongono colloqui, conferenze, corsi estivi e temi interessanti sui quali scrivere lavori di bachelor, di master e dissertazioni.<\/p>\n<p>Domande fondamentali: come ha reagito nel 1971 la Svizzera alla necessit\u00e0 di dover di colpo convocare alle urne il doppio degli aventi diritto di voto? Come hanno approcciato i partiti politici il grande potenziale delle donne, al contempo candidate ed elettrici? Quali sviluppi si osservano dal 1971?<\/p>\n<\/div><\/div><\/div><\/section>\n<section class='av_toggle_section av-n6bm3-e500c84682051d1e4df66d9901c25123'  itemscope=\"itemscope\" itemtype=\"https:\/\/schema.org\/CreativeWork\" ><div role=\"tablist\" class=\"single_toggle\" data-tags=\"{Tutto} \"  ><p id='toggle-toggle-id-3' data-fake-id='#toggle-id-3' class='toggler  av-title-above av-inherit-font-color hasCustomColor'  itemprop=\"headline\"  role='tab' tabindex='0' aria-controls='toggle-id-3' data-slide-speed=\"200\" data-title=\"&lt;b&gt;Politica&lt;\/b&gt;\" data-title-open=\"\" data-aria_collapsed=\"Clicca per espandere: &lt;b&gt;Politica&lt;\/b&gt;\" data-aria_expanded=\"Fare clic per chiudere: &lt;b&gt;Politica&lt;\/b&gt;\"><b>Politica<\/b><span class=\"toggle_icon\"><span class=\"vert_icon\"><\/span><span class=\"hor_icon\"><\/span><\/span><\/p><div id='toggle-id-3' aria-labelledby='toggle-toggle-id-3' role='region' class='toggle_wrap  av-title-above'  ><div class='toggle_content invers-color av-inherit-font-color hasCustomColor'  itemprop=\"text\" ><p>La Consigliera federale Simonetta Sommaruga condivide la nostra opinione sull\u2019importanza della partecipazione femminile alla democrazia e, da titolare del Dipartimento federale di giustizia e polizia, avrebbe affrontato il tema del cinquantesimo anniversario. Karin Keller-Sutter, che ne ha rilevato il testimone, assumer\u00e0 questo compito. Non sono tuttavia ancora note attivit\u00e0 concrete.<\/p>\n<\/div><\/div><\/div><\/section>\n<section class='av_toggle_section av-f01h7-cb4fae44581c9c14fcbfea8ae854e929'  itemscope=\"itemscope\" itemtype=\"https:\/\/schema.org\/CreativeWork\" ><div role=\"tablist\" class=\"single_toggle\" data-tags=\"{Tutto} \"  ><p id='toggle-toggle-id-4' data-fake-id='#toggle-id-4' class='toggler  av-title-above av-inherit-font-color hasCustomColor'  itemprop=\"headline\"  role='tab' tabindex='0' aria-controls='toggle-id-4' data-slide-speed=\"200\" data-title=\"&lt;b&gt;Cantoni&lt;\/b&gt;\" data-title-open=\"\" data-aria_collapsed=\"Clicca per espandere: &lt;b&gt;Cantoni&lt;\/b&gt;\" data-aria_expanded=\"Fare clic per chiudere: &lt;b&gt;Cantoni&lt;\/b&gt;\"><b>Cantoni<\/b><span class=\"toggle_icon\"><span class=\"vert_icon\"><\/span><span class=\"hor_icon\"><\/span><\/span><\/p><div id='toggle-id-4' aria-labelledby='toggle-toggle-id-4' role='region' class='toggle_wrap  av-title-above'  ><div class='toggle_content invers-color av-inherit-font-color hasCustomColor'  itemprop=\"text\" ><p>Ogni Cantone ha la sua storia legata all\u2019introduzione del diritto di voto e di eleggibilit\u00e0 delle donne. Gli uomini aventi diritto di voto dei Cantoni Vaud e Neuch\u00e2tel hanno deciso di compiere questo passo nel 1959, mentre il Canton Appenzello Interno ha dovuto adeguarsi nel 1990 in seguito a una decisione del Tribunale federale. Queste evoluzioni e storie diverse andranno aggiornate e presentate nel 2021. \u00c8 altres\u00ec ipotizzabile che nel 2020 la Conferenza sul federalismo analizzi il ruolo del federalismo nell\u2019introduzione del diritto di voto per tutti i cittadini e tutte le cittadine svizzeri.<\/p>\n<p>Le organizzazioni cantonali, per esempio i singoli centri femminili, concepiranno attivit\u00e0 dedicate, e contiamo sul fatto che anche i governi e i parlamenti cantonali, gli archivi statali, i musei, i teatri, i cinema, le universit\u00e0, le scuole, i partiti ecc. si occuperanno del tema.<\/p>\n<\/div><\/div><\/div><\/section>\n<section class='av_toggle_section av-bllar-5db8eda67865badbb15448f053d269b8'  itemscope=\"itemscope\" itemtype=\"https:\/\/schema.org\/CreativeWork\" ><div role=\"tablist\" class=\"single_toggle\" data-tags=\"{Tutto} \"  ><p id='toggle-toggle-id-5' data-fake-id='#toggle-id-5' class='toggler  av-title-above av-inherit-font-color hasCustomColor'  itemprop=\"headline\"  role='tab' tabindex='0' aria-controls='toggle-id-5' data-slide-speed=\"200\" data-title=\"&lt;b&gt;Organizzazioni femminili&lt;\/b&gt;\" data-title-open=\"\" data-aria_collapsed=\"Clicca per espandere: &lt;b&gt;Organizzazioni femminili&lt;\/b&gt;\" data-aria_expanded=\"Fare clic per chiudere: &lt;b&gt;Organizzazioni femminili&lt;\/b&gt;\"><b>Organizzazioni femminili<\/b><span class=\"toggle_icon\"><span class=\"vert_icon\"><\/span><span class=\"hor_icon\"><\/span><\/span><\/p><div id='toggle-id-5' aria-labelledby='toggle-toggle-id-5' role='region' class='toggle_wrap  av-title-above'  ><div class='toggle_content invers-color av-inherit-font-color hasCustomColor'  itemprop=\"text\" ><p><strong>Le organizzazioni femminili<\/strong> che esistevano gi\u00e0 prima del 1971 hanno tutte una storia in relazione all\u2019ottenimento dei diritti politici delle donne, e possono quindi testimoniare e documentare la lotta.<\/p>\n<p><a href=\"https:\/\/alliancef.ch\/index.php\/de\/\" target=\"_blank\" rel=\"noopener\">Alliance F<\/a>, l\u2019Alleanza delle societ\u00e0 femminili svizzere, discute in qualit\u00e0 di organizzazione mantello su che cosa realizzare in vista del 2021. Una delle idee sulle quali si sta riflettendo \u00e8 lo svolgimento di un Congresso nazionale femminile. L\u2019ultimo si era tenuto nel 1996 con 2300 donne partecipanti. Un punto della situazione e delle rivendicazioni delle donne di diversi orientamenti sarebbe un contributo importante.<\/p>\n<p>Altre associazioni femminili, come Giuriste Svizzera e l\u2019Istituto svizzero per scienze <a href=\"https:\/\/lawandwomen.ch\/\" target=\"_blank\" rel=\"noopener\">giuridiche femministe<\/a> e <a href=\"http:\/\/www.genderlaw.ch\/deutsch\/fri\/startseite\/index.html\" target=\"_blank\" rel=\"noopener\">gender law<\/a> (FRI), hanno costituito commissioni per l\u2019organizzazione di attivit\u00e0 in vista del 2021.<\/p>\n<\/div><\/div><\/div><\/section>\n<\/div>\n<\/div><\/div><\/div><!-- close content main div --><\/div><\/div><div id='after_section_2'  class='main_color av_default_container_wrap container_wrap sidebar_right'  ><div class='container av-section-cont-open' ><div class='template-page content  av-content-small alpha units'><div class='post-entry post-entry-type-page post-entry-155'><div class='entry-content-wrapper clearfix'>\n","protected":false},"excerpt":{"rendered":"","protected":false},"author":2,"featured_media":1110,"parent":0,"menu_order":0,"comment_status":"closed","ping_status":"closed","template":"","meta":{"_monsterinsights_skip_tracking":false,"_monsterinsights_sitenote_active":false,"_monsterinsights_sitenote_note":"","_monsterinsights_sitenote_category":0,"footnotes":""},"class_list":["post-155","page","type-page","status-publish","has-post-thumbnail","hentry"],"_links":{"self":[{"href":"https:\/\/ch2021.ch\/it\/wp-json\/wp\/v2\/pages\/155","targetHints":{"allow":["GET"]}}],"collection":[{"href":"https:\/\/ch2021.ch\/it\/wp-json\/wp\/v2\/pages"}],"about":[{"href":"https:\/\/ch2021.ch\/it\/wp-json\/wp\/v2\/types\/page"}],"author":[{"embeddable":true,"href":"https:\/\/ch2021.ch\/it\/wp-json\/wp\/v2\/users\/2"}],"replies":[{"embeddable":true,"href":"https:\/\/ch2021.ch\/it\/wp-json\/wp\/v2\/comments?post=155"}],"version-history":[{"count":7,"href":"https:\/\/ch2021.ch\/it\/wp-json\/wp\/v2\/pages\/155\/revisions"}],"predecessor-version":[{"id":10672,"href":"https:\/\/ch2021.ch\/it\/wp-json\/wp\/v2\/pages\/155\/revisions\/10672"}],"wp:featuredmedia":[{"embeddable":true,"href":"https:\/\/ch2021.ch\/it\/wp-json\/wp\/v2\/media\/1110"}],"wp:attachment":[{"href":"https:\/\/ch2021.ch\/it\/wp-json\/wp\/v2\/media?parent=155"}],"curies":[{"name":"wp","href":"https:\/\/api.w.org\/{rel}","templated":true}]}}