{"id":221,"date":"2018-06-03T20:57:11","date_gmt":"2018-06-03T18:57:11","guid":{"rendered":"https:\/\/ch2021.ch\/?page_id=221"},"modified":"2019-09-25T15:23:39","modified_gmt":"2019-09-25T13:23:39","slug":"protezione-dei-dati","status":"publish","type":"page","link":"https:\/\/ch2021.ch\/it\/protezione-dei-dati\/","title":{"rendered":"Protezione dei dati"},"content":{"rendered":"\n<style type=\"text\/css\" data-created_by=\"avia_inline_auto\" id=\"style-css-av-jkjmqted-57c62d31ce77913b385793f42d8cc96f\">\n.avia-section.av-jkjmqted-57c62d31ce77913b385793f42d8cc96f{\nbackground-color:#ff7707;\nbackground:linear-gradient( to bottom right, #ff7707, #f6e9d3 );\n}\n.avia-section.av-jkjmqted-57c62d31ce77913b385793f42d8cc96f .av-extra-border-element .av-extra-border-inner{\nbackground-color:#ffffff;\n}\n<\/style>\n<div id='av_section_1'  class='avia-section av-jkjmqted-57c62d31ce77913b385793f42d8cc96f header_color avia-section-no-padding avia-no-shadow  avia-builder-el-0  el_before_av_section  avia-builder-el-first  avia-bg-style-scroll av-minimum-height av-minimum-height-custom av-height-custom  container_wrap sidebar_right'   data-av_minimum_height_px='350'><div class='container av-section-cont-open' style='height:350px'><main  role=\"main\" itemprop=\"mainContentOfPage\"  class='template-page content  av-content-small alpha units'><div class='post-entry post-entry-type-page post-entry-221'><div class='entry-content-wrapper clearfix'>\n\n<style type=\"text\/css\" data-created_by=\"avia_inline_auto\" id=\"style-css-av-1xn9f-60a3102d85cb0bac4be34634a8c4da3f\">\n.flex_column.av-1xn9f-60a3102d85cb0bac4be34634a8c4da3f{\nborder-radius:0px 0px 0px 0px;\npadding:0px 0px 0px 0px;\n}\n<\/style>\n<div  class='flex_column av-1xn9f-60a3102d85cb0bac4be34634a8c4da3f av_one_full  avia-builder-el-1  avia-builder-el-no-sibling  first flex_column_div av-animated-generic pop-up av-zero-column-padding  '     ><style type=\"text\/css\" data-created_by=\"avia_inline_auto\" id=\"style-css-av-jz1cw9fc-60e0a99fbb0e76eff2966af170fb0511\">\n#top .av-special-heading.av-jz1cw9fc-60e0a99fbb0e76eff2966af170fb0511{\npadding-bottom:10px;\ncolor:#ffffff;\nfont-size:5vw;\n}\nbody .av-special-heading.av-jz1cw9fc-60e0a99fbb0e76eff2966af170fb0511 .av-special-heading-tag .heading-char{\nfont-size:25px;\n}\n#top #wrap_all .av-special-heading.av-jz1cw9fc-60e0a99fbb0e76eff2966af170fb0511 .av-special-heading-tag{\nfont-size:5vw;\n}\n.av-special-heading.av-jz1cw9fc-60e0a99fbb0e76eff2966af170fb0511 .special-heading-inner-border{\nborder-color:#ffffff;\n}\n.av-special-heading.av-jz1cw9fc-60e0a99fbb0e76eff2966af170fb0511 .av-subheading{\nfont-size:15px;\n}\n\n@media only screen and (min-width: 480px) and (max-width: 767px){ \n#top #wrap_all .av-special-heading.av-jz1cw9fc-60e0a99fbb0e76eff2966af170fb0511 .av-special-heading-tag{\nfont-size:0.8em;\n}\n}\n\n@media only screen and (max-width: 479px){ \n#top #wrap_all .av-special-heading.av-jz1cw9fc-60e0a99fbb0e76eff2966af170fb0511 .av-special-heading-tag{\nfont-size:0.8em;\n}\n}\n<\/style>\n<div  class='av-special-heading av-jz1cw9fc-60e0a99fbb0e76eff2966af170fb0511 av-special-heading-h1 custom-color-heading blockquote modern-quote  avia-builder-el-2  avia-builder-el-no-sibling  av-inherit-size'><h1 class='av-special-heading-tag '  itemprop=\"headline\"  >Protezione dei dati<\/h1><div class=\"special-heading-border\"><div class=\"special-heading-inner-border\"><\/div><\/div><\/div><\/div>\n\n<\/div><\/div><\/main><!-- close content main element --><\/div><div class='av-extra-border-element border-extra-diagonal border-extra-diagonal-inverse '><div class='av-extra-border-outer'><div class='av-extra-border-inner'><\/div><\/div><\/div><\/div><div id='av_section_2'  class='avia-section av-dnjdx-63dc0169ad440963af5904d5ef978916 main_color avia-section-default avia-no-border-styling  avia-builder-el-3  el_after_av_section  avia-builder-el-last  avia-bg-style-scroll container_wrap sidebar_right'  ><div class='container av-section-cont-open' ><div class='template-page content  av-content-small alpha units'><div class='post-entry post-entry-type-page post-entry-221'><div class='entry-content-wrapper clearfix'>\n\n<style type=\"text\/css\" data-created_by=\"avia_inline_auto\" id=\"style-css-av-av_heading-ca5040efaaa1a6d8ea6bf1c8cf75dd6a\">\n#top .av-special-heading.av-av_heading-ca5040efaaa1a6d8ea6bf1c8cf75dd6a{\npadding-bottom:10px;\n}\nbody .av-special-heading.av-av_heading-ca5040efaaa1a6d8ea6bf1c8cf75dd6a .av-special-heading-tag .heading-char{\nfont-size:25px;\n}\n.av-special-heading.av-av_heading-ca5040efaaa1a6d8ea6bf1c8cf75dd6a .av-subheading{\nfont-size:15px;\n}\n<\/style>\n<div  class='av-special-heading av-av_heading-ca5040efaaa1a6d8ea6bf1c8cf75dd6a av-special-heading-h2 blockquote modern-quote  avia-builder-el-4  el_before_av_textblock  avia-builder-el-first '><h2 class='av-special-heading-tag '  itemprop=\"headline\"  >Dichiarazione sulla protezione dei dati<\/h2><div class=\"special-heading-border\"><div class=\"special-heading-inner-border\"><\/div><\/div><\/div>\n<section  class='av_textblock_section av-bu57x-bf9b68fe06d2fd492fadd7a704d3b456 '   itemscope=\"itemscope\" itemtype=\"https:\/\/schema.org\/CreativeWork\" ><div class='avia_textblock'  itemprop=\"text\" ><h3>&nbsp;&nbsp;<\/h3>\n<h3>1. Panoramica sulla protezione dei dati<\/h3>\n<h4><strong>Indicazioni generali<\/strong><\/h4>\n<p>Le indicazioni seguenti forniscono una semplice panoramica della gestione dei vostri dati personali quando visitate il nostro sito. Sono considerati personali tutti i dati con i quali potete essere identificati.&nbsp;<\/p>\n<h4><strong>Rilevamento di dati sul nostro sito<\/strong><\/h4>\n<p><strong>Chi \u00e8 responsabile del rilevamento di dati su questo sito?<\/strong><\/p>\n<p>Del trattamento dei dati si occupa il gestore del sito, i cui dati di contatto sono riportati nell\u2019impressum.<\/p>\n<p><strong>Come vengono rilevati i dati?<\/strong><\/p>\n<p>Alcuni dati ci vengono comunicati direttamente da voi, per esempio immettendoli in un modulo di contatto.<\/p>\n<p>Altri vengono rilevati automaticamente dai nostri sistemi informatici a ogni visita del sito. Si tratta in particolare di dati tecnici (p.es. browser internet, sistema operativo oppure ora dell\u2019accesso).<\/p>\n<p><strong>A che cosa servono questi dati?<\/strong><\/p>\n<p>Una parte dei dati viene rilevata onde garantire il funzionamento corretto del sito, altri possono essere utilizzati per analizzare il comportamento degli utenti.<\/p>\n<p><strong>Quali diritti avete in relazione a tali dati?<\/strong><\/p>\n<p>Avete in qualsiasi momento il diritto di ricevere gratuitamente informazioni sull\u2019origine, i destinatari e lo scopo dei dati personali salvati, e di esigerne la rettifica, il blocco o la cancellazione. A tale scopo, e per altre domande sul tema della protezione dei dati, potete rivolgervi in qualsiasi momento all\u2019indirizzo indicato nell\u2019impressum. Godete altres\u00ec del diritto di ricorso all\u2019autorit\u00e0 di vigilanza competente.<\/p>\n<p>In determinate circostanze, avete inoltre il diritto di esigere la limitazione del trattamento dei vostri dati personali. Trovate maggiori dettagli nella dichiarazione sulla protezione dei dati alla voce \u00abDiritto alla limitazione del trattamento\u00bb.<\/p>\n<h4><strong>Utilizzo di Google Analytics<\/strong><\/h4>\n<p>Utilizziamo Google Analytics per analizzare l&#8217;utilizzo del sito web. I dati cos\u00ec ottenuti saranno utilizzati per il monitoraggio del nostro sito web e per ottimizzare le nostre campagne pubblicitarie.&nbsp;<\/p>\n<p>Google Analytics \u00e8 un servizio di analisi web fornito da <em>Google Inc. <\/em>(1600 Amphitheatre Parkway, Mountain View, CA 94043, Stati Uniti). Google elabora i dati per l&#8217;utilizzo del sito web per nostro conto e si impegna contrattualmente ad adottare le misure necessarie a garantire la riservatezza dei dati trattati.<\/p>\n<p>Durante la visita dell&#8217;utente al nostro sito web saranno registrati i seguenti dati:<\/p>\n<ul>\n<li>Pagine visitate<\/li>\n<li>Il comportamento dell&#8217;utente sulle pagine (es. clic e durata della visita)<\/li>\n<li>Posizione approssimativa (paese e citt\u00e0)<\/li>\n<li>Indirizzo IP (in forma abbreviata, in modo che non sia possibile un&#8217;assegnazione univoca)<\/li>\n<li>Informazioni tecniche come browser, fornitore Internet, dispositivo e risoluzione dello schermo<\/li>\n<li>Fonte di origine della visita (cio\u00e8 attraverso quale sito web o pubblicit\u00e0 l&#8217;utente \u00e8 arrivato a noi)<\/li>\n<\/ul>\n<p>Questi dati vengono trasferiti a un server di Google negli Stati Uniti. Google rispetter\u00e0 le disposizioni sulla privacy dell&#8217;accordo UE-USA sulla protezione della privacy.<\/p>\n<p>Google Analytics memorizza i cookie nel browser dell&#8217;utente per un periodo di due anni dalla sua ultima visita. Questi cookie contengono un ID utente generato in modo casuale che pu\u00f2 essere utilizzato per riconoscere l&#8217;utente durante le visite future al sito web.<\/p>\n<p>I dati registrati vengono memorizzati insieme all&#8217;ID utente generato casualmente, che consente di valutare profili utente pseudonimi. Questi dati relativi all&#8217;utente vengono automaticamente cancellati dopo 14 mesi. Gli altri dati restano memorizzati in forma aggregata per un periodo di tempo indeterminato.<\/p>\n<p>Se l&#8217;utente non \u00e8 d&#8217;accordo con la registrazione, pu\u00f2 disattivarla installando una sola volta i <a href=\"https:\/\/tools.google.com\/dlpage\/gaoptout?hl=de\" target=\"_blank\" rel=\"noopener noreferrer\">componenti aggiuntivi del browser per disabilitare Google Analytics<\/a>.<\/p>\n<h3><strong>2. Indicazioni generali e informazioni obbligatorie<\/strong><\/h3>\n<h4><strong>Ente responsabile<\/strong><\/h4>\n<p>Responsabile per il trattamento dei dati su questo sito:<\/p>\n<p><strong>Associazione CH2021<\/strong><br \/>\nStauffacherstrasse 149, 8004 Zurigo<strong>&nbsp;<\/strong><\/p>\n<p><strong>Rappresentata dal Comitato (v. impressum) e dalla Presidente:<\/strong><br \/>\nZita K\u00fcng (contatto:&nbsp;<a href=\"mailto:kueng@ch2021.ch\">kueng@ch2021.ch<\/a>)<\/p>\n<p>L\u2019ente responsabile \u00e8 la persona fisica o giuridica che, singolarmente o insieme ad altri, determina le finalit\u00e0 e i mezzi del trattamento di dati personali (p.es. nomi, indirizzi e-mail ecc.).<\/p>\n<h4><strong>Revoca del consenso al trattamento dei dati<\/strong><\/h4>\n<p>Molti processi di trattamento dei dati sono possibili solo con il vostro consenso esplicito, che pu\u00f2 essere revocato in qualsiasi momento. A tale scopo, basta scriverci un\u2019e-mail informale. La revoca non tange la legittimit\u00e0 del trattamento effettuato fino a quel momento.<\/p>\n<h4><strong>Diritto di ricorso all\u2019autorit\u00e0 di vigilanza competente<\/strong><\/h4>\n<p>In caso di violazione del GDPR (Regolamento generale sulla protezione dei dati), godete del diritto di ricorso all\u2019autorit\u00e0 di vigilanza competente, in particolare nello Stato membro in cui risiedete regolarmente, in cui lavorate o in cui si \u00e8 consumata la presunta violazione. Il diritto di ricorso sussiste a prescindere da eventuali altri strumenti ausiliari di ordine amministrativo o giudiziario.<\/p>\n<h4><strong>Diritto di portabilit\u00e0 dei dati<\/strong><\/h4>\n<p>Avete il diritto di farvi consegnare o di far consegnare a terzi in un formato elettronico comune e leggibile i dati trattati automaticamente sulla base del vostro consenso o per l\u2019adempimento di un contratto. Qualora richiediate il trasferimento dei dati a un altro responsabile, l\u2019operazione viene effettuata solo nella misura in cui sia tecnicamente fattibile.<\/p>\n<h4><strong>Codifica SSL, rispettivamente TLS<\/strong><\/h4>\n<p>Per questioni di sicurezza e a protezione della trasmissione di contenuti confidenziali, come ordinazioni o richieste inviate ai gestori, questo sito si avvale di una codifica SSL, rispettivamente TLS. Riconoscete un collegamento codificato dal fatto che l\u2019indirizzo nel browser \u00e8 \u00abhttps:\/\/\u00bb (e non \u00abhttp:\/\/\u00bb) e dall\u2019icona con il lucchetto nella riga del browser.<\/p>\n<p>Quando la codifica SSL, rispettivamente TLS \u00e8 attivata, i dati che ci inviate non possono essere letti da terzi.<\/p>\n<h4><strong>Informazione, blocco, cancellazione<\/strong><\/h4>\n<p>Nel quadro delle disposizioni legali vigenti, avete in qualsiasi momento il diritto di essere informati gratuitamente sui vostri dati personali salvati, sulla loro origine, sui destinatari e sullo scopo del trattamento, nonch\u00e9 di rettificare, bloccare o cancellare tali dati. A tale scopo, e per altre domande sul tema dei dati personali, potete rivolgervi in qualsiasi momento all\u2019indirizzo indicato nell\u2019impressum.<\/p>\n<h4><strong>Opposizione alle e-mail pubblicitarie<\/strong><\/h4>\n<p>L\u2019utilizzo dei dati di contatto dell\u2019impressum per l\u2019invio di materiale pubblicitario e\/o informativo non esplicitamente richiesto non \u00e8 ammesso. I gestori del sito si riservano la possibilit\u00e0 di adire le vie legali in caso di diffusione non richiesta di informazioni pubblicitarie, per esempio e-mail spam.<\/p>\n<h3><strong>3. Rilevamento di dati sul nostro sito<\/strong><\/h3>\n<h4><strong>Cookie<\/strong><\/h4>\n<p>Le pagine internet utilizzano in parte cosiddetti cookie, i quali non provocano danni al computer e non contengono virus. I cookie servono a rendere la nostra offerta pi\u00f9 facilmente fruibile, efficiente e sicura. Si tratta di piccoli file di testo salvati dal browser sul vostro computer.<\/p>\n<p>Noi utilizziamo prevalentemente cosiddetti cookie di sessione, che vengono cancellati automaticamente alla fine della visita. Altri cookie restano invece nel computer finch\u00e9 non li cancellate e ci consentono di riconoscere il vostro browser a una visita successiva.<\/p>\n<p>Potete impostare il browser in modo da essere informati quando vengono generati cookie, da accettare i cookie solo in singoli casi o da escluderli del tutto. \u00c8 altres\u00ec possibile attivare la cancellazione automatica dei cookie alla chiusura del browser. La disattivazione dei cookie pu\u00f2 limitare la funzionalit\u00e0 del sito.<\/p>\n<p>I cookie necessari per i processi di comunicazione elettronici o per la messa a disposizione di determinate funzioni da voi richieste (p.es. carrello per gli acquisti) vengono salvati ai sensi dell\u2019art. 6, cpv. 1, lett. f GDPR. Il gestore del sito ha un legittimo interesse a salvare i cookie al fine di garantire una messa a disposizione tecnicamente esente da errori e ottimale dei suoi servizi. Nella misura in cui vengano salvati altri cookie (p.es. per l\u2019analisi del comportamento di navigazione), questi ultimi vengono trattati separatamente nella presente dichiarazione sulla protezione dei dati.<\/p>\n<h4><strong>File di log del server<\/strong><\/h4>\n<p>Il provider delle pagine rileva e salva automaticamente informazioni in cosiddetti file di log del server, che il browser ci trasmette automaticamente. Si tratta:<\/p>\n<ul>\n<li>del tipo e della versione del browser;<\/li>\n<li>del sistema operativo utilizzato;<\/li>\n<li>dell\u2019URL di riferimento;<\/li>\n<li>del nome host del computer utilizzato;<\/li>\n<li>dell\u2019ora della richiesta al server;<\/li>\n<li>dell\u2019indirizzo IP.<\/li>\n<\/ul>\n<p>Questi dati non vengono uniti ad altre fonti di dati.<\/p>\n<p>La base per il trattamento dei dati \u00e8 l\u2019art. 6, cpv. 1, lett. f GDPR, il quale autorizza il trattamento di dati per l\u2019adempimento di un contratto o per l\u2019adozione di misure precontrattuali.<\/p>\n<h4><strong>Modulo di contatto<\/strong><\/h4>\n<p>Se ci inviate richieste tramite modulo di contatto, le indicazioni riportate, inclusi i dati di contatto immessi, vengono salvati per consentirci di elaborare la vostra domanda e di rispondere a eventuali domande successive. Questi dati non vengono trasmessi a terzi senza il vostro consenso.<\/p>\n<p>Il trattamento dei dati immessi nel modulo di contatto avviene quindi esclusivamente sulla base del vostro consenso (art. 6, cpv. 1, lett. a GDPR), il quale pu\u00f2 essere revocato in qualsiasi momento. A tale scopo, basta scriverci un\u2019e-mail informale. La revoca non tange la legittimit\u00e0 del trattamento effettuato fino a quel momento.<\/p>\n<p>I dati immessi nel modulo di contatto restano in nostro possesso finch\u00e9 non ne richiedete la cancellazione, non revocate il consenso alla conservazione o non viene meno lo scopo della conservazione (p.es. al termine dell\u2019elaborazione della vostra richiesta). Tutto ci\u00f2 non ha alcun influsso sulle disposizioni giuridiche vincolanti, in particolare riguardo ai termini di conservazione.<\/p>\n<h4><strong>Registrazione sul sito<\/strong><\/h4>\n<p>Potete registrarvi sul nostro sito per avvalervi di funzioni supplementari. I dati immessi vengono utilizzati solo nel quadro dell\u2019offerta o del servizio per cui vi siete registrati. Le indicazioni obbligatorie al momento della registrazione devono essere immesse in modo completo. In caso contrario, la registrazione viene rifiutata.<\/p>\n<p>Per importanti cambiamenti (p.es. della portata dell\u2019offerta) oppure in caso di necessit\u00e0 di modifiche tecniche, vi informiamo scrivendo all\u2019indirizzo e-mail indicato al momento della registrazione.<\/p>\n<p>Il trattamento dei dati immessi al momento della registrazione avviene sulla base del vostro consenso (art. 6, cpv. 1, lett. a GDPR), il quale pu\u00f2 essere revocato in qualsiasi momento. A tale scopo, basta scriverci un\u2019e-mail informale. La revoca non tange la legittimit\u00e0 del trattamento effettuato fino a quel momento.<\/p>\n<p>I dati rilevati al momento della registrazione vengono conservati finch\u00e9 restate registrati sul nostro sito. In seguito, vengono cancellati. Tutto ci\u00f2 non ha alcun influsso sui termini legali di conservazione.<\/p>\n<h3><strong>4. Media sociali<\/strong><\/h3>\n<h4><strong>Condividere contenuti tramite plugin (Facebook, Google+1, Twitter ecc.)<\/strong><\/h4>\n<p>I contenuti del nostro sito possono essere condivisi, nel rispetto della protezione dei dati, su reti sociali come Facebook, Twitter o Google+. A tale scopo, il sito si avvale dei pulsanti \u00abShariff\u00bb, concepiti da specialisti della rivista di informatica \u00abc\u2019t\u00bb per incrementare la tutela della sfera privata in internet e sostituire i consueti pulsanti di condivisione (\u00abShare\u00bb) delle reti sociali. Trovate maggiori informazioni (in tedesco) sul progetto Shariff all\u2019indirizzo http:\/\/www.heise.de\/ct\/artikel\/Shariff-Social-Media-Buttons-mit-Datenschutz-2467514.html. Questo strumento crea il contatto diretto tra rete e utente solo quando quest\u2019ultimo clicca il pulsante in questione.<\/p>\n<p>Lo strumento non prevede una trasmissione automatica dei dati dell\u2019utente ai gestori di queste piattaforme. Se l\u2019utente \u00e8 iscritto a una rete sociale, al momento di utilizzare i pulsanti di Facebook, Google+1, Twitter ecc. appare una finestra informativa in cui \u00e8 possibile confermare il testo prima dell\u2019invio.<\/p>\n<p>I nostri utenti possono condividere, nel rispetto della protezione dei dati, i contenuti di questo sito sulle reti sociali senza che i rispettivi gestori allestiscano profili completi di navigazione. Con l\u2019ausilio del pulsante Google+, potete pubblicare informazioni in tutto il mondo. Voi e altri utenti ricevete contenuti personalizzati da Google e dai nostri partner. Google salva sia le informazioni fornite per un contenuto +1 sia le informazioni sulla pagina visitata nel momento in cui si clicca su +1. I vostri +1 possono essere visualizzati unitamente al vostro nome del profilo e alla vostra foto nei servizi Google, come per esempio nei risultati di ricerca o nel vostro profilo o in altre sezioni del sito e annunci in internet.<\/p>\n<h3><strong>6. Plugin e strumenti<\/strong><\/h3>\n<p>Il nostro sito utilizza plugin di YouTube, il cui gestore \u00e8 YouTube, LLC, 901 Cherry Ave., San Bruno, CA 94066, USA.<\/p>\n<p>Utilizziamo YouTube in modalit\u00e0 avanzata di protezione dei dati. Secondo YouTube, con questa modalit\u00e0 non vengono salvate informazioni sui visitatori del sito prima che guardino un video. L\u2019inoltro di dati a partner di YouTube non \u00e8 invece imperativamente esclusa. Indipendentemente dal fatto che guardiate un video, YouTube crea un collegamento con la rete Google DoubleClick.<\/p>\n<p>Non appena avviate un video di YouTube sul nostro sito, si crea un collegamento con i server di YouTube, ai quali si comunica quale pagina \u00e8 stata visitata. Se avete effettuato l\u2019accesso al vostro conto YouTube, consentite a YouTube di assegnare il vostro comportamento di navigazione direttamente al vostro profilo personale. Tale operazione pu\u00f2 essere impedita uscendo dal conto YouTube (logout).<\/p>\n<p>Una volta avviato un video, YouTube pu\u00f2 inoltre salvare diversi cookie sul vostro computer. Con l\u2019ausilio di questi cookie, YouTube riceve informazioni sui visitatori del nostro sito, informazioni utilizzate per esempio per allestire statistiche, migliorare la facilit\u00e0 di utilizzo e prevenire tentativi di truffa. I cookie restano sul vostro computer finch\u00e9 non li cancellate.<\/p>\n<p>\u00c8 possibile che l\u2019avvio di un video di YouTube generi altri processi di trattamento di dati sui quali non abbiamo alcuna influenza.<\/p>\n<p>L\u2019utilizzo di YouTube avviene nell\u2019interesse di una rappresentazione accattivante delle nostre offerte online. Ci\u00f2 rappresenta un legittimo interesse ai sensi dell\u2019art. 6, cpv. 1, lett. f GDPR.<\/p>\n<p>Trovate maggiori informazioni sulla protezione dei dati presso YouTube nella relativa dichiarazione all\u2019indirizzo https:\/\/www.youtube.com\/t\/privacy_at_youtube.<\/p>\n<p>Stato: luglio 2019<\/p>\n<\/div><\/section>\n<\/div><\/div><\/div><!-- close content main div --><\/div><\/div><div id='after_section_2'  class='main_color av_default_container_wrap container_wrap sidebar_right'  ><div class='container av-section-cont-open' ><div class='template-page content  av-content-small alpha units'><div class='post-entry post-entry-type-page post-entry-221'><div class='entry-content-wrapper clearfix'>\n","protected":false},"excerpt":{"rendered":"","protected":false},"author":2,"featured_media":0,"parent":0,"menu_order":0,"comment_status":"closed","ping_status":"closed","template":"","meta":{"_monsterinsights_skip_tracking":false,"_monsterinsights_sitenote_active":false,"_monsterinsights_sitenote_note":"","_monsterinsights_sitenote_category":0,"footnotes":""},"class_list":["post-221","page","type-page","status-publish","hentry"],"_links":{"self":[{"href":"https:\/\/ch2021.ch\/it\/wp-json\/wp\/v2\/pages\/221","targetHints":{"allow":["GET"]}}],"collection":[{"href":"https:\/\/ch2021.ch\/it\/wp-json\/wp\/v2\/pages"}],"about":[{"href":"https:\/\/ch2021.ch\/it\/wp-json\/wp\/v2\/types\/page"}],"author":[{"embeddable":true,"href":"https:\/\/ch2021.ch\/it\/wp-json\/wp\/v2\/users\/2"}],"replies":[{"embeddable":true,"href":"https:\/\/ch2021.ch\/it\/wp-json\/wp\/v2\/comments?post=221"}],"version-history":[{"count":5,"href":"https:\/\/ch2021.ch\/it\/wp-json\/wp\/v2\/pages\/221\/revisions"}],"predecessor-version":[{"id":3462,"href":"https:\/\/ch2021.ch\/it\/wp-json\/wp\/v2\/pages\/221\/revisions\/3462"}],"wp:attachment":[{"href":"https:\/\/ch2021.ch\/it\/wp-json\/wp\/v2\/media?parent=221"}],"curies":[{"name":"wp","href":"https:\/\/api.w.org\/{rel}","templated":true}]}}