{"id":2660,"date":"2019-07-15T14:06:38","date_gmt":"2019-07-15T12:06:38","guid":{"rendered":"https:\/\/ch2021.ch\/?page_id=2660"},"modified":"2019-08-09T12:49:23","modified_gmt":"2019-08-09T10:49:23","slug":"conseil-et-equipe","status":"publish","type":"page","link":"https:\/\/ch2021.ch\/it\/conseil-et-equipe\/","title":{"rendered":"Conseil et \u00e9quipe"},"content":{"rendered":"\n<style type=\"text\/css\" data-created_by=\"avia_inline_auto\" id=\"style-css-av-jkjmqted-36c5bc68f932c28228832b535c37b23f\">\n.avia-section.av-jkjmqted-36c5bc68f932c28228832b535c37b23f{\nbackground-color:#7ecdca;\nbackground:linear-gradient( to bottom right, #7ecdca, #ff7707 );\n}\n.avia-section.av-jkjmqted-36c5bc68f932c28228832b535c37b23f .av-extra-border-element .av-extra-border-inner{\nbackground-color:#ffffff;\n}\n<\/style>\n<div id='av_section_1'  class='avia-section av-jkjmqted-36c5bc68f932c28228832b535c37b23f header_color avia-section-no-padding avia-no-shadow  avia-builder-el-0  el_before_av_section  avia-builder-el-first  avia-bg-style-scroll av-minimum-height av-minimum-height-custom av-height-custom  container_wrap sidebar_right'   data-av_minimum_height_px='350'><div class='container av-section-cont-open' style='height:350px'><main  role=\"main\" itemprop=\"mainContentOfPage\"  class='template-page content  av-content-small alpha units'><div class='post-entry post-entry-type-page post-entry-2660'><div class='entry-content-wrapper clearfix'>\n\n<style type=\"text\/css\" data-created_by=\"avia_inline_auto\" id=\"style-css-av-1xn9f-60a3102d85cb0bac4be34634a8c4da3f\">\n.flex_column.av-1xn9f-60a3102d85cb0bac4be34634a8c4da3f{\nborder-radius:0px 0px 0px 0px;\npadding:0px 0px 0px 0px;\n}\n<\/style>\n<div  class='flex_column av-1xn9f-60a3102d85cb0bac4be34634a8c4da3f av_one_full  avia-builder-el-1  avia-builder-el-no-sibling  first flex_column_div av-animated-generic pop-up av-zero-column-padding  '     ><style type=\"text\/css\" data-created_by=\"avia_inline_auto\" id=\"style-css-av-jz3zmjin-c48382843057410e7950255e2d10b4bb\">\n#top .av-special-heading.av-jz3zmjin-c48382843057410e7950255e2d10b4bb{\nmargin:0 0 0 0;\npadding-bottom:10px;\ncolor:#ffffff;\nfont-size:5vw;\n}\nbody .av-special-heading.av-jz3zmjin-c48382843057410e7950255e2d10b4bb .av-special-heading-tag .heading-char{\nfont-size:25px;\n}\n#top #wrap_all .av-special-heading.av-jz3zmjin-c48382843057410e7950255e2d10b4bb .av-special-heading-tag{\nfont-size:5vw;\n}\n.av-special-heading.av-jz3zmjin-c48382843057410e7950255e2d10b4bb .special-heading-inner-border{\nborder-color:#ffffff;\n}\n.av-special-heading.av-jz3zmjin-c48382843057410e7950255e2d10b4bb .av-subheading{\nfont-size:23px;\n}\n\n@media only screen and (min-width: 480px) and (max-width: 767px){ \n#top #wrap_all .av-special-heading.av-jz3zmjin-c48382843057410e7950255e2d10b4bb .av-special-heading-tag{\nfont-size:0.8em;\n}\n}\n\n@media only screen and (max-width: 479px){ \n#top #wrap_all .av-special-heading.av-jz3zmjin-c48382843057410e7950255e2d10b4bb .av-special-heading-tag{\nfont-size:0.8em;\n}\n}\n<\/style>\n<div  class='av-special-heading av-jz3zmjin-c48382843057410e7950255e2d10b4bb av-special-heading-h1 custom-color-heading blockquote modern-quote  avia-builder-el-2  avia-builder-el-no-sibling  av-inherit-size'><h1 class='av-special-heading-tag '  itemprop=\"headline\"  >Conseil et \u00e9quipe<\/h1><div class=\"special-heading-border\"><div class=\"special-heading-inner-border\"><\/div><\/div><\/div><\/div><\/div><\/div><\/main><!-- close content main element --><\/div><div class='av-extra-border-element border-extra-diagonal border-extra-diagonal-inverse '><div class='av-extra-border-outer'><div class='av-extra-border-inner'><\/div><\/div><\/div><\/div><div id='av_section_2'  class='avia-section av-jkjmqted-6e72a3dbdbab44809a2195f75cbe6dd8 main_color avia-section-default avia-no-border-styling  avia-builder-el-3  el_after_av_section  avia-builder-el-last  avia-bg-style-scroll container_wrap sidebar_right'  ><div class='container av-section-cont-open' ><div class='template-page content  av-content-small alpha units'><div class='post-entry post-entry-type-page post-entry-2660'><div class='entry-content-wrapper clearfix'>\n<section  class='av_textblock_section av-jxyr5f1o-6a816a62f16355275800b2c738b7c461 '   itemscope=\"itemscope\" itemtype=\"https:\/\/schema.org\/CreativeWork\" ><div class='avia_textblock'  itemprop=\"text\" ><h2>Vorstand<\/h2>\n<p>Der Vorstand von CH2021 arbeitet ehrenamtlich. Gegenw\u00e4rtig engagieren sich im Vorstand:<\/p>\n<\/div><\/section>\n\n<style type=\"text\/css\" data-created_by=\"avia_inline_auto\" id=\"style-css-av-6lkn17-acb04b16a4e7eeb860502a78c87bcb45\">\n.flex_column.av-6lkn17-acb04b16a4e7eeb860502a78c87bcb45{\nborder-radius:0px 0px 0px 0px;\npadding:0px 0px 0px 0px;\n}\n<\/style>\n<div  class='flex_column av-6lkn17-acb04b16a4e7eeb860502a78c87bcb45 av_one_third  avia-builder-el-5  el_after_av_textblock  el_before_av_one_third  first flex_column_div av-zero-column-padding  column-top-margin'     ><section  class='avia-team-member av-jy496p8d-5380d71860e8de91f04d05bc8cc79f8a  avia-builder-el-6  avia-builder-el-no-sibling '  itemscope=\"itemscope\" itemtype=\"https:\/\/schema.org\/Person\" ><div class=\"team-img-container\"><img fetchpriority=\"high\" class='wp-image-1930 avia-img-lazy-loading-not-1930 avia_image avia_image_team' src='https:\/\/ch2021.ch\/wp-content\/uploads\/2019\/07\/Zita-Ku\u0308ng-2018-Oeschger-300x200.jpg' alt='Zita K\u00fcng'  itemprop=\"image\"   \/><\/div><h3 class='team-member-name '  itemprop=\"name\" >Zita K\u00fcng<\/h3><div class='team-member-job-title '  itemprop=\"jobTitle\" >Pr\u00e4sidentin<\/div><div class='team-member-description '  itemprop=\"description\" ><p>Zita K\u00fcng ist Juristin und Organisationsentwicklerin sowie selbst\u00e4ndig als Beraterin f\u00fcr Regierungen, Verwaltungen, Organisationen und Betriebe mit Fokus auf Geschlechterfragen t\u00e4tig. Ausserdem ist sie F\u00fchrungskr\u00e4ftecoach und Frauenf\u00f6rderin. Sie war die erste Leiterin des Gleichstellungsb\u00fcros der Stadt Z\u00fcrich und ist ehemaliges Gesch\u00e4ftsleitungsmitglied der Gewerkschaft Bau &amp; Industrie (heute Unia). Heute engagiert sie sich als Stiftungsr\u00e4tin bei dem Verein FRI und ist Vorstandsfrau der Juristinnen Schweiz.<\/p>\n<\/div><span class='hidden team-member-affiliation'  itemprop=\"affiliation\" >CH2021<\/span><\/section><\/div>\n<style type=\"text\/css\" data-created_by=\"avia_inline_auto\" id=\"style-css-av-4095ob-a693455823b7694a266ecfcf499b3555\">\n.flex_column.av-4095ob-a693455823b7694a266ecfcf499b3555{\nborder-radius:0px 0px 0px 0px;\npadding:0px 0px 0px 0px;\n}\n<\/style>\n<div  class='flex_column av-4095ob-a693455823b7694a266ecfcf499b3555 av_one_third  avia-builder-el-7  el_after_av_one_third  el_before_av_one_third  flex_column_div av-zero-column-padding  column-top-margin'     ><section  class='avia-team-member av-jy496p8d-a93f5b5701cfd1fb6f6c10a4ea1f8fe4  avia-builder-el-8  avia-builder-el-no-sibling '  itemscope=\"itemscope\" itemtype=\"https:\/\/schema.org\/Person\" ><div class=\"team-img-container\"><img fetchpriority=\"high\" class='wp-image-2037 avia-img-lazy-loading-not-2037 avia_image avia_image_team' src='https:\/\/ch2021.ch\/wp-content\/uploads\/2019\/07\/Andrea-1-300x200.jpeg' alt='Andrea Maihofer'  itemprop=\"image\"   \/><\/div><h3 class='team-member-name '  itemprop=\"name\" >Andrea Maihofer<\/h3><div class='team-member-description '  itemprop=\"description\" ><p>Andrea Maihofer ist seit M\u00e4rz 2001 Professorin f\u00fcr Geschlechterforschung und Leiterin des Zentrum Gender Studies an der Universit\u00e4t Basel. Seit 2002 ist sie ausserdem Leiterin des Basler Gender-Graduiertenkollegs sowie seit 2004 Leiterin des SUK-Kooperationsprojektes Gender Studies Schweiz. (Text von Uni-Webseite, eigener Text noch nicht eingereicht)<\/p>\n<\/div><span class='hidden team-member-affiliation'  itemprop=\"affiliation\" >CH2021<\/span><\/section><\/div>\n<style type=\"text\/css\" data-created_by=\"avia_inline_auto\" id=\"style-css-av-6lkn17-6c7086f3d3ed85b0a727e7f6cea76414\">\n.flex_column.av-6lkn17-6c7086f3d3ed85b0a727e7f6cea76414{\nborder-radius:0px 0px 0px 0px;\npadding:0px 0px 0px 0px;\n}\n<\/style>\n<div  class='flex_column av-6lkn17-6c7086f3d3ed85b0a727e7f6cea76414 av_one_third  avia-builder-el-9  el_after_av_one_third  el_before_av_one_third  flex_column_div av-zero-column-padding  column-top-margin'     ><section  class='avia-team-member av-jy496p8d-7b0061fa6035fcf35d74ffa35ca3ddd7  avia-builder-el-10  avia-builder-el-no-sibling '  itemscope=\"itemscope\" itemtype=\"https:\/\/schema.org\/Person\" ><div class=\"team-img-container\"><img fetchpriority=\"high\" class='wp-image-2028 avia-img-lazy-loading-not-2028 avia_image avia_image_team' src='https:\/\/ch2021.ch\/wp-content\/uploads\/2019\/07\/Elke_Zappe_2-300x200.jpg' alt='Elke Zappe'  itemprop=\"image\"   height=\"200\" width=\"300\" \/><\/div><h3 class='team-member-name '  itemprop=\"name\" >Elke Zappe<\/h3><div class='team-member-description '  itemprop=\"description\" ><p>Elke Zappe war nach dem Studium der Wirtschaftswissenschaften in Marketingberatungen in Deutschland und der Schweiz t\u00e4tig. Sie hat langj\u00e4hrige Erfahrung als Gesch\u00e4ftsleitungsmitglied in Bereich Wirtschaftsmedien, Directories und FinTech. Seit sechs Jahren ist sie Unternehmerin f\u00fcr business development und parallel verantwortlich f\u00fcr den Aufbau des neuen BioEntrepreneurship &amp; Innovation (BEI) Programm der Universit\u00e4t Z\u00fcrich zur Unterst\u00fctzung von Life Sciences Spin-offs.<\/p>\n<\/div><span class='hidden team-member-affiliation'  itemprop=\"affiliation\" >CH2021<\/span><\/section><\/div>\n<style type=\"text\/css\" data-created_by=\"avia_inline_auto\" id=\"style-css-av-6lkn17-acb04b16a4e7eeb860502a78c87bcb45\">\n.flex_column.av-6lkn17-acb04b16a4e7eeb860502a78c87bcb45{\nborder-radius:0px 0px 0px 0px;\npadding:0px 0px 0px 0px;\n}\n<\/style>\n<div  class='flex_column av-6lkn17-acb04b16a4e7eeb860502a78c87bcb45 av_one_third  avia-builder-el-11  el_after_av_one_third  el_before_av_one_third  first flex_column_div av-zero-column-padding  column-top-margin'     ><section  class='avia-team-member av-jy496p8d-ebb8aeefa9f1c6cd38c6aa395c09dba9  avia-builder-el-12  avia-builder-el-no-sibling '  itemscope=\"itemscope\" itemtype=\"https:\/\/schema.org\/Person\" ><div class=\"team-img-container\"><img fetchpriority=\"high\" class='wp-image-2066 avia-img-lazy-loading-not-2066 avia_image avia_image_team' src='https:\/\/ch2021.ch\/wp-content\/uploads\/2019\/07\/ID-RMichelot-Smile.jpg' alt='R\u00e9becca Michelot'  itemprop=\"image\"   height=\"220\" width=\"298\" \/><\/div><h3 class='team-member-name '  itemprop=\"name\" >R\u00e9becca Michelot<\/h3><div class='team-member-description '  itemprop=\"description\" ><p>R\u00e9becca Michelot ist zertifizierte Gemmologin durch das GIA (Gemmological Institute of America). Sie ber\u00e4t Privatpersonen bei der Investition in Edelsteinen sowie beim Erstellen eines Edelstein-Portfolio\/Sammlungen. Rebecca bringt Erfahrungswissen aus 10 Jahre NGO-Arbeit mit und ist Mitglied mehrerer internationaler Netzwerke wie z.B. des Business and Professional Woman (BPW). Sie ist Pr\u00e4sidentin der Alumni des GIA in der Schweiz sowie der Westschweizer Abteilung der Schweizerischen Gemmologischen Gesellschaft.<\/p>\n<\/div><span class='hidden team-member-affiliation'  itemprop=\"affiliation\" >CH2021<\/span><\/section><\/div>\n<style type=\"text\/css\" data-created_by=\"avia_inline_auto\" id=\"style-css-av-2zjkij-376a79def56506a728552268d69c614d\">\n.flex_column.av-2zjkij-376a79def56506a728552268d69c614d{\nborder-radius:0px 0px 0px 0px;\npadding:0px 0px 0px 0px;\n}\n<\/style>\n<div  class='flex_column av-2zjkij-376a79def56506a728552268d69c614d av_one_third  avia-builder-el-13  el_after_av_one_third  el_before_av_one_third  flex_column_div av-zero-column-padding  column-top-margin'     ><section  class='avia-team-member av-jy496p8d-a4521af4d166995c89f77e558540c52c  avia-builder-el-14  avia-builder-el-no-sibling '  itemscope=\"itemscope\" itemtype=\"https:\/\/schema.org\/Person\" ><div class=\"team-img-container\"><img fetchpriority=\"high\" class='wp-image-2071 avia-img-lazy-loading-not-2071 avia_image avia_image_team' src='https:\/\/ch2021.ch\/wp-content\/uploads\/2019\/07\/Brigitte-Hauser_neu-2-300x220.jpg' alt='Brigitte Hauser-S\u00fcss'  itemprop=\"image\"   height=\"220\" width=\"300\" \/><\/div><h3 class='team-member-name '  itemprop=\"name\" >Brigitte Hauser-S\u00fcss<\/h3><div class='team-member-description '  itemprop=\"description\" ><p>Brigitte Hauser-S\u00fcess ist pers\u00f6nliche Beraterin der Departementschefin des VBS, Viola Amherd. Sie ist verheiratet, hat einen Sohn und Schwiegertochter sowie zwei Enkelkinder. Sie war von 1991 bis 2001 Pr\u00e4sidentin der CVP-Frauen Schweiz und Grossr\u00e4tin (CVP) in Oberwallis. Heute engagiert sie sich u. a. im Vorstand des BPW Clubs Bern.<\/p>\n<\/div><span class='hidden team-member-affiliation'  itemprop=\"affiliation\" >CH2021<\/span><\/section><\/div>\n<style type=\"text\/css\" data-created_by=\"avia_inline_auto\" id=\"style-css-av-6lkn17-6c7086f3d3ed85b0a727e7f6cea76414\">\n.flex_column.av-6lkn17-6c7086f3d3ed85b0a727e7f6cea76414{\nborder-radius:0px 0px 0px 0px;\npadding:0px 0px 0px 0px;\n}\n<\/style>\n<div  class='flex_column av-6lkn17-6c7086f3d3ed85b0a727e7f6cea76414 av_one_third  avia-builder-el-15  el_after_av_one_third  el_before_av_one_third  flex_column_div av-zero-column-padding  column-top-margin'     ><section  class='avia-team-member av-jy496p8d-004435ad1e5f17bc58f1da786ea6e3db  avia-builder-el-16  avia-builder-el-no-sibling '  itemscope=\"itemscope\" itemtype=\"https:\/\/schema.org\/Person\" ><div class=\"team-img-container\"><img fetchpriority=\"high\" class='wp-image-2077 avia-img-lazy-loading-not-2077 avia_image avia_image_team' src='https:\/\/ch2021.ch\/wp-content\/uploads\/2019\/07\/Marialuisa_Parodi_neu-300x220.jpg' alt='Marialuisa Parodi'  itemprop=\"image\"   height=\"220\" width=\"300\" \/><\/div><h3 class='team-member-name '  itemprop=\"name\" >Marialuisa Parodi<\/h3><div class='team-member-description '  itemprop=\"description\" ><p>Marialuisa Parodi ist Wirtschaftswissenschaftlerin mit Spezialisierung in Finance. Sie hat in London, Mailand und Lugano gelebt und gearbeitet. Zurzeit arbeitet sie als Chief Investment Strategist bei Soave Asset Management Ltd und als Co-Leiterin von Equi-Lab, Teil einer kantonalen Plattform, welche f\u00fcr die Entwicklung und Vereinbarkeit von Familie und Arbeit lanciert wurde. Sie ist Vorsitzende des Tessiner Frauenvereins FAFTPlus, der zu Alliance F (Bund Schweizerischer Frauenvereine) geh\u00f6rt.<\/p>\n<\/div><span class='hidden team-member-affiliation'  itemprop=\"affiliation\" >CH2021<\/span><\/section><\/div>\n<style type=\"text\/css\" data-created_by=\"avia_inline_auto\" id=\"style-css-av-6lkn17-acb04b16a4e7eeb860502a78c87bcb45\">\n.flex_column.av-6lkn17-acb04b16a4e7eeb860502a78c87bcb45{\nborder-radius:0px 0px 0px 0px;\npadding:0px 0px 0px 0px;\n}\n<\/style>\n<div  class='flex_column av-6lkn17-acb04b16a4e7eeb860502a78c87bcb45 av_one_third  avia-builder-el-17  el_after_av_one_third  el_before_av_hr  first flex_column_div av-zero-column-padding  column-top-margin'     ><section  class='avia-team-member av-jy496p8d-495a4da7e897ff46e66622ea845fc9ff  avia-builder-el-18  avia-builder-el-no-sibling '  itemscope=\"itemscope\" itemtype=\"https:\/\/schema.org\/Person\" ><div class=\"team-img-container\"><img fetchpriority=\"high\" class='wp-image-2053 avia-img-lazy-loading-not-2053 avia_image avia_image_team' src='https:\/\/ch2021.ch\/wp-content\/uploads\/2019\/07\/Ce\u0301cile_Speitel_neu-3-300x200.jpg' alt='C\u00e9cile Speitel'  itemprop=\"image\"   \/><\/div><h3 class='team-member-name '  itemprop=\"name\" >C\u00e9cile Speitel<\/h3><div class='team-member-description '  itemprop=\"description\" ><p>C\u00e9cile Speitel, phil. I, hat zwischen 1975 und 1998 als Journalistin und Moderatorin beim Radio SRF gearbeitet, mit dem Fokus Kultur und Gesellschaft. Sie war die erste Beauftragte f\u00fcr Chancengleichheit an der Universit\u00e4t Basel und anschliessend Co-Leiterin des Projekts \u00abHalt-Gewalt\u00bb der Interventionsstelle gegen h\u00e4usliche Gewalt des Kantons Basel-Stadt. Sie ist Mutter von zwei T\u00f6chtern. Nicht mehr erwerbst\u00e4tig, ist sie aktiv in Vereinen und Organisationen und als Netzwerkerin. Sie lebt in Muttenz. <\/p>\n<\/div><span class='hidden team-member-affiliation'  itemprop=\"affiliation\" >CH2021<\/span><\/section><\/div>\n<style type=\"text\/css\" data-created_by=\"avia_inline_auto\" id=\"style-css-av-2lzqsb-cc3e0a07a31ef44b2f3e252f9f3e85ca\">\n#top .hr.av-2lzqsb-cc3e0a07a31ef44b2f3e252f9f3e85ca{\nmargin-top:50px;\nmargin-bottom:90px;\n}\n.hr.av-2lzqsb-cc3e0a07a31ef44b2f3e252f9f3e85ca .hr-inner{\nwidth:40px;\nborder-color:#ff7707;\nmax-width:45%;\n}\n.hr.av-2lzqsb-cc3e0a07a31ef44b2f3e252f9f3e85ca .av-seperator-icon{\ncolor:#ff7707;\n}\n.hr.av-2lzqsb-cc3e0a07a31ef44b2f3e252f9f3e85ca .av-seperator-icon.avia-svg-icon svg:first-child{\nfill:#ff7707;\nstroke:#ff7707;\n}\n<\/style>\n<div  class='hr av-2lzqsb-cc3e0a07a31ef44b2f3e252f9f3e85ca hr-custom  avia-builder-el-19  el_after_av_one_third  el_before_av_heading  hr-center hr-icon-yes'><span class='hr-inner inner-border-av-border-thin'><span class=\"hr-inner-style\"><\/span><\/span><span class='av-seperator-icon avia-iconfont avia-font-entypo-fontello' data-av_icon='\ue89a' data-av_iconfont='entypo-fontello' ><\/span><span class='hr-inner inner-border-av-border-thin'><span class=\"hr-inner-style\"><\/span><\/span><\/div>\n\n<style type=\"text\/css\" data-created_by=\"avia_inline_auto\" id=\"style-css-av-2dslsb-190568b3cca99aeea807aca0cc14d03c\">\n#top .av-special-heading.av-2dslsb-190568b3cca99aeea807aca0cc14d03c{\nmargin:200px 0 0 0;\npadding-bottom:10px;\n}\nbody .av-special-heading.av-2dslsb-190568b3cca99aeea807aca0cc14d03c .av-special-heading-tag .heading-char{\nfont-size:25px;\n}\n.av-special-heading.av-2dslsb-190568b3cca99aeea807aca0cc14d03c .av-subheading{\nfont-size:15px;\n}\n<\/style>\n<div  class='av-special-heading av-2dslsb-190568b3cca99aeea807aca0cc14d03c av-special-heading-h2 blockquote modern-quote  avia-builder-el-20  el_after_av_hr  el_before_av_textblock '><h2 class='av-special-heading-tag '  itemprop=\"headline\"  >Team<\/h2><div class=\"special-heading-border\"><div class=\"special-heading-inner-border\"><\/div><\/div><\/div>\n<section  class='av_textblock_section av-jxyr5f1o-6a816a62f16355275800b2c738b7c461 '   itemscope=\"itemscope\" itemtype=\"https:\/\/schema.org\/CreativeWork\" ><div class='avia_textblock'  itemprop=\"text\" ><p>Das Team unterst\u00fctzt und koordiniert die Arbeit von CH2021:<\/p>\n<\/div><\/section>\n\n<style type=\"text\/css\" data-created_by=\"avia_inline_auto\" id=\"style-css-av-466ukr-f01a3c5110ec54381de4efcd7130de37\">\n.flex_column.av-466ukr-f01a3c5110ec54381de4efcd7130de37{\nborder-radius:0px 0px 0px 0px;\npadding:0px 0px 0px 0px;\n}\n<\/style>\n<div  class='flex_column av-466ukr-f01a3c5110ec54381de4efcd7130de37 av_one_third  avia-builder-el-22  el_after_av_textblock  el_before_av_one_third  first flex_column_div av-zero-column-padding  column-top-margin'     ><section  class='avia-team-member av-jy4c30k7-f7330cd5671284ee9855277f9a5558fe  avia-builder-el-23  avia-builder-el-no-sibling '  itemscope=\"itemscope\" itemtype=\"https:\/\/schema.org\/Person\" ><div class=\"team-img-container\"><img fetchpriority=\"high\" class='wp-image-2082 avia-img-lazy-loading-not-2082 avia_image avia_image_team' src='https:\/\/ch2021.ch\/wp-content\/uploads\/2019\/07\/Foto-Bonina_HD-300x200.jpg' alt='Maria Bonina'  itemprop=\"image\"   height=\"200\" width=\"300\" \/><\/div><h3 class='team-member-name '  itemprop=\"name\" >Maria Bonina<\/h3><div class='team-member-job-title '  itemprop=\"jobTitle\" >Gesch\u00e4ftsf\u00fchrerin<\/div><div class='team-member-description '  itemprop=\"description\" ><p>Maria Bonina ist seit vielen Jahren selbst\u00e4ndige Kommunikationsberaterin. Sie bringt ausserdem Erfahrung im Eventbereich mit und hat sich in mehreren Vereinen im Vorstand engagiert (Sport, Politik, Bildung). Sie spricht Deutsch, Franz\u00f6sisch und Italienisch. Die Baselbieterin lebt mit ihrer Familie im Tessin.<\/p>\n<p>Kontakt: bonina@ch2021.ch<\/p>\n<\/div><span class='hidden team-member-affiliation'  itemprop=\"affiliation\" >CH2021<\/span><\/section><\/div>\n<style type=\"text\/css\" data-created_by=\"avia_inline_auto\" id=\"style-css-av-24gqqj-eaaba9531899ab679e9b5dc529089a79\">\n.flex_column.av-24gqqj-eaaba9531899ab679e9b5dc529089a79{\nborder-radius:0px 0px 0px 0px;\npadding:0px 0px 0px 0px;\n}\n<\/style>\n<div  class='flex_column av-24gqqj-eaaba9531899ab679e9b5dc529089a79 av_one_third  avia-builder-el-24  el_after_av_one_third  avia-builder-el-last  flex_column_div av-zero-column-padding  column-top-margin'     ><section  class='avia-team-member av-jy4c30k7-5a1efed360e1cfef3619427595e818bd  avia-builder-el-25  avia-builder-el-no-sibling '  itemscope=\"itemscope\" itemtype=\"https:\/\/schema.org\/Person\" ><div class=\"team-img-container\"><img fetchpriority=\"high\" class='wp-image-2086 avia-img-lazy-loading-not-2086 avia_image avia_image_team' src='https:\/\/ch2021.ch\/wp-content\/uploads\/2019\/07\/171201_Hanna_\u00a9KerstinMueller-174-300x200.jpg' alt='Hanna Wolf'  itemprop=\"image\"   height=\"200\" width=\"300\" \/><\/div><h3 class='team-member-name '  itemprop=\"name\" >Hanna Wolf<\/h3><div class='team-member-job-title '  itemprop=\"jobTitle\" >Kommunikations- und Kampagnenmanagerin<\/div><div class='team-member-description '  itemprop=\"description\" ><p>Hanna Wolf ist von Haus aus Politik- und Genderwissenschaftlerin. Sie hat zuvor als Leiterin und Koordinatorin f\u00fcr verschiedene Projekte des Deutschen Gewerkschaftsbundes in Berlin gearbeitet, wo sie u.a. gr\u00f6ssere Kampagnen zum Internationalen Frauentag und Equal Pay Day mitgestaltet hat. Beim Verein CH2021 ist sie zust\u00e4ndig f\u00fcr den Inhalt der Webseite, die Pflege der Social Media-Kan\u00e4le, den Communityaufbau sowie f\u00fcr die Kampagnenarbeit.<\/p>\n<p>Kontakt: wolf@ch2021.ch<\/p>\n<\/div><span class='hidden team-member-affiliation'  itemprop=\"affiliation\" >CH2021<\/span><\/section><\/div>\n<\/div><\/div><\/div><!-- close content main div --><\/div><\/div><div id='after_section_2'  class='main_color av_default_container_wrap container_wrap sidebar_right'  ><div class='container av-section-cont-open' ><div class='template-page content  av-content-small alpha units'><div class='post-entry post-entry-type-page post-entry-2660'><div class='entry-content-wrapper clearfix'><\/p>\n","protected":false},"excerpt":{"rendered":"","protected":false},"author":6,"featured_media":0,"parent":0,"menu_order":0,"comment_status":"closed","ping_status":"closed","template":"","meta":{"_monsterinsights_skip_tracking":false,"_monsterinsights_sitenote_active":false,"_monsterinsights_sitenote_note":"","_monsterinsights_sitenote_category":0,"footnotes":""},"class_list":["post-2660","page","type-page","status-publish","hentry"],"_links":{"self":[{"href":"https:\/\/ch2021.ch\/it\/wp-json\/wp\/v2\/pages\/2660","targetHints":{"allow":["GET"]}}],"collection":[{"href":"https:\/\/ch2021.ch\/it\/wp-json\/wp\/v2\/pages"}],"about":[{"href":"https:\/\/ch2021.ch\/it\/wp-json\/wp\/v2\/types\/page"}],"author":[{"embeddable":true,"href":"https:\/\/ch2021.ch\/it\/wp-json\/wp\/v2\/users\/6"}],"replies":[{"embeddable":true,"href":"https:\/\/ch2021.ch\/it\/wp-json\/wp\/v2\/comments?post=2660"}],"version-history":[{"count":3,"href":"https:\/\/ch2021.ch\/it\/wp-json\/wp\/v2\/pages\/2660\/revisions"}],"predecessor-version":[{"id":6857,"href":"https:\/\/ch2021.ch\/it\/wp-json\/wp\/v2\/pages\/2660\/revisions\/6857"}],"wp:attachment":[{"href":"https:\/\/ch2021.ch\/it\/wp-json\/wp\/v2\/media?parent=2660"}],"curies":[{"name":"wp","href":"https:\/\/api.w.org\/{rel}","templated":true}]}}