{"id":2662,"date":"2019-07-15T14:06:38","date_gmt":"2019-07-15T12:06:38","guid":{"rendered":"https:\/\/ch2021.ch\/?page_id=2662"},"modified":"2022-11-23T08:16:01","modified_gmt":"2022-11-23T07:16:01","slug":"comitato-e-team","status":"publish","type":"page","link":"https:\/\/ch2021.ch\/it\/comitato-e-team\/","title":{"rendered":"Comitato e team"},"content":{"rendered":"\n<style type=\"text\/css\" data-created_by=\"avia_inline_auto\" id=\"style-css-av-jkjmqted-36c5bc68f932c28228832b535c37b23f\">\n.avia-section.av-jkjmqted-36c5bc68f932c28228832b535c37b23f{\nbackground-color:#7ecdca;\nbackground:linear-gradient( to bottom right, #7ecdca, #ff7707 );\n}\n.avia-section.av-jkjmqted-36c5bc68f932c28228832b535c37b23f .av-extra-border-element .av-extra-border-inner{\nbackground-color:#ffffff;\n}\n<\/style>\n<div id='av_section_1'  class='avia-section av-jkjmqted-36c5bc68f932c28228832b535c37b23f header_color avia-section-no-padding avia-no-shadow  avia-builder-el-0  el_before_av_section  avia-builder-el-first  avia-bg-style-scroll av-minimum-height av-minimum-height-custom av-height-custom  container_wrap sidebar_right'   data-av_minimum_height_px='350'><div class='container av-section-cont-open' style='height:350px'><main  role=\"main\" itemprop=\"mainContentOfPage\"  class='template-page content  av-content-small alpha units'><div class='post-entry post-entry-type-page post-entry-2662'><div class='entry-content-wrapper clearfix'>\n\n<style type=\"text\/css\" data-created_by=\"avia_inline_auto\" id=\"style-css-av-1xn9f-60a3102d85cb0bac4be34634a8c4da3f\">\n.flex_column.av-1xn9f-60a3102d85cb0bac4be34634a8c4da3f{\nborder-radius:0px 0px 0px 0px;\npadding:0px 0px 0px 0px;\n}\n<\/style>\n<div  class='flex_column av-1xn9f-60a3102d85cb0bac4be34634a8c4da3f av_one_full  avia-builder-el-1  avia-builder-el-no-sibling  first flex_column_div av-animated-generic pop-up av-zero-column-padding  '     ><style type=\"text\/css\" data-created_by=\"avia_inline_auto\" id=\"style-css-av-jztts0x9-bde7a095c57a842df4f996aa1bc8f844\">\n#top .av-special-heading.av-jztts0x9-bde7a095c57a842df4f996aa1bc8f844{\nmargin:0 0 0 0;\npadding-bottom:10px;\ncolor:#ffffff;\nfont-size:5vw;\n}\nbody .av-special-heading.av-jztts0x9-bde7a095c57a842df4f996aa1bc8f844 .av-special-heading-tag .heading-char{\nfont-size:25px;\n}\n#top #wrap_all .av-special-heading.av-jztts0x9-bde7a095c57a842df4f996aa1bc8f844 .av-special-heading-tag{\nfont-size:5vw;\n}\n.av-special-heading.av-jztts0x9-bde7a095c57a842df4f996aa1bc8f844 .special-heading-inner-border{\nborder-color:#ffffff;\n}\n.av-special-heading.av-jztts0x9-bde7a095c57a842df4f996aa1bc8f844 .av-subheading{\nfont-size:23px;\n}\n\n@media only screen and (min-width: 480px) and (max-width: 767px){ \n#top #wrap_all .av-special-heading.av-jztts0x9-bde7a095c57a842df4f996aa1bc8f844 .av-special-heading-tag{\nfont-size:0.8em;\n}\n}\n\n@media only screen and (max-width: 479px){ \n#top #wrap_all .av-special-heading.av-jztts0x9-bde7a095c57a842df4f996aa1bc8f844 .av-special-heading-tag{\nfont-size:0.8em;\n}\n}\n<\/style>\n<div  class='av-special-heading av-jztts0x9-bde7a095c57a842df4f996aa1bc8f844 av-special-heading-h1 custom-color-heading blockquote modern-quote  avia-builder-el-2  avia-builder-el-no-sibling  av-inherit-size'><h1 class='av-special-heading-tag '  itemprop=\"headline\"  >Comitato e team<\/h1><div class=\"special-heading-border\"><div class=\"special-heading-inner-border\"><\/div><\/div><\/div><\/div>\n\n<\/div><\/div><\/main><!-- close content main element --><\/div><div class='av-extra-border-element border-extra-diagonal border-extra-diagonal-inverse '><div class='av-extra-border-outer'><div class='av-extra-border-inner'><\/div><\/div><\/div><\/div><div id='av_section_2'  class='avia-section av-jkjmqted-12-41b4026a1c1ce5eb091c3381b8bd2bb6 main_color avia-section-default avia-no-border-styling  avia-builder-el-3  el_after_av_section  avia-builder-el-last  avia-bg-style-scroll container_wrap sidebar_right'  ><div class='container av-section-cont-open' ><div class='template-page content  av-content-small alpha units'><div class='post-entry post-entry-type-page post-entry-2662'><div class='entry-content-wrapper clearfix'>\n<section  class='av_textblock_section av-jxyr5f1o-826a8d15f37ecfc487f20b9d94f1c5a9 '   itemscope=\"itemscope\" itemtype=\"https:\/\/schema.org\/CreativeWork\" ><div class='avia_textblock'  itemprop=\"text\" ><h2><strong>Comitato<\/strong><\/h2>\n<p>Il Comitato dell\u2019associazione CH2021, operante a titolo onorifico, comprendeva i membri seguenti:<\/p>\n<\/div><\/section>\n\n<style type=\"text\/css\" data-created_by=\"avia_inline_auto\" id=\"style-css-av-6lkn17-acb04b16a4e7eeb860502a78c87bcb45\">\n.flex_column.av-6lkn17-acb04b16a4e7eeb860502a78c87bcb45{\nborder-radius:0px 0px 0px 0px;\npadding:0px 0px 0px 0px;\n}\n<\/style>\n<div  class='flex_column av-6lkn17-acb04b16a4e7eeb860502a78c87bcb45 av_one_third  avia-builder-el-5  el_after_av_textblock  el_before_av_one_third  first flex_column_div av-zero-column-padding  column-top-margin'     ><section  class='avia-team-member av-jy496p8d-393e216976478d7f8b0d9d2dec1614ad  avia-builder-el-6  avia-builder-el-no-sibling '  itemscope=\"itemscope\" itemtype=\"https:\/\/schema.org\/Person\" ><div class=\"team-img-container\"><img fetchpriority=\"high\" class='wp-image-3212 avia-img-lazy-loading-not-3212 avia_image avia_image_team' src='https:\/\/ch2021.ch\/wp-content\/uploads\/2019\/09\/Zita-K\u00fcng-300x200.jpg' alt='Zita K\u00fcng'  itemprop=\"image\"   height=\"200\" width=\"300\" \/><\/div><h3 class='team-member-name '  itemprop=\"name\" >Zita K\u00fcng<\/h3><div class='team-member-job-title '  itemprop=\"jobTitle\" >Presidente<\/div><div class='team-member-description '  itemprop=\"description\" ><p>Zita K\u00fcng \u00e8 giurista e sviluppatrice organizzativa, consulente indipendente nel campo delle questioni di genere per governi, amministrazioni, organizzazioni e aziende, coach per i quadri e promotrice femminile. \u00c8 stata la prima responsabile dell\u2019Ufficio delle pari opportunit\u00e0 della Citt\u00e0 di Zurigo e membro della Direzione del Sindacato edilizia e industria, poi confluito in Unia. Era membro del Comitato delle Giuriste Svizzere. Oggi, \u00e8 membro del Consiglio di fondazione dell\u2019Istituto FRI.<\/p>\n<\/div><span class='hidden team-member-affiliation'  itemprop=\"affiliation\" >CH2021<\/span><\/section><\/div>\n<style type=\"text\/css\" data-created_by=\"avia_inline_auto\" id=\"style-css-av-4095ob-a693455823b7694a266ecfcf499b3555\">\n.flex_column.av-4095ob-a693455823b7694a266ecfcf499b3555{\nborder-radius:0px 0px 0px 0px;\npadding:0px 0px 0px 0px;\n}\n<\/style>\n<div  class='flex_column av-4095ob-a693455823b7694a266ecfcf499b3555 av_one_third  avia-builder-el-7  el_after_av_one_third  el_before_av_one_third  flex_column_div av-zero-column-padding  column-top-margin'     ><section  class='avia-team-member av-jy496p8d-9-cfd84dc9298511bcde5ccff621e972ed  avia-builder-el-8  avia-builder-el-no-sibling '  itemscope=\"itemscope\" itemtype=\"https:\/\/schema.org\/Person\" ><div class=\"team-img-container\"><img fetchpriority=\"high\" class='wp-image-2750 avia-img-lazy-loading-not-2750 avia_image avia_image_team' src='https:\/\/ch2021.ch\/wp-content\/uploads\/2019\/08\/AndreaMaihofer2-2-300x197.jpg' alt='Andrea Maihofer'  itemprop=\"image\"   height=\"197\" width=\"300\" \/><\/div><h3 class='team-member-name '  itemprop=\"name\" >Andrea Maihofer<\/h3><div class='team-member-description '  itemprop=\"description\" ><p>Andrea Maihofer \u00e8 professoressa emerita di studi di genere. Dal 2001 al 2019, \u00e8 stata responsabile del Centro per gli studi di genere dell\u2019Universit\u00e0 di Basilea e del dottorato nello stesso campo, dal 2004 \u00e8 alla testa del progetto di cooperazione sugli studi di genere della Conferenza svizzera delle scuole universitarie (CSSU).<\/p>\n<\/div><span class='hidden team-member-affiliation'  itemprop=\"affiliation\" >CH2021<\/span><\/section><\/div>\n<style type=\"text\/css\" data-created_by=\"avia_inline_auto\" id=\"style-css-av-6lkn17-10-e248569cdf1bd2ea3c80253cedf5539a\">\n.flex_column.av-6lkn17-10-e248569cdf1bd2ea3c80253cedf5539a{\nborder-radius:0px 0px 0px 0px;\npadding:0px 0px 0px 0px;\n}\n<\/style>\n<div  class='flex_column av-6lkn17-10-e248569cdf1bd2ea3c80253cedf5539a av_one_third  avia-builder-el-9  el_after_av_one_third  el_before_av_one_third  flex_column_div av-zero-column-padding  column-top-margin'     ><section  class='avia-team-member av-jy496p8d-8-24d7bd7e2e183b01ba0c4e5069398682  avia-builder-el-10  avia-builder-el-no-sibling '  itemscope=\"itemscope\" itemtype=\"https:\/\/schema.org\/Person\" ><div class=\"team-img-container\"><img fetchpriority=\"high\" class='wp-image-2028 avia-img-lazy-loading-not-2028 avia_image avia_image_team' src='https:\/\/ch2021.ch\/wp-content\/uploads\/2019\/07\/Elke_Zappe_2-300x200.jpg' alt='Elke Zappe'  itemprop=\"image\"   height=\"200\" width=\"300\" \/><\/div><h3 class='team-member-name '  itemprop=\"name\" >Elke Zappe<\/h3><div class='team-member-description '  itemprop=\"description\" ><p>Dopo gli studi in Germania e in Svizzera, Elke Zappe si \u00e8 occupata di consulenze nel campo del marketing, e ha occupato in seguito posizioni di responsabilit\u00e0 in seno alla WM Wirtschafts-Medien AG, alla Swisscom Directories AG e nel settore della tecnofinanza. Da sei anni, si occupa di sviluppo aziendale e da tre del concepimento del nuovo programma di bio-impresa e innovazione dell\u2019Universit\u00e0 di Zurigo.<\/p>\n<\/div><span class='hidden team-member-affiliation'  itemprop=\"affiliation\" >CH2021<\/span><\/section><\/div>\n<style type=\"text\/css\" data-created_by=\"avia_inline_auto\" id=\"style-css-av-2zjkij-8dac492e9ab3d461cf33f54285b29e36\">\n.flex_column.av-2zjkij-8dac492e9ab3d461cf33f54285b29e36{\nborder-radius:0px 0px 0px 0px;\npadding:0px 0px 0px 0px;\n}\n<\/style>\n<div  class='flex_column av-2zjkij-8dac492e9ab3d461cf33f54285b29e36 av_one_third  avia-builder-el-11  el_after_av_one_third  el_before_av_one_third  first flex_column_div av-zero-column-padding  column-top-margin'     ><section  class='avia-team-member av-jy496p8d-6-5b64361f3d64df0daa6e49d414d28f5f  avia-builder-el-12  avia-builder-el-no-sibling '  itemscope=\"itemscope\" itemtype=\"https:\/\/schema.org\/Person\" ><div class=\"team-img-container\"><img fetchpriority=\"high\" class='wp-image-2071 avia-img-lazy-loading-not-2071 avia_image avia_image_team' src='https:\/\/ch2021.ch\/wp-content\/uploads\/2019\/07\/Brigitte-Hauser_neu-2-300x220.jpg' alt='Brigitte Hauser-S\u00fcess'  itemprop=\"image\"   height=\"220\" width=\"300\" \/><\/div><h3 class='team-member-name '  itemprop=\"name\" >Brigitte Hauser-S\u00fcess<\/h3><div class='team-member-description '  itemprop=\"description\" ><p>Brigitte Hauser-S\u00fcess \u00e8 consulente personale di Viola Amherd, Capo del dipartimento federale della difesa, della protezione della popolazione e dello sport (DDPS). \u00c8 coniugata, ha un figlio, una nuora e due nipoti. Dal 1991 al 2001, \u00e8 stata Presidente delle Donne PPD Svizzera e Granconsigliera (PPD) vallesana. Oggi, \u00e8 membro del Comitato del Club BPW (Business &amp; Professional Women) di Berna.<\/p>\n<\/div><span class='hidden team-member-affiliation'  itemprop=\"affiliation\" >CH2021<\/span><\/section><\/div>\n<style type=\"text\/css\" data-created_by=\"avia_inline_auto\" id=\"style-css-av-6lkn17-7-f0be9923e877839123e4df27cde22c03\">\n.flex_column.av-6lkn17-7-f0be9923e877839123e4df27cde22c03{\nborder-radius:0px 0px 0px 0px;\npadding:0px 0px 0px 0px;\n}\n<\/style>\n<div  class='flex_column av-6lkn17-7-f0be9923e877839123e4df27cde22c03 av_one_third  avia-builder-el-13  el_after_av_one_third  el_before_av_one_third  flex_column_div av-zero-column-padding  column-top-margin'     ><section  class='avia-team-member av-jy496p8d-5-b83579d7fefbf940fe0e0bc0fa4f0843  avia-builder-el-14  avia-builder-el-no-sibling '  itemscope=\"itemscope\" itemtype=\"https:\/\/schema.org\/Person\" ><div class=\"team-img-container\"><img fetchpriority=\"high\" class='wp-image-2077 avia-img-lazy-loading-not-2077 avia_image avia_image_team' src='https:\/\/ch2021.ch\/wp-content\/uploads\/2019\/07\/Marialuisa_Parodi_neu-300x220.jpg' alt='Marialuisa Parodi'  itemprop=\"image\"   height=\"220\" width=\"300\" \/><\/div><h3 class='team-member-name '  itemprop=\"name\" >Marialuisa Parodi<\/h3><div class='team-member-description '  itemprop=\"description\" ><p>Marialuisa Parodi \u00e8 laureata in scienze economiche con specializzazione in finanza. Ha vissuto e lavorato a Londra, Milano e Lugano. Al momento, \u00e8 Chief Investment Strategist presso la Soave Asset Management Ltd e codirettrice di Equi-Lab, parte di una piattaforma cantonale lanciata per lo sviluppo e la conciliazione di famiglia e lavoro. \u00c8 inoltre Presidente dell\u2019associazione femminile ticinese FAFTPlus (Federazione Associazioni Femminili Ticino Plus), appartenente ad Alliance F (Alleanza delle societ\u00e0 femminili svizzere).<\/p>\n<\/div><span class='hidden team-member-affiliation'  itemprop=\"affiliation\" >CH2021<\/span><\/section><\/div>\n<style type=\"text\/css\" data-created_by=\"avia_inline_auto\" id=\"style-css-av-6lkn17-4-7877cfccfbca4b232f20f59fb4718bb9\">\n.flex_column.av-6lkn17-4-7877cfccfbca4b232f20f59fb4718bb9{\nborder-radius:0px 0px 0px 0px;\npadding:0px 0px 0px 0px;\n}\n<\/style>\n<div  class='flex_column av-6lkn17-4-7877cfccfbca4b232f20f59fb4718bb9 av_one_third  avia-builder-el-15  el_after_av_one_third  el_before_av_one_third  flex_column_div av-zero-column-padding  column-top-margin'     ><section  class='avia-team-member av-jy496p8d-3-aa39c2347eddeaa9875fe829f2e1e611  avia-builder-el-16  avia-builder-el-no-sibling '  itemscope=\"itemscope\" itemtype=\"https:\/\/schema.org\/Person\" ><div class=\"team-img-container\"><img fetchpriority=\"high\" class='wp-image-6163 avia-img-lazy-loading-not-6163 avia_image avia_image_team' src='https:\/\/ch2021.ch\/wp-content\/uploads\/2020\/06\/verschmitzt.jpg' alt='C\u00e9cile Speitel'  itemprop=\"image\"   height=\"1600\" width=\"2400\" \/><\/div><h3 class='team-member-name '  itemprop=\"name\" >C\u00e9cile Speitel<\/h3><div class='team-member-description '  itemprop=\"description\" ><p>Tra il 1975 e il 1998, C\u00e9cile Speitel, phil. I, ha lavorato come giornalista e presentatrice con orientamento cultura e societ\u00e0 presso la radio svizzero-tedesca SRF. \u00c8 stata la prima incaricata per le pari opportunit\u00e0 all\u2019Universit\u00e0 di Basilea e in seguito corresponsabile del progetto \u00abHalt-Gewalt\u00bb (stop alla violenza) dell\u2019organo di intervento contro la violenza domestica del Canton Basilea Citt\u00e0. Madre di due figlie, vive a Muttenz e oggi, non pi\u00f9 attiva professionalmente, \u00e8 impegnata in seno ad associazioni e organizzazioni, e in qualit\u00e0 di networker.<\/p>\n<\/div><span class='hidden team-member-affiliation'  itemprop=\"affiliation\" >CH2021<\/span><\/section><\/div>\n<style type=\"text\/css\" data-created_by=\"avia_inline_auto\" id=\"style-css-av-3ycdd2-91a674baff588cb50d4a088ff180e497\">\n.flex_column.av-3ycdd2-91a674baff588cb50d4a088ff180e497{\nborder-radius:0px 0px 0px 0px;\npadding:0px 0px 0px 0px;\n}\n<\/style>\n<div  class='flex_column av-3ycdd2-91a674baff588cb50d4a088ff180e497 av_one_third  avia-builder-el-17  el_after_av_one_third  el_before_av_one_third  first flex_column_div av-zero-column-padding  column-top-margin'     ><section  class='avia-team-member av-k3u8cma0-c5d12eae88853b1dec19d0801b04e68c  avia-builder-el-18  avia-builder-el-no-sibling '  itemscope=\"itemscope\" itemtype=\"https:\/\/schema.org\/Person\" ><div class=\"team-img-container\"><img fetchpriority=\"high\" class='wp-image-3177 avia-img-lazy-loading-not-3177 avia_image avia_image_team' src='https:\/\/ch2021.ch\/wp-content\/uploads\/2019\/09\/EllivonPlanta1-300x200.jpg' alt='Elli von Planta'  itemprop=\"image\"   height=\"200\" width=\"300\" \/><\/div><h3 class='team-member-name '  itemprop=\"name\" >Elli von Planta<\/h3><div class='team-member-description '  itemprop=\"description\" ><p>Elli von Planta (1949), nata in Germania, si \u00e8 sposata nel 1971 in Svizzera, dove sono nati anche i suoi quattro figli. Madre single, ha completato gli studi di giurisprudenza all\u2019Universit\u00e0 di Basilea nel 1992. Dal 1994 al 2011 ha lavorato per la grande banca svizzera UBS, dove, in qualit\u00e0 di Presidente di rappresentanza dei dipendenti, durante la crisi finanziaria del 2007-2010 si \u00e8 fatta portavoce di circa 30 000 dipendenti. Dal 2012 al 2018 ha presieduto la Sozialkonferenz Basel. Sette volte nonna, \u00e8 impegnata nella causa femminile e quindi nelle questioni sociali.<\/p>\n<\/div><span class='hidden team-member-affiliation'  itemprop=\"affiliation\" >CH2021<\/span><\/section><\/div>\n<style type=\"text\/css\" data-created_by=\"avia_inline_auto\" id=\"style-css-av-4wx0gm-83b361cbee6baad93cfe34d9c06bb436\">\n.flex_column.av-4wx0gm-83b361cbee6baad93cfe34d9c06bb436{\nborder-radius:0px 0px 0px 0px;\npadding:0px 0px 0px 0px;\n}\n<\/style>\n<div  class='flex_column av-4wx0gm-83b361cbee6baad93cfe34d9c06bb436 av_one_third  avia-builder-el-19  el_after_av_one_third  el_before_av_one_third  flex_column_div av-zero-column-padding  column-top-margin'     ><section  class='avia-team-member av-k5grcsrc-bc76e19bf364b6a29ae826ae9e47d277  avia-builder-el-20  avia-builder-el-no-sibling '  itemscope=\"itemscope\" itemtype=\"https:\/\/schema.org\/Person\" ><div class=\"team-img-container\"><img fetchpriority=\"high\" class='wp-image-3930 avia-img-lazy-loading-not-3930 avia_image avia_image_team' src='https:\/\/ch2021.ch\/wp-content\/uploads\/2020\/01\/Mary-Mayenfisch-Tobin-photo-3-300x214.jpg' alt='Mary Mayenfisch-Tobin'  itemprop=\"image\"   height=\"214\" width=\"300\" \/><\/div><h3 class='team-member-name '  itemprop=\"name\" >Mary Mayenfisch-Tobin<\/h3><div class='team-member-description '  itemprop=\"description\" ><p>Mary Mayenfisch-Tobin, avvocata irlandese, ha lavorato in diversi studi legali privati in Irlanda prima di sposarsi e trasferirsi a Losanna nel 1987. Ha imparato il francese e ottenuto un master in diritto economico europeo e internazionale presso l\u2019Universit\u00e0 di Losanna nel 1992, nonch\u00e9 la qualifica di mediatrice nel 2017. Continua tutt\u2019ora a essere attiva nel campo della docenza dopo aver insegnato diritto presso la Scuola alberghiera di Losanna, la Pepperdine University (Svizzera) e altre istituzioni accademiche. Presidente di Business and Professional Women Lausanne dal 2010 al 2014, attualmente presiede il Centre de Liaison des Associations F\u00e9minines Vaudoises (CLAFV), oltre a essere membro eletto della Commission cantonale consultative de l\u2019\u00e9galit\u00e9 (CCCE) e del Comitato di politiciennes.ch nel Canton Vaud.<\/p>\n<\/div><span class='hidden team-member-affiliation'  itemprop=\"affiliation\" >CH2021<\/span><\/section><\/div>\n<style type=\"text\/css\" data-created_by=\"avia_inline_auto\" id=\"style-css-av-4dpcry-943d363260c9b4f72f7c5eaeaebd94cc\">\n.flex_column.av-4dpcry-943d363260c9b4f72f7c5eaeaebd94cc{\nborder-radius:0px 0px 0px 0px;\npadding:0px 0px 0px 0px;\n}\n<\/style>\n<div  class='flex_column av-4dpcry-943d363260c9b4f72f7c5eaeaebd94cc av_one_third  avia-builder-el-21  el_after_av_one_third  el_before_av_hr  flex_column_div av-zero-column-padding  column-top-margin'     ><section  class='avia-team-member av-k5grbml3-dcd411e08724dfa769984c664b6ccdc9  avia-builder-el-22  avia-builder-el-no-sibling '  itemscope=\"itemscope\" itemtype=\"https:\/\/schema.org\/Person\" ><div class=\"team-img-container\"><img fetchpriority=\"high\" class='wp-image-6235 avia-img-lazy-loading-not-6235 avia_image avia_image_team' src='https:\/\/ch2021.ch\/wp-content\/uploads\/2020\/06\/Portrait_Maya-Dougoud.jpg' alt='Maya Dougoud'  itemprop=\"image\"   height=\"200\" width=\"300\" \/><\/div><h3 class='team-member-name '  itemprop=\"name\" >Maya Dougoud<\/h3><div class='team-member-description '  itemprop=\"description\" ><p>Impegnata nei campi delle tecnologie dell\u2019informazione, della propriet\u00e0 intellettuale e della protezione dei dati in ambito accademico e di diritto pubblico, Maya Dougoud, gi\u00e0 Presidente di Giuriste Svizzera, porta uno sguardo curioso e costruttivo sulle istituzioni, e attua con convinzione i suoi progetti.<\/p>\n<p>Con una vasta esperienza alle spalle in materia di superamento di confini, frontiere linguistiche e barriere, \u00e8 dell\u2019opinione che la democrazia si pratichi, si viva e, nel 2021, si celebri.<br \/>\nsi.<\/p>\n<\/div><span class='hidden team-member-affiliation'  itemprop=\"affiliation\" >CH2021<\/span><\/section><\/div>\n<style type=\"text\/css\" data-created_by=\"avia_inline_auto\" id=\"style-css-av-2lzqsb-cc3e0a07a31ef44b2f3e252f9f3e85ca\">\n#top .hr.av-2lzqsb-cc3e0a07a31ef44b2f3e252f9f3e85ca{\nmargin-top:50px;\nmargin-bottom:90px;\n}\n.hr.av-2lzqsb-cc3e0a07a31ef44b2f3e252f9f3e85ca .hr-inner{\nwidth:40px;\nborder-color:#ff7707;\nmax-width:45%;\n}\n.hr.av-2lzqsb-cc3e0a07a31ef44b2f3e252f9f3e85ca .av-seperator-icon{\ncolor:#ff7707;\n}\n.hr.av-2lzqsb-cc3e0a07a31ef44b2f3e252f9f3e85ca .av-seperator-icon.avia-svg-icon svg:first-child{\nfill:#ff7707;\nstroke:#ff7707;\n}\n<\/style>\n<div  class='hr av-2lzqsb-cc3e0a07a31ef44b2f3e252f9f3e85ca hr-custom  avia-builder-el-23  el_after_av_one_third  el_before_av_heading  hr-center hr-icon-yes'><span class='hr-inner inner-border-av-border-thin'><span class=\"hr-inner-style\"><\/span><\/span><span class='av-seperator-icon avia-iconfont avia-font-entypo-fontello' data-av_icon='\ue89a' data-av_iconfont='entypo-fontello' ><\/span><span class='hr-inner inner-border-av-border-thin'><span class=\"hr-inner-style\"><\/span><\/span><\/div>\n\n<style type=\"text\/css\" data-created_by=\"avia_inline_auto\" id=\"style-css-av-32lyti-735837d4eb2ddae713dfd3a61a54de08\">\n#top .av-special-heading.av-32lyti-735837d4eb2ddae713dfd3a61a54de08{\nmargin:200px 0 0 0;\npadding-bottom:10px;\n}\nbody .av-special-heading.av-32lyti-735837d4eb2ddae713dfd3a61a54de08 .av-special-heading-tag .heading-char{\nfont-size:25px;\n}\n.av-special-heading.av-32lyti-735837d4eb2ddae713dfd3a61a54de08 .av-subheading{\nfont-size:15px;\n}\n<\/style>\n<div  class='av-special-heading av-32lyti-735837d4eb2ddae713dfd3a61a54de08 av-special-heading-h2 blockquote modern-quote  avia-builder-el-24  el_after_av_hr  el_before_av_textblock  av-linked-heading'><h2 class='av-special-heading-tag '  itemprop=\"headline\"  >Team<\/h2><div class=\"special-heading-border\"><div class=\"special-heading-inner-border\"><\/div><\/div><\/div>\n<section  class='av_textblock_section av-jxyr5f1o-11-79df4689cfa5e88bc61620bbcceb5549 '   itemscope=\"itemscope\" itemtype=\"https:\/\/schema.org\/CreativeWork\" ><div class='avia_textblock'  itemprop=\"text\" ><p>Il team sostiene e coordina il lavoro dell\u2019associazione CH2021:<\/p>\n<\/div><\/section>\n\n<style type=\"text\/css\" data-created_by=\"avia_inline_auto\" id=\"style-css-av-466ukr-f01a3c5110ec54381de4efcd7130de37\">\n.flex_column.av-466ukr-f01a3c5110ec54381de4efcd7130de37{\nborder-radius:0px 0px 0px 0px;\npadding:0px 0px 0px 0px;\n}\n<\/style>\n<div  class='flex_column av-466ukr-f01a3c5110ec54381de4efcd7130de37 av_one_third  avia-builder-el-26  el_after_av_textblock  avia-builder-el-last  first flex_column_div av-zero-column-padding  column-top-margin'     ><section  class='avia-team-member av-jy4c30k7-c454da5df97eb1d3373be4f2aea936bb  avia-builder-el-27  avia-builder-el-no-sibling '  itemscope=\"itemscope\" itemtype=\"https:\/\/schema.org\/Person\" ><div class=\"team-img-container\"><img fetchpriority=\"high\" class='wp-image-2082 avia-img-lazy-loading-not-2082 avia_image avia_image_team' src='https:\/\/ch2021.ch\/wp-content\/uploads\/2019\/07\/Foto-Bonina_HD-300x200.jpg' alt='Maria Bonina'  itemprop=\"image\"   height=\"200\" width=\"300\" \/><\/div><h3 class='team-member-name '  itemprop=\"name\" >Maria Bonina<\/h3><div class='team-member-job-title '  itemprop=\"jobTitle\" >Direttrice<\/div><div class='team-member-description '  itemprop=\"description\" ><p>Maria Bonina \u00e8 da molti anni consulente indipendente in comunicazione, vanta una notevole esperienza nel campo dell\u2019organizzazione di eventi e si \u00e8 impegnata in seno al Comitato di diverse associazioni (sport, politica, formazione). Di origini basilesi, vive con la famiglia in Ticino e parla tedesco, francese e italiano.<\/p>\n<p>Contatto: bonina@ch2021.ch<\/p>\n<\/div><span class='hidden team-member-affiliation'  itemprop=\"affiliation\" >CH2021<\/span><\/section><\/div><\/div><\/div><\/div><!-- close content main div --><\/div><\/div><div id='after_section_2'  class='main_color av_default_container_wrap container_wrap sidebar_right'  ><div class='container av-section-cont-open' ><div class='template-page content  av-content-small alpha units'><div class='post-entry post-entry-type-page post-entry-2662'><div class='entry-content-wrapper clearfix'>\n","protected":false},"excerpt":{"rendered":"","protected":false},"author":6,"featured_media":0,"parent":0,"menu_order":0,"comment_status":"closed","ping_status":"closed","template":"","meta":{"_monsterinsights_skip_tracking":false,"_monsterinsights_sitenote_active":false,"_monsterinsights_sitenote_note":"","_monsterinsights_sitenote_category":0,"footnotes":""},"class_list":["post-2662","page","type-page","status-publish","hentry"],"_links":{"self":[{"href":"https:\/\/ch2021.ch\/it\/wp-json\/wp\/v2\/pages\/2662","targetHints":{"allow":["GET"]}}],"collection":[{"href":"https:\/\/ch2021.ch\/it\/wp-json\/wp\/v2\/pages"}],"about":[{"href":"https:\/\/ch2021.ch\/it\/wp-json\/wp\/v2\/types\/page"}],"author":[{"embeddable":true,"href":"https:\/\/ch2021.ch\/it\/wp-json\/wp\/v2\/users\/6"}],"replies":[{"embeddable":true,"href":"https:\/\/ch2021.ch\/it\/wp-json\/wp\/v2\/comments?post=2662"}],"version-history":[{"count":12,"href":"https:\/\/ch2021.ch\/it\/wp-json\/wp\/v2\/pages\/2662\/revisions"}],"predecessor-version":[{"id":18439,"href":"https:\/\/ch2021.ch\/it\/wp-json\/wp\/v2\/pages\/2662\/revisions\/18439"}],"wp:attachment":[{"href":"https:\/\/ch2021.ch\/it\/wp-json\/wp\/v2\/media?parent=2662"}],"curies":[{"name":"wp","href":"https:\/\/api.w.org\/{rel}","templated":true}]}}