{"id":3388,"date":"2019-09-18T14:39:20","date_gmt":"2019-09-18T12:39:20","guid":{"rendered":"https:\/\/ch2021.ch\/?page_id=3388"},"modified":"2022-05-01T21:34:10","modified_gmt":"2022-05-01T19:34:10","slug":"media","status":"publish","type":"page","link":"https:\/\/ch2021.ch\/it\/media\/","title":{"rendered":"Media"},"content":{"rendered":"\n<style type=\"text\/css\" data-created_by=\"avia_inline_auto\" id=\"style-css-av-k0f9ow74-5ab88cb06fc12ee55d0a3fa4b93e9059\">\n.avia-section.av-k0f9ow74-5ab88cb06fc12ee55d0a3fa4b93e9059{\nbackground-color:#7ecdca;\nbackground:linear-gradient( to bottom right, #7ecdca, #f6e9d3 );\n}\n.avia-section.av-k0f9ow74-5ab88cb06fc12ee55d0a3fa4b93e9059 .av-extra-border-element .av-extra-border-inner{\nbackground-color:#ffffff;\n}\n<\/style>\n<div id='av_section_1'  class='avia-section av-k0f9ow74-5ab88cb06fc12ee55d0a3fa4b93e9059 header_color avia-section-no-padding avia-no-shadow  avia-builder-el-0  el_before_av_section  avia-builder-el-first  avia-bg-style-scroll av-minimum-height av-minimum-height-custom av-height-custom  container_wrap sidebar_right'   data-av_minimum_height_px='350'><div class='container av-section-cont-open' style='height:350px'><main  role=\"main\" itemprop=\"mainContentOfPage\"  class='template-page content  av-content-small alpha units'><div class='post-entry post-entry-type-page post-entry-3388'><div class='entry-content-wrapper clearfix'>\n\n<style type=\"text\/css\" data-created_by=\"avia_inline_auto\" id=\"style-css-av-k0qrzq9f-e388189ebe0f8060a27d074f32f4d030\">\n#top .av-special-heading.av-k0qrzq9f-e388189ebe0f8060a27d074f32f4d030{\npadding-bottom:10px;\nfont-size:5vw;\n}\nbody .av-special-heading.av-k0qrzq9f-e388189ebe0f8060a27d074f32f4d030 .av-special-heading-tag .heading-char{\nfont-size:25px;\n}\n#top #wrap_all .av-special-heading.av-k0qrzq9f-e388189ebe0f8060a27d074f32f4d030 .av-special-heading-tag{\nfont-size:5vw;\n}\n.av-special-heading.av-k0qrzq9f-e388189ebe0f8060a27d074f32f4d030 .av-subheading{\nfont-size:15px;\n}\n\n@media only screen and (min-width: 480px) and (max-width: 767px){ \n#top #wrap_all .av-special-heading.av-k0qrzq9f-e388189ebe0f8060a27d074f32f4d030 .av-special-heading-tag{\nfont-size:0.8em;\n}\n}\n\n@media only screen and (max-width: 479px){ \n#top #wrap_all .av-special-heading.av-k0qrzq9f-e388189ebe0f8060a27d074f32f4d030 .av-special-heading-tag{\nfont-size:0.8em;\n}\n}\n<\/style>\n<div  class='av-special-heading av-k0qrzq9f-e388189ebe0f8060a27d074f32f4d030 av-special-heading-h1 blockquote modern-quote  avia-builder-el-1  avia-builder-el-no-sibling  av-inherit-size'><h1 class='av-special-heading-tag '  itemprop=\"headline\"  >Media<\/h1><div class=\"special-heading-border\"><div class=\"special-heading-inner-border\"><\/div><\/div><\/div>\n\n<\/div><\/div><\/main><!-- close content main element --><\/div><div class='av-extra-border-element border-extra-diagonal border-extra-diagonal-inverse '><div class='av-extra-border-outer'><div class='av-extra-border-inner'><\/div><\/div><\/div><\/div><div id='av_section_2'  class='avia-section av-42dx0o-fd74aed1c4a4df0abf18d18f248e8f2f main_color avia-section-default avia-no-border-styling  avia-builder-el-2  el_after_av_section  el_before_av_section  avia-bg-style-scroll container_wrap sidebar_right'  ><div class='container av-section-cont-open' ><div class='template-page content  av-content-small alpha units'><div class='post-entry post-entry-type-page post-entry-3388'><div class='entry-content-wrapper clearfix'>\n<section  class='av_textblock_section av-374vh4-39214e48336d09f55fb59857301ab2ea '   itemscope=\"itemscope\" itemtype=\"https:\/\/schema.org\/CreativeWork\" ><div class='avia_textblock'  itemprop=\"text\" ><p>Qui trovate i nostri comunicati stampa e materiali, tra cui il flyer dell\u2019associazione, cos\u00ec come i link ai nostri canali social.<\/p>\n<p>Per eventuali domande potete anche contattarci direttamente:<\/p>\n<p><a href=\"mailto:democrazia@ch2021.ch\">democrazia@ch2021.ch<\/a><\/p>\n<h3>Flyer (in tre lingue):<\/h3>\n<\/div><\/section>\n\n<style type=\"text\/css\" data-created_by=\"avia_inline_auto\" id=\"style-css-av-haa7c-4f1e8efb1c3ab124c099dcdee6564ee7\">\n.flex_column.av-haa7c-4f1e8efb1c3ab124c099dcdee6564ee7{\nborder-radius:0px 0px 0px 0px;\npadding:0px 0px 0px 0px;\n}\n<\/style>\n<div  class='flex_column av-haa7c-4f1e8efb1c3ab124c099dcdee6564ee7 av_one_fourth  avia-builder-el-4  el_after_av_textblock  el_before_av_three_fourth  first flex_column_div av-zero-column-padding  column-top-margin'     ><style type=\"text\/css\" data-created_by=\"avia_inline_auto\" id=\"style-css-av-k0fal3dv-751598f627f90d726d8ab33ed74570a4\">\n.avia-image-container.av-k0fal3dv-751598f627f90d726d8ab33ed74570a4 img.avia_image{\nbox-shadow:none;\n}\n.avia-image-container.av-k0fal3dv-751598f627f90d726d8ab33ed74570a4 .av-image-caption-overlay-center{\ncolor:#ffffff;\n}\n<\/style>\n<div  class='avia-image-container av-k0fal3dv-751598f627f90d726d8ab33ed74570a4 av-styling- avia-align-center  avia-builder-el-5  avia-builder-el-no-sibling '   itemprop=\"image\" itemscope=\"itemscope\" itemtype=\"https:\/\/schema.org\/ImageObject\" ><div class=\"avia-image-container-inner\"><div class=\"avia-image-overlay-wrap\"><img fetchpriority=\"high\" class='wp-image-3277 avia-img-lazy-loading-not-3277 avia_image ' src='https:\/\/ch2021.ch\/wp-content\/uploads\/2019\/09\/Flyer_CH2021-150x300.jpg' alt='' title='Flyer_CH2021'  height=\"300\" width=\"150\"  itemprop=\"thumbnailUrl\"  \/><\/div><\/div><\/div><\/div>\n<style type=\"text\/css\" data-created_by=\"avia_inline_auto\" id=\"style-css-av-2yuqg8-2f6043b419fa8f524395b46205105a74\">\n.flex_column.av-2yuqg8-2f6043b419fa8f524395b46205105a74{\nborder-radius:0px 0px 0px 0px;\npadding:0px 0px 0px 0px;\n}\n<\/style>\n<div  class='flex_column av-2yuqg8-2f6043b419fa8f524395b46205105a74 av_three_fourth  avia-builder-el-6  el_after_av_one_fourth  avia-builder-el-last  flex_column_div av-zero-column-padding  column-top-margin'     ><section  class='av_textblock_section av-k0faoxth-7fc00a767f9f8c6165599984dafbd20a '   itemscope=\"itemscope\" itemtype=\"https:\/\/schema.org\/CreativeWork\" ><div class='avia_textblock'  itemprop=\"text\" ><p>Versione tedesca clicca <a href=\"https:\/\/ch2021.ch\/wp-content\/uploads\/2019\/09\/Flyer_CH2021.pdf\">qui<\/a>.<\/p>\n<p>Versione francese clicca <a href=\"https:\/\/ch2021.ch\/wp-content\/uploads\/2019\/09\/2021_Flyer_FR_web_0919.pdf\">qui.<\/a><\/p>\n<p>Versione italiana clicca <a href=\"https:\/\/ch2021.ch\/wp-content\/uploads\/2019\/09\/2021_Flyer_IT_web_0919-1.pdf\">qui<\/a>.<\/p>\n<\/div><\/section><\/div>\n\n<\/div><\/div><\/div><!-- close content main div --><\/div><\/div><div id='av_section_3'  class='avia-section av-3zo6i0-beadbb4b4bb937be0dcd8eb725c89c20 main_color avia-section-default avia-no-border-styling  avia-builder-el-8  el_after_av_section  el_before_av_one_full  avia-bg-style-scroll container_wrap sidebar_right'  ><div class='container av-section-cont-open' ><div class='template-page content  av-content-small alpha units'><div class='post-entry post-entry-type-page post-entry-3388'><div class='entry-content-wrapper clearfix'>\n<section  class='av_textblock_section av-k0fav9hr-f2c672986035bc8c99db97bf73c760c8 '   itemscope=\"itemscope\" itemtype=\"https:\/\/schema.org\/CreativeWork\" ><div class='avia_textblock'  itemprop=\"text\" ><h3>Comunicati stampa:<\/h3>\n<div class=\"page\" title=\"Page 1\">\n<div class=\"layoutArea\">\n<div class=\"column\">\n<p><a href=\"https:\/\/ch2021.ch\/wp-content\/uploads\/2021\/02\/7.2.2021-Manifesto-CH2021_IT.pdf\" target=\"_blank\" rel=\"noopener\">Manifesto CH2021: \u201cAvanti Tutta!\u201d<\/a><\/p>\n<p><a href=\"https:\/\/ch2021.ch\/wp-content\/uploads\/2019\/09\/Communicato-stampa_CH202_29.08.18_def.pdf\" target=\"_blank\" rel=\"noopener\">Hopp Demokratie! \u2013 Allez la d\u00e9mocratie! \u2013 Forza Democrazia! (2018)<\/a><\/p>\n<\/div>\n<p><a href=\"https:\/\/ch2021.ch\/wp-content\/uploads\/2020\/01\/Communiqu\u00e9-de-presse-pour-7.02.2020.pdf\" target=\"_blank\" rel=\"noopener\">Histoire vivante &#8211; 1er acte &#8211; Compte \u00e0 rebours<\/a><\/p>\n<div class=\"column\"><\/div>\n<\/div>\n<\/div>\n<\/div><\/section>\n<\/div><\/div><\/div><!-- close content main div --><\/div><\/div><div id='after_section_3'  class='main_color av_default_container_wrap container_wrap sidebar_right'  ><div class='container av-section-cont-open' ><div class='template-page content  av-content-small alpha units'><div class='post-entry post-entry-type-page post-entry-3388'><div class='entry-content-wrapper clearfix'>\n<style type=\"text\/css\" data-created_by=\"avia_inline_auto\" id=\"style-css-av-av_one_full-79ff81c021393065cee878051452f6a6\">\n.flex_column.av-av_one_full-79ff81c021393065cee878051452f6a6{\nborder-radius:0px 0px 0px 0px;\npadding:0px 0px 0px 0px;\n}\n<\/style>\n<div  class='flex_column av-av_one_full-79ff81c021393065cee878051452f6a6 av_one_full  avia-builder-el-10  el_after_av_section  avia-builder-el-no-sibling  first flex_column_div av-zero-column-padding  '     ><section  class='av_textblock_section av-l2noxysq-56ba7223729ffa2d3fac3099c674ee6b '   itemscope=\"itemscope\" itemtype=\"https:\/\/schema.org\/CreativeWork\" ><div class='avia_textblock'  itemprop=\"text\" ><h3>CH2021 nei media:<\/h3>\n<\/div><\/section><br \/>\n\n<style type=\"text\/css\" data-created_by=\"avia_inline_auto\" id=\"style-css-av-l2noy5j4-00cbd94212306d1e30cc556ffd182f19\">\n#top .togglecontainer.av-l2noy5j4-00cbd94212306d1e30cc556ffd182f19 p.toggler{\nborder-color:#000000;\n}\n#top .togglecontainer.av-l2noy5j4-00cbd94212306d1e30cc556ffd182f19 p.toggler:not(.activeTitle):hover{\nbackground-color:#f49b33;\n}\n#top .togglecontainer.av-l2noy5j4-00cbd94212306d1e30cc556ffd182f19 .toggle_wrap .toggle_content{\nborder-color:#000000;\n}\n<\/style>\n<div  class='togglecontainer av-l2noy5j4-00cbd94212306d1e30cc556ffd182f19  avia-builder-el-12  el_after_av_textblock  avia-builder-el-last ' >\n<section class='av_toggle_section av-av_toggle-755255706e4d54ca70a6c8c6995d71f3'  itemscope=\"itemscope\" itemtype=\"https:\/\/schema.org\/CreativeWork\" ><div role=\"tablist\" class=\"single_toggle\" data-tags=\"{Tutto} \"  ><p id='toggle-toggle-id-1' data-fake-id='#toggle-id-1' class='toggler  av-title-above av-inherit-border-color'  itemprop=\"headline\"  role='tab' tabindex='0' aria-controls='toggle-id-1' data-slide-speed=\"200\" data-title=\"Print\" data-title-open=\"\" data-aria_collapsed=\"Clicca per espandere: Print\" data-aria_expanded=\"Fare clic per chiudere: Print\">Print<span class=\"toggle_icon\"><span class=\"vert_icon\"><\/span><span class=\"hor_icon\"><\/span><\/span><\/p><div id='toggle-id-1' aria-labelledby='toggle-toggle-id-1' role='region' class='toggle_wrap  av-title-above'  ><div class='toggle_content invers-color av-inherit-border-color'  itemprop=\"text\" ><div class=\"column\">\n<div class=\"page\" title=\"Page 1\">\n<div class=\"layoutArea\">\n<div class=\"column\">\n<p>Ticino Management Donna (11\/2021): Maria Bonina, <a href=\"https:\/\/ch2021.ch\/wp-content\/uploads\/2022\/01\/nov-dic-2021.pdf\" target=\"_blank\" rel=\"noopener\">L&#8217;unione, forza dell&#8217;anno della parit\u00e0 di genere<\/a><\/p>\n<p>Ticino Management Donna (9\/2021): Maria Bonina, <a href=\"https:\/\/ch2021.ch\/wp-content\/uploads\/2022\/01\/sett-ott-2021.pdf\" target=\"_blank\" rel=\"noopener\">Mantenere vivo il dialogo<\/a><\/p>\n<p>Ticino Management Donna (6\/2021): Maria Bonina, <a href=\"https:\/\/ch2021.ch\/wp-content\/uploads\/2022\/01\/giu-lug-2021.pdf\" target=\"_blank\" rel=\"noopener\">Un anno ricco di eventi<\/a><\/p>\n<p>Die Lupe, Das Briefmarkenmagazin (1\/2021): <a href=\"https:\/\/ch2021.ch\/wp-content\/uploads\/2022\/04\/Die-Lupe_202101.pdf\" target=\"_blank\" rel=\"noopener\">50 Jahre Frauenstimm- und wahlrecht<\/a><\/p>\n<p>Grosseltern Magazin (12\/2020): <a href=\"https:\/\/ch2021.ch\/wp-content\/uploads\/2022\/04\/Grosseltern_202012.pdf\" target=\"_blank\" rel=\"noopener\">Dossier Frauenstimmrecht<\/a><\/p>\n<p>Ticino Management Donna (11\/2020): Maria Bonina, <a href=\"https:\/\/ch2021.ch\/wp-content\/uploads\/2021\/01\/Ticino-Management-Donna-11_2020.pdf\" target=\"_blank\" rel=\"noopener\">Pari opportunit\u00e0 e suffragio\u00a0<\/a><\/p>\n<p>Willisauer Bote (11.09.2020): <a href=\"https:\/\/ch2021.ch\/wp-content\/uploads\/2020\/09\/2020-09-11_Willisauer-Bote_Seite_6.pdf\" target=\"_blank\" rel=\"noopener\">W\u00fcrdigen, feiern, aufbrechen<\/a><\/p>\n<\/div>\n<\/div>\n<\/div>\n<\/div>\n<p>Ticino Management Donna: Zita K\u00fcng,\u00a0<a href=\"https:\/\/ch2021.ch\/wp-content\/uploads\/2020\/04\/ch_2020-2.pdf\" target=\"_blank\" rel=\"noopener\">50 anni di suffragio femminile in Svizzera<\/a><\/p>\n<p>Work &#8211; Zeitung der Gewerkschaft Uni (31.01.2020): <a href=\"https:\/\/assets01.sdd1.ch\/assets\/lbwp-cdn\/workzeitung\/files\/1580381883\/work-nr-2-20.pdf\" target=\"_blank\" rel=\"noopener\">Jubil\u00e4ums-Countdown. Frauenstimmrecht<\/a><\/p>\n<\/div><\/div><\/div><\/section>\n<section class='av_toggle_section av-av_toggle-e49054756e4d3b000692d015e5ce97fd'  itemscope=\"itemscope\" itemtype=\"https:\/\/schema.org\/CreativeWork\" ><div role=\"tablist\" class=\"single_toggle\" data-tags=\"{Tutto} \"  ><p id='toggle-toggle-id-2' data-fake-id='#toggle-id-2' class='toggler  av-title-above av-inherit-border-color'  itemprop=\"headline\"  role='tab' tabindex='0' aria-controls='toggle-id-2' data-slide-speed=\"200\" data-title=\"Online\" data-title-open=\"\" data-aria_collapsed=\"Clicca per espandere: Online\" data-aria_expanded=\"Fare clic per chiudere: Online\">Online<span class=\"toggle_icon\"><span class=\"vert_icon\"><\/span><span class=\"hor_icon\"><\/span><\/span><\/p><div id='toggle-id-2' aria-labelledby='toggle-toggle-id-2' role='region' class='toggle_wrap  av-title-above'  ><div class='toggle_content invers-color av-inherit-border-color'  itemprop=\"text\" ><p>Der Brienzer Online (07.02.2021): <a href=\"https:\/\/www.derbrienzer.ch\/artikel\/188026\/\" target=\"_blank\" rel=\"noopener\">Forderung nach tats\u00e4chlicher Gleichstellung<\/a><\/p>\n<p>Der Oberhasler Online (07.02.2021):\u00a0<a href=\"https:\/\/www.deroberhasler.ch\/artikel\/188026\/\" target=\"_blank\" rel=\"noopener\">Forderung nach tats\u00e4chlicher Gleichstellung<\/a><\/p>\n<p>Echo von Grindelwald Online (07.02.2021): <a href=\"https:\/\/www.echovongrindelwald.ch\/artikel\/188026\/\" target=\"_blank\" rel=\"noopener\">Forderung nach tats\u00e4chlicher Gleichstellung<\/a><\/p>\n<p>Jungfrau Zeitung (07.02.2021): <a href=\"https:\/\/www.jungfrauzeitung.ch\/artikel\/188026\/\" target=\"_blank\" rel=\"noopener\">Forderung nach tats\u00e4chlicher Gleichstellung<\/a><\/p>\n<p>20 Minuti Ticino Online (06.02.2021): <a href=\"https:\/\/www.tio.ch\/svizzera\/attualita\/1491392\/donne-e-uomini-devono-essere-uguali-nei-diritti-e-nella-realta\" target=\"_blank\" rel=\"noopener\">Donne e uomini? Devono essere uguali nei diritti e nella realt\u00e0<\/a><\/p>\n<p>Badener Tagblatt Online (06.02.2021): <a href=\"https:\/\/www.badenertagblatt.ch\/news-service\/inland-schweiz\/frauenstimmrecht-jubilaeums-verein-fuer-frauenstimmrecht-fordert-bundesrat-zur-anerkennung-von-unrecht-auf-ld.2095616\" target=\"_blank\" rel=\"noopener\">Jubil\u00e4ums-Verein f\u00fcr Frauenstimmrecht fordert Bundesrat zur Anerkennung von Unrecht auf<\/a><\/p>\n<p>Blick Online (06.02.2021): <a href=\"https:\/\/www.blick.ch\/politik\/manifest-fordert-aktionsplan-bundesrat-soll-der-gleichstellung-dampf-machen-id16333524.html\" target=\"_blank\" rel=\"noopener\">Bundesrat soll der Gleichstellung \u00abDampf machen\u00bb<\/a><\/p>\n<p>Bote der Urschweiz Online (06.02.2021): <a href=\"https:\/\/www.bote.ch\/nachrichten\/schweiz\/jubilaeums-verein-fuer-frauenstimmrecht-fordert-bundesrat-zur-anerkennung-von-unrecht-auf;art177490,1293670\" target=\"_blank\" rel=\"noopener\">Jubil\u00e4ums-Verein f\u00fcr Frauenstimmrecht fordert Bundesrat zur Anerkennung von Unrecht auf<\/a><\/p>\n<p>BZ Basel (06.02.2021): <a href=\"https:\/\/www.bzbasel.ch\/news-service\/inland-schweiz\/frauenstimmrecht-jubilaeums-verein-fuer-frauenstimmrecht-fordert-bundesrat-zur-anerkennung-von-unrecht-auf-ld.2095616\" target=\"_blank\" rel=\"noopener\">Jubil\u00e4ums-Verein f\u00fcr Frauenstimmrecht fordert Bundesrat zur Anerkennung von Unrecht auf<\/a><\/p>\n<p>Catt- Portale cattolico svizzero (06.02.2021): <a href=\"https:\/\/www.catt.ch\/newsi\/un-sito-un-libro-e-un-film-per-ricordare-il-voto-alle-donne-in-svizzera\/\" target=\"_blank\" rel=\"noopener\">Un sito, un libro e un film per ricordare il voto alle donne in Svizzera<\/a><\/p>\n<p>Grenchner Tagblatt Online (06.02.2021): <a href=\"https:\/\/www.grenchnertagblatt.ch\/news-service\/inland-schweiz\/frauenstimmrecht-jubilaeums-verein-fuer-frauenstimmrecht-fordert-bundesrat-zur-anerkennung-von-unrecht-auf-ld.2095616\" target=\"_blank\" rel=\"noopener\">Jubil\u00e4ums-Verein f\u00fcr Frauenstimmrecht fordert Bundesrat zur Anerkennung von Unrecht auf<\/a><\/p>\n<p>Limmattaler Zeitung Online (06.02.2021): <a href=\"https:\/\/www.limmattalerzeitung.ch\/news-service\/inland-schweiz\/frauenstimmrecht-jubilaeums-verein-fuer-frauenstimmrecht-fordert-bundesrat-zur-anerkennung-von-unrecht-auf-ld.2095616\" target=\"_blank\" rel=\"noopener\">Jubil\u00e4ums-Verein f\u00fcr Frauenstimmrecht fordert Bundesrat zur Anerkennung von Unrecht auf<\/a><\/p>\n<p>Luzerner Zeitung Online (06.02.2021): <a href=\"https:\/\/www.luzernerzeitung.ch\/news-service\/inland-schweiz\/frauenstimmrecht-jubilaeums-verein-fuer-frauenstimmrecht-fordert-bundesrat-zur-anerkennung-von-unrecht-auf-ld.2095616\" target=\"_blank\" rel=\"noopener\">Jubil\u00e4ums-Verein f\u00fcr Frauenstimmrecht fordert Bundesrat zur Anerkennung von Unrecht auf<\/a><\/p>\n<p>Solothurner Zeitung (06.02.2021): <a href=\"https:\/\/www.solothurnerzeitung.ch\/news-service\/inland-schweiz\/frauenstimmrecht-jubilaeums-verein-fuer-frauenstimmrecht-fordert-bundesrat-zur-anerkennung-von-unrecht-auf-ld.2095616\" target=\"_blank\" rel=\"noopener\">Jubil\u00e4ums-Verein f\u00fcr Frauenstimmrecht fordert Bundesrat zur Anerkennung von Unrecht auf<\/a><\/p>\n<p>Banque Swissquote FR (06.02.2021): <a href=\"https:\/\/www.swissquote.ch\/sqi_premium\/market\/news\/News.action?id=13012998\" target=\"_blank\" rel=\"noopener\">L&#8217;association CH2021 appelle \u00e0 une v\u00e9ritable \u00e9galit\u00e9<\/a><\/p>\n<p>Ticino Online- 20 minuti (06.02.2021): <a href=\"https:\/\/www.tio.ch\/svizzera\/attualita\/1491392\/donne-ch2021-diritti-voto-diritto-uomini\" target=\"_blank\" rel=\"noopener\">Donne e uomini? Devono essere uguali nei diritti e nella realt\u00e0<\/a><\/p>\n<p>Liechtensteiner Volksblatt (06.02.2021): <a href=\"https:\/\/www.volksblatt.li\/nachrichten\/Schweiz\/Politik\/sda\/6299255\/dampf-machen-verein-ch2021-fordert-tatsachliche-gleichstellung\" target=\"_blank\" rel=\"noopener\">&#8220;Dampf machen&#8221;: Verein CH2021 fordert tats\u00e4chliche Gleichstellung<\/a><\/p>\n<p>Zentralplus (06.02.2021):<a href=\"https:\/\/www.zentralplus.ch\/news\/verein-will-beim-br-dampf-machen-2005189\/\" target=\"_blank\" rel=\"noopener\"> <span class=\"entry-title__the-title\">Verein will beim BR \u00abDampf machen\u00bb<\/span><\/a><\/p>\n<p>L&#8217;\u00e9v\u00e9nement (03.02.2021): <a href=\"https:\/\/www.evenement.ch\/articles\/un-siecle-de-luttes-pour-le-droit-de-vote-des-femmes\" target=\"_blank\" rel=\"noopener\">Un si\u00e8cle de luttes pour le droit de vote des femmes<\/a><\/p>\n<p>Swissinfo.ch (03.02.2021): <a href=\"https:\/\/www.swissinfo.ch\/eng\/the-power-of-voting--still-not-a-matter-of-course\/46341930\" target=\"_blank\" rel=\"noopener\">The power of voting: still not a matter of course<\/a><\/p>\n<p>Top Online (03.02.2021): <a href=\"https:\/\/www.toponline.ch\/news\/schweiz\/detail\/news\/50-jahre-frauenstimmrecht-in-der-schweiz-00150956\/\" target=\"_blank\" rel=\"noopener\">50 Jahre Frauenstimmrecht in der Schweiz<\/a><\/p>\n<p>Zuger Woche (03.02.2021): <a href=\"https:\/\/www.zugerwoche.ch\/leser-reporter\/detail\/article\/jubilaeum-50-jahre-frauenstimmrecht-00195604\/\" target=\"_blank\" rel=\"noopener\">Jubil\u00e4um: 50 Jahre Frauenstimmrecht<\/a><\/p>\n<p>Ostschweizerinnen.ch (27.01.2021): <a href=\"https:\/\/ostschweizerinnen.ch\/feministischer-streik-2021-online-jetzt-anmelden\/\" target=\"_blank\" rel=\"noopener\">Feministischer Streik 2021 \u2013 Jetzt f\u00fcr die Assisen anmelden!<\/a><\/p>\n<p>Anzeiger Luzern (09.09.2020): <a href=\"https:\/\/anzeiger-luzern.ch\/home\/region\/regionales\/?tx_ttnews%5Btt_news%5D=100611&amp;cHash=60e2c5a6ac0a7d982c18e17bc01df020\" target=\"_blank\" rel=\"noopener\">Peopleseite Frauen-Power<\/a><\/p>\n<p>Seniorweb(18.02.2020): <a href=\"https:\/\/seniorweb.ch\/2020\/02\/18\/gedenktage-stehen-bevor-ch2021\/\" target=\"_blank\" rel=\"noopener\">Gedenktage stehen bevor: CH2021<\/a> (Kolumne von Judith Stamm)<\/p>\n<p>Newsletter des Schweizerischen Katholischen Frauenbundes: <a href=\"https:\/\/us3.campaign-archive.com\/?u=91091a31ae12601ae883c659c&amp;id=8d752fb517&amp;fbclid=IwAR35gs1lFKFB8lU_bIwyBYNiDtJPmvTmo66S82ryrdtoaKkO6Ab-ERSyIhI\" target=\"_blank\" rel=\"noopener\">Der Countdown l\u00e4uft<\/a><\/p>\n<p>20 Minuti (04.11.2019): <a href=\"https:\/\/www.tio.ch\/rubriche\/ospite\/1401036\/una-lezione-per-i-partiti\" target=\"_blank\" rel=\"noopener\">Una lezione per i partiti<\/a><\/p>\n<p>vorw\u00e4rts. die sozialistische Zeitung (02.11.2019): <a href=\"https:\/\/www.vorwaerts.ch\/inland\/der-lange-weg-zur-urne\/\" target=\"_blank\" rel=\"noopener\">Der lange Weg zur Urne<\/a><\/p>\n<p>Forum Elle &#8211; Die Frauenorganisation der Migros (14.11.2018): <a href=\"https:\/\/www.forum-elle.ch\/de\/2018\/11\/14\/50-jahre-frauenstimm-und-wahlrecht\/\" target=\"_blank\" rel=\"noopener\">4 Fragen an Zita K\u00fcng<\/a><\/p>\n<p>Parlamentarische Anfrage (05.12.2018): <a href=\"https:\/\/www.parlament.ch\/de\/ratsbetrieb\/suche-curia-vista\/geschaeft?AffairId=20181076\" target=\"_blank\" rel=\"noopener\">2021. 50 Jahre Frauenstimmrecht in der Schweiz<\/a><\/p>\n<p>100frauen.ch (25.06.2018): <a href=\"http:\/\/100frauen.ch\/empowerment-von-frauen\/\" target=\"_blank\" rel=\"noopener\">Empowerment von Frauen<\/a><\/p>\n<\/div><\/div><\/div><\/section>\n<section class='av_toggle_section av-av_toggle-305ee731c10ecbeca9005ba108980a23'  itemscope=\"itemscope\" itemtype=\"https:\/\/schema.org\/CreativeWork\" ><div role=\"tablist\" class=\"single_toggle\" data-tags=\"{Tutto} \"  ><p id='toggle-toggle-id-3' data-fake-id='#toggle-id-3' class='toggler  av-title-above av-inherit-border-color'  itemprop=\"headline\"  role='tab' tabindex='0' aria-controls='toggle-id-3' data-slide-speed=\"200\" data-title=\"Radio \/ TV\" data-title-open=\"\" data-aria_collapsed=\"Clicca per espandere: Radio \/ TV\" data-aria_expanded=\"Fare clic per chiudere: Radio \/ TV\">Radio \/ TV<span class=\"toggle_icon\"><span class=\"vert_icon\"><\/span><span class=\"hor_icon\"><\/span><\/span><\/p><div id='toggle-id-3' aria-labelledby='toggle-toggle-id-3' role='region' class='toggle_wrap  av-title-above'  ><div class='toggle_content invers-color av-inherit-border-color'  itemprop=\"text\" ><\/div><\/div><\/div><\/section>\n<\/div><\/p><\/div><\/p>\n","protected":false},"excerpt":{"rendered":"","protected":false},"author":6,"featured_media":0,"parent":0,"menu_order":0,"comment_status":"closed","ping_status":"closed","template":"","meta":{"_monsterinsights_skip_tracking":false,"_monsterinsights_sitenote_active":false,"_monsterinsights_sitenote_note":"","_monsterinsights_sitenote_category":0,"footnotes":""},"class_list":["post-3388","page","type-page","status-publish","hentry"],"_links":{"self":[{"href":"https:\/\/ch2021.ch\/it\/wp-json\/wp\/v2\/pages\/3388","targetHints":{"allow":["GET"]}}],"collection":[{"href":"https:\/\/ch2021.ch\/it\/wp-json\/wp\/v2\/pages"}],"about":[{"href":"https:\/\/ch2021.ch\/it\/wp-json\/wp\/v2\/types\/page"}],"author":[{"embeddable":true,"href":"https:\/\/ch2021.ch\/it\/wp-json\/wp\/v2\/users\/6"}],"replies":[{"embeddable":true,"href":"https:\/\/ch2021.ch\/it\/wp-json\/wp\/v2\/comments?post=3388"}],"version-history":[{"count":15,"href":"https:\/\/ch2021.ch\/it\/wp-json\/wp\/v2\/pages\/3388\/revisions"}],"predecessor-version":[{"id":18274,"href":"https:\/\/ch2021.ch\/it\/wp-json\/wp\/v2\/pages\/3388\/revisions\/18274"}],"wp:attachment":[{"href":"https:\/\/ch2021.ch\/it\/wp-json\/wp\/v2\/media?parent=3388"}],"curies":[{"name":"wp","href":"https:\/\/api.w.org\/{rel}","templated":true}]}}