{"id":3657,"date":"2019-10-31T16:04:21","date_gmt":"2019-10-31T15:04:21","guid":{"rendered":"https:\/\/ch2021.ch\/?page_id=3657"},"modified":"2019-11-07T13:14:15","modified_gmt":"2019-11-07T12:14:15","slug":"nos-alliees","status":"publish","type":"page","link":"https:\/\/ch2021.ch\/it\/nos-alliees\/","title":{"rendered":"Nos Alli\u00e9(e)s"},"content":{"rendered":"<p><span style=\"font-size: 16px;\">s<div id='av_section_1'  class='avia-section av-1fivo-75596acf190f84408c561d0d4dcff2b0 main_color avia-section-default avia-no-border-styling  avia-builder-el-0  el_before_av_section  avia-builder-el-first  avia-bg-style-scroll container_wrap sidebar_right'  ><div class='container av-section-cont-open' ><main  role=\"main\" itemprop=\"mainContentOfPage\"  class='template-page content  av-content-small alpha units'><div class='post-entry post-entry-type-page post-entry-3657'><div class='entry-content-wrapper clearfix'><\/span><\/p>\n<section  class='av_textblock_section av-p69o-53fc4d0bdd6f41acd9d885e59e13dbbc '   itemscope=\"itemscope\" itemtype=\"https:\/\/schema.org\/CreativeWork\" ><div class='avia_textblock'  itemprop=\"text\" ><p>De nombreuses personnalit\u00e9s de la politique, de l&#8217;\u00e9conomie et de la soci\u00e9t\u00e9 soutiennent la campagne d&#8217;anniversaire de CH2021.&nbsp;Vous pouvez lire ici leurs d\u00e9clarations \u00e0 propos des 50 ans du droit de vote et d&#8217;\u00e9ligibilit\u00e9 des femmes, mais aussi sur les d\u00e9fis actuels de NOTRE D\u00c9MOCRATIE autour des th\u00e8mes de l&#8217;\u00e9galit\u00e9 et de l&#8217;\u00e9quit\u00e9 entre les femmes et les hommes dans la participation \u00e0 la vie politique.<\/p>\n<\/div><\/section>\n<\/div><\/div><\/main><!-- close content main element --><\/div><\/div><div id='av_section_2'  class='avia-section av-jkjmqted-6e72a3dbdbab44809a2195f75cbe6dd8 main_color avia-section-default avia-no-border-styling avia-bg-style-scroll container_wrap sidebar_right'  ><div class='container av-section-cont-open' ><div class='template-page content  av-content-small alpha units'><div class='post-entry post-entry-type-page post-entry-3657'><div class='entry-content-wrapper clearfix'>\n\n<style type=\"text\/css\" data-created_by=\"avia_inline_auto\" id=\"style-css-av-4095ob-a31eca771dc9f8078ce3a9ac73ba9a65\">\n.flex_column.av-4095ob-a31eca771dc9f8078ce3a9ac73ba9a65{\nborder-radius:0px 0px 0px 0px;\npadding:0px 0px 0px 0px;\n}\n<\/style>\n<div  class='flex_column av-4095ob-a31eca771dc9f8078ce3a9ac73ba9a65 av_one_third first flex_column_div av-zero-column-padding  '     ><section  class='avia-team-member av-jy496p8d-93e38ad2078dbe0b1a3e0d939c9b668a'  itemscope=\"itemscope\" itemtype=\"https:\/\/schema.org\/Person\" ><div class=\"team-img-container\"><img fetchpriority=\"high\" class='wp-image-3650 avia-img-lazy-loading-not-3650 avia_image avia_image_team' src='https:\/\/ch2021.ch\/wp-content\/uploads\/2019\/11\/1547738248049-200x300.jpg' alt='Karin Keller-Sutter'  itemprop=\"image\"   height=\"300\" width=\"200\" \/><\/div><h3 class='team-member-name '  itemprop=\"name\" >Karin Keller-Sutter<\/h3><div class='team-member-job-title '  itemprop=\"jobTitle\" >Bundesr\u00e4tin, Vorsteherin des Eidg. Justiz- und Polizeidepartements<\/div><div class='team-member-description '  itemprop=\"description\" ><p>Mit dem Frauenstimmrecht wurde die Grundlage f\u00fcr eine Demokratie geschaffen, in der Frauen und M\u00e4nner die gleichen Chancen haben und gemeinsam Verantwortung \u00fcbernehmen. Es war daher nicht nur eine demokratie-politische, sondern auch eine gesellschaftspolitische Errungenschaft.<\/p>\n<\/div><span class='hidden team-member-affiliation'  itemprop=\"affiliation\" >CH2021<\/span><\/section><\/div>\n<style type=\"text\/css\" data-created_by=\"avia_inline_auto\" id=\"style-css-av-6lkn17-6c7086f3d3ed85b0a727e7f6cea76414\">\n.flex_column.av-6lkn17-6c7086f3d3ed85b0a727e7f6cea76414{\nborder-radius:0px 0px 0px 0px;\npadding:0px 0px 0px 0px;\n}\n<\/style>\n<div  class='flex_column av-6lkn17-6c7086f3d3ed85b0a727e7f6cea76414 av_one_third flex_column_div av-zero-column-padding  '     ><section  class='avia-team-member av-jy496p8d-8d44247be1b4bbde885f1806e22fa462'  itemscope=\"itemscope\" itemtype=\"https:\/\/schema.org\/Person\" ><div class=\"team-img-container\"><img fetchpriority=\"high\" class='wp-image-3584 avia-img-lazy-loading-not-3584 avia_image avia_image_team' src='https:\/\/ch2021.ch\/wp-content\/uploads\/2019\/10\/2533.jpg' alt='Chiara Simoneschi-Cortesi'  itemprop=\"image\"   height=\"260\" width=\"260\" \/><\/div><h3 class='team-member-name '  itemprop=\"name\" >Chiara Simoneschi-Cortesi<\/h3><div class='team-member-job-title '  itemprop=\"jobTitle\" >gi\u00e0 Presidente del Consiglio Nazionale e Fondatrice di CH2021<\/div><div class='team-member-description '  itemprop=\"description\" ><p>La concessione del diritto di voto nel 1971 fu un primo passo verso la democrazia. I successivi 50 anni ci hanno dimostrato che i cambiamenti sono molto lenti e che la parit\u00e0 tra donne e uomini non \u00e8 ancora realizzata. La Svizzera sar\u00e0 una piena democrazia solo quando donne e uomini saranno equamente rappresentate nelle istituzioni e nella societ\u00e0.<\/p>\n<\/div><span class='hidden team-member-affiliation'  itemprop=\"affiliation\" >CH2021<\/span><\/section><\/div>\n<style type=\"text\/css\" data-created_by=\"avia_inline_auto\" id=\"style-css-av-6lkn17-6c7086f3d3ed85b0a727e7f6cea76414\">\n.flex_column.av-6lkn17-6c7086f3d3ed85b0a727e7f6cea76414{\nborder-radius:0px 0px 0px 0px;\npadding:0px 0px 0px 0px;\n}\n<\/style>\n<div  class='flex_column av-6lkn17-6c7086f3d3ed85b0a727e7f6cea76414 av_one_third flex_column_div av-zero-column-padding  '     ><section  class='avia-team-member av-jy496p8d-a26ead5d11da7a2848a3796f1b7a589c'  itemscope=\"itemscope\" itemtype=\"https:\/\/schema.org\/Person\" ><div class=\"team-img-container\"><img fetchpriority=\"high\" class='wp-image-3600 avia-img-lazy-loading-not-3600 avia_image avia_image_team' src='https:\/\/ch2021.ch\/wp-content\/uploads\/2019\/10\/HT_2019_Portr\u00e4t-218x300.jpg' alt='Helena Trachsel'  itemprop=\"image\"   height=\"300\" width=\"218\" \/><\/div><h3 class='team-member-name '  itemprop=\"name\" >Helena Trachsel<\/h3><div class='team-member-job-title '  itemprop=\"jobTitle\" >Leiterin der Fachstelle Gleichstellung des Kanton Z\u00fcrichs<\/div><div class='team-member-description '  itemprop=\"description\" ><p>\u00abEs scheint immer unm\u00f6glich, bis es geschafft ist\u00bb - Nelson Mandela<br \/>\nGenau das ist der springende Punkt. Auch wenn es unm\u00f6glich scheint, sollten wir uns weiterhin f\u00fcr einen 50:50 Frauenanteil im nationalen Parlament engagieren und somit unsere Vork\u00e4mpfer*innen mit dem 50 Jahre Frauenstimmrecht-Jubil\u00e4um im Kanton Z\u00fcrich und schweizweit 2020\/2021 w\u00fcrdigen.<\/p>\n<\/div><span class='hidden team-member-affiliation'  itemprop=\"affiliation\" >CH2021<\/span><\/section><\/div>\n<style type=\"text\/css\" data-created_by=\"avia_inline_auto\" id=\"style-css-av-6lkn17-acb04b16a4e7eeb860502a78c87bcb45\">\n.flex_column.av-6lkn17-acb04b16a4e7eeb860502a78c87bcb45{\nborder-radius:0px 0px 0px 0px;\npadding:0px 0px 0px 0px;\n}\n<\/style>\n<div  class='flex_column av-6lkn17-acb04b16a4e7eeb860502a78c87bcb45 av_one_third first flex_column_div av-zero-column-padding  '     ><section  class='avia-team-member av-k2eu0vg9-4c88ed5d4f4a6f3bdc5483c69d622725'  itemscope=\"itemscope\" itemtype=\"https:\/\/schema.org\/Person\" ><div class=\"team-img-container\"><img fetchpriority=\"high\" class='wp-image-3604 avia-img-lazy-loading-not-3604 avia_image avia_image_team' src='https:\/\/ch2021.ch\/wp-content\/uploads\/2019\/10\/IMG_1344-300x300.jpg' alt='Yvonne Sch\u00e4rli'  itemprop=\"image\"   height=\"300\" width=\"300\" \/><\/div><h3 class='team-member-name '  itemprop=\"name\" >Yvonne Sch\u00e4rli<\/h3><div class='team-member-job-title '  itemprop=\"jobTitle\" >Pr\u00e4sidentin der Eidgen\u00f6ssischen Kommission f\u00fcr Frauenfragen EKF<\/div><div class='team-member-description '  itemprop=\"description\" ><p>Der Blick in die Geschichte zeigt: Frauenrechte m\u00fcssen erk\u00e4mpft werden. Den Schweizer*innen wurden die politischen Rechte besonders lange verwehrt. Es ist dem beharrlichen Einsatz vieler mutiger Frauen zu verdanken, dass wir 2021 nun 50 Jahre Frauenwahlrecht feiern - und damit auch die Einl\u00f6sung des zentralen Anspruchs einer Demokratie: das allgemeine Stimm- und Wahlrecht.<\/p>\n<\/div><span class='hidden team-member-affiliation'  itemprop=\"affiliation\" >CH2021<\/span><\/section><\/div>\n<style type=\"text\/css\" data-created_by=\"avia_inline_auto\" id=\"style-css-av-6lkn17-6c7086f3d3ed85b0a727e7f6cea76414\">\n.flex_column.av-6lkn17-6c7086f3d3ed85b0a727e7f6cea76414{\nborder-radius:0px 0px 0px 0px;\npadding:0px 0px 0px 0px;\n}\n<\/style>\n<div  class='flex_column av-6lkn17-6c7086f3d3ed85b0a727e7f6cea76414 av_one_third flex_column_div av-zero-column-padding  '     ><section  class='avia-team-member av-jy496p8d-19dfc1eccb06d6d07649649577281cd8'  itemscope=\"itemscope\" itemtype=\"https:\/\/schema.org\/Person\" ><div class=\"team-img-container\"><img fetchpriority=\"high\" class='wp-image-3596 avia-img-lazy-loading-not-3596 avia_image avia_image_team' src='https:\/\/ch2021.ch\/wp-content\/uploads\/2019\/10\/Jessica-Zuber-300x225.jpg' alt='Jessica Zuber'  itemprop=\"image\"   height=\"225\" width=\"300\" \/><\/div><h3 class='team-member-name '  itemprop=\"name\" >Jessica Zuber<\/h3><div class='team-member-job-title '  itemprop=\"jobTitle\" >Kampagnenleiterin bei Alliance F<\/div><div class='team-member-description '  itemprop=\"description\" ><p>Wir sind weit davon entfernt, dass Frauen zu gleichen Teilen an politischen Entscheiden teilhaben. Es ist an der Zeit, dass Frauen die Gesetze, welche das Zusammenleben von uns allen gestalten, gleichermassen mitpr\u00e4gen.<\/p>\n<\/div><span class='hidden team-member-affiliation'  itemprop=\"affiliation\" >CH2021<\/span><\/section><\/div>\n<style type=\"text\/css\" data-created_by=\"avia_inline_auto\" id=\"style-css-av-466ukr-cd4918aa9bc2bdece8ba8a00aa722147\">\n.flex_column.av-466ukr-cd4918aa9bc2bdece8ba8a00aa722147{\nborder-radius:0px 0px 0px 0px;\npadding:0px 0px 0px 0px;\n}\n<\/style>\n<div  class='flex_column av-466ukr-cd4918aa9bc2bdece8ba8a00aa722147 av_one_third flex_column_div av-zero-column-padding  '     ><section  class='avia-team-member av-k2eu8b4q-6723dd68b268b955081afad00f4df129'  itemscope=\"itemscope\" itemtype=\"https:\/\/schema.org\/Person\" ><div class=\"team-img-container\"><img fetchpriority=\"high\" class='wp-image-1491 avia-img-lazy-loading-not-1491 avia_image avia_image_team' src='https:\/\/ch2021.ch\/wp-content\/uploads\/2019\/07\/Isabel-Rohner-by-Christian-Kruppa-283x300.jpg' alt='Isabel Rohner'  itemprop=\"image\"   height=\"300\" width=\"283\" \/><\/div><h3 class='team-member-name '  itemprop=\"name\" >Isabel Rohner<\/h3><div class='team-member-job-title '  itemprop=\"jobTitle\" >Publizistin und Wahlrechtsexpertin<\/div><div class='team-member-description '  itemprop=\"description\" ><p>Wenn wir 2021 in der Schweiz 50 Jahre Frauenwahlrecht feiern, feiern wir damit auch 50 Jahre Demokratie. Man kann nicht von Demokratie sprechen, wenn die H\u00e4lfte der Bev\u00f6lkerung kein Wahlrecht hat.<\/p>\n<\/div><span class='hidden team-member-affiliation'  itemprop=\"affiliation\" >CH2021<\/span><\/section><\/div>\n<\/div><\/div><\/div><!-- close content main div --><\/div><\/div><div id='after_section_2'  class='main_color av_default_container_wrap container_wrap sidebar_right'  ><div class='container av-section-cont-open' ><div class='template-page content  av-content-small alpha units'><div class='post-entry post-entry-type-page post-entry-3657'><div class='entry-content-wrapper clearfix'><\/p>\n","protected":false},"excerpt":{"rendered":"<p>s<\/p>\n","protected":false},"author":6,"featured_media":0,"parent":0,"menu_order":0,"comment_status":"closed","ping_status":"closed","template":"","meta":{"_monsterinsights_skip_tracking":false,"_monsterinsights_sitenote_active":false,"_monsterinsights_sitenote_note":"","_monsterinsights_sitenote_category":0,"footnotes":""},"class_list":["post-3657","page","type-page","status-publish","hentry"],"_links":{"self":[{"href":"https:\/\/ch2021.ch\/it\/wp-json\/wp\/v2\/pages\/3657","targetHints":{"allow":["GET"]}}],"collection":[{"href":"https:\/\/ch2021.ch\/it\/wp-json\/wp\/v2\/pages"}],"about":[{"href":"https:\/\/ch2021.ch\/it\/wp-json\/wp\/v2\/types\/page"}],"author":[{"embeddable":true,"href":"https:\/\/ch2021.ch\/it\/wp-json\/wp\/v2\/users\/6"}],"replies":[{"embeddable":true,"href":"https:\/\/ch2021.ch\/it\/wp-json\/wp\/v2\/comments?post=3657"}],"version-history":[{"count":3,"href":"https:\/\/ch2021.ch\/it\/wp-json\/wp\/v2\/pages\/3657\/revisions"}],"predecessor-version":[{"id":3661,"href":"https:\/\/ch2021.ch\/it\/wp-json\/wp\/v2\/pages\/3657\/revisions\/3661"}],"wp:attachment":[{"href":"https:\/\/ch2021.ch\/it\/wp-json\/wp\/v2\/media?parent=3657"}],"curies":[{"name":"wp","href":"https:\/\/api.w.org\/{rel}","templated":true}]}}