{"id":17707,"date":"2022-02-15T09:44:34","date_gmt":"2022-02-15T08:44:34","guid":{"rendered":"https:\/\/ch2021.ch\/?page_id=17707"},"modified":"2022-02-15T09:44:43","modified_gmt":"2022-02-15T08:44:43","slug":"digitaler-literaturtalk","status":"publish","type":"page","link":"https:\/\/ch2021.ch\/rm\/event-directory\/digitaler-literaturtalk\/","title":{"rendered":"Digitale Literatur-Talks"},"content":{"rendered":"\n<style type=\"text\/css\" data-created_by=\"avia_inline_auto\" id=\"style-css-av-4ll01j-e9f4fed6e84516550cd51f8d1982ed44\">\n.avia-section.av-4ll01j-e9f4fed6e84516550cd51f8d1982ed44{\nbackground-color:#ff7707;\nbackground:linear-gradient( to bottom right, #ff7707, #f6e9d3 );\n}\n.avia-section.av-4ll01j-e9f4fed6e84516550cd51f8d1982ed44 .av-extra-border-element .av-extra-border-inner{\nbackground-color:#ffffff;\n}\n<\/style>\n<div id='av_section_1'  class='avia-section av-4ll01j-e9f4fed6e84516550cd51f8d1982ed44 header_color avia-section-no-padding avia-no-shadow  avia-builder-el-0  el_before_av_section  avia-builder-el-first  avia-bg-style-scroll av-minimum-height av-minimum-height-custom av-height-custom  container_wrap sidebar_right'   data-av_minimum_height_px='350'><div class='container av-section-cont-open' style='height:350px'><main  role=\"main\" itemprop=\"mainContentOfPage\"  class='template-page content  av-content-small alpha units'><div class='post-entry post-entry-type-page post-entry-17707'><div class='entry-content-wrapper clearfix'>\n\n<style type=\"text\/css\" data-created_by=\"avia_inline_auto\" id=\"style-css-av-p5gdhz-8d07fbb10ca0b5e31eb20efe0331d3f8\">\n.flex_column.av-p5gdhz-8d07fbb10ca0b5e31eb20efe0331d3f8{\nborder-radius:0px 0px 0px 0px;\npadding:0px 0px 0px 0px;\n}\n<\/style>\n<div  class='flex_column av-p5gdhz-8d07fbb10ca0b5e31eb20efe0331d3f8 av_one_full  avia-builder-el-1  avia-builder-el-no-sibling  first flex_column_div av-animated-generic pop-up av-zero-column-padding  '     ><style type=\"text\/css\" data-created_by=\"avia_inline_auto\" id=\"style-css-av-kv26mdsj-905ef48c9e3e1ce4193f5c9863cd5887\">\n#top .av-special-heading.av-kv26mdsj-905ef48c9e3e1ce4193f5c9863cd5887{\npadding-bottom:10px;\nfont-size:5vw;\n}\nbody .av-special-heading.av-kv26mdsj-905ef48c9e3e1ce4193f5c9863cd5887 .av-special-heading-tag .heading-char{\nfont-size:25px;\n}\n#top #wrap_all .av-special-heading.av-kv26mdsj-905ef48c9e3e1ce4193f5c9863cd5887 .av-special-heading-tag{\nfont-size:5vw;\n}\n.av-special-heading.av-kv26mdsj-905ef48c9e3e1ce4193f5c9863cd5887 .av-subheading{\nfont-size:15px;\n}\n\n@media only screen and (max-width: 479px){ \n#top #wrap_all .av-special-heading.av-kv26mdsj-905ef48c9e3e1ce4193f5c9863cd5887 .av-special-heading-tag{\nfont-size:26px;\n}\n}\n\n@media only screen and (min-width: 480px) and (max-width: 767px){ \n#top #wrap_all .av-special-heading.av-kv26mdsj-905ef48c9e3e1ce4193f5c9863cd5887 .av-special-heading-tag{\nfont-size:0.8em;\n}\n}\n<\/style>\n<div  class='av-special-heading av-kv26mdsj-905ef48c9e3e1ce4193f5c9863cd5887 av-special-heading-h1 blockquote modern-quote  avia-builder-el-2  avia-builder-el-no-sibling  av-inherit-size av-linked-heading'><h1 class='av-special-heading-tag '  itemprop=\"headline\"  >Digitaler Literatur-Talk<\/h1><div class=\"special-heading-border\"><div class=\"special-heading-inner-border\"><\/div><\/div><\/div><\/div>\n\n<\/div><\/div><\/main><!-- close content main element --><\/div><div class='av-extra-border-element border-extra-diagonal border-extra-diagonal-inverse '><div class='av-extra-border-outer'><div class='av-extra-border-inner'><\/div><\/div><\/div><\/div><div id='av_section_2'  class='avia-section av-278mjg7-0e77542fd4985142f7609c5c2ff72daf main_color avia-section-default avia-no-border-styling  avia-builder-el-3  el_after_av_section  el_before_av_one_fourth  avia-bg-style-scroll container_wrap sidebar_right'  ><div class='container av-section-cont-open' ><div class='template-page content  av-content-small alpha units'><div class='post-entry post-entry-type-page post-entry-17707'><div class='entry-content-wrapper clearfix'>\n<section  class='av_textblock_section av-kv26rblo-8c4544ab9ca804d4e87efc4a5474650e '   itemscope=\"itemscope\" itemtype=\"https:\/\/schema.org\/CreativeWork\" ><div class='avia_textblock'  itemprop=\"text\" ><p style=\"text-align: left;\">Zum 50. Jubil\u00e4um des Schweizer Frauenstimmrechts am 7. Februar 2021 sind zahlreiche interessante Publikationen und Filme zu diesem Thema erschienen \u2013 teilweise fokussiert, teilweise in die Themen Gleichstellung und Demokratie eingebettet. Wir haben \u00fcber diese wichtigen Zeitdokumente ein Jahr nach dem offiziellen Jubil\u00e4umstag mit spannenden G\u00e4sten einen R\u00fcck- und Ausblick gewagt.<\/p>\n<p><strong>Talk-G\u00e4ste:<\/strong> Nathalie Christen, Bettina Fredrich, Isabel Rohner, Franziska Sch\u00fcrch,<br \/>\nJudith Wyttenbach<br \/>\n<strong>Moderation:\u00a0<\/strong>Zita K\u00fcng, Pr\u00e4sidentin Verein CH2021<\/p>\n<\/div><\/section>\n<\/div><\/div><\/div><!-- close content main div --><\/div><\/div><div id='after_section_2'  class='main_color av_default_container_wrap container_wrap sidebar_right'  ><div class='container av-section-cont-open' ><div class='template-page content  av-content-small alpha units'><div class='post-entry post-entry-type-page post-entry-17707'><div class='entry-content-wrapper clearfix'>\n<div  class='flex_column av-13h62nf-802cca406273cdf952ef0e549c2249e5 av_one_fourth  avia-builder-el-5  el_after_av_section  el_before_av_one_half  avia-builder-el-first  first flex_column_div  '     ><\/div>\n<div  class='flex_column av-ictd13-562f4c425feaee42b5635be00866547e av_one_half  avia-builder-el-6  el_after_av_one_fourth  el_before_av_one_fourth  flex_column_div  '     ><div  class='avia-video av-kv274tl3-4f4663120741c005d2a1f1a355b30ac1 avia-video-16-9 av-no-preview-image avia-video-load-always av-lazyload-immediate av-lazyload-video-embed'  itemprop=\"video\" itemtype=\"https:\/\/schema.org\/VideoObject\"  data-original_url='https:\/\/youtu.be\/n_Oy2kborQA'><script type='text\/html' class='av-video-tmpl'><div class='avia-iframe-wrap'><iframe loading=\"lazy\" title=\"CH2021 Digitaler Literatur-Talk\" width=\"1500\" height=\"844\" src=\"https:\/\/www.youtube.com\/embed\/n_Oy2kborQA?feature=oembed&autoplay=0&loop=0&controls=1&mute=0\" frameborder=\"0\" allow=\"accelerometer; autoplay; clipboard-write; encrypted-media; gyroscope; picture-in-picture\" allowfullscreen><\/iframe><\/div><\/script><div class='av-click-to-play-overlay'><div class=\"avia_playpause_icon\"><\/div><\/div><\/div><\/div>\n<div  class='flex_column av-pua6dn-16f16659e38ffefdf95b824b487e64f3 av_one_fourth  avia-builder-el-8  el_after_av_one_half  el_before_av_section  avia-builder-el-last  flex_column_div  '     ><\/div>\n<\/div><\/div><\/div><!-- close content main div --><\/div><\/div><div id='av_section_3'  class='avia-section av-194dbez-d52f730109000630f6c71d252968f30f main_color avia-section-default avia-no-border-styling  avia-builder-el-9  el_after_av_one_fourth  el_before_av_one_fourth  avia-bg-style-scroll container_wrap sidebar_right'  ><div class='container av-section-cont-open' ><div class='template-page content  av-content-small alpha units'><div class='post-entry post-entry-type-page post-entry-17707'><div class='entry-content-wrapper clearfix'>\n<section  class='av_textblock_section av-kznvljjc-0fa82ff1e1e78195364a4a6ca1e4c86a '   itemscope=\"itemscope\" itemtype=\"https:\/\/schema.org\/CreativeWork\" ><div class='avia_textblock'  itemprop=\"text\" ><p style=\"text-align: left;\">Im Anschluss fand auch ein Literatur- und Film-Talk in franz\u00f6sischer Sprache statt.<\/p>\n<p><strong>Talk-G\u00e4ste: <\/strong>Camille Logoz, St\u00e9phane Go\u00ebl, Jo\u00eblle Moret, Sarah Kiani<br \/>\n<strong>Moderation: <\/strong>Maya Dougoud, Vorstandsmitglied Verein CH2021<\/p>\n<\/div><\/section>\n<\/div><\/div><\/div><!-- close content main div --><\/div><\/div><div id='after_section_3'  class='main_color av_default_container_wrap container_wrap sidebar_right'  ><div class='container av-section-cont-open' ><div class='template-page content  av-content-small alpha units'><div class='post-entry post-entry-type-page post-entry-17707'><div class='entry-content-wrapper clearfix'>\n<div  class='flex_column av-av_one_fourth-d846867a37b468541bc8830743d44203 av_one_fourth  avia-builder-el-11  el_after_av_section  el_before_av_one_half  avia-builder-el-first  first flex_column_div  '     ><\/div><div  class='flex_column av-v72c23-8fe1665e03ecccfa75df768567e3c4bb av_one_half  avia-builder-el-12  el_after_av_one_fourth  el_before_av_one_fourth  flex_column_div  '     ><div  class='avia-video av-kznvna47-47236bb770526a46e9dcac8fbc6754df avia-video-16-9 av-no-preview-image avia-video-load-always av-lazyload-immediate av-lazyload-video-embed'  itemprop=\"video\" itemtype=\"https:\/\/schema.org\/VideoObject\"  data-original_url='https:\/\/youtu.be\/VwRrjQ2mAuQ'><script type='text\/html' class='av-video-tmpl'><div class='avia-iframe-wrap'><iframe loading=\"lazy\" title=\"CH2021 - D\u00e9bat sur la litt\u00e9rature et le cin\u00e9ma\" width=\"1500\" height=\"844\" src=\"https:\/\/www.youtube.com\/embed\/VwRrjQ2mAuQ?feature=oembed&autoplay=0&loop=0&controls=1&mute=0\" frameborder=\"0\" allow=\"accelerometer; autoplay; clipboard-write; encrypted-media; gyroscope; picture-in-picture\" allowfullscreen><\/iframe><\/div><\/script><div class='av-click-to-play-overlay'><div class=\"avia_playpause_icon\"><\/div><\/div><\/div><\/div><\/p>\n<div  class='flex_column av-av_one_fourth-337486787960716147ecfb4074cb91c6 av_one_fourth  avia-builder-el-14  el_after_av_one_half  avia-builder-el-last  flex_column_div  '     ><\/div>\n","protected":false},"excerpt":{"rendered":"","protected":false},"author":8,"featured_media":0,"parent":6981,"menu_order":0,"comment_status":"closed","ping_status":"closed","template":"","meta":{"_monsterinsights_skip_tracking":false,"_monsterinsights_sitenote_active":false,"_monsterinsights_sitenote_note":"","_monsterinsights_sitenote_category":0,"footnotes":""},"class_list":["post-17707","page","type-page","status-publish","hentry"],"_links":{"self":[{"href":"https:\/\/ch2021.ch\/rm\/wp-json\/wp\/v2\/pages\/17707","targetHints":{"allow":["GET"]}}],"collection":[{"href":"https:\/\/ch2021.ch\/rm\/wp-json\/wp\/v2\/pages"}],"about":[{"href":"https:\/\/ch2021.ch\/rm\/wp-json\/wp\/v2\/types\/page"}],"author":[{"embeddable":true,"href":"https:\/\/ch2021.ch\/rm\/wp-json\/wp\/v2\/users\/8"}],"replies":[{"embeddable":true,"href":"https:\/\/ch2021.ch\/rm\/wp-json\/wp\/v2\/comments?post=17707"}],"version-history":[{"count":7,"href":"https:\/\/ch2021.ch\/rm\/wp-json\/wp\/v2\/pages\/17707\/revisions"}],"predecessor-version":[{"id":17718,"href":"https:\/\/ch2021.ch\/rm\/wp-json\/wp\/v2\/pages\/17707\/revisions\/17718"}],"up":[{"embeddable":true,"href":"https:\/\/ch2021.ch\/rm\/wp-json\/wp\/v2\/pages\/6981"}],"wp:attachment":[{"href":"https:\/\/ch2021.ch\/rm\/wp-json\/wp\/v2\/media?parent=17707"}],"curies":[{"name":"wp","href":"https:\/\/api.w.org\/{rel}","templated":true}]}}