{"id":1963,"date":"2019-07-15T14:06:38","date_gmt":"2019-07-15T12:06:38","guid":{"rendered":"https:\/\/ch2021.ch\/?page_id=1963"},"modified":"2022-11-23T08:15:30","modified_gmt":"2022-11-23T07:15:30","slug":"vorstand-und-team","status":"publish","type":"page","link":"https:\/\/ch2021.ch\/rm\/vorstand-und-team\/","title":{"rendered":"Vorstand und Team"},"content":{"rendered":"\n<style type=\"text\/css\" data-created_by=\"avia_inline_auto\" id=\"style-css-av-jkjmqted-36c5bc68f932c28228832b535c37b23f\">\n.avia-section.av-jkjmqted-36c5bc68f932c28228832b535c37b23f{\nbackground-color:#7ecdca;\nbackground:linear-gradient( to bottom right, #7ecdca, #ff7707 );\n}\n.avia-section.av-jkjmqted-36c5bc68f932c28228832b535c37b23f .av-extra-border-element .av-extra-border-inner{\nbackground-color:#ffffff;\n}\n<\/style>\n<div id='av_section_1'  class='avia-section av-jkjmqted-36c5bc68f932c28228832b535c37b23f header_color avia-section-no-padding avia-no-shadow  avia-builder-el-0  el_before_av_section  avia-builder-el-first  avia-bg-style-scroll av-minimum-height av-minimum-height-custom av-height-custom  container_wrap sidebar_right'   data-av_minimum_height_px='350'><div class='container av-section-cont-open' style='height:350px'><main  role=\"main\" itemprop=\"mainContentOfPage\"  class='template-page content  av-content-small alpha units'><div class='post-entry post-entry-type-page post-entry-1963'><div class='entry-content-wrapper clearfix'>\n\n<style type=\"text\/css\" data-created_by=\"avia_inline_auto\" id=\"style-css-av-1xn9f-60a3102d85cb0bac4be34634a8c4da3f\">\n.flex_column.av-1xn9f-60a3102d85cb0bac4be34634a8c4da3f{\nborder-radius:0px 0px 0px 0px;\npadding:0px 0px 0px 0px;\n}\n<\/style>\n<div  class='flex_column av-1xn9f-60a3102d85cb0bac4be34634a8c4da3f av_one_full  avia-builder-el-1  avia-builder-el-no-sibling  first flex_column_div av-animated-generic pop-up av-zero-column-padding  '     ><style type=\"text\/css\" data-created_by=\"avia_inline_auto\" id=\"style-css-av-jxyr2qx0-5ff522b732db5fdf3cd2e473d1d16244\">\n#top .av-special-heading.av-jxyr2qx0-5ff522b732db5fdf3cd2e473d1d16244{\nmargin:0 0 0 0;\npadding-bottom:10px;\nfont-size:5vw;\n}\nbody .av-special-heading.av-jxyr2qx0-5ff522b732db5fdf3cd2e473d1d16244 .av-special-heading-tag .heading-char{\nfont-size:25px;\n}\n#top #wrap_all .av-special-heading.av-jxyr2qx0-5ff522b732db5fdf3cd2e473d1d16244 .av-special-heading-tag{\nfont-size:5vw;\n}\n.av-special-heading.av-jxyr2qx0-5ff522b732db5fdf3cd2e473d1d16244 .av-subheading{\nfont-size:23px;\n}\n\n@media only screen and (min-width: 480px) and (max-width: 767px){ \n#top #wrap_all .av-special-heading.av-jxyr2qx0-5ff522b732db5fdf3cd2e473d1d16244 .av-special-heading-tag{\nfont-size:0.8em;\n}\n}\n\n@media only screen and (max-width: 479px){ \n#top #wrap_all .av-special-heading.av-jxyr2qx0-5ff522b732db5fdf3cd2e473d1d16244 .av-special-heading-tag{\nfont-size:0.8em;\n}\n}\n<\/style>\n<div  class='av-special-heading av-jxyr2qx0-5ff522b732db5fdf3cd2e473d1d16244 av-special-heading-h1 blockquote modern-quote  avia-builder-el-2  avia-builder-el-no-sibling  av-inherit-size'><h1 class='av-special-heading-tag '  itemprop=\"headline\"  >Vorstand und Team<\/h1><div class=\"special-heading-border\"><div class=\"special-heading-inner-border\"><\/div><\/div><\/div><\/div>\n\n<\/div><\/div><\/main><!-- close content main element --><\/div><div class='av-extra-border-element border-extra-diagonal border-extra-diagonal-inverse '><div class='av-extra-border-outer'><div class='av-extra-border-inner'><\/div><\/div><\/div><\/div><div id='av_section_2'  class='avia-section av-jkjmqted-8-420e64da80596b6671526092cb62766d main_color avia-section-default avia-no-border-styling  avia-builder-el-3  el_after_av_section  avia-builder-el-last  avia-bg-style-scroll container_wrap sidebar_right'  ><div class='container av-section-cont-open' ><div class='template-page content  av-content-small alpha units'><div class='post-entry post-entry-type-page post-entry-1963'><div class='entry-content-wrapper clearfix'>\n<section  class='av_textblock_section av-jxyr5f1o-826a8d15f37ecfc487f20b9d94f1c5a9 '   itemscope=\"itemscope\" itemtype=\"https:\/\/schema.org\/CreativeWork\" ><div class='avia_textblock'  itemprop=\"text\" ><h2>Vorstand<\/h2>\n<p>Der Vorstand von CH2021 arbeitete ehrenamtlich. Es engagierten sich:<\/p>\n<\/div><\/section>\n\n<style type=\"text\/css\" data-created_by=\"avia_inline_auto\" id=\"style-css-av-3n86yj-f86e898acf82b70a9507b42c62999d61\">\n.flex_column.av-3n86yj-f86e898acf82b70a9507b42c62999d61{\nborder-radius:0px 0px 0px 0px;\npadding:0px 0px 0px 0px;\n}\n<\/style>\n<div  class='flex_column av-3n86yj-f86e898acf82b70a9507b42c62999d61 av_one_third  avia-builder-el-5  el_after_av_textblock  el_before_av_one_third  first flex_column_div av-zero-column-padding  column-top-margin'     ><section  class='avia-team-member av-k03pjhrb-592c10533c8d97a517b31c579c655ae0  avia-builder-el-6  avia-builder-el-no-sibling '  itemscope=\"itemscope\" itemtype=\"https:\/\/schema.org\/Person\" ><div class=\"team-img-container\"><img fetchpriority=\"high\" class='wp-image-3210 avia-img-lazy-loading-not-3210 avia_image avia_image_team' src='https:\/\/ch2021.ch\/wp-content\/uploads\/2019\/09\/Zita-K\u00fcng-e1595938255690-300x300.jpg' alt='Zita K\u00fcng'  itemprop=\"image\"   height=\"300\" width=\"300\" \/><\/div><h3 class='team-member-name '  itemprop=\"name\" >Zita K\u00fcng<\/h3><div class='team-member-job-title '  itemprop=\"jobTitle\" >Pr\u00e4sidentin<\/div><div class='team-member-description '  itemprop=\"description\" ><p>Zita K\u00fcng ist Juristin und Organisationsentwicklerin sowie selbst\u00e4ndig als Beraterin f\u00fcr Regierungen, Verwaltungen, Organisationen und Betriebe mit Fokus auf Geschlechterfragen t\u00e4tig. Ausserdem ist sie F\u00fchrungskr\u00e4ftecoach und Frauenf\u00f6rderin. Sie war die erste Leiterin des Gleichstellungsb\u00fcros der Stadt Z\u00fcrich und ist ehemaliges Gesch\u00e4ftsleitungsmitglied der Gewerkschaft Bau &amp; Industrie (heute Unia). Bei den Juristinnen Schweiz war sie Mitglied des Vorstandes. Heute engagiert sie sich als Stiftungsr\u00e4tin beim Verein FRI.<\/p>\n<\/div><span class='hidden team-member-affiliation'  itemprop=\"affiliation\" >CH2021<\/span><\/section><\/div>\n<style type=\"text\/css\" data-created_by=\"avia_inline_auto\" id=\"style-css-av-4095ob-a693455823b7694a266ecfcf499b3555\">\n.flex_column.av-4095ob-a693455823b7694a266ecfcf499b3555{\nborder-radius:0px 0px 0px 0px;\npadding:0px 0px 0px 0px;\n}\n<\/style>\n<div  class='flex_column av-4095ob-a693455823b7694a266ecfcf499b3555 av_one_third  avia-builder-el-7  el_after_av_one_third  el_before_av_one_third  flex_column_div av-zero-column-padding  column-top-margin'     ><section  class='avia-team-member av-jy496p8d-b5ddbc8b6538793445f936c888b74375  avia-builder-el-8  avia-builder-el-no-sibling '  itemscope=\"itemscope\" itemtype=\"https:\/\/schema.org\/Person\" ><div class=\"team-img-container\"><img fetchpriority=\"high\" class='wp-image-2748 avia-img-lazy-loading-not-2748 avia_image avia_image_team' src='https:\/\/ch2021.ch\/wp-content\/uploads\/2019\/08\/AndreaMaihofer2-2-300x197.jpg' alt='Andrea Maihofer'  itemprop=\"image\"   height=\"197\" width=\"300\" \/><\/div><h3 class='team-member-name '  itemprop=\"name\" >Andrea Maihofer<\/h3><div class='team-member-description '  itemprop=\"description\" ><p>Andrea Maihofer ist emeritierte Professorin f\u00fcr Geschlechterforschung. Von 2001bis 2019 war sie Leiterin des Zentrum Gender Studies an der Universit\u00e4t Basel und von 2001 bis 2019 Leiterin des Basler Gender-Graduiertenkollegs sowie von 2004 Leiterin des SUK-Kooperationsprojektes Gender Studies Schweiz.<\/p>\n<\/div><span class='hidden team-member-affiliation'  itemprop=\"affiliation\" >CH2021<\/span><\/section><\/div>\n<style type=\"text\/css\" data-created_by=\"avia_inline_auto\" id=\"style-css-av-6lkn17-6c7086f3d3ed85b0a727e7f6cea76414\">\n.flex_column.av-6lkn17-6c7086f3d3ed85b0a727e7f6cea76414{\nborder-radius:0px 0px 0px 0px;\npadding:0px 0px 0px 0px;\n}\n<\/style>\n<div  class='flex_column av-6lkn17-6c7086f3d3ed85b0a727e7f6cea76414 av_one_third  avia-builder-el-9  el_after_av_one_third  el_before_av_one_third  flex_column_div av-zero-column-padding  column-top-margin'     ><section  class='avia-team-member av-jy496p8d-6-8bff193f6ceef86b751dbd014b1a3996  avia-builder-el-10  avia-builder-el-no-sibling '  itemscope=\"itemscope\" itemtype=\"https:\/\/schema.org\/Person\" ><div class=\"team-img-container\"><img fetchpriority=\"high\" class='wp-image-2028 avia-img-lazy-loading-not-2028 avia_image avia_image_team' src='https:\/\/ch2021.ch\/wp-content\/uploads\/2019\/07\/Elke_Zappe_2-300x200.jpg' alt='Elke Zappe'  itemprop=\"image\"   height=\"200\" width=\"300\" \/><\/div><h3 class='team-member-name '  itemprop=\"name\" >Elke Zappe<\/h3><div class='team-member-description '  itemprop=\"description\" ><p>Elke Zappe war nach dem Studium der Wirtschaftswissenschaften in Marketingberatungen in Deutschland und der Schweiz t\u00e4tig. Sie hat langj\u00e4hrige Erfahrung als Gesch\u00e4ftsleitungsmitglied in Bereich Wirtschaftsmedien, Directories und FinTech. Seit sechs Jahren ist sie Unternehmerin f\u00fcr business development und parallel verantwortlich f\u00fcr den Aufbau des neuen BioEntrepreneurship &amp; Innovation (BEI) Programm der Universit\u00e4t Z\u00fcrich zur Unterst\u00fctzung von Life Sciences Spin-offs.<\/p>\n<\/div><span class='hidden team-member-affiliation'  itemprop=\"affiliation\" >CH2021<\/span><\/section><\/div>\n<style type=\"text\/css\" data-created_by=\"avia_inline_auto\" id=\"style-css-av-6lkn17-5-61a6dc3f415fd1b868417c0d0ebdfcac\">\n.flex_column.av-6lkn17-5-61a6dc3f415fd1b868417c0d0ebdfcac{\nborder-radius:0px 0px 0px 0px;\npadding:0px 0px 0px 0px;\n}\n<\/style>\n<div  class='flex_column av-6lkn17-5-61a6dc3f415fd1b868417c0d0ebdfcac av_one_third  avia-builder-el-11  el_after_av_one_third  el_before_av_one_third  first flex_column_div av-zero-column-padding  column-top-margin'     ><section  class='avia-team-member av-jy496p8d-4-9dcd12536b558d76ca45734f15ed4279  avia-builder-el-12  avia-builder-el-no-sibling '  itemscope=\"itemscope\" itemtype=\"https:\/\/schema.org\/Person\" ><div class=\"team-img-container\"><img fetchpriority=\"high\" class='wp-image-2077 avia-img-lazy-loading-not-2077 avia_image avia_image_team' src='https:\/\/ch2021.ch\/wp-content\/uploads\/2019\/07\/Marialuisa_Parodi_neu-300x220.jpg' alt='Marialuisa Parodi'  itemprop=\"image\"   height=\"220\" width=\"300\" \/><\/div><h3 class='team-member-name '  itemprop=\"name\" >Marialuisa Parodi<\/h3><div class='team-member-description '  itemprop=\"description\" ><p>Marialuisa Parodi ist Wirtschaftswissenschaftlerin mit Spezialisierung in Finance. Sie hat in London, Mailand und Lugano gelebt und gearbeitet. Zurzeit arbeitet sie als Chief Investment Strategist bei Soave Asset Management Ltd und als Co-Leiterin von Equi-Lab, Teil einer kantonalen Plattform, welche f\u00fcr die Entwicklung und Vereinbarkeit von Familie und Arbeit lanciert wurde. Sie ist Vorsitzende des Tessiner Frauenvereins FAFTPlus, der zu Alliance F (Bund Schweizerischer Frauenorganisationen) geh\u00f6rt.<\/p>\n<\/div><span class='hidden team-member-affiliation'  itemprop=\"affiliation\" >CH2021<\/span><\/section><\/div>\n<style type=\"text\/css\" data-created_by=\"avia_inline_auto\" id=\"style-css-av-2zjkij-376a79def56506a728552268d69c614d\">\n.flex_column.av-2zjkij-376a79def56506a728552268d69c614d{\nborder-radius:0px 0px 0px 0px;\npadding:0px 0px 0px 0px;\n}\n<\/style>\n<div  class='flex_column av-2zjkij-376a79def56506a728552268d69c614d av_one_third  avia-builder-el-13  el_after_av_one_third  el_before_av_one_third  flex_column_div av-zero-column-padding  column-top-margin'     ><section  class='avia-team-member av-jy496p8d-3-aa6dac0cbb17012779b7e1775405f4e6  avia-builder-el-14  avia-builder-el-no-sibling '  itemscope=\"itemscope\" itemtype=\"https:\/\/schema.org\/Person\" ><div class=\"team-img-container\"><img fetchpriority=\"high\" class='wp-image-2071 avia-img-lazy-loading-not-2071 avia_image avia_image_team' src='https:\/\/ch2021.ch\/wp-content\/uploads\/2019\/07\/Brigitte-Hauser_neu-2-300x220.jpg' alt='Brigitte Hauser-S\u00fcess'  itemprop=\"image\"   height=\"220\" width=\"300\" \/><\/div><h3 class='team-member-name '  itemprop=\"name\" >Brigitte Hauser-S\u00fcess<\/h3><div class='team-member-description '  itemprop=\"description\" ><p>Brigitte Hauser-S\u00fcess ist pers\u00f6nliche Beraterin der Departementschefin des VBS, Viola Amherd. Sie ist verheiratet, hat einen Sohn und Schwiegertochter sowie zwei Enkelkinder. Sie war von 1991 bis 2001 Pr\u00e4sidentin der CVP-Frauen Schweiz und Grossr\u00e4tin (CVP) in Oberwallis. Heute engagiert sie sich u. a. im Vorstand des BPW Clubs Bern.<\/p>\n<\/div><span class='hidden team-member-affiliation'  itemprop=\"affiliation\" >CH2021<\/span><\/section><\/div>\n<style type=\"text\/css\" data-created_by=\"avia_inline_auto\" id=\"style-css-av-42ie23-85a523653791cce3ff09c74e4a7ce71e\">\n.flex_column.av-42ie23-85a523653791cce3ff09c74e4a7ce71e{\nborder-radius:0px 0px 0px 0px;\npadding:0px 0px 0px 0px;\n}\n<\/style>\n<div  class='flex_column av-42ie23-85a523653791cce3ff09c74e4a7ce71e av_one_third  avia-builder-el-15  el_after_av_one_third  el_before_av_one_third  flex_column_div av-zero-column-padding  column-top-margin'     ><section  class='avia-team-member av-k03nztv4-35bf3f9fcbd1291b3f069af98a863b48  avia-builder-el-16  avia-builder-el-no-sibling '  itemscope=\"itemscope\" itemtype=\"https:\/\/schema.org\/Person\" ><div class=\"team-img-container\"><img fetchpriority=\"high\" class='wp-image-3175 avia-img-lazy-loading-not-3175 avia_image avia_image_team' src='https:\/\/ch2021.ch\/wp-content\/uploads\/2019\/09\/EllivonPlanta1-300x200.jpg' alt='Elli von Planta'  itemprop=\"image\"   height=\"200\" width=\"300\" \/><\/div><h3 class='team-member-name '  itemprop=\"name\" >Elli von Planta<\/h3><div class='team-member-description '  itemprop=\"description\" ><p>Elli von Planta (1949), geb\u00fcrtige Deutsche, heiratete 1971 in die Schweiz, wo auch ihre vier Kinder zur Welt kamen. Als alleinerziehende Mutter schloss sie 1992 ein Jus-Studium an der Uni Basel ab. Von 1994-2011 arbeitete sie bei der Schweizerischen Grossbank UBS, wo sie als Pr\u00e4sidentin der Arbeitnehmervertretung und w\u00e4hrend der Finanzkrise von 2007-2010 den fast 30\u2019000 Mitarbeitenden eine Stimme gab. Von 2012-2018 pr\u00e4sidierte sie die Sozialkonferenz Basel. Die siebenfache Grossmutter engagiert sich f\u00fcr Frauen- und damit f\u00fcr soziale Anliegen.<\/p>\n<\/div><span class='hidden team-member-affiliation'  itemprop=\"affiliation\" >CH2021<\/span><\/section><\/div>\n<style type=\"text\/css\" data-created_by=\"avia_inline_auto\" id=\"style-css-av-43xtwr-986c013726b13c7931977dfcec2c4286\">\n.flex_column.av-43xtwr-986c013726b13c7931977dfcec2c4286{\nborder-radius:0px 0px 0px 0px;\npadding:0px 0px 0px 0px;\n}\n<\/style>\n<div  class='flex_column av-43xtwr-986c013726b13c7931977dfcec2c4286 av_one_third  avia-builder-el-17  el_after_av_one_third  el_before_av_one_third  first flex_column_div av-zero-column-padding  column-top-margin'     ><section  class='avia-team-member av-k04yesbi-bc25eef479d8eaaf17f5145538b3f41d  avia-builder-el-18  avia-builder-el-no-sibling '  itemscope=\"itemscope\" itemtype=\"https:\/\/schema.org\/Person\" ><div class=\"team-img-container\"><img fetchpriority=\"high\" class='wp-image-6161 avia-img-lazy-loading-not-6161 avia_image avia_image_team' src='https:\/\/ch2021.ch\/wp-content\/uploads\/2020\/06\/verschmitzt.jpg' alt='C\u00e9cile Speitel'  itemprop=\"image\"   height=\"1600\" width=\"2400\" \/><\/div><h3 class='team-member-name '  itemprop=\"name\" >C\u00e9cile Speitel<\/h3><div class='team-member-description '  itemprop=\"description\" ><p>C\u00e9cile Speitel, phil. I, hat zwischen 1975 und 1998 als Journalistin und Moderatorin beim Radio SRF gearbeitet, mit dem Fokus Kultur und Gesellschaft. Sie war die erste Beauftragte f\u00fcr Chancengleichheit an der Universit\u00e4t Basel und anschliessend Co-Leiterin des Projekts \u00abHalt-Gewalt\u00bb der Interventionsstelle gegen h\u00e4usliche Gewalt des Kantons Basel-Stadt. Sie ist Mutter von zwei T\u00f6chtern. Nicht mehr erwerbst\u00e4tig, ist sie aktiv in Vereinen und Organisationen und als Netzwerkerin. Sie lebt in Muttenz.<\/p>\n<\/div><span class='hidden team-member-affiliation'  itemprop=\"affiliation\" >CH2021<\/span><\/section><\/div>\n<style type=\"text\/css\" data-created_by=\"avia_inline_auto\" id=\"style-css-av-3jklaz-a1c37a71b2ffef960ace56cc53d2deec\">\n.flex_column.av-3jklaz-a1c37a71b2ffef960ace56cc53d2deec{\nborder-radius:0px 0px 0px 0px;\npadding:0px 0px 0px 0px;\n}\n<\/style>\n<div  class='flex_column av-3jklaz-a1c37a71b2ffef960ace56cc53d2deec av_one_third  avia-builder-el-19  el_after_av_one_third  el_before_av_one_third  flex_column_div av-zero-column-padding  column-top-margin'     ><section  class='avia-team-member av-k5gr6o3o-db6475aa5074cc4b4be9ae0752f7516d  avia-builder-el-20  avia-builder-el-no-sibling '  itemscope=\"itemscope\" itemtype=\"https:\/\/schema.org\/Person\" ><div class=\"team-img-container\"><img fetchpriority=\"high\" class='wp-image-3928 avia-img-lazy-loading-not-3928 avia_image avia_image_team' src='https:\/\/ch2021.ch\/wp-content\/uploads\/2020\/01\/Mary-Mayenfisch-Tobin-photo-3-300x214.jpg' alt='Mary Mayenfisch-Tobin'  itemprop=\"image\"   height=\"214\" width=\"300\" \/><\/div><h3 class='team-member-name '  itemprop=\"name\" >Mary Mayenfisch-Tobin<\/h3><div class='team-member-description '  itemprop=\"description\" ><p>Die irische Anw\u00e4ltin Mary Mayenfisch-Tobin arbeitete in verschiedenen privaten Rechtsanwaltskanzleien in Irland, bevor sie 1987 nach ihrer Heirat nach Lausanne zog. Sie studierte Franz\u00f6sisch und schloss 1992 ihr LLM in europ\u00e4ischem und internationalem Wirtschaftsrecht an der Universit\u00e4t Lausanne ab und qualifizierte sich 2017 als Mediatorin. Nach ihrer Lehrt\u00e4tigkeit an der Ecole Hoteli\u00e8re de Lausanne, der Pepperdine University (Schweiz) und anderen akademischen Institutionen ist sie auch heute noch im Bildungsbereich t\u00e4tig. Pr\u00e4sidentin von Business and Professional Women Lausanne (2010 bis 2014), ist sie nun Pr\u00e4sidentin von CLAFV Centre de Liaison des Associations F\u00e9minines, ein nominiertes Mitglied der Commission Consultative Cantonale de l\u2019Egalit\u00e9 und Mitglied des Ausschusses von Politiciennes.ch im Kanton Waadt.<\/p>\n<\/div><span class='hidden team-member-affiliation'  itemprop=\"affiliation\" >CH2021<\/span><\/section><\/div>\n<style type=\"text\/css\" data-created_by=\"avia_inline_auto\" id=\"style-css-av-4dpcry-943d363260c9b4f72f7c5eaeaebd94cc\">\n.flex_column.av-4dpcry-943d363260c9b4f72f7c5eaeaebd94cc{\nborder-radius:0px 0px 0px 0px;\npadding:0px 0px 0px 0px;\n}\n<\/style>\n<div  class='flex_column av-4dpcry-943d363260c9b4f72f7c5eaeaebd94cc av_one_third  avia-builder-el-21  el_after_av_one_third  el_before_av_hr  flex_column_div av-zero-column-padding  column-top-margin'     ><section  class='avia-team-member av-k5grbml3-7cb20ba995bb1b834947e4caeb517679  avia-builder-el-22  avia-builder-el-no-sibling '  itemscope=\"itemscope\" itemtype=\"https:\/\/schema.org\/Person\" ><div class=\"team-img-container\"><img fetchpriority=\"high\" class='wp-image-6235 avia-img-lazy-loading-not-6235 avia_image avia_image_team' src='https:\/\/ch2021.ch\/wp-content\/uploads\/2020\/06\/Portrait_Maya-Dougoud.jpg' alt='Maya Dougoud'  itemprop=\"image\"   height=\"200\" width=\"300\" \/><\/div><h3 class='team-member-name '  itemprop=\"name\" >Maya Dougoud<\/h3><div class='team-member-description '  itemprop=\"description\" ><p>Maya Dougoud, die sich im Bereich des ICT-Rechts, der Immaterialg\u00fcterrechte und des Datenschutzrechts sowohl im akademischen als auch im \u00f6ffentlich-rechtlichen Kontext engagiert, bringt eine neugierige und konstruktive Perspektive in die Institutionen ein. Die ehemalige Pr\u00e4sidentin der Juristinnen Schweiz setzt sich mit \u00dcberzeugung f\u00fcr die Projekte ein.<\/p>\n<p>In ihrem Leben hatte sie die Gelegenheit, Grenzen, den R\u00f6stigraben und Barrieren zu \u00fcberwinden. Nach ihr soll die Demokratie praktiziert, gelebt und 2021 auch gefeiert werden.<\/p>\n<\/div><span class='hidden team-member-affiliation'  itemprop=\"affiliation\" >CH2021<\/span><\/section><\/div>\n<style type=\"text\/css\" data-created_by=\"avia_inline_auto\" id=\"style-css-av-2lzqsb-cc3e0a07a31ef44b2f3e252f9f3e85ca\">\n#top .hr.av-2lzqsb-cc3e0a07a31ef44b2f3e252f9f3e85ca{\nmargin-top:50px;\nmargin-bottom:90px;\n}\n.hr.av-2lzqsb-cc3e0a07a31ef44b2f3e252f9f3e85ca .hr-inner{\nwidth:40px;\nborder-color:#ff7707;\nmax-width:45%;\n}\n.hr.av-2lzqsb-cc3e0a07a31ef44b2f3e252f9f3e85ca .av-seperator-icon{\ncolor:#ff7707;\n}\n.hr.av-2lzqsb-cc3e0a07a31ef44b2f3e252f9f3e85ca .av-seperator-icon.avia-svg-icon svg:first-child{\nfill:#ff7707;\nstroke:#ff7707;\n}\n<\/style>\n<div  class='hr av-2lzqsb-cc3e0a07a31ef44b2f3e252f9f3e85ca hr-custom  avia-builder-el-23  el_after_av_one_third  el_before_av_heading  hr-center hr-icon-yes'><span class='hr-inner inner-border-av-border-thin'><span class=\"hr-inner-style\"><\/span><\/span><span class='av-seperator-icon avia-iconfont avia-font-entypo-fontello' data-av_icon='\ue89a' data-av_iconfont='entypo-fontello' ><\/span><span class='hr-inner inner-border-av-border-thin'><span class=\"hr-inner-style\"><\/span><\/span><\/div>\n\n<style type=\"text\/css\" data-created_by=\"avia_inline_auto\" id=\"style-css-av-30bfln-a9f8549c10ba8cf84dc6017201d9bd17\">\n#top .av-special-heading.av-30bfln-a9f8549c10ba8cf84dc6017201d9bd17{\nmargin:200px 0 0 0;\npadding-bottom:10px;\n}\nbody .av-special-heading.av-30bfln-a9f8549c10ba8cf84dc6017201d9bd17 .av-special-heading-tag .heading-char{\nfont-size:25px;\n}\n.av-special-heading.av-30bfln-a9f8549c10ba8cf84dc6017201d9bd17 .av-subheading{\nfont-size:15px;\n}\n<\/style>\n<div  class='av-special-heading av-30bfln-a9f8549c10ba8cf84dc6017201d9bd17 av-special-heading-h2 blockquote modern-quote  avia-builder-el-24  el_after_av_hr  el_before_av_textblock  av-linked-heading'><h2 class='av-special-heading-tag '  itemprop=\"headline\"  >Team<\/h2><div class=\"special-heading-border\"><div class=\"special-heading-inner-border\"><\/div><\/div><\/div>\n<section  class='av_textblock_section av-jxyr5f1o-7-4267dab83177900a85ef35923da93120 '   itemscope=\"itemscope\" itemtype=\"https:\/\/schema.org\/CreativeWork\" ><div class='avia_textblock'  itemprop=\"text\" ><p>Das Team unterst\u00fctzt und koordiniert die Arbeit von CH2021:<\/p>\n<\/div><\/section>\n\n<style type=\"text\/css\" data-created_by=\"avia_inline_auto\" id=\"style-css-av-466ukr-f01a3c5110ec54381de4efcd7130de37\">\n.flex_column.av-466ukr-f01a3c5110ec54381de4efcd7130de37{\nborder-radius:0px 0px 0px 0px;\npadding:0px 0px 0px 0px;\n}\n<\/style>\n<div  class='flex_column av-466ukr-f01a3c5110ec54381de4efcd7130de37 av_one_third  avia-builder-el-26  el_after_av_textblock  avia-builder-el-last  first flex_column_div av-zero-column-padding  column-top-margin'     ><section  class='avia-team-member av-jy4c30k7-f7330cd5671284ee9855277f9a5558fe  avia-builder-el-27  avia-builder-el-no-sibling '  itemscope=\"itemscope\" itemtype=\"https:\/\/schema.org\/Person\" ><div class=\"team-img-container\"><img fetchpriority=\"high\" class='wp-image-2082 avia-img-lazy-loading-not-2082 avia_image avia_image_team' src='https:\/\/ch2021.ch\/wp-content\/uploads\/2019\/07\/Foto-Bonina_HD-300x200.jpg' alt='Maria Bonina'  itemprop=\"image\"   height=\"200\" width=\"300\" \/><\/div><h3 class='team-member-name '  itemprop=\"name\" >Maria Bonina<\/h3><div class='team-member-job-title '  itemprop=\"jobTitle\" >Gesch\u00e4ftsf\u00fchrerin<\/div><div class='team-member-description '  itemprop=\"description\" ><p>Maria Bonina ist seit vielen Jahren selbst\u00e4ndige Kommunikationsberaterin. Sie bringt ausserdem Erfahrung im Eventbereich mit und hat sich in mehreren Vereinen im Vorstand engagiert (Sport, Politik, Bildung). Sie spricht Deutsch, Franz\u00f6sisch und Italienisch. Die Baselbieterin lebt mit ihrer Familie im Tessin.<\/p>\n<p>Kontakt: bonina@ch2021.ch<\/p>\n<\/div><span class='hidden team-member-affiliation'  itemprop=\"affiliation\" >CH2021<\/span><\/section><\/div><\/div><\/div><\/div><!-- close content main div --><\/div><\/div><div id='after_section_2'  class='main_color av_default_container_wrap container_wrap sidebar_right'  ><div class='container av-section-cont-open' ><div class='template-page content  av-content-small alpha units'><div class='post-entry post-entry-type-page post-entry-1963'><div class='entry-content-wrapper clearfix'>\n","protected":false},"excerpt":{"rendered":"","protected":false},"author":6,"featured_media":0,"parent":0,"menu_order":0,"comment_status":"closed","ping_status":"closed","template":"","meta":{"_monsterinsights_skip_tracking":false,"_monsterinsights_sitenote_active":false,"_monsterinsights_sitenote_note":"","_monsterinsights_sitenote_category":0,"footnotes":""},"class_list":["post-1963","page","type-page","status-publish","hentry"],"_links":{"self":[{"href":"https:\/\/ch2021.ch\/rm\/wp-json\/wp\/v2\/pages\/1963","targetHints":{"allow":["GET"]}}],"collection":[{"href":"https:\/\/ch2021.ch\/rm\/wp-json\/wp\/v2\/pages"}],"about":[{"href":"https:\/\/ch2021.ch\/rm\/wp-json\/wp\/v2\/types\/page"}],"author":[{"embeddable":true,"href":"https:\/\/ch2021.ch\/rm\/wp-json\/wp\/v2\/users\/6"}],"replies":[{"embeddable":true,"href":"https:\/\/ch2021.ch\/rm\/wp-json\/wp\/v2\/comments?post=1963"}],"version-history":[{"count":13,"href":"https:\/\/ch2021.ch\/rm\/wp-json\/wp\/v2\/pages\/1963\/revisions"}],"predecessor-version":[{"id":18435,"href":"https:\/\/ch2021.ch\/rm\/wp-json\/wp\/v2\/pages\/1963\/revisions\/18435"}],"wp:attachment":[{"href":"https:\/\/ch2021.ch\/rm\/wp-json\/wp\/v2\/media?parent=1963"}],"curies":[{"name":"wp","href":"https:\/\/api.w.org\/{rel}","templated":true}]}}