{"id":24,"date":"2018-06-03T22:09:14","date_gmt":"2018-06-03T20:09:14","guid":{"rendered":"https:\/\/ch2021.ch\/?page_id=24"},"modified":"2022-05-22T16:50:59","modified_gmt":"2022-05-22T14:50:59","slug":"verein","status":"publish","type":"page","link":"https:\/\/ch2021.ch\/rm\/verein\/","title":{"rendered":"\u00dcber CH2021"},"content":{"rendered":"\n<style type=\"text\/css\" data-created_by=\"avia_inline_auto\" id=\"style-css-av-jkjmqted-96d309932e062c5df088f1a8463b3a0b\">\n.avia-section.av-jkjmqted-96d309932e062c5df088f1a8463b3a0b{\nbackground-color:#7ecdca;\nbackground:linear-gradient( to bottom right, #7ecdca, #ff7707 );\n}\n.avia-section.av-jkjmqted-96d309932e062c5df088f1a8463b3a0b .av-extra-border-element .av-extra-border-inner{\nbackground-color:#ffffff;\n}\n<\/style>\n<div id='av_section_1'  class='avia-section av-jkjmqted-96d309932e062c5df088f1a8463b3a0b header_color avia-section-no-padding avia-no-shadow  avia-builder-el-0  el_before_av_section  avia-builder-el-first  avia-bg-style-scroll av-minimum-height av-minimum-height-custom av-height-custom  container_wrap sidebar_right'   data-av_minimum_height_px='350'><div class='container av-section-cont-open' style='height:350px'><main  role=\"main\" itemprop=\"mainContentOfPage\"  class='template-page content  av-content-small alpha units'><div class='post-entry post-entry-type-page post-entry-24'><div class='entry-content-wrapper clearfix'>\n\n<style type=\"text\/css\" data-created_by=\"avia_inline_auto\" id=\"style-css-av-1xn9f-60a3102d85cb0bac4be34634a8c4da3f\">\n.flex_column.av-1xn9f-60a3102d85cb0bac4be34634a8c4da3f{\nborder-radius:0px 0px 0px 0px;\npadding:0px 0px 0px 0px;\n}\n<\/style>\n<div  class='flex_column av-1xn9f-60a3102d85cb0bac4be34634a8c4da3f av_one_full  avia-builder-el-1  avia-builder-el-no-sibling  first flex_column_div av-animated-generic pop-up av-zero-column-padding  '     ><style type=\"text\/css\" data-created_by=\"avia_inline_auto\" id=\"style-css-av-kff5hhrv-b6a4072007c9555185e03f4203344301\">\n#top .av-special-heading.av-kff5hhrv-b6a4072007c9555185e03f4203344301{\npadding-bottom:10px;\nfont-size:5vw;\n}\nbody .av-special-heading.av-kff5hhrv-b6a4072007c9555185e03f4203344301 .av-special-heading-tag .heading-char{\nfont-size:25px;\n}\n#top #wrap_all .av-special-heading.av-kff5hhrv-b6a4072007c9555185e03f4203344301 .av-special-heading-tag{\nfont-size:5vw;\n}\n.av-special-heading.av-kff5hhrv-b6a4072007c9555185e03f4203344301 .av-subheading{\nfont-size:15px;\n}\n\n@media only screen and (min-width: 480px) and (max-width: 767px){ \n#top #wrap_all .av-special-heading.av-kff5hhrv-b6a4072007c9555185e03f4203344301 .av-special-heading-tag{\nfont-size:0.8em;\n}\n}\n\n@media only screen and (max-width: 479px){ \n#top #wrap_all .av-special-heading.av-kff5hhrv-b6a4072007c9555185e03f4203344301 .av-special-heading-tag{\nfont-size:0.8em;\n}\n}\n<\/style>\n<div  class='av-special-heading av-kff5hhrv-b6a4072007c9555185e03f4203344301 av-special-heading-h1 blockquote modern-quote  avia-builder-el-2  avia-builder-el-no-sibling  av-inherit-size av-linked-heading'><h1 class='av-special-heading-tag '  itemprop=\"headline\"  >\u00dcber CH2021<\/h1><div class=\"special-heading-border\"><div class=\"special-heading-inner-border\"><\/div><\/div><\/div><\/div>\n\n<\/div><\/div><\/main><!-- close content main element --><\/div><div class='av-extra-border-element border-extra-diagonal border-extra-diagonal-inverse '><div class='av-extra-border-outer'><div class='av-extra-border-inner'><\/div><\/div><\/div><\/div><div id='av_section_2'  class='avia-section av-1fivo-75596acf190f84408c561d0d4dcff2b0 main_color avia-section-default avia-no-border-styling  avia-builder-el-3  el_after_av_section  avia-builder-el-last  avia-bg-style-scroll container_wrap sidebar_right'  ><div class='container av-section-cont-open' ><div class='template-page content  av-content-small alpha units'><div class='post-entry post-entry-type-page post-entry-24'><div class='entry-content-wrapper clearfix'>\n<section  class='av_textblock_section av-p69o-f6e908e53bb56d0c9df80319ebde2a04 '   itemscope=\"itemscope\" itemtype=\"https:\/\/schema.org\/CreativeWork\" ><div class='avia_textblock'  itemprop=\"text\" ><p>2021 feierten wir, dass Schweizer Frauen seit 50 Jahren politische Rechte haben. Ein guter Moment dar\u00fcber nachzudenken, was diese Ver\u00e4nderung den Frauen und auch der Politik, Wissenschaft, Kultur und Gesellschaft in der Schweiz gebracht hat. Es musste jedoch auch ein Anlass sein, \u00fcber den sp\u00e4ten Zeitpunkt und \u00fcber welchen Weg \u00a0Frauen an ihr Stimmrecht kamen, nachzudenken sowie \u00fcber die grundlegende Bedeutung des Stimm- und Wahlrechts f\u00fcr Frauen f\u00fcr die Demokratie in der Schweiz. Was hiess das f\u00fcr das eigene Selbstverst\u00e4ndnis von Demokratie, wenn die H\u00e4lfte der Gesellschaft so lange ausgeschlossen war? Wie hat sich dies ausgewirkt? Der Blick zur\u00fcck und der Blick auf die Entwicklung brachte uns dazu, \u00fcber den aktuellen Zustand unserer Demokratie nachzudenken. Dieses Nachdenken wollten wir breit und wirksam anregen sowie publik machen.<\/p>\n<p>Um die geplanten Aktivit\u00e4ten rund um das Jubil\u00e4umsjahr optimal zu koordinieren, initialisierte der Verein CH2021 eine 3-sprachige zentrale Informations-Drehscheibe (on- und offline). Im Zentrum stand eine interaktive, \u00f6ffentliche und laufend aktualisierte Aktionslandkarte. Mithilfe dieser Landkarte bzw. der Webseite ch2021.ch konnten sich Interessierte einen guten \u00dcberblick \u00fcber Personen, Organisationen und Institutionen und deren Aktionen und Projekte im Jubil\u00e4umsjahr verschaffen.<\/p>\n<p>Schauen Sie sich <a href=\"https:\/\/ch2021.ch\/wp-content\/uploads\/2022\/05\/CH2021-Rueckblick.pdf\" target=\"_blank\" rel=\"noopener\">hier<\/a> den fotografischen R\u00fcckblick seit der Vereinsgr\u00fcndung am 14. Juni 2018 bis zum Schlussevent am 12. M\u00e4rz 2022 an. Unvergessliche Momente aus der ganzen Schweiz.<\/p>\n<\/div><\/section>\n<div  class='flex_column av-r4n0-6931d5fc0c83669c95f41d9dbe8d8bfa av_one_full  avia-builder-el-5  el_after_av_textblock  el_before_av_hr  first flex_column_div  column-top-margin'     ><p>\n<style type=\"text\/css\" data-created_by=\"avia_inline_auto\" id=\"style-css-av-l2g99los-83800584f5fd15c2da26a0d865efa46e\">\n#top .av-special-heading.av-l2g99los-83800584f5fd15c2da26a0d865efa46e{\npadding-bottom:10px;\ncolor:#181971;\nfont-size:3.5vw;\n}\nbody .av-special-heading.av-l2g99los-83800584f5fd15c2da26a0d865efa46e .av-special-heading-tag .heading-char{\nfont-size:25px;\n}\n#top #wrap_all .av-special-heading.av-l2g99los-83800584f5fd15c2da26a0d865efa46e .av-special-heading-tag{\nfont-size:3.5vw;\n}\n.av-special-heading.av-l2g99los-83800584f5fd15c2da26a0d865efa46e .special-heading-inner-border{\nborder-color:#181971;\n}\n.av-special-heading.av-l2g99los-83800584f5fd15c2da26a0d865efa46e .av-subheading{\nfont-size:15px;\n}\n\n@media only screen and (min-width: 768px) and (max-width: 989px){ \n#top #wrap_all .av-special-heading.av-l2g99los-83800584f5fd15c2da26a0d865efa46e .av-special-heading-tag{\nfont-size:65px;\n}\n}\n\n@media only screen and (min-width: 480px) and (max-width: 767px){ \n#top #wrap_all .av-special-heading.av-l2g99los-83800584f5fd15c2da26a0d865efa46e .av-special-heading-tag{\nfont-size:54px;\n}\n}\n\n@media only screen and (max-width: 479px){ \n#top #wrap_all .av-special-heading.av-l2g99los-83800584f5fd15c2da26a0d865efa46e .av-special-heading-tag{\nfont-size:48px;\n}\n}\n<\/style>\n<div  class='av-special-heading av-l2g99los-83800584f5fd15c2da26a0d865efa46e av-special-heading-h4 custom-color-heading blockquote modern-quote modern-centered  avia-builder-el-6  el_before_av_textblock  avia-builder-el-first  av-inherit-size av-linked-heading'><h4 class='av-special-heading-tag '  itemprop=\"headline\"  ><span class='special_amp'>&#8220;<\/span>Das vergangene Jahr ist f\u00fcr mich sehr bedeutungsvoll, wertvoll, voll. Voller Begegnungen, voller Gedanken, voller Aktivit\u00e4ten, voller Erkenntnisse. Diese F\u00fclle haben wir uns erhofft \u2013 und sie ist eingetreten.<span class='special_amp'>&#8221;<\/span><\/h4><div class=\"special-heading-border\"><div class=\"special-heading-inner-border\"><\/div><\/div><\/div><br \/>\n\n<style type=\"text\/css\" data-created_by=\"avia_inline_auto\" id=\"style-css-av-l2g9avge-1b1dc893a731bc979280879ac9f60414\">\n#top .av_textblock_section.av-l2g9avge-1b1dc893a731bc979280879ac9f60414 .avia_textblock{\nfont-size:15px;\n}\n<\/style>\n<section  class='av_textblock_section av-l2g9avge-1b1dc893a731bc979280879ac9f60414 '   itemscope=\"itemscope\" itemtype=\"https:\/\/schema.org\/CreativeWork\" ><div class='avia_textblock'  itemprop=\"text\" ><p style=\"text-align: center;\">Zita K\u00fcng, Vereinspr\u00e4sidentin CH2021 im M\u00e4rz 2022<\/p>\n<\/div><\/section><\/p><\/div>\n<style type=\"text\/css\" data-created_by=\"avia_inline_auto\" id=\"style-css-av-jxyrg20q-10c87e94e1edc51a08c274604af83ede\">\n#top .hr.av-jxyrg20q-10c87e94e1edc51a08c274604af83ede{\nmargin-top:50px;\nmargin-bottom:90px;\n}\n.hr.av-jxyrg20q-10c87e94e1edc51a08c274604af83ede .hr-inner{\nwidth:40px;\nborder-color:#ff7707;\nmax-width:45%;\n}\n.hr.av-jxyrg20q-10c87e94e1edc51a08c274604af83ede .av-seperator-icon{\ncolor:#ff7707;\n}\n.hr.av-jxyrg20q-10c87e94e1edc51a08c274604af83ede .av-seperator-icon.avia-svg-icon svg:first-child{\nfill:#ff7707;\nstroke:#ff7707;\n}\n<\/style>\n<div  class='hr av-jxyrg20q-10c87e94e1edc51a08c274604af83ede hr-custom  avia-builder-el-8  el_after_av_one_full  el_before_av_heading  hr-center hr-icon-yes'><span class='hr-inner inner-border-av-border-thin'><span class=\"hr-inner-style\"><\/span><\/span><span class='av-seperator-icon avia-iconfont avia-font-entypo-fontello' data-av_icon='\ue89a' data-av_iconfont='entypo-fontello' ><\/span><span class='hr-inner inner-border-av-border-thin'><span class=\"hr-inner-style\"><\/span><\/span><\/div>\n\n<style type=\"text\/css\" data-created_by=\"avia_inline_auto\" id=\"style-css-av-2as6s-e09b02d8341240b15d96c8f23faeef55\">\n#top .av-special-heading.av-2as6s-e09b02d8341240b15d96c8f23faeef55{\nmargin:50px 0 0 0;\npadding-bottom:10px;\n}\nbody .av-special-heading.av-2as6s-e09b02d8341240b15d96c8f23faeef55 .av-special-heading-tag .heading-char{\nfont-size:25px;\n}\n.av-special-heading.av-2as6s-e09b02d8341240b15d96c8f23faeef55 .av-subheading{\nfont-size:15px;\n}\n<\/style>\n<div  class='av-special-heading av-2as6s-e09b02d8341240b15d96c8f23faeef55 av-special-heading-h2 blockquote modern-quote  avia-builder-el-9  el_after_av_hr  el_before_av_textblock  av-linked-heading'><h2 class='av-special-heading-tag '  itemprop=\"headline\"  >Die Initiantinnen:<\/h2><div class=\"special-heading-border\"><div class=\"special-heading-inner-border\"><\/div><\/div><\/div>\n<section  class='av_textblock_section av-p69o-2-d9363602337c8d54de2fc0c97140c4fd '   itemscope=\"itemscope\" itemtype=\"https:\/\/schema.org\/CreativeWork\" ><div class='avia_textblock'  itemprop=\"text\" ><p>Auf Initiative der Basler Professorin f\u00fcr Gender Studies, <a href=\"https:\/\/ch2021.ch\/vorstand-und-team\/\">Prof. Dr. Andrea Maihofer<\/a> und der FRI-Stiftungsr\u00e4tin lic.iur. <a href=\"https:\/\/ch2021.ch\/vorstand-und-team\/\">Zita K\u00fcng<\/a>, wurde am 14. Juni 2018 im traditionsreichen Caf\u00e9 F\u00e9d\u00e9ral in Bern der Verein CH2021 gegr\u00fcndet.<\/p>\n<\/div><\/section>\n\n<style type=\"text\/css\" data-created_by=\"avia_inline_auto\" id=\"style-css-av-1ner4-4e9527ae37f5c8edce31d4c36c31c5b4\">\n#top .av-special-heading.av-1ner4-4e9527ae37f5c8edce31d4c36c31c5b4{\nmargin:50px 0 0 0;\npadding-bottom:10px;\n}\nbody .av-special-heading.av-1ner4-4e9527ae37f5c8edce31d4c36c31c5b4 .av-special-heading-tag .heading-char{\nfont-size:25px;\n}\n.av-special-heading.av-1ner4-4e9527ae37f5c8edce31d4c36c31c5b4 .av-subheading{\nfont-size:15px;\n}\n<\/style>\n<div  class='av-special-heading av-1ner4-4e9527ae37f5c8edce31d4c36c31c5b4 av-special-heading-h2 blockquote modern-quote  avia-builder-el-11  el_after_av_textblock  el_before_av_textblock  av-linked-heading'><h2 class='av-special-heading-tag '  itemprop=\"headline\"  >Die Gr\u00fcnderinnen:<\/h2><div class=\"special-heading-border\"><div class=\"special-heading-inner-border\"><\/div><\/div><\/div>\n<section  class='av_textblock_section av-jxyrfstm-e7bb7a501a338fcb6827f1c1522176dc '   itemscope=\"itemscope\" itemtype=\"https:\/\/schema.org\/CreativeWork\" ><div class='avia_textblock'  itemprop=\"text\" ><ul>\n<li><a href=\"http:\/\/100frauen.ch\/tag\/margrith-bigler-eggenberger\/\" target=\"_blank\" rel=\"noopener\">Margrith Bigler-Eggenberger<\/a> (erste Schweizer Bundesrichterin)<\/li>\n<li><a href=\"https:\/\/www.admin.ch\/gov\/de\/start\/bundesrat\/mitglieder-des-bundesrates\/ruth-dreifuss.html\" target=\"_blank\" rel=\"noopener\">Ruth Dreifuss<\/a> (ehem. Bundesr\u00e4tin)<\/li>\n<li><a href=\"https:\/\/www.parlament.ch\/de\/biografie\/chiara-simoneschi-cortesi\/511\" target=\"_blank\" rel=\"noopener\">Chiara Simoneschi-Cortesi<\/a> (ehem. Nationalratspr\u00e4sidentin)<\/li>\n<li>Susanne Leuzinger-Naef (ehem. Vize-Bundesgerichtspr\u00e4sidentin)<\/li>\n<li><a href=\"https:\/\/genderstudies.philhist.unibas.ch\/de\/personen\/andrea-maihofer\/\" target=\"_blank\" rel=\"noopener\">Andrea Maihofer<\/a> (Professorin Universit\u00e4t Basel)<\/li>\n<li>Yvonne Sch\u00e4rli (Pr\u00e4sidentin der eidgen\u00f6ssischen Kommission f\u00fcr Frauenfragen)<\/li>\n<li><a href=\"https:\/\/www.mayagraf.ch\/\" target=\"_blank\" rel=\"noopener\">Maya Graf<\/a> (Co-Pr\u00e4sidentin Alliance F)<\/li>\n<li><a href=\"http:\/\/www.kathrinbertschy.ch\/\" target=\"_blank\" rel=\"noopener\">Kathrin Bertschy<\/a> (Co-Pr\u00e4sidentin Alliance F)<\/li>\n<li>Petra Volpe (Regisseurin \u00abDie g\u00f6ttliche Ordnung\u00bb)<\/li>\n<li><a href=\"https:\/\/www.equality-consulting.ch\/\" target=\"_blank\" rel=\"noopener\">Zita K\u00fcng<\/a> (Stiftungsr\u00e4tin FRI)<\/li>\n<\/ul>\n<\/div><\/section>\n\n<style type=\"text\/css\" data-created_by=\"avia_inline_auto\" id=\"style-css-av-3fbk-fb4252f6736873c49a1a13458399c09a\">\n#top .av-special-heading.av-3fbk-fb4252f6736873c49a1a13458399c09a{\nmargin:50px 0 0 0;\npadding-bottom:10px;\n}\nbody .av-special-heading.av-3fbk-fb4252f6736873c49a1a13458399c09a .av-special-heading-tag .heading-char{\nfont-size:25px;\n}\n.av-special-heading.av-3fbk-fb4252f6736873c49a1a13458399c09a .av-subheading{\nfont-size:15px;\n}\n<\/style>\n<div  class='av-special-heading av-3fbk-fb4252f6736873c49a1a13458399c09a av-special-heading-h2 blockquote modern-quote  avia-builder-el-13  el_after_av_textblock  el_before_av_textblock  av-linked-heading'><h2 class='av-special-heading-tag '  itemprop=\"headline\"  >Die Gr\u00fcndungsorganisationen:<\/h2><div class=\"special-heading-border\"><div class=\"special-heading-inner-border\"><\/div><\/div><\/div>\n<section  class='av_textblock_section av-jxyrfstm-1-f9c059eacc71e31090b66b25538a3dd6 '   itemscope=\"itemscope\" itemtype=\"https:\/\/schema.org\/CreativeWork\" ><div class='avia_textblock'  itemprop=\"text\" ><ul>\n<li><a href=\"http:\/\/www.genderlaw.ch\/deutsch\/fri\/startseite\/index.html\" target=\"_blank\" rel=\"noopener\">Verein FRI &#8211; Schweizerisches Institut f\u00fcr feministische Rechtswissenschaft und Gender Law<\/a><\/li>\n<li><a href=\"https:\/\/lawandwomen.ch\/\" target=\"_blank\" rel=\"noopener\">Juristinnen Schweiz<\/a><\/li>\n<li><a href=\"http:\/\/www.ig-frauenmuseum.ch\/\" target=\"_blank\" rel=\"noopener\">Interessengemeinschaft Frau und Museum<\/a><\/li>\n<li><a href=\"https:\/\/alliancef.ch\/index.php\/de\/\" target=\"_blank\" rel=\"noopener\">Alliance F (Bund Schweizerischer Frauenorganisationen)<\/a><\/li>\n<\/ul>\n<\/div><\/section>\n<section  class='av_textblock_section av-jy5qcvdq-088aeeadb243e302274c36ae0009d61f '   itemscope=\"itemscope\" itemtype=\"https:\/\/schema.org\/CreativeWork\" ><div class='avia_textblock'  itemprop=\"text\" ><p><a href=\"https:\/\/ch2021.ch\/wp-content\/uploads\/2019\/09\/Statuten-Verein-CH2021-29.08.19-DE.pdf\" target=\"_blank\" rel=\"noopener\">Hier<\/a> k\u00f6nnen Sie die Statuten des Vereins nachlesen.<\/p>\n<\/div><\/section>\n<\/div><\/div><\/div><!-- close content main div --><\/div><\/div><div id='after_section_2'  class='main_color av_default_container_wrap container_wrap sidebar_right'  ><div class='container av-section-cont-open' ><div class='template-page content  av-content-small alpha units'><div class='post-entry post-entry-type-page post-entry-24'><div class='entry-content-wrapper clearfix'>\n","protected":false},"excerpt":{"rendered":"","protected":false},"author":5,"featured_media":0,"parent":0,"menu_order":0,"comment_status":"closed","ping_status":"closed","template":"","meta":{"_monsterinsights_skip_tracking":false,"_monsterinsights_sitenote_active":false,"_monsterinsights_sitenote_note":"","_monsterinsights_sitenote_category":0,"footnotes":""},"class_list":["post-24","page","type-page","status-publish","hentry"],"_links":{"self":[{"href":"https:\/\/ch2021.ch\/rm\/wp-json\/wp\/v2\/pages\/24","targetHints":{"allow":["GET"]}}],"collection":[{"href":"https:\/\/ch2021.ch\/rm\/wp-json\/wp\/v2\/pages"}],"about":[{"href":"https:\/\/ch2021.ch\/rm\/wp-json\/wp\/v2\/types\/page"}],"author":[{"embeddable":true,"href":"https:\/\/ch2021.ch\/rm\/wp-json\/wp\/v2\/users\/5"}],"replies":[{"embeddable":true,"href":"https:\/\/ch2021.ch\/rm\/wp-json\/wp\/v2\/comments?post=24"}],"version-history":[{"count":11,"href":"https:\/\/ch2021.ch\/rm\/wp-json\/wp\/v2\/pages\/24\/revisions"}],"predecessor-version":[{"id":18388,"href":"https:\/\/ch2021.ch\/rm\/wp-json\/wp\/v2\/pages\/24\/revisions\/18388"}],"wp:attachment":[{"href":"https:\/\/ch2021.ch\/rm\/wp-json\/wp\/v2\/media?parent=24"}],"curies":[{"name":"wp","href":"https:\/\/api.w.org\/{rel}","templated":true}]}}