{"id":2635,"date":"2019-05-23T20:53:18","date_gmt":"2019-05-23T18:53:18","guid":{"rendered":"https:\/\/ch2021.ch\/?page_id=2635"},"modified":"2019-08-09T12:42:27","modified_gmt":"2019-08-09T10:42:27","slug":"conseils-daction","status":"publish","type":"page","link":"https:\/\/ch2021.ch\/rm\/participez\/conseils-daction\/","title":{"rendered":"Conseils d&#8217;action"},"content":{"rendered":"\n<style type=\"text\/css\" data-created_by=\"avia_inline_auto\" id=\"style-css-av-jkjmqted-96d309932e062c5df088f1a8463b3a0b\">\n.avia-section.av-jkjmqted-96d309932e062c5df088f1a8463b3a0b{\nbackground-color:#7ecdca;\nbackground:linear-gradient( to bottom right, #7ecdca, #ff7707 );\n}\n.avia-section.av-jkjmqted-96d309932e062c5df088f1a8463b3a0b .av-extra-border-element .av-extra-border-inner{\nbackground-color:#ffffff;\n}\n<\/style>\n<div id='av_section_1'  class='avia-section av-jkjmqted-96d309932e062c5df088f1a8463b3a0b header_color avia-section-no-padding avia-no-shadow  avia-builder-el-0  el_before_av_section  avia-builder-el-first  avia-bg-style-scroll av-minimum-height av-minimum-height-custom av-height-custom  container_wrap sidebar_right'   data-av_minimum_height_px='350'><div class='container av-section-cont-open' style='height:350px'><main  role=\"main\" itemprop=\"mainContentOfPage\"  class='template-page content  av-content-small alpha units'><div class='post-entry post-entry-type-page post-entry-2635'><div class='entry-content-wrapper clearfix'>\n\n<style type=\"text\/css\" data-created_by=\"avia_inline_auto\" id=\"style-css-av-1xn9f-60a3102d85cb0bac4be34634a8c4da3f\">\n.flex_column.av-1xn9f-60a3102d85cb0bac4be34634a8c4da3f{\nborder-radius:0px 0px 0px 0px;\npadding:0px 0px 0px 0px;\n}\n<\/style>\n<div  class='flex_column av-1xn9f-60a3102d85cb0bac4be34634a8c4da3f av_one_full  avia-builder-el-1  avia-builder-el-no-sibling  first flex_column_div av-animated-generic pop-up av-zero-column-padding  '     ><style type=\"text\/css\" data-created_by=\"avia_inline_auto\" id=\"style-css-av-jz3zdybl-6175aedb71d669422508d68736decd97\">\n#top .av-special-heading.av-jz3zdybl-6175aedb71d669422508d68736decd97{\npadding-bottom:10px;\ncolor:#ffffff;\nfont-size:5vw;\n}\nbody .av-special-heading.av-jz3zdybl-6175aedb71d669422508d68736decd97 .av-special-heading-tag .heading-char{\nfont-size:25px;\n}\n#top #wrap_all .av-special-heading.av-jz3zdybl-6175aedb71d669422508d68736decd97 .av-special-heading-tag{\nfont-size:5vw;\n}\n.av-special-heading.av-jz3zdybl-6175aedb71d669422508d68736decd97 .special-heading-inner-border{\nborder-color:#ffffff;\n}\n.av-special-heading.av-jz3zdybl-6175aedb71d669422508d68736decd97 .av-subheading{\nfont-size:15px;\n}\n\n@media only screen and (min-width: 480px) and (max-width: 767px){ \n#top #wrap_all .av-special-heading.av-jz3zdybl-6175aedb71d669422508d68736decd97 .av-special-heading-tag{\nfont-size:0.8em;\n}\n}\n\n@media only screen and (max-width: 479px){ \n#top #wrap_all .av-special-heading.av-jz3zdybl-6175aedb71d669422508d68736decd97 .av-special-heading-tag{\nfont-size:0.8em;\n}\n}\n<\/style>\n<div  class='av-special-heading av-jz3zdybl-6175aedb71d669422508d68736decd97 av-special-heading-h1 custom-color-heading blockquote modern-quote  avia-builder-el-2  avia-builder-el-no-sibling  av-inherit-size'><h1 class='av-special-heading-tag '  itemprop=\"headline\"  >Conseils d\u2019action<\/h1><div class=\"special-heading-border\"><div class=\"special-heading-inner-border\"><\/div><\/div><\/div><\/div><\/div><\/div><\/main><!-- close content main element --><\/div><div class='av-extra-border-element border-extra-diagonal border-extra-diagonal-inverse '><div class='av-extra-border-outer'><div class='av-extra-border-inner'><\/div><\/div><\/div><\/div><div id='av_section_2'  class='avia-section av-9rzz3-462d5442c0253bd0d242054447c20b9c main_color avia-section-default avia-no-border-styling  avia-builder-el-3  el_after_av_section  avia-builder-el-last  avia-bg-style-scroll container_wrap sidebar_right'  ><div class='container av-section-cont-open' ><div class='template-page content  av-content-small alpha units'><div class='post-entry post-entry-type-page post-entry-2635'><div class='entry-content-wrapper clearfix'>\n<section  class='av_textblock_section av-jy5ryl79-96f0aea3e6d1e44a9341fcbbfe6fae56 '   itemscope=\"itemscope\" itemtype=\"https:\/\/schema.org\/CreativeWork\" ><div class='avia_textblock'  itemprop=\"text\" ><p>Ihnen fehlt noch die passende Inspiration f\u00fcr eine eigene Aktion? Hier finden Sie f\u00fcnf Aktionstipps, die Sie gemeinsam mit Ihren Mitstreiter*innen vor Ort umsetzen und das Jubil\u00e4um so erlebbar machen k\u00f6nnen!<\/p>\n<\/div><\/section>\n\n<style type=\"text\/css\" data-created_by=\"avia_inline_auto\" id=\"style-css-av-jy5sqyfu-bb5cc00f0e37312d75cf2003d4d18b2a\">\n#top .av-masonry.av-jy5sqyfu-bb5cc00f0e37312d75cf2003d4d18b2a{\nbackground-color:#ffffff;\n}\n<\/style>\n<div id='av-masonry-1' class='av-masonry av-jy5sqyfu-bb5cc00f0e37312d75cf2003d4d18b2a noHover av-fixed-size av-large-gap av-hover-overlay-active av-masonry-animation-active av-masonry-col-3 av-caption-always av-caption-style- av-masonry-entries ' data-post_id=\"2635\"><div class=\"av-masonry-container isotope av-js-disabled\"><div class='av-masonry-entry isotope-item av-masonry-item-no-image '><\/div><a href=\"https:\/\/ch2021.ch\/rm\/schlussfeier\/\"  id='av-masonry-1-item-18003' data-av-masonry-item='18003' class='av-masonry-entry isotope-item post-18003 page type-page status-publish hentry  av-masonry-item-no-image' title=\"W\u00fcrdigen, feiern, st\u00e4rken\"   itemscope=\"itemscope\" itemtype=\"https:\/\/schema.org\/CreativeWork\" ><div class='av-inner-masonry-sizer'><\/div><figure class='av-inner-masonry main_color'><figcaption class='av-inner-masonry-content site-background'><div class='av-inner-masonry-content-pos'><div class='av-inner-masonry-content-pos-content'><div class='avia-arrow'><\/div><h3 class='av-masonry-entry-title entry-title '  itemprop=\"headline\" >W\u00fcrdigen, feiern, st\u00e4rken<\/h3><\/div><\/div><\/figcaption><\/figure><\/a><!--end av-masonry entry--><a href=\"https:\/\/ch2021.ch\/rm\/work\/\"  id='av-masonry-1-item-1266' data-av-masonry-item='1266' class='av-masonry-entry isotope-item post-1266 nav_menu_item type-nav_menu_item status-publish hentry  av-masonry-item-no-image' title=\"WORK\"   itemscope=\"itemscope\" itemtype=\"https:\/\/schema.org\/CreativeWork\" ><div class='av-inner-masonry-sizer'><\/div><figure class='av-inner-masonry main_color'><figcaption class='av-inner-masonry-content site-background'><div class='av-inner-masonry-content-pos'><div class='av-inner-masonry-content-pos-content'><div class='avia-arrow'><\/div><h3 class='av-masonry-entry-title entry-title '  itemprop=\"headline\" >WORK<\/h3><\/div><\/div><\/figcaption><\/figure><\/a><!--end av-masonry entry--><a href=\"https:\/\/ch2021.ch\/rm\/geschichte\/wegbereiterinnen\/\"  id='av-masonry-1-item-900' data-av-masonry-item='900' class='av-masonry-entry isotope-item post-900 page type-page status-publish hentry  av-masonry-item-no-image' title=\"Wegbereiter*innen\"   itemscope=\"itemscope\" itemtype=\"https:\/\/schema.org\/CreativeWork\" ><div class='av-inner-masonry-sizer'><\/div><figure class='av-inner-masonry main_color'><figcaption class='av-inner-masonry-content site-background'><div class='av-inner-masonry-content-pos'><div class='av-inner-masonry-content-pos-content'><div class='avia-arrow'><\/div><h3 class='av-masonry-entry-title entry-title '  itemprop=\"headline\" >Wegbereiter*innen<\/h3><\/div><\/div><\/figcaption><\/figure><\/a><!--end av-masonry entry--><a href=\"https:\/\/ch2021.ch\/rm\/vorstand-und-team\/\"  id='av-masonry-1-item-1963' data-av-masonry-item='1963' class='av-masonry-entry isotope-item post-1963 page type-page status-publish hentry  av-masonry-item-no-image' title=\"Vorstand und Team\"   itemscope=\"itemscope\" itemtype=\"https:\/\/schema.org\/CreativeWork\" ><div class='av-inner-masonry-sizer'><\/div><figure class='av-inner-masonry main_color'><figcaption class='av-inner-masonry-content site-background'><div class='av-inner-masonry-content-pos'><div class='av-inner-masonry-content-pos-content'><div class='avia-arrow'><\/div><h3 class='av-masonry-entry-title entry-title '  itemprop=\"headline\" >Vorstand und Team<\/h3><\/div><\/div><\/figcaption><\/figure><\/a><!--end av-masonry entry--><a href=\"https:\/\/ch2021.ch\/rm\/verein\/\"  id='av-masonry-1-item-8644' data-av-masonry-item='8644' class='av-masonry-entry isotope-item post-8644 nav_menu_item type-nav_menu_item status-publish hentry  av-masonry-item-no-image' title=\"Verein\"   itemscope=\"itemscope\" itemtype=\"https:\/\/schema.org\/CreativeWork\" ><div class='av-inner-masonry-sizer'><\/div><figure class='av-inner-masonry main_color'><figcaption class='av-inner-masonry-content site-background'><div class='av-inner-masonry-content-pos'><div class='av-inner-masonry-content-pos-content'><div class='avia-arrow'><\/div><h3 class='av-masonry-entry-title entry-title '  itemprop=\"headline\" >Verein<\/h3><\/div><\/div><\/figcaption><\/figure><\/a><!--end av-masonry entry--><\/div><\/div>\n<section  class='av_textblock_section av-jy705z8n-6111113dfb3151aa6905921867ba9c51 '   itemscope=\"itemscope\" itemtype=\"https:\/\/schema.org\/CreativeWork\" ><div class='avia_textblock'  itemprop=\"text\" ><p>Als Vorlage diente die Seite:<\/p>\n<p><a href=\"https:\/\/www.100-jahre-frauenwahlrecht.de\/mitmachen\/aktionen-starten.html\">https:\/\/www.100-jahre-frauenwahlrecht.de\/mitmachen\/aktionen-starten.html&nbsp;<\/a><\/p>\n<\/div><\/section>\n<\/div><\/div><\/div><!-- close content main div --><\/div><\/div><div id='after_section_2'  class='main_color av_default_container_wrap container_wrap sidebar_right'  ><div class='container av-section-cont-open' ><div class='template-page content  av-content-small alpha units'><div class='post-entry post-entry-type-page post-entry-2635'><div class='entry-content-wrapper clearfix'><\/p>\n","protected":false},"excerpt":{"rendered":"","protected":false},"author":6,"featured_media":0,"parent":152,"menu_order":0,"comment_status":"closed","ping_status":"closed","template":"","meta":{"_monsterinsights_skip_tracking":false,"_monsterinsights_sitenote_active":false,"_monsterinsights_sitenote_note":"","_monsterinsights_sitenote_category":0,"footnotes":""},"class_list":["post-2635","page","type-page","status-publish","hentry"],"_links":{"self":[{"href":"https:\/\/ch2021.ch\/rm\/wp-json\/wp\/v2\/pages\/2635","targetHints":{"allow":["GET"]}}],"collection":[{"href":"https:\/\/ch2021.ch\/rm\/wp-json\/wp\/v2\/pages"}],"about":[{"href":"https:\/\/ch2021.ch\/rm\/wp-json\/wp\/v2\/types\/page"}],"author":[{"embeddable":true,"href":"https:\/\/ch2021.ch\/rm\/wp-json\/wp\/v2\/users\/6"}],"replies":[{"embeddable":true,"href":"https:\/\/ch2021.ch\/rm\/wp-json\/wp\/v2\/comments?post=2635"}],"version-history":[{"count":3,"href":"https:\/\/ch2021.ch\/rm\/wp-json\/wp\/v2\/pages\/2635\/revisions"}],"predecessor-version":[{"id":2640,"href":"https:\/\/ch2021.ch\/rm\/wp-json\/wp\/v2\/pages\/2635\/revisions\/2640"}],"up":[{"embeddable":true,"href":"https:\/\/ch2021.ch\/rm\/wp-json\/wp\/v2\/pages\/152"}],"wp:attachment":[{"href":"https:\/\/ch2021.ch\/rm\/wp-json\/wp\/v2\/media?parent=2635"}],"curies":[{"name":"wp","href":"https:\/\/api.w.org\/{rel}","templated":true}]}}