{"id":28,"date":"2018-06-03T22:47:43","date_gmt":"2018-06-03T20:47:43","guid":{"rendered":"https:\/\/ch2021.ch\/?page_id=28"},"modified":"2020-03-13T16:26:21","modified_gmt":"2020-03-13T15:26:21","slug":"mitmachen","status":"publish","type":"page","link":"https:\/\/ch2021.ch\/rm\/mitmachen\/","title":{"rendered":"Mitmachen"},"content":{"rendered":"\n<style type=\"text\/css\" data-created_by=\"avia_inline_auto\" id=\"style-css-av-jkjmqted-96d309932e062c5df088f1a8463b3a0b\">\n.avia-section.av-jkjmqted-96d309932e062c5df088f1a8463b3a0b{\nbackground-color:#7ecdca;\nbackground:linear-gradient( to bottom right, #7ecdca, #ff7707 );\n}\n.avia-section.av-jkjmqted-96d309932e062c5df088f1a8463b3a0b .av-extra-border-element .av-extra-border-inner{\nbackground-color:#ffffff;\n}\n<\/style>\n<div id='av_section_1'  class='avia-section av-jkjmqted-96d309932e062c5df088f1a8463b3a0b header_color avia-section-no-padding avia-no-shadow  avia-builder-el-0  el_before_av_section  avia-builder-el-first  avia-bg-style-scroll av-minimum-height av-minimum-height-custom av-height-custom  container_wrap sidebar_right'   data-av_minimum_height_px='350'><div class='container av-section-cont-open' style='height:350px'><main  role=\"main\" itemprop=\"mainContentOfPage\"  class='template-page content  av-content-small alpha units'><div class='post-entry post-entry-type-page post-entry-28'><div class='entry-content-wrapper clearfix'>\n\n<style type=\"text\/css\" data-created_by=\"avia_inline_auto\" id=\"style-css-av-1xn9f-60a3102d85cb0bac4be34634a8c4da3f\">\n.flex_column.av-1xn9f-60a3102d85cb0bac4be34634a8c4da3f{\nborder-radius:0px 0px 0px 0px;\npadding:0px 0px 0px 0px;\n}\n<\/style>\n<div  class='flex_column av-1xn9f-60a3102d85cb0bac4be34634a8c4da3f av_one_full  avia-builder-el-1  avia-builder-el-no-sibling  first flex_column_div av-animated-generic pop-up av-zero-column-padding  '     ><style type=\"text\/css\" data-created_by=\"avia_inline_auto\" id=\"style-css-av-jxopvu9c-0f187c035a65cdf9fd9a483edf7c4c13\">\n#top .av-special-heading.av-jxopvu9c-0f187c035a65cdf9fd9a483edf7c4c13{\npadding-bottom:10px;\nfont-size:5vw;\n}\nbody .av-special-heading.av-jxopvu9c-0f187c035a65cdf9fd9a483edf7c4c13 .av-special-heading-tag .heading-char{\nfont-size:25px;\n}\n#top #wrap_all .av-special-heading.av-jxopvu9c-0f187c035a65cdf9fd9a483edf7c4c13 .av-special-heading-tag{\nfont-size:5vw;\n}\n.av-special-heading.av-jxopvu9c-0f187c035a65cdf9fd9a483edf7c4c13 .av-subheading{\nfont-size:15px;\n}\n\n@media only screen and (min-width: 480px) and (max-width: 767px){ \n#top #wrap_all .av-special-heading.av-jxopvu9c-0f187c035a65cdf9fd9a483edf7c4c13 .av-special-heading-tag{\nfont-size:0.8em;\n}\n}\n\n@media only screen and (max-width: 479px){ \n#top #wrap_all .av-special-heading.av-jxopvu9c-0f187c035a65cdf9fd9a483edf7c4c13 .av-special-heading-tag{\nfont-size:0.8em;\n}\n}\n<\/style>\n<div  class='av-special-heading av-jxopvu9c-0f187c035a65cdf9fd9a483edf7c4c13 av-special-heading-h1 blockquote modern-quote  avia-builder-el-2  avia-builder-el-no-sibling  av-inherit-size'><h1 class='av-special-heading-tag '  itemprop=\"headline\"  >Mitmachen<\/h1><div class=\"special-heading-border\"><div class=\"special-heading-inner-border\"><\/div><\/div><\/div><\/div>\n\n<\/div><\/div><\/main><!-- close content main element --><\/div><div class='av-extra-border-element border-extra-diagonal border-extra-diagonal-inverse '><div class='av-extra-border-outer'><div class='av-extra-border-inner'><\/div><\/div><\/div><\/div><div id='av_section_2'  class='avia-section av-1ob34-d24f0d82e9a45809346c0e2ddf7483e7 main_color avia-section-default avia-no-border-styling  avia-builder-el-3  el_after_av_section  avia-builder-el-last  avia-bg-style-scroll container_wrap sidebar_right'  ><div class='container av-section-cont-open' ><div class='template-page content  av-content-small alpha units'><div class='post-entry post-entry-type-page post-entry-28'><div class='entry-content-wrapper clearfix'>\n<section  class='av_textblock_section av-122us-3da42cd1775fefd0bd4f0e9b86e3d844 '   itemscope=\"itemscope\" itemtype=\"https:\/\/schema.org\/CreativeWork\" ><div class='avia_textblock'  itemprop=\"text\" ><h2>Sie planen eine Veranstaltung?<\/h2>\n<p>Nehmen Sie Kontakt mit uns auf! Senden Sie uns Ihren Hinweis gleich heute per E-Mail an: <a href=\"mailto:demokratie@ch2021.ch\">demokratie@ch2021.ch<\/a>&nbsp;und wir stellen ihre Veranstaltung\/Aktivit\u00e4t auf unsere <a href=\"https:\/\/ch2021.ch\/aktionslandkarte\/\">Aktionsplattform<\/a>. Bitte mit m\u00f6glichst detaillierten Angaben zu allen W-Fragen: Wer, wo, wann, was?<\/p>\n<p>Weitere Angaben zur Publikation Ihres Hinweises sind n\u00fctzlich, um R\u00fcckfragen zu vermeiden: Wer veranstaltet den Event, wo kann man sich anmelden oder Tickets kaufen? Gibt es Bilder, ein Plakat, einen Flyer usw. (bitte mitsenden mit Angabe der Nutzungsrechte)?<\/p>\n<p>Suchen Sie Unterst\u00fctzung<em>, <\/em>f\u00fcr die Sie auf unserer Webseite <a href=\"http:\/\/ch2021.ch\">ch2021.ch<\/a> werben wollen? Zum Beispiel:&nbsp;&nbsp;<\/p>\n<ul>\n<li>eine Lokalit\u00e4t<\/li>\n<li>Mitorganisierende<\/li>\n<li>Autor*innen, Referent*innen, Keynote-Speaker*innen \u2026<\/li>\n<li>Helfer*innen vor Ort f\u00fcr eine Veranstaltung<\/li>\n<li>Hilfe beim Transport<\/li>\n<li>Unterst\u00fctzung bzgl. Technik \/ Logistik<\/li>\n<li>Hilfe bzgl. IT<\/li>\n<li>Hilfe bei der Medienarbeit<\/li>\n<li>finanziellen Support<\/li>\n<li>&#8230;<\/li>\n<\/ul>\n<p>Melden Sie sich gerne bei uns und wir vereinbaren, wie wir Ihr Gesuch auf unserer Website ver\u00f6ffentlicht werden.<\/p>\n<p>Publiziert werden Termine zu folgenden Themenbereichen rund um das Jubil\u00e4umsjahr:<\/p>\n<\/div><\/section>\n\n<style type=\"text\/css\" data-created_by=\"avia_inline_auto\" id=\"style-css-av-jxn94iue-e7d5059b75538ea69f2533b05432d3df\">\n#top .togglecontainer.av-jxn94iue-e7d5059b75538ea69f2533b05432d3df p.toggler{\ncolor:#151213;\n}\n#top .togglecontainer.av-jxn94iue-e7d5059b75538ea69f2533b05432d3df p.toggler.activeTitle{\ncolor:#cd2e1f;\nborder-color:#cd2e1f;\n}\n#top .togglecontainer.av-jxn94iue-e7d5059b75538ea69f2533b05432d3df p.toggler:not(.activeTitle):hover{\ncolor:#cd2e1f;\n}\n#top .togglecontainer.av-jxn94iue-e7d5059b75538ea69f2533b05432d3df p.toggler:not(.activeTitle):hover .toggle_icon, #top .togglecontainer.av-jxn94iue-e7d5059b75538ea69f2533b05432d3df p.toggler:not(.activeTitle):hover .toggle_icon *{\nborder-color:#cd2e1f !important;\n}\n#top .togglecontainer.av-jxn94iue-e7d5059b75538ea69f2533b05432d3df p.toggler .toggle_icon{\ncolor:#151213;\nborder-color:#151213;\n}\n#top .togglecontainer.av-jxn94iue-e7d5059b75538ea69f2533b05432d3df .toggle_wrap .toggle_content{\ncolor:#151213;\n}\n<\/style>\n<div  class='togglecontainer av-jxn94iue-e7d5059b75538ea69f2533b05432d3df  avia-builder-el-5  el_after_av_textblock  avia-builder-el-last  toggle_close_all hasCurrentStyle' >\n<section class='av_toggle_section av-av_toggle-b27c936fa372a0f0757ce61968130df7'  itemscope=\"itemscope\" itemtype=\"https:\/\/schema.org\/CreativeWork\" ><div role=\"tablist\" class=\"single_toggle\" data-tags=\"{All} \"  ><p id='toggle-toggle-id-1' data-fake-id='#toggle-id-1' class='toggler  av-title-above av-inherit-font-color hasCustomColor'  itemprop=\"headline\"  role='tab' tabindex='0' aria-controls='toggle-id-1' data-slide-speed=\"200\" data-title=\"&lt;b&gt;Kunst und Kultur&lt;\/b&gt;\" data-title-open=\"\" data-aria_collapsed=\"Click to expand: &lt;b&gt;Kunst und Kultur&lt;\/b&gt;\" data-aria_expanded=\"Click to collapse: &lt;b&gt;Kunst und Kultur&lt;\/b&gt;\"><b>Kunst und Kultur<\/b><span class=\"toggle_icon\"><span class=\"vert_icon\"><\/span><span class=\"hor_icon\"><\/span><\/span><\/p><div id='toggle-id-1' aria-labelledby='toggle-toggle-id-1' role='region' class='toggle_wrap  av-title-above'  ><div class='toggle_content invers-color av-inherit-font-color hasCustomColor'  itemprop=\"text\" ><p>Sind Sie als Kabarettist*in, Regisseur*in, S\u00e4nger*in, Theaterfrau*, Autor*in, Filmemacher*in oder Veranstalter*in unterwegs? Wie w\u00e4re es mit einer <strong>Produktion mit Blick auf Frauen<\/strong>, wie sie denken und handeln (das Private ist politisch!), sich durchsetzen heute, gestern und morgen?<\/p>\n<p>2021 soll nicht nur ein Jahr der <b>R\u00fcckblicke und Analysen <\/b>sein. Es werden auch Aktivit\u00e4ten geplant, welche die Bedeutung der Beteiligung der Bev\u00f6lkerung an der <b>demokratischen Entwicklung <\/b>aufzeigen und f\u00f6rdern. Dazu werden <b>Ausstellungen <\/b>(u.a. im Nationalmuseum in Z\u00fcrich) vorbereitet.<\/p>\n<\/div><\/div><\/div><\/section>\n<section class='av_toggle_section av-av_toggle-f284dfd326359541326f2fbfe89888eb'  itemscope=\"itemscope\" itemtype=\"https:\/\/schema.org\/CreativeWork\" ><div role=\"tablist\" class=\"single_toggle\" data-tags=\"{All} \"  ><p id='toggle-toggle-id-2' data-fake-id='#toggle-id-2' class='toggler  av-title-above av-inherit-font-color hasCustomColor'  itemprop=\"headline\"  role='tab' tabindex='0' aria-controls='toggle-id-2' data-slide-speed=\"200\" data-title=\"&lt;b&gt;Wissenschaft&lt;\/b&gt;\" data-title-open=\"\" data-aria_collapsed=\"Click to expand: &lt;b&gt;Wissenschaft&lt;\/b&gt;\" data-aria_expanded=\"Click to collapse: &lt;b&gt;Wissenschaft&lt;\/b&gt;\"><b>Wissenschaft<\/b><span class=\"toggle_icon\"><span class=\"vert_icon\"><\/span><span class=\"hor_icon\"><\/span><\/span><\/p><div id='toggle-id-2' aria-labelledby='toggle-toggle-id-2' role='region' class='toggle_wrap  av-title-above'  ><div class='toggle_content invers-color av-inherit-font-color hasCustomColor'  itemprop=\"text\" ><p><b>Wissenschaftler*innen <\/b>stellen sich Fragen, die bis 2021 erforscht werden sollen.<\/p>\n<p><b>Historiker*innen<\/b> blicken zur\u00fcck und fragen u.a., warum es in der Schweiz so lange gedauert hat und ob es seit der Staatsgr\u00fcndung 1848 wirklich eine kontinuierliche Entwicklung zum Besseren gegeben hat oder ob die Geschichte anders erz\u00e4hlt werden muss.<\/p>\n<p><b>Zeitzeug*innen <\/b>sprechen vom Unrecht, von ihren K\u00e4mpfen, von ihrer Freude \u2013 ein grosses Thema f\u00fcr Generationen. Junge Leute n\u00e4hern sich einem Thema, das f\u00fcr sie unfassbar lange vorbei ist. Beide sprechen vom Gleichen.<\/p>\n<p><b>Rechtswissenschaftler*innen<\/b> loten die Bedeutung des F\u00f6deralismus im Kampf um die politischen Frauenrechte aus und fragen nach der Einhaltung der Menschenrechte der weiblichen Bev\u00f6lkerung gegen\u00fcber. Was hat sich in diesen 50 Jahren rechtlich ver\u00e4ndert? Und was ist die Rolle der Frauen und M\u00e4nner?&nbsp;<\/p>\n<p>An Universit\u00e4ten wird \u00fcber Kolloquien, <b>Ringvorlesungen<\/b>, eine <b>Sommer-Universit\u00e4t<\/b>, einen Pool von interessanten Themen, zu denen <b>Bachelor-<\/b><b>, Master- und Dissertations<\/b><strong>arbeiten<\/strong> geschrieben werden k\u00f6nnen, nachgedacht.<\/p>\n<p><strong>Grunds\u00e4tzliche Fragen:&nbsp;<\/strong>Wie hat es die Schweiz verkraftet, nach 1971 auf einen Schlag \u00fcber doppelt so viele Stimmberechtigte zu Wahlen und Abstimmungen aufzurufen? Wie sind politische Parteien mit den Frauen als m\u00fcndige B\u00fcrgerinnen umgegangen, die sowohl als Kandidatinnen als auch als W\u00e4hlerinnen ein so grosses Potenzial darstellen. Welche Entwicklungen sind seit 1971 zu beobachten?<\/p>\n<\/div><\/div><\/div><\/section>\n<section class='av_toggle_section av-av_toggle-68e88e7a0586e4ac5327826973855904'  itemscope=\"itemscope\" itemtype=\"https:\/\/schema.org\/CreativeWork\" ><div role=\"tablist\" class=\"single_toggle\" data-tags=\"{All} \"  ><p id='toggle-toggle-id-3' data-fake-id='#toggle-id-3' class='toggler  av-title-above av-inherit-font-color hasCustomColor'  itemprop=\"headline\"  role='tab' tabindex='0' aria-controls='toggle-id-3' data-slide-speed=\"200\" data-title=\"&lt;b&gt;Politik&lt;\/b&gt;\" data-title-open=\"\" data-aria_collapsed=\"Click to expand: &lt;b&gt;Politik&lt;\/b&gt;\" data-aria_expanded=\"Click to collapse: &lt;b&gt;Politik&lt;\/b&gt;\"><b>Politik<\/b><span class=\"toggle_icon\"><span class=\"vert_icon\"><\/span><span class=\"hor_icon\"><\/span><\/span><\/p><div id='toggle-id-3' aria-labelledby='toggle-toggle-id-3' role='region' class='toggle_wrap  av-title-above'  ><div class='toggle_content invers-color av-inherit-font-color hasCustomColor'  itemprop=\"text\" ><p>Frau <b>Bundesr\u00e4tin Simonetta <\/b><b>Sommaruga<\/b> teilt unsere Einsch\u00e4tzung der Bedeutung der Frauenbeteiligung an der Demokratie und sieht das Thema <em>&#8220;50 Jahre Frauenstimm- und Wahlrecht&#8221;<\/em> in ihrem Departement. Konkretere Aktivit\u00e4ten sind zurzeit noch nicht bekannt.<\/p>\n<\/div><\/div><\/div><\/section>\n<section class='av_toggle_section av-av_toggle-d6e14e01c71aa5e1b2706f0d531efa9c'  itemscope=\"itemscope\" itemtype=\"https:\/\/schema.org\/CreativeWork\" ><div role=\"tablist\" class=\"single_toggle\" data-tags=\"{All} \"  ><p id='toggle-toggle-id-4' data-fake-id='#toggle-id-4' class='toggler  av-title-above av-inherit-font-color hasCustomColor'  itemprop=\"headline\"  role='tab' tabindex='0' aria-controls='toggle-id-4' data-slide-speed=\"200\" data-title=\"&lt;b&gt;Kantone&lt;\/b&gt;\" data-title-open=\"\" data-aria_collapsed=\"Click to expand: &lt;b&gt;Kantone&lt;\/b&gt;\" data-aria_expanded=\"Click to collapse: &lt;b&gt;Kantone&lt;\/b&gt;\"><b>Kantone<\/b><span class=\"toggle_icon\"><span class=\"vert_icon\"><\/span><span class=\"hor_icon\"><\/span><\/span><\/p><div id='toggle-id-4' aria-labelledby='toggle-toggle-id-4' role='region' class='toggle_wrap  av-title-above'  ><div class='toggle_content invers-color av-inherit-font-color hasCustomColor'  itemprop=\"text\" ><p>Jeder Kanton hat seine <b>Geschichte zur Einf\u00fchrung des Stimm- und Wahlrechts f\u00fcr Frauen auf kantonaler Ebene<\/b>. 1959 entschieden sich die Schweizer M\u00e4nner der Kantone Waadt und Neuenburg bereits zu diesem Schritt, 1990 wurde der Kanton Appenzell-Innerrhoden vom Bundesgericht zur Einf\u00fchrung gezwungen. Diese unterschiedlichen Entwicklungen und Geschichten sollen aktualisiert und 2021 dargestellt werden. Es ist auch denkbar, dass 2020 die F\u00f6deralismus-Konferenz sich der Rolle des F\u00f6deralismus annimmt, der bei der Einf\u00fchrung des Stimmrechts f\u00fcr alle Schweizer*innen mitspielte.<\/p>\n<p>Die <b>kantonalen Organisationen<\/b>, z.B. die einzelnen Frauenzentren, werden entsprechende Aktivit\u00e4ten entwickeln. Wir rechnen damit, dass sich auch die <b>kantonalen Regierungen, Parlamente, Staatsarchive, Museen, Theater, Kinos, Universit\u00e4ten, Schulen, Parteien<\/b> etc. 2021 um das Thema k\u00fcmmern werden.<\/p>\n<\/div><\/div><\/div><\/section>\n<section class='av_toggle_section av-av_toggle-7da6e390c38f03659768fa4339b8d6f2'  itemscope=\"itemscope\" itemtype=\"https:\/\/schema.org\/CreativeWork\" ><div role=\"tablist\" class=\"single_toggle\" data-tags=\"{All} \"  ><p id='toggle-toggle-id-5' data-fake-id='#toggle-id-5' class='toggler  av-title-above av-inherit-font-color hasCustomColor'  itemprop=\"headline\"  role='tab' tabindex='0' aria-controls='toggle-id-5' data-slide-speed=\"200\" data-title=\"&lt;b&gt;Frauenorganisationen&lt;\/b&gt;\" data-title-open=\"\" data-aria_collapsed=\"Click to expand: &lt;b&gt;Frauenorganisationen&lt;\/b&gt;\" data-aria_expanded=\"Click to collapse: &lt;b&gt;Frauenorganisationen&lt;\/b&gt;\"><b>Frauenorganisationen<\/b><span class=\"toggle_icon\"><span class=\"vert_icon\"><\/span><span class=\"hor_icon\"><\/span><\/span><\/p><div id='toggle-id-5' aria-labelledby='toggle-toggle-id-5' role='region' class='toggle_wrap  av-title-above'  ><div class='toggle_content invers-color av-inherit-font-color hasCustomColor'  itemprop=\"text\" ><p><b>Frauenorganisationen<\/b>, die schon vor 1971 existierten, haben alle eine Geschichte im Zusammenhang mit dem Erreichen der politischen Rechte f\u00fcr Frauen. Sie haben in ihren Reihen die Zeitzeug*innen und dokumentieren zum Teil den Kampf, der von Frauen auszufechten war.<\/p>\n<p><a href=\"https:\/\/alliancef.ch\/index.php\/de\/\"><strong>Alliance F \u2013 der Bund schweizerischer Frauenorganisationen als Dachorganisation<\/strong><\/a> diskutiert, was 2021 m\u00f6glich wird. Eine Idee, die gepr\u00fcft wird, ist die Durchf\u00fchrung eines <strong>Schweizerischen Frauenkongresses<\/strong>, der letztmals 1996 mit 2.300 beteiligten Frauen stattgefunden hat. Eine aktuelle Bestandsaufnahme der Situation und der Forderungen von Frauen aus unterschiedlichsten Richtungen w\u00e4re ein wichtiger Beitrag.<\/p>\n<p>Weitere Frauenverb\u00e4nde wie die <a href=\"https:\/\/lawandwomen.ch\/\"><b>Juristinnen Schweiz <\/b><\/a>und&nbsp;das <a href=\"http:\/\/www.genderlaw.ch\/deutsch\/fri\/startseite\/index.html\"><b>FRI &#8211; Schweizerisches Institut f\u00fcr feministische Rechtswissenschaft und <\/b><b>Gender<\/b> <b>Law<\/b><\/a> haben Kommissionen gebildet, um Aktivit\u00e4ten f\u00fcr 2021 in die Wege zu leiten.<\/p>\n<\/div><\/div><\/div><\/section>\n<\/div>\n<\/div><\/div><\/div><!-- close content main div --><\/div><\/div><div id='after_section_2'  class='main_color av_default_container_wrap container_wrap sidebar_right'  ><div class='container av-section-cont-open' ><div class='template-page content  av-content-small alpha units'><div class='post-entry post-entry-type-page post-entry-28'><div class='entry-content-wrapper clearfix'>\n","protected":false},"excerpt":{"rendered":"","protected":false},"author":2,"featured_media":0,"parent":0,"menu_order":0,"comment_status":"closed","ping_status":"closed","template":"","meta":{"_monsterinsights_skip_tracking":false,"_monsterinsights_sitenote_active":false,"_monsterinsights_sitenote_note":"","_monsterinsights_sitenote_category":0,"footnotes":""},"class_list":["post-28","page","type-page","status-publish","hentry"],"_links":{"self":[{"href":"https:\/\/ch2021.ch\/rm\/wp-json\/wp\/v2\/pages\/28","targetHints":{"allow":["GET"]}}],"collection":[{"href":"https:\/\/ch2021.ch\/rm\/wp-json\/wp\/v2\/pages"}],"about":[{"href":"https:\/\/ch2021.ch\/rm\/wp-json\/wp\/v2\/types\/page"}],"author":[{"embeddable":true,"href":"https:\/\/ch2021.ch\/rm\/wp-json\/wp\/v2\/users\/2"}],"replies":[{"embeddable":true,"href":"https:\/\/ch2021.ch\/rm\/wp-json\/wp\/v2\/comments?post=28"}],"version-history":[{"count":5,"href":"https:\/\/ch2021.ch\/rm\/wp-json\/wp\/v2\/pages\/28\/revisions"}],"predecessor-version":[{"id":10674,"href":"https:\/\/ch2021.ch\/rm\/wp-json\/wp\/v2\/pages\/28\/revisions\/10674"}],"wp:attachment":[{"href":"https:\/\/ch2021.ch\/rm\/wp-json\/wp\/v2\/media?parent=28"}],"curies":[{"name":"wp","href":"https:\/\/api.w.org\/{rel}","templated":true}]}}