{"id":3157,"date":"2018-06-03T21:00:13","date_gmt":"2018-06-03T19:00:13","guid":{"rendered":"https:\/\/ch2021.ch\/?page_id=3157"},"modified":"2024-03-10T10:08:44","modified_gmt":"2024-03-10T09:08:44","slug":"impressum","status":"publish","type":"page","link":"https:\/\/ch2021.ch\/rm\/impressum\/","title":{"rendered":"Impressum"},"content":{"rendered":"\n<style type=\"text\/css\" data-created_by=\"avia_inline_auto\" id=\"style-css-av-jkjmqted-57c62d31ce77913b385793f42d8cc96f\">\n.avia-section.av-jkjmqted-57c62d31ce77913b385793f42d8cc96f{\nbackground-color:#ff7707;\nbackground:linear-gradient( to bottom right, #ff7707, #f6e9d3 );\n}\n.avia-section.av-jkjmqted-57c62d31ce77913b385793f42d8cc96f .av-extra-border-element .av-extra-border-inner{\nbackground-color:#ffffff;\n}\n<\/style>\n<div id='av_section_1'  class='avia-section av-jkjmqted-57c62d31ce77913b385793f42d8cc96f header_color avia-section-no-padding avia-no-shadow  avia-builder-el-0  el_before_av_section  avia-builder-el-first  avia-bg-style-scroll av-minimum-height av-minimum-height-custom av-height-custom  container_wrap sidebar_right'   data-av_minimum_height_px='350'><div class='container av-section-cont-open' style='height:350px'><main  role=\"main\" itemprop=\"mainContentOfPage\"  class='template-page content  av-content-small alpha units'><div class='post-entry post-entry-type-page post-entry-3157'><div class='entry-content-wrapper clearfix'>\n\n<style type=\"text\/css\" data-created_by=\"avia_inline_auto\" id=\"style-css-av-1xn9f-60a3102d85cb0bac4be34634a8c4da3f\">\n.flex_column.av-1xn9f-60a3102d85cb0bac4be34634a8c4da3f{\nborder-radius:0px 0px 0px 0px;\npadding:0px 0px 0px 0px;\n}\n<\/style>\n<div  class='flex_column av-1xn9f-60a3102d85cb0bac4be34634a8c4da3f av_one_full  avia-builder-el-1  avia-builder-el-no-sibling  first flex_column_div av-animated-generic pop-up av-zero-column-padding  '     ><style type=\"text\/css\" data-created_by=\"avia_inline_auto\" id=\"style-css-av-4prl-45d97902ab97b2a005b45c864803a21e\">\n#top .av-special-heading.av-4prl-45d97902ab97b2a005b45c864803a21e{\npadding-bottom:10px;\nfont-size:5vw;\n}\nbody .av-special-heading.av-4prl-45d97902ab97b2a005b45c864803a21e .av-special-heading-tag .heading-char{\nfont-size:25px;\n}\n#top #wrap_all .av-special-heading.av-4prl-45d97902ab97b2a005b45c864803a21e .av-special-heading-tag{\nfont-size:5vw;\n}\n.av-special-heading.av-4prl-45d97902ab97b2a005b45c864803a21e .av-subheading{\nfont-size:15px;\n}\n\n@media only screen and (min-width: 480px) and (max-width: 767px){ \n#top #wrap_all .av-special-heading.av-4prl-45d97902ab97b2a005b45c864803a21e .av-special-heading-tag{\nfont-size:0.8em;\n}\n}\n\n@media only screen and (max-width: 479px){ \n#top #wrap_all .av-special-heading.av-4prl-45d97902ab97b2a005b45c864803a21e .av-special-heading-tag{\nfont-size:0.8em;\n}\n}\n<\/style>\n<div  class='av-special-heading av-4prl-45d97902ab97b2a005b45c864803a21e av-special-heading-h1 blockquote modern-quote  avia-builder-el-2  avia-builder-el-no-sibling  av-inherit-size'><h1 class='av-special-heading-tag '  itemprop=\"headline\"  >Impressum<\/h1><div class=\"special-heading-border\"><div class=\"special-heading-inner-border\"><\/div><\/div><\/div><\/div>\n\n<\/div><\/div><\/main><!-- close content main element --><\/div><div class='av-extra-border-element border-extra-diagonal border-extra-diagonal-inverse '><div class='av-extra-border-outer'><div class='av-extra-border-inner'><\/div><\/div><\/div><\/div><div id='av_section_2'  class='avia-section av-15set-1ae6f131239e6d49f15a6c801763ec53 main_color avia-section-default avia-no-border-styling  avia-builder-el-3  el_after_av_section  avia-builder-el-last  avia-bg-style-scroll container_wrap sidebar_right'  ><div class='container av-section-cont-open' ><div class='template-page content  av-content-small alpha units'><div class='post-entry post-entry-type-page post-entry-3157'><div class='entry-content-wrapper clearfix'>\n\n<style type=\"text\/css\" data-created_by=\"avia_inline_auto\" id=\"style-css-av-39yoit-4e8e4c02127a892964730ff0de615274\">\n#top .av-special-heading.av-39yoit-4e8e4c02127a892964730ff0de615274{\npadding-bottom:10px;\n}\nbody .av-special-heading.av-39yoit-4e8e4c02127a892964730ff0de615274 .av-special-heading-tag .heading-char{\nfont-size:25px;\n}\n.av-special-heading.av-39yoit-4e8e4c02127a892964730ff0de615274 .av-subheading{\nfont-size:15px;\n}\n<\/style>\n<div  class='av-special-heading av-39yoit-4e8e4c02127a892964730ff0de615274 av-special-heading-h2 blockquote modern-quote  avia-builder-el-4  el_before_av_textblock  avia-builder-el-first  av-linked-heading'><h2 class='av-special-heading-tag '  itemprop=\"headline\"  >F\u00fcr den Inhalt verantwortlich:<\/h2><div class=\"special-heading-border\"><div class=\"special-heading-inner-border\"><\/div><\/div><\/div>\n<section  class='av_textblock_section av-jxnc9d7h-f0b3a23a3fe5df014276ef66c91be276 '   itemscope=\"itemscope\" itemtype=\"https:\/\/schema.org\/CreativeWork\" ><div class='avia_textblock'  itemprop=\"text\" ><p>Verein CH2021<br \/>\nHabsburgstrasse 20, 8037 Z\u00fcrich<\/p>\n<h3>Vertreten durch den Vorstand<\/h3>\n<p><strong>Pr\u00e4sidentin<\/strong><\/p>\n<p>Zita K\u00fcng (Kontakt: <a href=\"mailto:kueng@ch2021.ch\">kueng@ch2021.ch<\/a>)<\/p>\n<p><strong>Vorstandsmitglieder<br \/>\n<\/strong><\/p>\n<ul>\n<li>Brigitte Hauser-S\u00fcess<\/li>\n<li>Andrea Maihofer<\/li>\n<li>Mary Mayenfisch-Tobin<\/li>\n<li>Marialuisa Parodi<\/li>\n<li>Elli von Planta<\/li>\n<li>C\u00e9cile Speitel<\/li>\n<li>Elke Zappe<\/li>\n<\/ul>\n<h3>Konzeption, Redaktion &amp; Content Management<\/h3>\n<p>Maria Bonina<\/p>\n<h3>Inhalt des Onlineangebotes<\/h3>\n<p>Der Verein CH2021 \u00fcbernimmt keine Gew\u00e4hr f\u00fcr die Aktualit\u00e4t, die Korrektheit oder die Vollst\u00e4ndigkeit der bereitgestellten Informationen. Haftungsanspr\u00fcche gegen\u00fcber dem Verein sind ausgeschlossen. Alle Informationen sind unverbindlich. Der Verein CH2021 beh\u00e4lt es sich ausdr\u00fccklich vor, Teile der Seiten oder das gesamte Angebot ohne gesonderte Ank\u00fcndigung zu ver\u00e4ndern, zu erg\u00e4nzen, zu l\u00f6schen oder die Ver\u00f6ffentlichung zeitweise oder endg\u00fcltig einzustellen.<\/p>\n<h3>Verweise und Links<\/h3>\n<p>Bei Verweisen auf fremde Internetseiten (Links), die ausserhalb des Verantwortungsbereiches des Vereins liegen, wird keine Haftung \u00fcbernommen. Der Verein CH2021 erkl\u00e4rt hiermit ausdr\u00fccklich, dass zum Zeitpunkt der Linksetzung keine illegalen Inhalte auf den zu verlinkenden Seiten erkennbar waren. Dies gilt f\u00fcr alle gesetzten Links und Verweise sowie f\u00fcr Fremdeintr\u00e4ge in vom Verein eingerichteten G\u00e4steb\u00fcchern und Diskussionsforen. F\u00fcr illegale, fehlerhafte oder unvollst\u00e4ndige Inhalte haften allein die Anbietenden der Seite, auf welche verwiesen wurde.\u00a0\u00a0\u00a0\u00a0\u00a0\u00a0\u00a0\u00a0<strong>\u00a0<\/strong><\/p>\n<h3>Urheberrecht<\/h3>\n<p>Der Verein CH2021 ist bestrebt, in allen Publikationen die Urheberrechte der verwendeten Grafiken, Tondokumente, Videosequenzen und Texte zu beachten und auf die Quellen zu verweisen. Das Copyright f\u00fcr vom Verein erstellte Objekte und Texte bleibt beim Verein. Eine Vervielf\u00e4ltigung oder die Verwendung ist ohne Zustimmung des Vereins nicht gestattet.<\/p>\n<h3>Datenschutz<\/h3>\n<p>Sofern die Eingabe pers\u00f6nlicher oder gesch\u00e4ftlicher Daten besteht, so erfolgt die Preisgabe dieser Daten seitens der Nutzerin und des Nutzers auf freiwilliger Basis. Der Verein CH2021 gibt die Daten nicht an Dritte weiter. Bitte beachten Sie auch unsere <a href=\"https:\/\/ch2021.ch\/kontakt\/datenschutz\/\">Datenschutzerkl\u00e4rung<\/a>.<\/p>\n<h3>Bildnachweise<\/h3>\n<p><strong>Startseite:<\/strong><\/p>\n<ul>\n<li><span class=\"\">&#8220;Keine wahre Demokratie ohne das Frauenstimmrecht&#8221; &#8211; Frauen mit einem Protestumzug vermutlich anl\u00e4sslich einer 1. Mai-Demonstration, Schweizerisches Sozialarchiv, <\/span><span class=\"\">Sozarch_F_5045-Fb-056<\/span><\/li>\n<li>&#8220;Die sieben Aufrechten nach vollbrachter Tat&#8221; &#8211; Gruppenbild von sieben Frauen der Eidg. Frauenstimmrechtspetition 1929, Fotografie eines Zeitungsprints, <span class=\"\">Schweizerisches Sozialarchiv, Sozarch_F_Fd-0005-01<\/span><\/li>\n<li>&#8220;Ins Museum mit den Ver\u00e4chtern der Menschenrechte&#8221; und &#8220;Wie lange wollen wir noch die Dorftrottel Europas sein?&#8221; &#8211; Frauenrechtlerin beim \u00dcberschreiben eines Abstimmungsplakats der Frauenstimmrechtsgegner, 1969, <span class=\"\">Schweizerisches Sozialarchiv, Sozarch_F_Fc-0003-45<\/span><\/li>\n<\/ul>\n<p><strong>Portr\u00e4tfotos:<\/strong> Die Bildrechte der portr\u00e4tierten Personen wurden an den Verein CH2021 abgetreten. Das Copyright aller Portr\u00e4ts liegt demzufolge beim Verein.<\/p>\n<h3>Webdesign<\/h3>\n<ul>\n<li>Logodesign: Dennis Calderon, <a href=\"https:\/\/denniscalderon.ch\/\">denniscalderon.ch<\/a><\/li>\n<li>Website: Jessica M\u00fcller, <a href=\"http:\/\/www.sucedo.de\">www.sucedo.de<\/a><\/li>\n<\/ul>\n<h3>\u00dcbersetzung<\/h3>\n<ul>\n<li>Romanisch: Flurina Kaufmann<\/li>\n<\/ul>\n<\/div><\/section>\n<\/div><\/div><\/div><!-- close content main div --><\/div><\/div><div id='after_section_2'  class='main_color av_default_container_wrap container_wrap sidebar_right'  ><div class='container av-section-cont-open' ><div class='template-page content  av-content-small alpha units'><div class='post-entry post-entry-type-page post-entry-3157'><div class='entry-content-wrapper clearfix'>\n","protected":false},"excerpt":{"rendered":"","protected":false},"author":6,"featured_media":0,"parent":0,"menu_order":0,"comment_status":"closed","ping_status":"closed","template":"","meta":{"_monsterinsights_skip_tracking":false,"_monsterinsights_sitenote_active":false,"_monsterinsights_sitenote_note":"","_monsterinsights_sitenote_category":0,"footnotes":""},"class_list":["post-3157","page","type-page","status-publish","hentry"],"_links":{"self":[{"href":"https:\/\/ch2021.ch\/rm\/wp-json\/wp\/v2\/pages\/3157","targetHints":{"allow":["GET"]}}],"collection":[{"href":"https:\/\/ch2021.ch\/rm\/wp-json\/wp\/v2\/pages"}],"about":[{"href":"https:\/\/ch2021.ch\/rm\/wp-json\/wp\/v2\/types\/page"}],"author":[{"embeddable":true,"href":"https:\/\/ch2021.ch\/rm\/wp-json\/wp\/v2\/users\/6"}],"replies":[{"embeddable":true,"href":"https:\/\/ch2021.ch\/rm\/wp-json\/wp\/v2\/comments?post=3157"}],"version-history":[{"count":6,"href":"https:\/\/ch2021.ch\/rm\/wp-json\/wp\/v2\/pages\/3157\/revisions"}],"predecessor-version":[{"id":18482,"href":"https:\/\/ch2021.ch\/rm\/wp-json\/wp\/v2\/pages\/3157\/revisions\/18482"}],"wp:attachment":[{"href":"https:\/\/ch2021.ch\/rm\/wp-json\/wp\/v2\/media?parent=3157"}],"curies":[{"name":"wp","href":"https:\/\/api.w.org\/{rel}","templated":true}]}}