{"id":4371,"date":"2020-03-02T22:19:17","date_gmt":"2020-03-02T21:19:17","guid":{"rendered":"https:\/\/ch2021.ch\/?page_id=4371"},"modified":"2020-09-09T16:19:45","modified_gmt":"2020-09-09T14:19:45","slug":"unser-countdown-event","status":"publish","type":"page","link":"https:\/\/ch2021.ch\/rm\/unser-countdown-event\/","title":{"rendered":"Countdown-Event vom 7.2.2020"},"content":{"rendered":"\n<style type=\"text\/css\" data-created_by=\"avia_inline_auto\" id=\"style-css-av-jkjmqted-0001075c82f5ecfe2d2d976a4a081801\">\n.avia-section.av-jkjmqted-0001075c82f5ecfe2d2d976a4a081801{\nbackground-color:#ff7707;\nbackground:linear-gradient( to bottom right, #ff7707, #f6e9d3 );\n}\n.avia-section.av-jkjmqted-0001075c82f5ecfe2d2d976a4a081801 .av-extra-border-element .av-extra-border-inner{\nbackground-color:#ffffff;\n}\n<\/style>\n<div id='av_section_1'  class='avia-section av-jkjmqted-0001075c82f5ecfe2d2d976a4a081801 header_color avia-section-no-padding avia-no-shadow  avia-builder-el-0  el_before_av_section  avia-builder-el-first  avia-bg-style-scroll av-minimum-height av-minimum-height-custom av-height-custom  container_wrap sidebar_right'   data-av_minimum_height_px='350'><div class='container av-section-cont-open' style='height:350px'><main  role=\"main\" itemprop=\"mainContentOfPage\"  class='template-page content  av-content-small alpha units'><div class='post-entry post-entry-type-page post-entry-4371'><div class='entry-content-wrapper clearfix'>\n\n<style type=\"text\/css\" data-created_by=\"avia_inline_auto\" id=\"style-css-av-1xn9f-60a3102d85cb0bac4be34634a8c4da3f\">\n.flex_column.av-1xn9f-60a3102d85cb0bac4be34634a8c4da3f{\nborder-radius:0px 0px 0px 0px;\npadding:0px 0px 0px 0px;\n}\n<\/style>\n<div  class='flex_column av-1xn9f-60a3102d85cb0bac4be34634a8c4da3f av_one_full  avia-builder-el-1  avia-builder-el-no-sibling  first flex_column_div av-animated-generic pop-up av-zero-column-padding  '     ><style type=\"text\/css\" data-created_by=\"avia_inline_auto\" id=\"style-css-av-kevguwkg-cab23cf7c037dbbb26bf90f2b050aad8\">\n#top .av-special-heading.av-kevguwkg-cab23cf7c037dbbb26bf90f2b050aad8{\npadding-bottom:10px;\nfont-size:5vw;\n}\nbody .av-special-heading.av-kevguwkg-cab23cf7c037dbbb26bf90f2b050aad8 .av-special-heading-tag .heading-char{\nfont-size:25px;\n}\n#top #wrap_all .av-special-heading.av-kevguwkg-cab23cf7c037dbbb26bf90f2b050aad8 .av-special-heading-tag{\nfont-size:5vw;\n}\n.av-special-heading.av-kevguwkg-cab23cf7c037dbbb26bf90f2b050aad8 .av-subheading{\nfont-size:15px;\n}\n\n@media only screen and (min-width: 480px) and (max-width: 767px){ \n#top #wrap_all .av-special-heading.av-kevguwkg-cab23cf7c037dbbb26bf90f2b050aad8 .av-special-heading-tag{\nfont-size:0.8em;\n}\n}\n\n@media only screen and (max-width: 479px){ \n#top #wrap_all .av-special-heading.av-kevguwkg-cab23cf7c037dbbb26bf90f2b050aad8 .av-special-heading-tag{\nfont-size:0.8em;\n}\n}\n<\/style>\n<div  class='av-special-heading av-kevguwkg-cab23cf7c037dbbb26bf90f2b050aad8 av-special-heading-h1 blockquote modern-quote  avia-builder-el-2  avia-builder-el-no-sibling  av-inherit-size av-linked-heading'><h1 class='av-special-heading-tag '  itemprop=\"headline\"  >Countdown-Event Bern<\/h1><div class=\"special-heading-border\"><div class=\"special-heading-inner-border\"><\/div><\/div><\/div><\/div><\/div><\/div><\/main><!-- close content main element --><\/div><div class='av-extra-border-element border-extra-diagonal border-extra-diagonal-inverse '><div class='av-extra-border-outer'><div class='av-extra-border-inner'><\/div><\/div><\/div><\/div><div id='av_section_2'  class='avia-section av-idnjdf-97400ba6cc8cda552a8a86fcaf8cb3f9 main_color avia-section-default avia-no-border-styling  avia-builder-el-3  el_after_av_section  avia-builder-el-last  avia-bg-style-scroll container_wrap sidebar_right'  ><div class='container av-section-cont-open' ><div class='template-page content  av-content-small alpha units'><div class='post-entry post-entry-type-page post-entry-4371'><div class='entry-content-wrapper clearfix'>\n<section  class='av_textblock_section av-k7axoblp-74df91a774673d1d1149599868d97a09 '   itemscope=\"itemscope\" itemtype=\"https:\/\/schema.org\/CreativeWork\" ><div class='avia_textblock'  itemprop=\"text\" ><div class=\"page\" title=\"Page 2\">\n<div class=\"section\">\n<div class=\"layoutArea\">\n<div class=\"column\">\n<p>Am 7. Februar 2020 starteten wir gemeinsam mit den <a class=\"profileLink\" href=\"https:\/\/lawandwomen.ch\" target=\"_blank\" rel=\"noopener noreferrer\" data-hovercard=\"\/ajax\/hovercard\/page.php?id=537293783377755&amp;extragetparams=%7B%22__tn__%22%3A%22%2CdK-R-R%22%2C%22eid%22%3A%22ARDKAc8MkVLvVRWlVHlYQlHedUwsjp76kev4bS_CXQOfkMnEdYOs0cW3C6sQKAT77xHKuFFRChC9fVy6%22%2C%22fref%22%3A%22mentions%22%7D\" data-hovercard-prefer-more-content-show=\"1\">Juristinnen Schweiz<\/a> den Countdown zum 1. Tag der verbleibenden 366 Tage bis zum 50. Jubil\u00e4um des Schweizer Frauenstimmrechts mit der Veranstaltung &#8220;Lebendige Geschichte \u2013 1st Act &#8211; Countdown&#8221;.\u00a0Im GenerationenHaus in Bern brachten\u00a0wir verschiedene Generationen zusammen, die gestern und heute f\u00fcr das Stimmrecht aktiv waren\/sind.<\/p>\n<\/div>\n<\/div>\n<\/div>\n<\/div>\n<\/div><\/section>\n\n<style type=\"text\/css\" data-created_by=\"avia_inline_auto\" id=\"style-css-av-hp8jur-eeff722206a8773d3f40afb1364eaa97\">\n.flex_column.av-hp8jur-eeff722206a8773d3f40afb1364eaa97{\nborder-radius:0px 0px 0px 0px;\npadding:0px 0px 0px 0px;\n}\n<\/style>\n<div  class='flex_column av-hp8jur-eeff722206a8773d3f40afb1364eaa97 av_one_half  avia-builder-el-5  el_after_av_textblock  el_before_av_one_half  first flex_column_div av-zero-column-padding  column-top-margin'     ><style type=\"text\/css\" data-created_by=\"avia_inline_auto\" id=\"style-css-av-k7axrjm6-3d714ab7d67287a99922ca4f82d0f5b0\">\n.avia-image-container.av-k7axrjm6-3d714ab7d67287a99922ca4f82d0f5b0 img.avia_image{\nbox-shadow:none;\n}\n.avia-image-container.av-k7axrjm6-3d714ab7d67287a99922ca4f82d0f5b0 .av-image-caption-overlay-center{\ncolor:#ffffff;\n}\n<\/style>\n<div  class='avia-image-container av-k7axrjm6-3d714ab7d67287a99922ca4f82d0f5b0 av-styling- avia-align-center  avia-builder-el-6  avia-builder-el-no-sibling '   itemprop=\"image\" itemscope=\"itemscope\" itemtype=\"https:\/\/schema.org\/ImageObject\" ><div class=\"avia-image-container-inner\"><div class=\"avia-image-overlay-wrap\"><img fetchpriority=\"high\" class='wp-image-4389 avia-img-lazy-loading-not-4389 avia_image ' src='https:\/\/ch2021.ch\/wp-content\/uploads\/2020\/03\/IMG_8263-495x400.jpeg' alt='' title='IMG_8263'  height=\"400\" width=\"495\"  itemprop=\"thumbnailUrl\"  \/><\/div><\/div><\/div><\/div>\n<style type=\"text\/css\" data-created_by=\"avia_inline_auto\" id=\"style-css-av-fgtqw3-c302fc81badbbd7645d26d082a860f5d\">\n.flex_column.av-fgtqw3-c302fc81badbbd7645d26d082a860f5d{\nborder-radius:0px 0px 0px 0px;\npadding:0px 0px 0px 0px;\n}\n<\/style>\n<div  class='flex_column av-fgtqw3-c302fc81badbbd7645d26d082a860f5d av_one_half  avia-builder-el-7  el_after_av_one_half  el_before_av_one_third  flex_column_div av-zero-column-padding  column-top-margin'     ><section  class='av_textblock_section av-k7axs96a-db03455bfe927299f4cb740e4f35ceee '   itemscope=\"itemscope\" itemtype=\"https:\/\/schema.org\/CreativeWork\" ><div class='avia_textblock'  itemprop=\"text\" ><p>Der Saal war bis zum letzten Platz gef\u00fcllt, als Zita K\u00fcng, Pr\u00e4sidentin Verein CH2021, und Maya Dougoud, Pr\u00e4sidentin Juristinnen Schweiz, die G\u00e4ste am Countdown-Event willkommen hiessen.<\/p>\n<\/div><\/section><\/div>\n<style type=\"text\/css\" data-created_by=\"avia_inline_auto\" id=\"style-css-av-e5ufjn-c66b0cc5ac102c88fa67a9a6d127da7d\">\n.flex_column.av-e5ufjn-c66b0cc5ac102c88fa67a9a6d127da7d{\nborder-radius:0px 0px 0px 0px;\npadding:0px 0px 0px 0px;\n}\n<\/style>\n<div  class='flex_column av-e5ufjn-c66b0cc5ac102c88fa67a9a6d127da7d av_one_third  avia-builder-el-9  el_after_av_one_half  el_before_av_one_third  first flex_column_div av-zero-column-padding  column-top-margin'     ><style type=\"text\/css\" data-created_by=\"avia_inline_auto\" id=\"style-css-av-k7ayakfc-eb5f08cb551d73c9d750734b3f2e6922\">\n.avia-image-container.av-k7ayakfc-eb5f08cb551d73c9d750734b3f2e6922 img.avia_image{\nbox-shadow:none;\n}\n.avia-image-container.av-k7ayakfc-eb5f08cb551d73c9d750734b3f2e6922 .av-image-caption-overlay-center{\ncolor:#ffffff;\n}\n<\/style>\n<div  class='avia-image-container av-k7ayakfc-eb5f08cb551d73c9d750734b3f2e6922 av-styling- avia-align-center  avia-builder-el-10  avia-builder-el-no-sibling '   itemprop=\"image\" itemscope=\"itemscope\" itemtype=\"https:\/\/schema.org\/ImageObject\" ><div class=\"avia-image-container-inner\"><div class=\"avia-image-overlay-wrap\"><img fetchpriority=\"high\" class='wp-image-4400 avia-img-lazy-loading-not-4400 avia_image ' src='https:\/\/ch2021.ch\/wp-content\/uploads\/2020\/03\/IMG_8245-225x300.jpeg' alt='' title='IMG_8245'  height=\"300\" width=\"225\"  itemprop=\"thumbnailUrl\"  \/><\/div><\/div><\/div><\/div>\n<style type=\"text\/css\" data-created_by=\"avia_inline_auto\" id=\"style-css-av-btwiyr-1e974f81bbe9c65ad4f09a254200649f\">\n.flex_column.av-btwiyr-1e974f81bbe9c65ad4f09a254200649f{\nborder-radius:0px 0px 0px 0px;\npadding:0px 0px 0px 0px;\n}\n<\/style>\n<div  class='flex_column av-btwiyr-1e974f81bbe9c65ad4f09a254200649f av_one_third  avia-builder-el-11  el_after_av_one_third  el_before_av_one_third  flex_column_div av-zero-column-padding  column-top-margin'     ><style type=\"text\/css\" data-created_by=\"avia_inline_auto\" id=\"style-css-av-k7axv4ai-09e26d6f81cae7ea42a00663cce6ade7\">\n.avia-image-container.av-k7axv4ai-09e26d6f81cae7ea42a00663cce6ade7 img.avia_image{\nbox-shadow:none;\n}\n.avia-image-container.av-k7axv4ai-09e26d6f81cae7ea42a00663cce6ade7 .av-image-caption-overlay-center{\ncolor:#ffffff;\n}\n<\/style>\n<div  class='avia-image-container av-k7axv4ai-09e26d6f81cae7ea42a00663cce6ade7 av-styling- avia-align-center  avia-builder-el-12  avia-builder-el-no-sibling '   itemprop=\"image\" itemscope=\"itemscope\" itemtype=\"https:\/\/schema.org\/ImageObject\" ><div class=\"avia-image-container-inner\"><div class=\"avia-image-overlay-wrap\"><img fetchpriority=\"high\" class='wp-image-4393 avia-img-lazy-loading-not-4393 avia_image ' src='https:\/\/ch2021.ch\/wp-content\/uploads\/2020\/03\/IMG_8231-230x300.jpeg' alt='' title='IMG_8231'  height=\"300\" width=\"230\"  itemprop=\"thumbnailUrl\"  \/><\/div><\/div><\/div><\/div>\n<style type=\"text\/css\" data-created_by=\"avia_inline_auto\" id=\"style-css-av-aj1hxv-82967b7bf6a8a5eaa7060c9b296e081f\">\n.flex_column.av-aj1hxv-82967b7bf6a8a5eaa7060c9b296e081f{\nborder-radius:0px 0px 0px 0px;\npadding:0px 0px 0px 0px;\n}\n<\/style>\n<div  class='flex_column av-aj1hxv-82967b7bf6a8a5eaa7060c9b296e081f av_one_third  avia-builder-el-13  el_after_av_one_third  el_before_av_one_third  flex_column_div av-zero-column-padding  column-top-margin'     ><style type=\"text\/css\" data-created_by=\"avia_inline_auto\" id=\"style-css-av-k7aybgf5-2bf74b04ea8e45ee049c88f00c1af29c\">\n.avia-image-container.av-k7aybgf5-2bf74b04ea8e45ee049c88f00c1af29c img.avia_image{\nbox-shadow:none;\n}\n.avia-image-container.av-k7aybgf5-2bf74b04ea8e45ee049c88f00c1af29c .av-image-caption-overlay-center{\ncolor:#ffffff;\n}\n<\/style>\n<div  class='avia-image-container av-k7aybgf5-2bf74b04ea8e45ee049c88f00c1af29c av-styling- avia-align-center  avia-builder-el-14  avia-builder-el-no-sibling '   itemprop=\"image\" itemscope=\"itemscope\" itemtype=\"https:\/\/schema.org\/ImageObject\" ><div class=\"avia-image-container-inner\"><div class=\"avia-image-overlay-wrap\"><img fetchpriority=\"high\" class='wp-image-4404 avia-img-lazy-loading-not-4404 avia_image ' src='https:\/\/ch2021.ch\/wp-content\/uploads\/2020\/03\/IMG_8243-225x300.jpeg' alt='' title='IMG_8243'  height=\"300\" width=\"225\"  itemprop=\"thumbnailUrl\"  \/><\/div><\/div><\/div><\/div>\n<style type=\"text\/css\" data-created_by=\"avia_inline_auto\" id=\"style-css-av-8uukoj-420dc7260c966318982ecaff0f48bfad\">\n.flex_column.av-8uukoj-420dc7260c966318982ecaff0f48bfad{\nborder-radius:0px 0px 0px 0px;\npadding:0px 0px 0px 0px;\n}\n<\/style>\n<div  class='flex_column av-8uukoj-420dc7260c966318982ecaff0f48bfad av_one_third  avia-builder-el-15  el_after_av_one_third  el_before_av_one_third  first flex_column_div av-zero-column-padding  column-top-margin'     ><section  class='av_textblock_section av-k7aydyll-e70447c7baddfc7f1606ef80b697020d '   itemscope=\"itemscope\" itemtype=\"https:\/\/schema.org\/CreativeWork\" ><div class='avia_textblock'  itemprop=\"text\" ><p>\u201eEs ist wichtig, dass man unserer Generation, das Vertrauen schenkt, dass wir uns konstruktiv am politischen Geschehen in der Schweiz beteiligen. Wir wollen mitreden in unserer Demokratie!\u201c Fina Girard engagiert sich f\u00fcr das Stimmrechtsalter 16.<\/p>\n<\/div><\/section><\/div>\n<style type=\"text\/css\" data-created_by=\"avia_inline_auto\" id=\"style-css-av-7nx7yr-67fca2e238ad1d3ed90e6d6d4df2d4ca\">\n.flex_column.av-7nx7yr-67fca2e238ad1d3ed90e6d6d4df2d4ca{\nborder-radius:0px 0px 0px 0px;\npadding:0px 0px 0px 0px;\n}\n<\/style>\n<div  class='flex_column av-7nx7yr-67fca2e238ad1d3ed90e6d6d4df2d4ca av_one_third  avia-builder-el-17  el_after_av_one_third  el_before_av_one_third  flex_column_div av-zero-column-padding  column-top-margin'     ><section  class='av_textblock_section av-k7axubju-5ce7a6e7eb18ee9a65f590c6d7d71a91 '   itemscope=\"itemscope\" itemtype=\"https:\/\/schema.org\/CreativeWork\" ><div class='avia_textblock'  itemprop=\"text\" ><p>Germaine Zenh\u00e4usern, Zeitzeugin und Frauenstimmrechtsk\u00e4mpferin, berichtet \u00fcber die vielen Steine, die ihr und ihren Mitstreiter*innen in den Weg gelegt wurden. Heute ist es ihr fast schon \u201ezu still\u201c in der Schweizer Politik\/Gesellschaft.<\/p>\n<\/div><\/section><\/div>\n<style type=\"text\/css\" data-created_by=\"avia_inline_auto\" id=\"style-css-av-6jylub-e6607ab8a589edcf1c0188f06e6d56fd\">\n.flex_column.av-6jylub-e6607ab8a589edcf1c0188f06e6d56fd{\nborder-radius:0px 0px 0px 0px;\npadding:0px 0px 0px 0px;\n}\n<\/style>\n<div  class='flex_column av-6jylub-e6607ab8a589edcf1c0188f06e6d56fd av_one_third  avia-builder-el-19  el_after_av_one_third  el_before_av_one_half  flex_column_div av-zero-column-padding  column-top-margin'     ><section  class='av_textblock_section av-k7ayejoq-204b738f4bb3e3f5da28002015e22217 '   itemscope=\"itemscope\" itemtype=\"https:\/\/schema.org\/CreativeWork\" ><div class='avia_textblock'  itemprop=\"text\" ><p>CH2021-Pr\u00e4sidentin Zita K\u00fcng pl\u00e4diert daf\u00fcr politischer Bildung in der Schweiz ein gr\u00f6\u00dferes Gewicht zu geben, denn in der heutigen Zeit sei es sehr wichtig, dass sich vor allem zuk\u00fcnftige Generationen aktiv an der Schweizer Demokratie beteiligen!<\/p>\n<\/div><\/section><\/div>\n<style type=\"text\/css\" data-created_by=\"avia_inline_auto\" id=\"style-css-av-4s081f-05b5d1047a6d2deda4de7275f2376e90\">\n.flex_column.av-4s081f-05b5d1047a6d2deda4de7275f2376e90{\nborder-radius:0px 0px 0px 0px;\npadding:0px 0px 0px 0px;\n}\n<\/style>\n<div  class='flex_column av-4s081f-05b5d1047a6d2deda4de7275f2376e90 av_one_half  avia-builder-el-21  el_after_av_one_third  el_before_av_one_half  first flex_column_div av-zero-column-padding  column-top-margin'     ><section  class='av_textblock_section av-k7aygdlp-392d72d748746fbbdd0041c11137eee7 '   itemscope=\"itemscope\" itemtype=\"https:\/\/schema.org\/CreativeWork\" ><div class='avia_textblock'  itemprop=\"text\" ><p>Um 18:32 Uhr war es dann soweit: Der Countdown bis zum 7. Februar 2021 wurde auf der Webseite von CH2021 gestartet!<\/p>\n<\/div><\/section><\/div>\n<style type=\"text\/css\" data-created_by=\"avia_inline_auto\" id=\"style-css-av-20vz8z-938b20985f8108a51e0ceac0683314a2\">\n.flex_column.av-20vz8z-938b20985f8108a51e0ceac0683314a2{\nborder-radius:0px 0px 0px 0px;\npadding:0px 0px 0px 0px;\n}\n<\/style>\n<div  class='flex_column av-20vz8z-938b20985f8108a51e0ceac0683314a2 av_one_half  avia-builder-el-23  el_after_av_one_half  el_before_av_hr  flex_column_div av-zero-column-padding  column-top-margin'     ><style type=\"text\/css\" data-created_by=\"avia_inline_auto\" id=\"style-css-av-k7ayh5et-f142c7b73cf606260213027b966e3073\">\n.avia-image-container.av-k7ayh5et-f142c7b73cf606260213027b966e3073 img.avia_image{\nbox-shadow:none;\n}\n.avia-image-container.av-k7ayh5et-f142c7b73cf606260213027b966e3073 .av-image-caption-overlay-center{\ncolor:#ffffff;\n}\n<\/style>\n<div  class='avia-image-container av-k7ayh5et-f142c7b73cf606260213027b966e3073 av-styling- avia-align-center  avia-builder-el-24  avia-builder-el-no-sibling '   itemprop=\"image\" itemscope=\"itemscope\" itemtype=\"https:\/\/schema.org\/ImageObject\" ><div class=\"avia-image-container-inner\"><div class=\"avia-image-overlay-wrap\"><img fetchpriority=\"high\" class='wp-image-4409 avia-img-lazy-loading-not-4409 avia_image ' src='https:\/\/ch2021.ch\/wp-content\/uploads\/2020\/03\/IMG_8256-300x225.jpeg' alt='' title='IMG_8256'  height=\"225\" width=\"300\"  itemprop=\"thumbnailUrl\"  \/><\/div><\/div><\/div><\/div>\n<style type=\"text\/css\" data-created_by=\"avia_inline_auto\" id=\"style-css-av-jxyrg20q-b39bdd0f45336106824cdcf5f98cbcad\">\n#top .hr.av-jxyrg20q-b39bdd0f45336106824cdcf5f98cbcad{\nmargin-top:50px;\nmargin-bottom:40px;\n}\n.hr.av-jxyrg20q-b39bdd0f45336106824cdcf5f98cbcad .hr-inner{\nwidth:40px;\nborder-color:#ff7707;\nmax-width:45%;\n}\n.hr.av-jxyrg20q-b39bdd0f45336106824cdcf5f98cbcad .av-seperator-icon{\ncolor:#ff7707;\n}\n.hr.av-jxyrg20q-b39bdd0f45336106824cdcf5f98cbcad .av-seperator-icon.avia-svg-icon svg:first-child{\nfill:#ff7707;\nstroke:#ff7707;\n}\n<\/style>\n<div  class='hr av-jxyrg20q-b39bdd0f45336106824cdcf5f98cbcad hr-custom  avia-builder-el-25  el_after_av_one_half  el_before_av_textblock  hr-center hr-icon-yes'><span class='hr-inner inner-border-av-border-thin'><span class=\"hr-inner-style\"><\/span><\/span><span class='av-seperator-icon avia-iconfont avia-font-entypo-fontello' data-av_icon='\ue89a' data-av_iconfont='entypo-fontello' ><\/span><span class='hr-inner inner-border-av-border-thin'><span class=\"hr-inner-style\"><\/span><\/span><\/div>\n<section  class='av_textblock_section av-k7ayms8s-309c62e9af82c0ccbc444d3be93db811 '   itemscope=\"itemscope\" itemtype=\"https:\/\/schema.org\/CreativeWork\" ><div class='avia_textblock'  itemprop=\"text\" ><p style=\"text-align: center;\">Anschliessend hatten die G\u00e4ste die Gelegenheit, ihre Ideen\/Projekte f\u00fcr das Jubil\u00e4um kurz vorzustellen. Eine bunte Mischung erwartet uns in den n\u00e4chsten Monaten.<\/p>\n<p style=\"text-align: center;\">Auf unserer <a href=\"https:\/\/ch2021.ch\/aktionslandkarte\/\">Aktionslandkarte<\/a> werden diese pr\u00e4sentiert und abrufbar sein.<\/p>\n<\/div><\/section>\n\n<style type=\"text\/css\" data-created_by=\"avia_inline_auto\" id=\"style-css-av-jxyrg20q-b39bdd0f45336106824cdcf5f98cbcad\">\n#top .hr.av-jxyrg20q-b39bdd0f45336106824cdcf5f98cbcad{\nmargin-top:50px;\nmargin-bottom:40px;\n}\n.hr.av-jxyrg20q-b39bdd0f45336106824cdcf5f98cbcad .hr-inner{\nwidth:40px;\nborder-color:#ff7707;\nmax-width:45%;\n}\n.hr.av-jxyrg20q-b39bdd0f45336106824cdcf5f98cbcad .av-seperator-icon{\ncolor:#ff7707;\n}\n.hr.av-jxyrg20q-b39bdd0f45336106824cdcf5f98cbcad .av-seperator-icon.avia-svg-icon svg:first-child{\nfill:#ff7707;\nstroke:#ff7707;\n}\n<\/style>\n<div  class='hr av-jxyrg20q-b39bdd0f45336106824cdcf5f98cbcad hr-custom  avia-builder-el-27  el_after_av_textblock  el_before_av_one_half  hr-center hr-icon-yes'><span class='hr-inner inner-border-av-border-thin'><span class=\"hr-inner-style\"><\/span><\/span><span class='av-seperator-icon avia-iconfont avia-font-entypo-fontello' data-av_icon='\ue89a' data-av_iconfont='entypo-fontello' ><\/span><span class='hr-inner inner-border-av-border-thin'><span class=\"hr-inner-style\"><\/span><\/span><\/div>\n\n<style type=\"text\/css\" data-created_by=\"avia_inline_auto\" id=\"style-css-av-3if9yr-65e8546bdb938372dc1abc6fd39c4fe7\">\n.flex_column.av-3if9yr-65e8546bdb938372dc1abc6fd39c4fe7{\nborder-radius:0px 0px 0px 0px;\npadding:0px 0px 0px 0px;\n}\n<\/style>\n<div  class='flex_column av-3if9yr-65e8546bdb938372dc1abc6fd39c4fe7 av_one_half  avia-builder-el-28  el_after_av_hr  el_before_av_one_half  first flex_column_div av-zero-column-padding  '     ><style type=\"text\/css\" data-created_by=\"avia_inline_auto\" id=\"style-css-av-k7ayrh2w-da293e1b38be0e467d013472e74080b7\">\n.avia-image-container.av-k7ayrh2w-da293e1b38be0e467d013472e74080b7 img.avia_image{\nbox-shadow:none;\n}\n.avia-image-container.av-k7ayrh2w-da293e1b38be0e467d013472e74080b7 .av-image-caption-overlay-center{\ncolor:#ffffff;\n}\n<\/style>\n<div  class='avia-image-container av-k7ayrh2w-da293e1b38be0e467d013472e74080b7 av-styling- avia-align-center  avia-builder-el-29  avia-builder-el-no-sibling '   itemprop=\"image\" itemscope=\"itemscope\" itemtype=\"https:\/\/schema.org\/ImageObject\" ><div class=\"avia-image-container-inner\"><div class=\"avia-image-overlay-wrap\"><img fetchpriority=\"high\" class='wp-image-4415 avia-img-lazy-loading-not-4415 avia_image ' src='https:\/\/ch2021.ch\/wp-content\/uploads\/2020\/03\/3Generationen-292x300.png' alt='' title='3Generationen'  height=\"300\" width=\"292\"  itemprop=\"thumbnailUrl\"  \/><\/div><\/div><\/div><\/div>\n<style type=\"text\/css\" data-created_by=\"avia_inline_auto\" id=\"style-css-av-2tradf-935c628dc217ff6aef286de35e48531c\">\n.flex_column.av-2tradf-935c628dc217ff6aef286de35e48531c{\nborder-radius:0px 0px 0px 0px;\npadding:0px 0px 0px 0px;\n}\n<\/style>\n<div  class='flex_column av-2tradf-935c628dc217ff6aef286de35e48531c av_one_half  avia-builder-el-30  el_after_av_one_half  avia-builder-el-last  flex_column_div av-zero-column-padding  '     ><section  class='av_textblock_section av-k7ayq87p-63cf1a54fa095f73b001682ef964aadc '   itemscope=\"itemscope\" itemtype=\"https:\/\/schema.org\/CreativeWork\" ><div class='avia_textblock'  itemprop=\"text\" ><p>Der erste Anlass zum Jubil\u00e4um &#8220;50 Jahre Frauenstimmrecht in der Schweiz&#8221;\u00a0wurde mit einem Aperitiv abgeschlossen, bei welchem die Gelegenheit zu regem Gedankenaustausch und Networking bestand.<\/p>\n<p>Herzlichen Dank an alle Anwesenden!<\/p>\n<\/div><\/section><\/div>\n<\/div><\/div><\/div><!-- close content main div --><\/div><\/div><div id='after_section_2'  class='main_color av_default_container_wrap container_wrap sidebar_right'  ><div class='container av-section-cont-open' ><div class='template-page content  av-content-small alpha units'><div class='post-entry post-entry-type-page post-entry-4371'><div class='entry-content-wrapper clearfix'><\/p>\n","protected":false},"excerpt":{"rendered":"","protected":false},"author":6,"featured_media":0,"parent":0,"menu_order":0,"comment_status":"closed","ping_status":"closed","template":"","meta":{"_monsterinsights_skip_tracking":false,"_monsterinsights_sitenote_active":false,"_monsterinsights_sitenote_note":"","_monsterinsights_sitenote_category":0,"footnotes":""},"class_list":["post-4371","page","type-page","status-publish","hentry"],"_links":{"self":[{"href":"https:\/\/ch2021.ch\/rm\/wp-json\/wp\/v2\/pages\/4371","targetHints":{"allow":["GET"]}}],"collection":[{"href":"https:\/\/ch2021.ch\/rm\/wp-json\/wp\/v2\/pages"}],"about":[{"href":"https:\/\/ch2021.ch\/rm\/wp-json\/wp\/v2\/types\/page"}],"author":[{"embeddable":true,"href":"https:\/\/ch2021.ch\/rm\/wp-json\/wp\/v2\/users\/6"}],"replies":[{"embeddable":true,"href":"https:\/\/ch2021.ch\/rm\/wp-json\/wp\/v2\/comments?post=4371"}],"version-history":[{"count":7,"href":"https:\/\/ch2021.ch\/rm\/wp-json\/wp\/v2\/pages\/4371\/revisions"}],"predecessor-version":[{"id":18091,"href":"https:\/\/ch2021.ch\/rm\/wp-json\/wp\/v2\/pages\/4371\/revisions\/18091"}],"wp:attachment":[{"href":"https:\/\/ch2021.ch\/rm\/wp-json\/wp\/v2\/media?parent=4371"}],"curies":[{"name":"wp","href":"https:\/\/api.w.org\/{rel}","templated":true}]}}