{"id":5921,"date":"2020-05-28T15:35:35","date_gmt":"2020-05-28T13:35:35","guid":{"rendered":"https:\/\/ch2021.ch\/?page_id=5921"},"modified":"2021-01-29T14:21:48","modified_gmt":"2021-01-29T13:21:48","slug":"pionierinnen-des-frauenstimmrechts","status":"publish","type":"page","link":"https:\/\/ch2021.ch\/rm\/geschichte\/pionierinnen-des-frauenstimmrechts\/","title":{"rendered":"Pionierinnen des Frauenstimmrechts"},"content":{"rendered":"\n<style type=\"text\/css\" data-created_by=\"avia_inline_auto\" id=\"style-css-av-jkjmqted-96d309932e062c5df088f1a8463b3a0b\">\n.avia-section.av-jkjmqted-96d309932e062c5df088f1a8463b3a0b{\nbackground-color:#7ecdca;\nbackground:linear-gradient( to bottom right, #7ecdca, #ff7707 );\n}\n.avia-section.av-jkjmqted-96d309932e062c5df088f1a8463b3a0b .av-extra-border-element .av-extra-border-inner{\nbackground-color:#ffffff;\n}\n<\/style>\n<div id='av_section_1'  class='avia-section av-jkjmqted-96d309932e062c5df088f1a8463b3a0b header_color avia-section-no-padding avia-no-shadow  avia-builder-el-0  el_before_av_section  avia-builder-el-first  avia-bg-style-scroll av-minimum-height av-minimum-height-custom av-height-custom  container_wrap sidebar_right'   data-av_minimum_height_px='350'><div class='container av-section-cont-open' style='height:350px'><main  role=\"main\" itemprop=\"mainContentOfPage\"  class='template-page content  av-content-small alpha units'><div class='post-entry post-entry-type-page post-entry-5921'><div class='entry-content-wrapper clearfix'>\n\n<style type=\"text\/css\" data-created_by=\"avia_inline_auto\" id=\"style-css-av-1xn9f-60a3102d85cb0bac4be34634a8c4da3f\">\n.flex_column.av-1xn9f-60a3102d85cb0bac4be34634a8c4da3f{\nborder-radius:0px 0px 0px 0px;\npadding:0px 0px 0px 0px;\n}\n<\/style>\n<div  class='flex_column av-1xn9f-60a3102d85cb0bac4be34634a8c4da3f av_one_full  avia-builder-el-1  avia-builder-el-no-sibling  first flex_column_div av-animated-generic pop-up av-zero-column-padding  '     ><style type=\"text\/css\" data-created_by=\"avia_inline_auto\" id=\"style-css-av-kaqtnt9w-1f138b5cb0b9bc0895830d3dfffe0046\">\n#top .av-special-heading.av-kaqtnt9w-1f138b5cb0b9bc0895830d3dfffe0046{\npadding-bottom:10px;\n}\nbody .av-special-heading.av-kaqtnt9w-1f138b5cb0b9bc0895830d3dfffe0046 .av-special-heading-tag .heading-char{\nfont-size:25px;\n}\n#top #wrap_all .av-special-heading.av-kaqtnt9w-1f138b5cb0b9bc0895830d3dfffe0046 .av-special-heading-tag{\nfont-size:5vw;\n}\n.av-special-heading.av-kaqtnt9w-1f138b5cb0b9bc0895830d3dfffe0046 .av-subheading{\nfont-size:15px;\n}\n<\/style>\n<div  class='av-special-heading av-kaqtnt9w-1f138b5cb0b9bc0895830d3dfffe0046 av-special-heading-h1  avia-builder-el-2  avia-builder-el-no-sibling  av-linked-heading'><h1 class='av-special-heading-tag '  itemprop=\"headline\"  >Pionierinnen des Frauenstimmrechts<\/h1><div class=\"special-heading-border\"><div class=\"special-heading-inner-border\"><\/div><\/div><\/div><\/div>\n\n<\/div><\/div><\/main><!-- close content main element --><\/div><div class='av-extra-border-element border-extra-diagonal border-extra-diagonal-inverse '><div class='av-extra-border-outer'><div class='av-extra-border-inner'><\/div><\/div><\/div><\/div><div id='av_section_2'  class='avia-section av-9rzz3-462d5442c0253bd0d242054447c20b9c main_color avia-section-default avia-no-border-styling  avia-builder-el-3  el_after_av_section  el_before_av_one_full  avia-bg-style-scroll container_wrap sidebar_right'  ><div class='container av-section-cont-open' ><div class='template-page content  av-content-small alpha units'><div class='post-entry post-entry-type-page post-entry-5921'><div class='entry-content-wrapper clearfix'>\n<section  class='av_textblock_section av-jy5ryl79-2b7c6373d0cafbe5d367d8382076249a '   itemscope=\"itemscope\" itemtype=\"https:\/\/schema.org\/CreativeWork\" ><div class='avia_textblock'  itemprop=\"text\" ><p>Der Weg bis zur Einf\u00fchrung des Frauenstimmrechtes in der Schweiz war steinig und lang. Ohne mutige und hartn\u00e4ckige Vork\u00e4mpferinnen \u2013 Juristinnen, Journalistinnen und Aktivistinnen \u2013 w\u00e4re der Durchbruch auch am 7. Februar 1971 nicht gelungen. Pionierinnen wie Marie Goegg-Pouchoulin, Rosa Bloch-Bollag oder Emilie Gourd ist es zu verdanken, dass \u00fcber 65 Prozent der M\u00e4nner schliesslich dem Frauenstimmrecht zustimmten (<em>Quelle: <a href=\"https:\/\/www.ekf.admin.ch\/ekf\/de\/home.html\" target=\"_blank\" rel=\"noopener\">EKF, Eidgen\u00f6ssische Kommission f\u00fcr Frauenfragen<\/a><\/em>).<\/p>\n<\/div><\/section>\n<\/div><\/div><\/div><!-- close content main div --><\/div><\/div><div id='after_section_2'  class='main_color av_default_container_wrap container_wrap sidebar_right'  ><div class='container av-section-cont-open' ><div class='template-page content  av-content-small alpha units'><div class='post-entry post-entry-type-page post-entry-5921'><div class='entry-content-wrapper clearfix'>\n\n<style type=\"text\/css\" data-created_by=\"avia_inline_auto\" id=\"style-css-av-3b1qz5-812b5bfa13dead1e3874e65cc8d312a8\">\n.flex_column.av-3b1qz5-812b5bfa13dead1e3874e65cc8d312a8{\nborder-radius:0px 0px 0px 0px;\npadding:0px 0px 0px 0px;\n}\n<\/style>\n<div  class='flex_column av-3b1qz5-812b5bfa13dead1e3874e65cc8d312a8 av_one_full  avia-builder-el-5  el_after_av_section  avia-builder-el-no-sibling  first flex_column_div av-zero-column-padding  '     ><div  class='av-alb-blogposts template-blog  '  itemscope=\"itemscope\" itemtype=\"https:\/\/schema.org\/Blog\" >\t<article class=\"entry\">\n\t\t<header class=\"entry-content-header\" aria-label=\"No Posts Found\" >\n<h1 class='post-title entry-title '>Nothing Found<\/h1>\t\t<\/header>\n\n\t\t<p class=\"entry-content\"  itemprop=\"text\" >Sorry, no posts matched your criteria<\/p>\n\n\t\t<footer class=\"entry-footer\"><\/footer>\n\t<\/article>\n\n<div class='single-big'><\/div><\/div><\/div>\n","protected":false},"excerpt":{"rendered":"","protected":false},"author":8,"featured_media":0,"parent":66,"menu_order":0,"comment_status":"closed","ping_status":"closed","template":"","meta":{"_monsterinsights_skip_tracking":false,"_monsterinsights_sitenote_active":false,"_monsterinsights_sitenote_note":"","_monsterinsights_sitenote_category":0,"footnotes":""},"class_list":["post-5921","page","type-page","status-publish","hentry"],"_links":{"self":[{"href":"https:\/\/ch2021.ch\/rm\/wp-json\/wp\/v2\/pages\/5921","targetHints":{"allow":["GET"]}}],"collection":[{"href":"https:\/\/ch2021.ch\/rm\/wp-json\/wp\/v2\/pages"}],"about":[{"href":"https:\/\/ch2021.ch\/rm\/wp-json\/wp\/v2\/types\/page"}],"author":[{"embeddable":true,"href":"https:\/\/ch2021.ch\/rm\/wp-json\/wp\/v2\/users\/8"}],"replies":[{"embeddable":true,"href":"https:\/\/ch2021.ch\/rm\/wp-json\/wp\/v2\/comments?post=5921"}],"version-history":[{"count":20,"href":"https:\/\/ch2021.ch\/rm\/wp-json\/wp\/v2\/pages\/5921\/revisions"}],"predecessor-version":[{"id":11202,"href":"https:\/\/ch2021.ch\/rm\/wp-json\/wp\/v2\/pages\/5921\/revisions\/11202"}],"up":[{"embeddable":true,"href":"https:\/\/ch2021.ch\/rm\/wp-json\/wp\/v2\/pages\/66"}],"wp:attachment":[{"href":"https:\/\/ch2021.ch\/rm\/wp-json\/wp\/v2\/media?parent=5921"}],"curies":[{"name":"wp","href":"https:\/\/api.w.org\/{rel}","templated":true}]}}