{"id":868,"date":"2019-05-23T17:34:30","date_gmt":"2019-05-23T15:34:30","guid":{"rendered":"https:\/\/ch2021.ch\/?page_id=868"},"modified":"2019-08-07T16:18:38","modified_gmt":"2019-08-07T14:18:38","slug":"veranstaltungsarchiv","status":"publish","type":"page","link":"https:\/\/ch2021.ch\/rm\/veranstaltungsarchiv\/","title":{"rendered":"Archiv"},"content":{"rendered":"\n<style type=\"text\/css\" data-created_by=\"avia_inline_auto\" id=\"style-css-av-jy5kxyzx-04e1d49aba43b97a317489fc242424b8\">\n.avia-section.av-jy5kxyzx-04e1d49aba43b97a317489fc242424b8{\nbackground-color:#ff7707;\nbackground:linear-gradient( to bottom right, #ff7707, #f6e9d3 );\n}\n.avia-section.av-jy5kxyzx-04e1d49aba43b97a317489fc242424b8 .av-extra-border-element .av-extra-border-inner{\nbackground-color:#ffffff;\n}\n<\/style>\n<div id='av_section_1'  class='avia-section av-jy5kxyzx-04e1d49aba43b97a317489fc242424b8 header_color avia-section-no-padding avia-no-shadow  avia-builder-el-0  el_before_av_section  avia-builder-el-first  avia-bg-style-scroll av-minimum-height av-minimum-height-custom av-height-custom  container_wrap sidebar_right'   data-av_minimum_height_px='350'><div class='container av-section-cont-open' style='height:350px'><main  role=\"main\" itemprop=\"mainContentOfPage\"  class='template-page content  av-content-small alpha units'><div class='post-entry post-entry-type-page post-entry-868'><div class='entry-content-wrapper clearfix'>\n\n<style type=\"text\/css\" data-created_by=\"avia_inline_auto\" id=\"style-css-av-jz13mfds-47b2b1b2b23a1af0db75853139652178\">\n#top .av-special-heading.av-jz13mfds-47b2b1b2b23a1af0db75853139652178{\npadding-bottom:10px;\nfont-size:5vw;\n}\nbody .av-special-heading.av-jz13mfds-47b2b1b2b23a1af0db75853139652178 .av-special-heading-tag .heading-char{\nfont-size:25px;\n}\n#top #wrap_all .av-special-heading.av-jz13mfds-47b2b1b2b23a1af0db75853139652178 .av-special-heading-tag{\nfont-size:5vw;\n}\n.av-special-heading.av-jz13mfds-47b2b1b2b23a1af0db75853139652178 .av-subheading{\nfont-size:15px;\n}\n\n@media only screen and (min-width: 480px) and (max-width: 767px){ \n#top #wrap_all .av-special-heading.av-jz13mfds-47b2b1b2b23a1af0db75853139652178 .av-special-heading-tag{\nfont-size:0.8em;\n}\n}\n\n@media only screen and (max-width: 479px){ \n#top #wrap_all .av-special-heading.av-jz13mfds-47b2b1b2b23a1af0db75853139652178 .av-special-heading-tag{\nfont-size:0.8em;\n}\n}\n<\/style>\n<div  class='av-special-heading av-jz13mfds-47b2b1b2b23a1af0db75853139652178 av-special-heading-h1 blockquote modern-quote  avia-builder-el-1  avia-builder-el-no-sibling  av-inherit-size'><h1 class='av-special-heading-tag '  itemprop=\"headline\"  >Archiv<\/h1><div class=\"special-heading-border\"><div class=\"special-heading-inner-border\"><\/div><\/div><\/div>\n\n<\/div><\/div><\/main><!-- close content main element --><\/div><div class='av-extra-border-element border-extra-diagonal border-extra-diagonal-inverse '><div class='av-extra-border-outer'><div class='av-extra-border-inner'><\/div><\/div><\/div><\/div><div id='av_section_2'  class='avia-section av-mnhx8-c0c3e7dbac2a69b4b424be47c7510c0a main_color avia-section-default avia-no-border-styling  avia-builder-el-2  el_after_av_section  avia-builder-el-last  avia-bg-style-scroll container_wrap sidebar_right'  ><div class='container av-section-cont-open' ><div class='template-page content  av-content-small alpha units'><div class='post-entry post-entry-type-page post-entry-868'><div class='entry-content-wrapper clearfix'>\n<section  class='av_textblock_section av-jy5lqegv-f08a86d98fcbe6e8920f095f7183c395 '   itemscope=\"itemscope\" itemtype=\"https:\/\/schema.org\/CreativeWork\" ><div class='avia_textblock'  itemprop=\"text\" ><p>Hier finden Sie alle vergangenen Veranstaltungen, Aktivit\u00e4ten und Projekte, die wir f\u00fcr Sie archiviert haben.<\/p>\n<p>Neben dem 50-j\u00e4hrigem Jubil\u00e4um des eidgen\u00f6ssischen Stimmrechts f\u00fcr Frauen fanden bzw. finden in den Jahren 2018\/2019\/2020 diverse kantonale Jubil\u00e4en statt. Aktionen rund um diese Feierlichkeiten finden sich ebenfalls in unserem Archiv.<\/p>\n<p>&nbsp; &nbsp;<\/p>\n<\/div><\/section>\n\n<style type=\"text\/css\" data-created_by=\"avia_inline_auto\" id=\"style-css-av-jy5wjxaw-75d416559a1c17edf020a6c728cc1548\">\n#top .av-masonry.av-jy5wjxaw-75d416559a1c17edf020a6c728cc1548{\nbackground-color:#ffffff;\n}\n<\/style>\n<div id='av-masonry-1' class='av-masonry av-jy5wjxaw-75d416559a1c17edf020a6c728cc1548 noHover av-fixed-size av-large-gap av-hover-overlay-active av-masonry-animation-active av-masonry-col-3 av-caption-always av-caption-style- av-masonry-entries av-orientation-square ' data-post_id=\"868\"><div class=\"av-masonry-container isotope av-js-disabled\"><div class='av-masonry-entry isotope-item av-masonry-item-no-image '><\/div><a href=\"https:\/\/ch2021.ch\/rm\/checkout\/\"  id='av-masonry-1-item-18427' data-av-masonry-item='18427' class='av-masonry-entry isotope-item post-18427 page type-page status-publish hentry  av-masonry-item-no-image' title=\"Checkout\"   itemscope=\"itemscope\" itemtype=\"https:\/\/schema.org\/CreativeWork\" ><div class='av-inner-masonry-sizer'><\/div><figure class='av-inner-masonry main_color'><figcaption class='av-inner-masonry-content site-background'><div class='av-inner-masonry-content-pos'><div class='av-inner-masonry-content-pos-content'><div class='avia-arrow'><\/div><h3 class='av-masonry-entry-title entry-title '  itemprop=\"headline\" >Checkout<\/h3><\/div><\/div><\/figcaption><\/figure><\/a><!--end av-masonry entry--><a href=\"https:\/\/ch2021.ch\/rm\/order-failed\/\"  id='av-masonry-1-item-18429' data-av-masonry-item='18429' class='av-masonry-entry isotope-item post-18429 page type-page status-publish hentry  av-masonry-item-no-image' title=\"Order Failed\"   itemscope=\"itemscope\" itemtype=\"https:\/\/schema.org\/CreativeWork\" ><div class='av-inner-masonry-sizer'><\/div><figure class='av-inner-masonry main_color'><figcaption class='av-inner-masonry-content site-background'><div class='av-inner-masonry-content-pos'><div class='av-inner-masonry-content-pos-content'><div class='avia-arrow'><\/div><h3 class='av-masonry-entry-title entry-title '  itemprop=\"headline\" >Order Failed<\/h3><\/div><\/div><\/figcaption><\/figure><\/a><!--end av-masonry entry--><a href=\"https:\/\/ch2021.ch\/rm\/order-confirmation\/\"  id='av-masonry-1-item-18428' data-av-masonry-item='18428' class='av-masonry-entry isotope-item post-18428 page type-page status-publish hentry  av-masonry-item-no-image' title=\"Order Confirmation\"   itemscope=\"itemscope\" itemtype=\"https:\/\/schema.org\/CreativeWork\" ><div class='av-inner-masonry-sizer'><\/div><figure class='av-inner-masonry main_color'><figcaption class='av-inner-masonry-content site-background'><div class='av-inner-masonry-content-pos'><div class='av-inner-masonry-content-pos-content'><div class='avia-arrow'><\/div><h3 class='av-masonry-entry-title entry-title '  itemprop=\"headline\" >Order Confirmation<\/h3><\/div><\/div><\/figcaption><\/figure><\/a><!--end av-masonry entry--><a href=\"https:\/\/ch2021.ch\/rm\/3320\/\"  id='av-masonry-1-item-3320' data-av-masonry-item='3320' class='av-masonry-entry isotope-item post-3320 nav_menu_item type-nav_menu_item status-publish hentry  av-masonry-item-no-image' title=\"Campagna #iovadoavotare\"   itemscope=\"itemscope\" itemtype=\"https:\/\/schema.org\/CreativeWork\" ><div class='av-inner-masonry-sizer'><\/div><figure class='av-inner-masonry main_color'><figcaption class='av-inner-masonry-content site-background'><div class='av-inner-masonry-content-pos'><div class='av-inner-masonry-content-pos-content'><div class='avia-arrow'><\/div><h3 class='av-masonry-entry-title entry-title '  itemprop=\"headline\" >Campagna #iovadoavotare<\/h3><\/div><\/div><\/figcaption><\/figure><\/a><!--end av-masonry entry--><a href=\"https:\/\/ch2021.ch\/rm\/2680\/\"  id='av-masonry-1-item-2680' data-av-masonry-item='2680' class='av-masonry-entry isotope-item post-2680 nav_menu_item type-nav_menu_item status-publish hentry  av-masonry-item-no-image' title=\"\"   itemscope=\"itemscope\" itemtype=\"https:\/\/schema.org\/CreativeWork\" ><div class='av-inner-masonry-sizer'><\/div><figure class='av-inner-masonry main_color'><figcaption class='av-inner-masonry-content site-background'><div class='av-inner-masonry-content-pos'><div class='av-inner-masonry-content-pos-content'><div class='avia-arrow'><\/div><h3 class='av-masonry-entry-title entry-title '  itemprop=\"headline\" ><\/h3><\/div><\/div><\/figcaption><\/figure><\/a><!--end av-masonry entry--><a href=\"https:\/\/ch2021.ch\/rm\/2679\/\"  id='av-masonry-1-item-2679' data-av-masonry-item='2679' class='av-masonry-entry isotope-item post-2679 nav_menu_item type-nav_menu_item status-publish hentry  av-masonry-item-no-image' title=\"\"   itemscope=\"itemscope\" itemtype=\"https:\/\/schema.org\/CreativeWork\" ><div class='av-inner-masonry-sizer'><\/div><figure class='av-inner-masonry main_color'><figcaption class='av-inner-masonry-content site-background'><div class='av-inner-masonry-content-pos'><div class='av-inner-masonry-content-pos-content'><div class='avia-arrow'><\/div><h3 class='av-masonry-entry-title entry-title '  itemprop=\"headline\" ><\/h3><\/div><\/div><\/figcaption><\/figure><\/a><!--end av-masonry entry--><a href=\"https:\/\/ch2021.ch\/rm\/3398\/\"  id='av-masonry-1-item-3398' data-av-masonry-item='3398' class='av-masonry-entry isotope-item post-3398 nav_menu_item type-nav_menu_item status-publish hentry  av-masonry-item-no-image' title=\"\"   itemscope=\"itemscope\" itemtype=\"https:\/\/schema.org\/CreativeWork\" ><div class='av-inner-masonry-sizer'><\/div><figure class='av-inner-masonry main_color'><figcaption class='av-inner-masonry-content site-background'><div class='av-inner-masonry-content-pos'><div class='av-inner-masonry-content-pos-content'><div class='avia-arrow'><\/div><h3 class='av-masonry-entry-title entry-title '  itemprop=\"headline\" ><\/h3><\/div><\/div><\/figcaption><\/figure><\/a><!--end av-masonry entry--><a href=\"https:\/\/ch2021.ch\/rm\/2756\/\"  id='av-masonry-1-item-2756' data-av-masonry-item='2756' class='av-masonry-entry isotope-item post-2756 nav_menu_item type-nav_menu_item status-publish hentry  av-masonry-item-no-image' title=\"\"   itemscope=\"itemscope\" itemtype=\"https:\/\/schema.org\/CreativeWork\" ><div class='av-inner-masonry-sizer'><\/div><figure class='av-inner-masonry main_color'><figcaption class='av-inner-masonry-content site-background'><div class='av-inner-masonry-content-pos'><div class='av-inner-masonry-content-pos-content'><div class='avia-arrow'><\/div><h3 class='av-masonry-entry-title entry-title '  itemprop=\"headline\" ><\/h3><\/div><\/div><\/figcaption><\/figure><\/a><!--end av-masonry entry--><a href=\"https:\/\/ch2021.ch\/rm\/ch2021-remercie-la-suisse-romande-evento-del-17-2-2022\/\"  id='av-masonry-1-item-18106' data-av-masonry-item='18106' class='av-masonry-entry isotope-item post-18106 nav_menu_item type-nav_menu_item status-publish hentry  av-masonry-item-no-image' title=\"CH2021 remercie la Suisse romande, evento del 17.2.2022\"   itemscope=\"itemscope\" itemtype=\"https:\/\/schema.org\/CreativeWork\" ><div class='av-inner-masonry-sizer'><\/div><figure class='av-inner-masonry main_color'><figcaption class='av-inner-masonry-content site-background'><div class='av-inner-masonry-content-pos'><div class='av-inner-masonry-content-pos-content'><div class='avia-arrow'><\/div><h3 class='av-masonry-entry-title entry-title '  itemprop=\"headline\" >CH2021 remercie la Suisse romande, evento del 17.2.2022<\/h3><\/div><\/div><\/figcaption><\/figure><\/a><!--end av-masonry entry--><a href=\"https:\/\/ch2021.ch\/rm\/dibattito-su-letteratura-e-cinema-dal-7-2-2022\/\"  id='av-masonry-1-item-17728' data-av-masonry-item='17728' class='av-masonry-entry isotope-item post-17728 nav_menu_item type-nav_menu_item status-publish hentry  av-masonry-item-no-image' title=\"Dibattito su letteratura e cinema dal 7.2.2022\"   itemscope=\"itemscope\" itemtype=\"https:\/\/schema.org\/CreativeWork\" ><div class='av-inner-masonry-sizer'><\/div><figure class='av-inner-masonry main_color'><figcaption class='av-inner-masonry-content site-background'><div class='av-inner-masonry-content-pos'><div class='av-inner-masonry-content-pos-content'><div class='avia-arrow'><\/div><h3 class='av-masonry-entry-title entry-title '  itemprop=\"headline\" >Dibattito su letteratura e cinema dal 7.2.2022<\/h3><\/div><\/div><\/figcaption><\/figure><\/a><!--end av-masonry entry--><a href=\"https:\/\/ch2021.ch\/rm\/evento-dal-2-10-2021\/\"  id='av-masonry-1-item-17445' data-av-masonry-item='17445' class='av-masonry-entry isotope-item post-17445 nav_menu_item type-nav_menu_item status-publish hentry  av-masonry-item-no-image' title=\"Evento dal 2.10.2021\"   itemscope=\"itemscope\" itemtype=\"https:\/\/schema.org\/CreativeWork\" ><div class='av-inner-masonry-sizer'><\/div><figure class='av-inner-masonry main_color'><figcaption class='av-inner-masonry-content site-background'><div class='av-inner-masonry-content-pos'><div class='av-inner-masonry-content-pos-content'><div class='avia-arrow'><\/div><h3 class='av-masonry-entry-title entry-title '  itemprop=\"headline\" >Evento dal 2.10.2021<\/h3><\/div><\/div><\/figcaption><\/figure><\/a><!--end av-masonry entry--><a href=\"https:\/\/ch2021.ch\/rm\/16674\/\"  id='av-masonry-1-item-16674' data-av-masonry-item='16674' class='av-masonry-entry isotope-item post-16674 nav_menu_item type-nav_menu_item status-publish hentry  av-masonry-item-no-image' title=\"\"   itemscope=\"itemscope\" itemtype=\"https:\/\/schema.org\/CreativeWork\" ><div class='av-inner-masonry-sizer'><\/div><figure class='av-inner-masonry main_color'><figcaption class='av-inner-masonry-content site-background'><div class='av-inner-masonry-content-pos'><div class='av-inner-masonry-content-pos-content'><div class='avia-arrow'><\/div><h3 class='av-masonry-entry-title entry-title '  itemprop=\"headline\" ><\/h3><\/div><\/div><\/figcaption><\/figure><\/a><!--end av-masonry entry--><\/div><\/div>\n<\/div><\/div><\/div><!-- close content main div --><\/div><\/div><div id='after_section_2'  class='main_color av_default_container_wrap container_wrap sidebar_right'  ><div class='container av-section-cont-open' ><div class='template-page content  av-content-small alpha units'><div class='post-entry post-entry-type-page post-entry-868'><div class='entry-content-wrapper clearfix'>\n","protected":false},"excerpt":{"rendered":"","protected":false},"author":7,"featured_media":0,"parent":0,"menu_order":0,"comment_status":"closed","ping_status":"closed","template":"","meta":{"_monsterinsights_skip_tracking":false,"_monsterinsights_sitenote_active":false,"_monsterinsights_sitenote_note":"","_monsterinsights_sitenote_category":0,"footnotes":""},"class_list":["post-868","page","type-page","status-publish","hentry"],"_links":{"self":[{"href":"https:\/\/ch2021.ch\/rm\/wp-json\/wp\/v2\/pages\/868","targetHints":{"allow":["GET"]}}],"collection":[{"href":"https:\/\/ch2021.ch\/rm\/wp-json\/wp\/v2\/pages"}],"about":[{"href":"https:\/\/ch2021.ch\/rm\/wp-json\/wp\/v2\/types\/page"}],"author":[{"embeddable":true,"href":"https:\/\/ch2021.ch\/rm\/wp-json\/wp\/v2\/users\/7"}],"replies":[{"embeddable":true,"href":"https:\/\/ch2021.ch\/rm\/wp-json\/wp\/v2\/comments?post=868"}],"version-history":[{"count":5,"href":"https:\/\/ch2021.ch\/rm\/wp-json\/wp\/v2\/pages\/868\/revisions"}],"predecessor-version":[{"id":5816,"href":"https:\/\/ch2021.ch\/rm\/wp-json\/wp\/v2\/pages\/868\/revisions\/5816"}],"wp:attachment":[{"href":"https:\/\/ch2021.ch\/rm\/wp-json\/wp\/v2\/media?parent=868"}],"curies":[{"name":"wp","href":"https:\/\/api.w.org\/{rel}","templated":true}]}}